{"id":1984,"date":"2024-11-16T07:11:17","date_gmt":"2024-11-16T07:11:17","guid":{"rendered":"https:\/\/www.yongyukitchenware.com\/?post_type=product&#038;p=1984"},"modified":"2025-06-26T07:45:25","modified_gmt":"2025-06-26T07:45:25","slug":"wholesale-soup-bucket","status":"publish","type":"product","link":"https:\/\/www.yongyukitchenware.com\/fr\/produit\/wholesale-soup-bucket\/","title":{"rendered":"Factory Direct Soup Bucket Stainless Steel Large with Energy Saving Bottom Commercial (Seau \u00e0 soupe en acier inoxydable de grande taille avec \u00e9conomie d'\u00e9nergie)"},"content":{"rendered":"<div class=\"wp-block-columns is-layout-flex wp-container-core-columns-is-layout-9d6595d7 wp-block-columns-is-layout-flex\">\n<div class=\"wp-block-column is-layout-flow wp-block-column-is-layout-flow\">\n<h2 class=\"wp-block-heading\">Seau \u00e0 soupe Caract\u00e9ristiques :<\/h2>\n\n\n\n<p><strong>Mat\u00e9riau en acier inoxydable \u00e9paissi : <\/strong>le choix d'un acier de qualit\u00e9 alimentaire de haute qualit\u00e9, la s\u00e9curit\u00e9 des mat\u00e9riaux, la durabilit\u00e9.<br><strong>Conception \u00e0 grande capacit\u00e9 : <\/strong>convient \u00e0 la cuisine commerciale pour faire bouillir de l'eau, de la soupe, du braisage une fois que c'est fait, plusieurs personnes peuvent l'utiliser en m\u00eame temps<br><strong>Conception du couvercle : <\/strong>Le couvercle peut \u00eatre suspendu, il peut \u00eatre accroch\u00e9 au bord du seau lorsqu'il est inutilis\u00e9, ce qui permet d'\u00e9conomiser de l'espace et de ne pas toucher le bureau.<br><strong>Conception de l'\u00e9chelle : <\/strong>Gravure interne de l'\u00e9chelle de capacit\u00e9, permettant de saisir clairement la capacit\u00e9, plus pratique \u00e0 utiliser.<br><strong>Traitement de polissage des miroirs :<\/strong> la surface est brillante comme un miroir, facile \u00e0 nettoyer<\/p>\n\n\n\n<figure class=\"wp-block-image size-full is-style-default\"><img decoding=\"async\" width=\"800\" height=\"800\" src=\"https:\/\/www.yongyukitchenware.com\/wp-content\/uploads\/2024\/10\/soup-bucket-wholesale-5.webp\" alt=\"seau \u00e0 soupe en gros\" class=\"wp-image-2266\" style=\"aspect-ratio:1;object-fit:cover\" srcset=\"https:\/\/www.yongyukitchenware.com\/wp-content\/uploads\/2024\/10\/soup-bucket-wholesale-5.webp 800w, https:\/\/www.yongyukitchenware.com\/wp-content\/uploads\/2024\/10\/soup-bucket-wholesale-5-300x300.webp 300w, https:\/\/www.yongyukitchenware.com\/wp-content\/uploads\/2024\/10\/soup-bucket-wholesale-5-150x150.webp 150w, https:\/\/www.yongyukitchenware.com\/wp-content\/uploads\/2024\/10\/soup-bucket-wholesale-5-768x768.webp 768w, https:\/\/www.yongyukitchenware.com\/wp-content\/uploads\/2024\/10\/soup-bucket-wholesale-5-12x12.webp 12w, https:\/\/www.yongyukitchenware.com\/wp-content\/uploads\/2024\/10\/soup-bucket-wholesale-5-600x600.webp 600w, https:\/\/www.yongyukitchenware.com\/wp-content\/uploads\/2024\/10\/soup-bucket-wholesale-5-100x100.webp 100w\" sizes=\"(max-width: 800px) 100vw, 800px\" \/><\/figure>\n<\/div>\n\n\n\n<div class=\"wp-block-column is-layout-flow wp-block-column-is-layout-flow\">\n<figure class=\"wp-block-image size-full is-style-default\"><img decoding=\"async\" width=\"800\" height=\"800\" src=\"https:\/\/www.yongyukitchenware.com\/wp-content\/uploads\/2024\/10\/soup-bucket-wholesale-4.webp\" alt=\"seau \u00e0 soupe en gros\" class=\"wp-image-2265\" srcset=\"https:\/\/www.yongyukitchenware.com\/wp-content\/uploads\/2024\/10\/soup-bucket-wholesale-4.webp 800w, https:\/\/www.yongyukitchenware.com\/wp-content\/uploads\/2024\/10\/soup-bucket-wholesale-4-300x300.webp 300w, https:\/\/www.yongyukitchenware.com\/wp-content\/uploads\/2024\/10\/soup-bucket-wholesale-4-150x150.webp 150w, https:\/\/www.yongyukitchenware.com\/wp-content\/uploads\/2024\/10\/soup-bucket-wholesale-4-768x768.webp 768w, https:\/\/www.yongyukitchenware.com\/wp-content\/uploads\/2024\/10\/soup-bucket-wholesale-4-12x12.webp 12w, https:\/\/www.yongyukitchenware.com\/wp-content\/uploads\/2024\/10\/soup-bucket-wholesale-4-600x600.webp 600w, https:\/\/www.yongyukitchenware.com\/wp-content\/uploads\/2024\/10\/soup-bucket-wholesale-4-100x100.webp 100w\" sizes=\"(max-width: 800px) 100vw, 800px\" \/><\/figure>\n\n\n\n<h2 class=\"wp-block-heading\">Taille du seau \u00e0 soupe :<\/h2>\n\n\n\n<figure class=\"wp-block-table\"><table class=\"has-fixed-layout\"><tbody><tr><td>Mod\u00e8le<\/td><td>Sp\u00e9cifications<\/td><td>Taille<\/td><td>Poids\uff08kg\uff09<\/td><td>MOQ<\/td><\/tr><tr><td rowspan=\"15\">DY019-T<\/td><td rowspan=\"5\">5.0 Seau \u00e0 soupe (avec \u00e9chelle)<\/td><td>30*31cm<\/td><td>2,6 kg<\/td><td rowspan=\"15\">10PCS<\/td><\/tr><tr><td>35*36cm<\/td><td>3,5 kg<\/td><\/tr><tr><td>40*42cm<\/td><td>4,35 kg<\/td><\/tr><tr><td>45*46cm<\/td><td>5,4 kg<\/td><\/tr><tr><td>50*51cm<\/td><td>6,6 kg<\/td><\/tr><tr><td rowspan=\"5\">6.0 Seau \u00e0 soupe (avec \u00e9chelle)<\/td><td>35*36cm<\/td><td>3,9 kg<\/td><\/tr><tr><td>40*42cm<\/td><td>4,9 kg<\/td><\/tr><tr><td>45*46cm<\/td><td>6,4 kg<\/td><\/tr><tr><td>50*51cm<\/td><td>8kg<\/td><\/tr><tr><td>60*61cm<\/td><td>11kg<\/td><\/tr><tr><td rowspan=\"5\">6.0 Pot \u00e0 soupe (avec \u00e9chelle)<\/td><td>35*26cm<\/td><td>3,1 kg<\/td><\/tr><tr><td>40*28cm<\/td><td>3,9 kg<\/td><\/tr><tr><td>45*30cm<\/td><td>5,1 kg<\/td><\/tr><tr><td>50*32cm<\/td><td>6kg<\/td><\/tr><tr><td>60*37cm<\/td><td>8,4 kg<\/td><\/tr><\/tbody><\/table><\/figure>\n<\/div>\n<\/div>\n\n\n\n<p><\/p>","protected":false},"excerpt":{"rendered":"<p>Yongyu est un fournisseur fiable de seaux \u00e0 soupe en acier inoxydable, nos seaux domestiques et commerciaux ont une construction durable et des poign\u00e9es robustes, une grande capacit\u00e9 et une forte capacit\u00e9 de charge, et nous soutenons les ventes sur Amazon !<\/p>\n<h2>Attribut du seau \u00e0 soupe :<\/h2>\n<p><strong>Mat\u00e9riau :<\/strong> acier inoxydable<br \/><strong>Poign\u00e9e :<\/strong> poign\u00e9e \u00e9paisse<br \/><strong>Tailles :<\/strong> 12-16 L<br \/><strong>Design du godet :<\/strong> polissage miroir et fond plat \u00e9paissi<br \/><strong>Emballage :<\/strong> sac\/volume\/carton ou sur mesure<br \/><strong>OEM\/ODM :<\/strong> facultatif<\/p>\n<h2 class=\"wp-block-heading\">Fabriqu\u00e9 par le fabricant d'ustensiles de cuisine Yongyu :<\/h2>\n<p>Yongyu est un fabricant professionnel d'ustensiles de cuisine. Nos produits comprennent toutes sortes d'ustensiles de cuisine en acier inoxydable et d'accessoires de cuisine. Nous fournissons des solutions personnalis\u00e9es avec des produits de haute qualit\u00e9 \u00e0 des prix d'usine.<\/p>","protected":false},"featured_media":2264,"comment_status":"closed","ping_status":"closed","template":"","meta":{"_acf_changed":true},"application":[29,30],"product_brand":[],"product_cat":[22,41],"product_tag":[],"class_list":{"0":"post-1984","1":"product","2":"type-product","3":"status-publish","4":"has-post-thumbnail","6":"application-home-kitchen","7":"application-hotel-catering","8":"product_cat-catering-supplies-wholesale","9":"product_cat-soup-pot-wholesale","11":"first","12":"instock","13":"shipping-taxable","14":"product-type-simple"},"acf":[],"_links":{"self":[{"href":"https:\/\/www.yongyukitchenware.com\/fr\/wp-json\/wp\/v2\/product\/1984","targetHints":{"allow":["GET"]}}],"collection":[{"href":"https:\/\/www.yongyukitchenware.com\/fr\/wp-json\/wp\/v2\/product"}],"about":[{"href":"https:\/\/www.yongyukitchenware.com\/fr\/wp-json\/wp\/v2\/types\/product"}],"replies":[{"embeddable":true,"href":"https:\/\/www.yongyukitchenware.com\/fr\/wp-json\/wp\/v2\/comments?post=1984"}],"wp:featuredmedia":[{"embeddable":true,"href":"https:\/\/www.yongyukitchenware.com\/fr\/wp-json\/wp\/v2\/media\/2264"}],"wp:attachment":[{"href":"https:\/\/www.yongyukitchenware.com\/fr\/wp-json\/wp\/v2\/media?parent=1984"}],"wp:term":[{"taxonomy":"application","embeddable":true,"href":"https:\/\/www.yongyukitchenware.com\/fr\/wp-json\/wp\/v2\/application?post=1984"},{"taxonomy":"product_brand","embeddable":true,"href":"https:\/\/www.yongyukitchenware.com\/fr\/wp-json\/wp\/v2\/product_brand?post=1984"},{"taxonomy":"product_cat","embeddable":true,"href":"https:\/\/www.yongyukitchenware.com\/fr\/wp-json\/wp\/v2\/product_cat?post=1984"},{"taxonomy":"product_tag","embeddable":true,"href":"https:\/\/www.yongyukitchenware.com\/fr\/wp-json\/wp\/v2\/product_tag?post=1984"}],"curies":[{"name":"wp","href":"https:\/\/api.w.org\/{rel}","templated":true}]}}