{"id":1991,"date":"2024-11-30T02:24:58","date_gmt":"2024-11-30T02:24:58","guid":{"rendered":"https:\/\/www.yongyukitchenware.com\/?post_type=product&#038;p=1991"},"modified":"2025-06-26T07:58:57","modified_gmt":"2025-06-26T07:58:57","slug":"big-soup-pot-wholesale","status":"publish","type":"product","link":"https:\/\/www.yongyukitchenware.com\/fr\/produit\/big-soup-pot-wholesale\/","title":{"rendered":"Wholesale Big Soup Pot Stainless Steel Commercial Duty Cooking Pots (Marmites \u00e0 soupe en acier inoxydable)"},"content":{"rendered":"<div class=\"wp-block-columns is-layout-flex wp-container-core-columns-is-layout-9d6595d7 wp-block-columns-is-layout-flex\">\n<div class=\"wp-block-column is-layout-flow wp-block-column-is-layout-flow\">\n<h2 class=\"wp-block-heading\">Grande marmite \u00e0 soupe Caract\u00e9ristiques :<\/h2>\n\n\n\n<p><strong>Mat\u00e9riau en acier inoxydable \u00e9paissi : <\/strong>le choix d'un acier de qualit\u00e9 alimentaire de haute qualit\u00e9, la s\u00e9curit\u00e9 des mat\u00e9riaux, la durabilit\u00e9.<br><br><strong>Conception \u00e0 grande capacit\u00e9 : <\/strong>convient \u00e0 la cuisine commerciale pour faire bouillir de l'eau, de la soupe, du braisage une fois que c'est fait, plusieurs personnes peuvent l'utiliser en m\u00eame temps<\/p>\n\n\n\n<p><strong>Conception de l'\u00e9paississement du fond en acier composite : <\/strong>convient \u00e0 une grande vari\u00e9t\u00e9 de po\u00eales, pour un chauffage uniforme<\/p>\n\n\n\n<p><strong>Conception du couvercle : <\/strong>Le couvercle peut \u00eatre suspendu, il peut \u00eatre tourn\u00e9 sur le bord du seau lorsqu'il est inutilis\u00e9, ce qui permet d'\u00e9conomiser de l'espace et de ne pas toucher le bureau.<\/p>\n\n\n\n<p><strong>Conception de l'\u00e9chelle : <\/strong>L'\u00e9chelle de capacit\u00e9 \u00e0 gravure interne permet de saisir clairement la capacit\u00e9, ce qui est plus pratique \u00e0 utiliser.<\/p>\n\n\n\n<p><strong>Traitement de polissage des miroirs :<\/strong> la surface est brillante comme un miroir, facile \u00e0 nettoyer<\/p>\n<\/div>\n\n\n\n<div class=\"wp-block-column is-layout-flow wp-block-column-is-layout-flow\">\n<figure class=\"wp-block-image size-full is-style-default\"><img decoding=\"async\" width=\"800\" height=\"800\" src=\"https:\/\/www.yongyukitchenware.com\/wp-content\/uploads\/2024\/10\/big-soup-pot-12.webp\" alt=\"grand-pot-soupe-12\" class=\"wp-image-1998\" srcset=\"https:\/\/www.yongyukitchenware.com\/wp-content\/uploads\/2024\/10\/big-soup-pot-12.webp 800w, https:\/\/www.yongyukitchenware.com\/wp-content\/uploads\/2024\/10\/big-soup-pot-12-300x300.webp 300w, https:\/\/www.yongyukitchenware.com\/wp-content\/uploads\/2024\/10\/big-soup-pot-12-150x150.webp 150w, https:\/\/www.yongyukitchenware.com\/wp-content\/uploads\/2024\/10\/big-soup-pot-12-768x768.webp 768w, https:\/\/www.yongyukitchenware.com\/wp-content\/uploads\/2024\/10\/big-soup-pot-12-12x12.webp 12w, https:\/\/www.yongyukitchenware.com\/wp-content\/uploads\/2024\/10\/big-soup-pot-12-600x600.webp 600w, https:\/\/www.yongyukitchenware.com\/wp-content\/uploads\/2024\/10\/big-soup-pot-12-100x100.webp 100w\" sizes=\"(max-width: 800px) 100vw, 800px\" \/><\/figure>\n<\/div>\n<\/div>\n\n\n\n<div class=\"wp-block-columns is-layout-flex wp-container-core-columns-is-layout-9d6595d7 wp-block-columns-is-layout-flex\">\n<div class=\"wp-block-column is-layout-flow wp-block-column-is-layout-flow\">\n<figure class=\"wp-block-image size-full is-style-default\"><img decoding=\"async\" width=\"800\" height=\"800\" src=\"https:\/\/www.yongyukitchenware.com\/wp-content\/uploads\/2024\/10\/big-soup-pot-11.webp\" alt=\"grand-pot-de-soupe-11\" class=\"wp-image-1999\" style=\"aspect-ratio:1;object-fit:cover\" srcset=\"https:\/\/www.yongyukitchenware.com\/wp-content\/uploads\/2024\/10\/big-soup-pot-11.webp 800w, https:\/\/www.yongyukitchenware.com\/wp-content\/uploads\/2024\/10\/big-soup-pot-11-300x300.webp 300w, https:\/\/www.yongyukitchenware.com\/wp-content\/uploads\/2024\/10\/big-soup-pot-11-150x150.webp 150w, https:\/\/www.yongyukitchenware.com\/wp-content\/uploads\/2024\/10\/big-soup-pot-11-768x768.webp 768w, https:\/\/www.yongyukitchenware.com\/wp-content\/uploads\/2024\/10\/big-soup-pot-11-12x12.webp 12w, https:\/\/www.yongyukitchenware.com\/wp-content\/uploads\/2024\/10\/big-soup-pot-11-600x600.webp 600w, https:\/\/www.yongyukitchenware.com\/wp-content\/uploads\/2024\/10\/big-soup-pot-11-100x100.webp 100w\" sizes=\"(max-width: 800px) 100vw, 800px\" \/><\/figure>\n<\/div>\n\n\n\n<div class=\"wp-block-column is-layout-flow wp-block-column-is-layout-flow\">\n<h2 class=\"wp-block-heading\">Grande marmite de soupe Taille :<\/h2>\n\n\n\n<figure class=\"wp-block-table\"><table class=\"has-fixed-layout\"><tbody><tr><td>Mod\u00e8le<\/td><td>Sp\u00e9cifications<\/td><td>Taille<\/td><td>Poids\uff08kg\uff09<\/td><td>MOQ<\/td><\/tr><tr><td rowspan=\"11\">DY018-T<\/td><td rowspan=\"6\">Seau \u00e0 soupe (avec \u00e9chelle)<\/td><td>30*31cm<\/td><td>3kg<\/td><td rowspan=\"11\">10PCS<\/td><\/tr><tr><td>35*36cm<\/td><td>3,8 kg<\/td><\/tr><tr><td>40*41cm<\/td><td>5kg<\/td><\/tr><tr><td>45*46cm<\/td><td>6,5 kg<\/td><\/tr><tr><td>50*51cm<\/td><td>8kg<\/td><\/tr><tr><td>60*61cm<\/td><td>11kg<\/td><\/tr><tr><td rowspan=\"5\">Marmite \u00e0 soupe (avec \u00e9chelle)<\/td><td>30*23cm<\/td><td>2,6 kg<\/td><\/tr><tr><td>35*25cm<\/td><td>3,35 kg<\/td><\/tr><tr><td>40*27cm<\/td><td>3,8 kg<\/td><\/tr><tr><td>45*29cm<\/td><td>5,15 kg<\/td><\/tr><tr><td>50*31cm<\/td><td>6kg<\/td><\/tr><\/tbody><\/table><\/figure>\n<\/div>\n<\/div>","protected":false},"excerpt":{"rendered":"<p>Grande marmite \u00e0 soupe en acier inoxydable, en gros et sur mesure, \u00e0 fond \u00e9pais, pour un chauffage homog\u00e8ne. Grande capacit\u00e9 convenant \u00e0 une utilisation commerciale ou \u00e0 plusieurs personnes. Vente directe \u00e0 l'usine, garantie de haute qualit\u00e9 et de rentabilit\u00e9. N'h\u00e9sitez pas \u00e0 nous contacter.<\/p>\n<h2>Grande marmite de soupe Attribut :<\/h2>\n<p><strong>Mat\u00e9riau :<\/strong> Acier inoxydable<br \/><strong>Conception du fond :<\/strong>\u00a0 \u00c9paississement de l'acier composite<br \/><strong>Tailles :<\/strong> 12-19 L<br \/><strong>Emballage :<\/strong> Sac\/volume\/carton ou sur mesure<br \/><strong>OEM\/ODM :<\/strong> facultatif<\/p>\n<h2 class=\"wp-block-heading\">Fabriqu\u00e9 par le fabricant d'ustensiles de cuisine Yongyu :<\/h2>\n<p>Yongyu est un fabricant professionnel d'ustensiles de cuisine. Nos produits comprennent toutes sortes d'ustensiles de cuisine en acier inoxydable et d'accessoires de cuisine. Nous fournissons des solutions personnalis\u00e9es avec des produits de haute qualit\u00e9 \u00e0 des prix d'usine.<\/p>","protected":false},"featured_media":1994,"comment_status":"closed","ping_status":"closed","template":"","meta":{"_acf_changed":true},"application":[29,30],"product_brand":[],"product_cat":[22,41],"product_tag":[],"class_list":{"0":"post-1991","1":"product","2":"type-product","3":"status-publish","4":"has-post-thumbnail","6":"application-home-kitchen","7":"application-hotel-catering","8":"product_cat-catering-supplies-wholesale","9":"product_cat-soup-pot-wholesale","11":"first","12":"instock","13":"shipping-taxable","14":"product-type-simple"},"acf":[],"_links":{"self":[{"href":"https:\/\/www.yongyukitchenware.com\/fr\/wp-json\/wp\/v2\/product\/1991","targetHints":{"allow":["GET"]}}],"collection":[{"href":"https:\/\/www.yongyukitchenware.com\/fr\/wp-json\/wp\/v2\/product"}],"about":[{"href":"https:\/\/www.yongyukitchenware.com\/fr\/wp-json\/wp\/v2\/types\/product"}],"replies":[{"embeddable":true,"href":"https:\/\/www.yongyukitchenware.com\/fr\/wp-json\/wp\/v2\/comments?post=1991"}],"wp:featuredmedia":[{"embeddable":true,"href":"https:\/\/www.yongyukitchenware.com\/fr\/wp-json\/wp\/v2\/media\/1994"}],"wp:attachment":[{"href":"https:\/\/www.yongyukitchenware.com\/fr\/wp-json\/wp\/v2\/media?parent=1991"}],"wp:term":[{"taxonomy":"application","embeddable":true,"href":"https:\/\/www.yongyukitchenware.com\/fr\/wp-json\/wp\/v2\/application?post=1991"},{"taxonomy":"product_brand","embeddable":true,"href":"https:\/\/www.yongyukitchenware.com\/fr\/wp-json\/wp\/v2\/product_brand?post=1991"},{"taxonomy":"product_cat","embeddable":true,"href":"https:\/\/www.yongyukitchenware.com\/fr\/wp-json\/wp\/v2\/product_cat?post=1991"},{"taxonomy":"product_tag","embeddable":true,"href":"https:\/\/www.yongyukitchenware.com\/fr\/wp-json\/wp\/v2\/product_tag?post=1991"}],"curies":[{"name":"wp","href":"https:\/\/api.w.org\/{rel}","templated":true}]}}