{"id":2000,"date":"2024-11-16T08:29:48","date_gmt":"2024-11-16T08:29:48","guid":{"rendered":"https:\/\/www.yongyukitchenware.com\/?post_type=product&#038;p=2000"},"modified":"2025-06-26T07:43:01","modified_gmt":"2025-06-26T07:43:01","slug":"wholesale-stainless-steel-stock-pot","status":"publish","type":"product","link":"https:\/\/www.yongyukitchenware.com\/fr\/produit\/wholesale-stainless-steel-stock-pot\/","title":{"rendered":"Wholesale Stainless Steel Stock Pot Large 12-16L for Cooking Soup (Pot \u00e0 soupe en acier inoxydable)"},"content":{"rendered":"<div class=\"wp-block-columns is-layout-flex wp-container-core-columns-is-layout-9d6595d7 wp-block-columns-is-layout-flex\">\n<div class=\"wp-block-column is-layout-flow wp-block-column-is-layout-flow\">\n<h2 class=\"wp-block-heading\">Marmite en acier inoxydable Caract\u00e9ristiques :<\/h2>\n\n\n\n<p><strong>Mat\u00e9riaux de haute qualit\u00e9<\/strong><br>Fabriqu\u00e9 en acier inoxydable de qualit\u00e9 alimentaire, s\u00fbr, durable et adapt\u00e9 au contact \u00e0 long terme avec les aliments.<\/p>\n\n\n\n<p><strong>Pr\u00e9servation efficace de la chaleur<\/strong><br>La conception \u00e0 double couche et le mat\u00e9riau \u00e0 paroi \u00e9paisse permettent de conserver la temp\u00e9rature de la soupe pendant longtemps.<\/p>\n\n\n\n<p><strong>Conception durable<\/strong><br>Le canon \u00e9pais et la poign\u00e9e solide garantissent qu'il ne se d\u00e9forme pas facilement pendant l'utilisation et qu'il peut \u00eatre utilis\u00e9 de mani\u00e8re intensive.<\/p>\n\n\n\n<p><strong>\u00c9quip\u00e9 d'un couvercle anti-d\u00e9bordement<\/strong><br>Pr\u00e9venir les fuites de liquide et assurer la s\u00e9curit\u00e9 du transport et du stockage.<\/p>\n\n\n\n<p><strong>Polyvalent<\/strong><br>Peut \u00eatre utilis\u00e9 pour contenir des soupes, des rago\u00fbts, des boissons, etc., convient aux restaurants, aux buffets, aux rassemblements en plein air et \u00e0 d'autres sc\u00e9narios.<\/p>\n\n\n\n<p><strong>Service personnalis\u00e9<\/strong><br>Il est possible de personnaliser le logo, la taille ou la conception de fonctions sp\u00e9ciales pour r\u00e9pondre aux besoins de la marque ou de l'entreprise.<\/p>\n<\/div>\n\n\n\n<div class=\"wp-block-column is-layout-flow wp-block-column-is-layout-flow\">\n<figure class=\"wp-block-image size-full is-style-default\"><img decoding=\"async\" width=\"800\" height=\"800\" src=\"https:\/\/www.yongyukitchenware.com\/wp-content\/uploads\/2024\/10\/Stainless-Steel-Stock-Pot-Wholesale-5.webp\" alt=\"Marmite en acier inoxydable Wholesale\" class=\"wp-image-2281\" srcset=\"https:\/\/www.yongyukitchenware.com\/wp-content\/uploads\/2024\/10\/Stainless-Steel-Stock-Pot-Wholesale-5.webp 800w, https:\/\/www.yongyukitchenware.com\/wp-content\/uploads\/2024\/10\/Stainless-Steel-Stock-Pot-Wholesale-5-300x300.webp 300w, https:\/\/www.yongyukitchenware.com\/wp-content\/uploads\/2024\/10\/Stainless-Steel-Stock-Pot-Wholesale-5-150x150.webp 150w, https:\/\/www.yongyukitchenware.com\/wp-content\/uploads\/2024\/10\/Stainless-Steel-Stock-Pot-Wholesale-5-768x768.webp 768w, https:\/\/www.yongyukitchenware.com\/wp-content\/uploads\/2024\/10\/Stainless-Steel-Stock-Pot-Wholesale-5-12x12.webp 12w, https:\/\/www.yongyukitchenware.com\/wp-content\/uploads\/2024\/10\/Stainless-Steel-Stock-Pot-Wholesale-5-600x600.webp 600w, https:\/\/www.yongyukitchenware.com\/wp-content\/uploads\/2024\/10\/Stainless-Steel-Stock-Pot-Wholesale-5-100x100.webp 100w\" sizes=\"(max-width: 800px) 100vw, 800px\" \/><\/figure>\n<\/div>\n<\/div>\n\n\n\n<div class=\"wp-block-columns is-layout-flex wp-container-core-columns-is-layout-9d6595d7 wp-block-columns-is-layout-flex\">\n<div class=\"wp-block-column is-layout-flow wp-block-column-is-layout-flow\">\n<figure class=\"wp-block-image size-full is-style-default\"><img decoding=\"async\" width=\"800\" height=\"800\" src=\"https:\/\/www.yongyukitchenware.com\/wp-content\/uploads\/2024\/10\/Stainless-Steel-Stock-Pot-Wholesale-1.webp\" alt=\"Marmite en acier inoxydable Wholesale\" class=\"wp-image-2277\" style=\"aspect-ratio:1;object-fit:cover\" srcset=\"https:\/\/www.yongyukitchenware.com\/wp-content\/uploads\/2024\/10\/Stainless-Steel-Stock-Pot-Wholesale-1.webp 800w, https:\/\/www.yongyukitchenware.com\/wp-content\/uploads\/2024\/10\/Stainless-Steel-Stock-Pot-Wholesale-1-300x300.webp 300w, https:\/\/www.yongyukitchenware.com\/wp-content\/uploads\/2024\/10\/Stainless-Steel-Stock-Pot-Wholesale-1-150x150.webp 150w, https:\/\/www.yongyukitchenware.com\/wp-content\/uploads\/2024\/10\/Stainless-Steel-Stock-Pot-Wholesale-1-768x768.webp 768w, https:\/\/www.yongyukitchenware.com\/wp-content\/uploads\/2024\/10\/Stainless-Steel-Stock-Pot-Wholesale-1-12x12.webp 12w, https:\/\/www.yongyukitchenware.com\/wp-content\/uploads\/2024\/10\/Stainless-Steel-Stock-Pot-Wholesale-1-600x600.webp 600w, https:\/\/www.yongyukitchenware.com\/wp-content\/uploads\/2024\/10\/Stainless-Steel-Stock-Pot-Wholesale-1-100x100.webp 100w\" sizes=\"(max-width: 800px) 100vw, 800px\" \/><\/figure>\n<\/div>\n\n\n\n<div class=\"wp-block-column is-layout-flow wp-block-column-is-layout-flow\">\n<h2 class=\"wp-block-heading\">Marmite en acier inoxydable Taille de la marmite :<\/h2>\n\n\n\n<figure class=\"wp-block-table\"><table class=\"has-fixed-layout\"><tbody><tr><td>Mod\u00e8le<\/td><td>Sp\u00e9cifications<\/td><td>Taille<\/td><td>Poids\uff08kg\uff09<\/td><td>MOQ<\/td><\/tr><tr><td rowspan=\"12\">DY016-T<\/td><td rowspan=\"6\">3.8 Seau \u00e0 soupe (avec \u00e9chelle)<\/td><td>30*31cm<\/td><td>2,5 kg<\/td><td rowspan=\"12\">12PCS<\/td><\/tr><tr><td>35*36cm<\/td><td>3,3 kg<\/td><\/tr><tr><td>40*41cm<\/td><td>4,1 kg<\/td><\/tr><tr><td>45*46cm<\/td><td>5,5 kg<\/td><\/tr><tr><td>50*51cm<\/td><td>6,5 kg<\/td><\/tr><tr><td>60*61cm<\/td><td>9kg<\/td><\/tr><tr><td rowspan=\"6\">3.8 Pot \u00e0 soupe (avec \u00e9chelle)<\/td><td>30*23cm<\/td><td>2,05 kg<\/td><\/tr><tr><td>35*25cm<\/td><td>2,6 kg<\/td><\/tr><tr><td>40*27cm<\/td><td>3,15 kg<\/td><\/tr><tr><td>45*29cm<\/td><td>4kg<\/td><\/tr><tr><td>50*31cm<\/td><td>4,6 kg<\/td><\/tr><tr><td>60*35cm<\/td><td>6,4 kg<\/td><\/tr><\/tbody><\/table><\/figure>\n<\/div>\n<\/div>\n\n\n\n<p><\/p>","protected":false},"excerpt":{"rendered":"<p>Marmites en acier inoxydable en gros et sur mesure, de grande capacit\u00e9, adapt\u00e9es aux cuisines commerciales ou aux restaurants. Nous proposons des logos personnalis\u00e9s, des emballages et d'autres services pour vous aider \u00e0 vendre vos produits rapidement.<\/p>\n<h2>Marmite en acier inoxydable Attribut :<\/h2>\n<p><strong>Mat\u00e9riau :<\/strong> acier inoxydable<br \/><strong>Poign\u00e9e :<\/strong> poign\u00e9e \u00e9paisse<br \/><strong>Tailles :<\/strong> 12-19L<br \/><strong>Design du godet :<\/strong> polissage miroir et fond plat \u00e9paissi<br \/><strong>Emballage :<\/strong> sac\/volume\/carton ou sur mesure<br \/><strong>OEM\/ODM :<\/strong> facultatif<\/p>\n<h2 class=\"wp-block-heading\">Fabriqu\u00e9 par le fabricant d'ustensiles de cuisine Yongyu :<\/h2>\n<p>Yongyu est un fabricant professionnel d'ustensiles de cuisine. Nos produits comprennent toutes sortes d'ustensiles de cuisine en acier inoxydable et d'accessoires de cuisine. Nous fournissons des solutions personnalis\u00e9es avec des produits de haute qualit\u00e9 \u00e0 des prix d'usine.<\/p>","protected":false},"featured_media":2282,"comment_status":"closed","ping_status":"closed","template":"","meta":{"_acf_changed":true},"application":[29,30],"product_brand":[],"product_cat":[22,41],"product_tag":[],"class_list":{"0":"post-2000","1":"product","2":"type-product","3":"status-publish","4":"has-post-thumbnail","6":"application-home-kitchen","7":"application-hotel-catering","8":"product_cat-catering-supplies-wholesale","9":"product_cat-soup-pot-wholesale","11":"first","12":"instock","13":"shipping-taxable","14":"product-type-simple"},"acf":[],"_links":{"self":[{"href":"https:\/\/www.yongyukitchenware.com\/fr\/wp-json\/wp\/v2\/product\/2000","targetHints":{"allow":["GET"]}}],"collection":[{"href":"https:\/\/www.yongyukitchenware.com\/fr\/wp-json\/wp\/v2\/product"}],"about":[{"href":"https:\/\/www.yongyukitchenware.com\/fr\/wp-json\/wp\/v2\/types\/product"}],"replies":[{"embeddable":true,"href":"https:\/\/www.yongyukitchenware.com\/fr\/wp-json\/wp\/v2\/comments?post=2000"}],"wp:featuredmedia":[{"embeddable":true,"href":"https:\/\/www.yongyukitchenware.com\/fr\/wp-json\/wp\/v2\/media\/2282"}],"wp:attachment":[{"href":"https:\/\/www.yongyukitchenware.com\/fr\/wp-json\/wp\/v2\/media?parent=2000"}],"wp:term":[{"taxonomy":"application","embeddable":true,"href":"https:\/\/www.yongyukitchenware.com\/fr\/wp-json\/wp\/v2\/application?post=2000"},{"taxonomy":"product_brand","embeddable":true,"href":"https:\/\/www.yongyukitchenware.com\/fr\/wp-json\/wp\/v2\/product_brand?post=2000"},{"taxonomy":"product_cat","embeddable":true,"href":"https:\/\/www.yongyukitchenware.com\/fr\/wp-json\/wp\/v2\/product_cat?post=2000"},{"taxonomy":"product_tag","embeddable":true,"href":"https:\/\/www.yongyukitchenware.com\/fr\/wp-json\/wp\/v2\/product_tag?post=2000"}],"curies":[{"name":"wp","href":"https:\/\/api.w.org\/{rel}","templated":true}]}}