{"id":2031,"date":"2024-11-16T10:06:49","date_gmt":"2024-11-16T10:06:49","guid":{"rendered":"https:\/\/www.yongyukitchenware.com\/?post_type=product&#038;p=2031"},"modified":"2025-06-26T07:40:16","modified_gmt":"2025-06-26T07:40:16","slug":"bulk-insulated-barrel","status":"publish","type":"product","link":"https:\/\/www.yongyukitchenware.com\/fr\/produit\/bulk-insulated-barrel\/","title":{"rendered":"F\u00fbt isol\u00e9 en vrac Acier inoxydable 10-60L F\u00fbt d'eau glac\u00e9e"},"content":{"rendered":"<div class=\"wp-block-columns is-layout-flex wp-container-core-columns-is-layout-9d6595d7 wp-block-columns-is-layout-flex\">\n<div class=\"wp-block-column is-layout-flow wp-block-column-is-layout-flow\">\n<h2 class=\"wp-block-heading\">F\u00fbt isol\u00e9 Caract\u00e9ristiques :<\/h2>\n\n\n\n<p><strong>Trois couches de structure de verrouillage de la temp\u00e9rature : <\/strong>Couche int\u00e9rieure en acier inoxydable de qualit\u00e9 alimentaire, couche interm\u00e9diaire en mousse PU, couche ext\u00e9rieure en plastique PE, isolation thermique \u00e0 long terme et protection contre le froid.<\/p>\n\n\n\n<p><strong>Doublure en acier inoxydable \u00e9paissi : <\/strong>Le rev\u00eatement est en acier inoxydable de qualit\u00e9 alimentaire, s\u00fbr et durable.<\/p>\n\n\n\n<p><strong>Conception \u00e0 grande capacit\u00e9 :<\/strong> La capacit\u00e9 de 10 \u00e0 60 litres est optionnelle pour r\u00e9pondre aux diff\u00e9rents besoins.<\/p>\n\n\n\n<p><strong>Double \u00e9tanch\u00e9it\u00e9 : <\/strong>Le couvercle est dot\u00e9 d'un anneau d'\u00e9tanch\u00e9it\u00e9 en silicone int\u00e9gr\u00e9, et les deux c\u00f4t\u00e9s de la serrure sont renforc\u00e9s, ce qui assure une bonne \u00e9tanch\u00e9it\u00e9. En outre, le couvercle est dot\u00e9 d'une soupape d'a\u00e9ration, ce qui permet d'\u00e9viter le probl\u00e8me d'une forte pression qui ne permet pas d'ouvrir le couvercle.<\/p>\n\n\n\n<p><strong>Poign\u00e9e plus \u00e9paisse :<\/strong> poign\u00e9e plus \u00e9paisse avec une capacit\u00e9 de charge durable et forte<\/p>\n<\/div>\n\n\n\n<div class=\"wp-block-column is-layout-flow wp-block-column-is-layout-flow\">\n<figure class=\"wp-block-image size-full is-style-default\"><img decoding=\"async\" width=\"800\" height=\"800\" src=\"https:\/\/www.yongyukitchenware.com\/wp-content\/uploads\/2024\/10\/Insulated-Barrel-bulk-4.webp\" alt=\"F\u00fbt isol\u00e9 en vrac\" class=\"wp-image-2294\" srcset=\"https:\/\/www.yongyukitchenware.com\/wp-content\/uploads\/2024\/10\/Insulated-Barrel-bulk-4.webp 800w, https:\/\/www.yongyukitchenware.com\/wp-content\/uploads\/2024\/10\/Insulated-Barrel-bulk-4-300x300.webp 300w, https:\/\/www.yongyukitchenware.com\/wp-content\/uploads\/2024\/10\/Insulated-Barrel-bulk-4-150x150.webp 150w, https:\/\/www.yongyukitchenware.com\/wp-content\/uploads\/2024\/10\/Insulated-Barrel-bulk-4-768x768.webp 768w, https:\/\/www.yongyukitchenware.com\/wp-content\/uploads\/2024\/10\/Insulated-Barrel-bulk-4-12x12.webp 12w, https:\/\/www.yongyukitchenware.com\/wp-content\/uploads\/2024\/10\/Insulated-Barrel-bulk-4-600x600.webp 600w, https:\/\/www.yongyukitchenware.com\/wp-content\/uploads\/2024\/10\/Insulated-Barrel-bulk-4-100x100.webp 100w\" sizes=\"(max-width: 800px) 100vw, 800px\" \/><\/figure>\n<\/div>\n<\/div>\n\n\n\n<div class=\"wp-block-columns is-layout-flex wp-container-core-columns-is-layout-9d6595d7 wp-block-columns-is-layout-flex\">\n<div class=\"wp-block-column is-layout-flow wp-block-column-is-layout-flow\">\n<div class=\"wp-block-group is-nowrap is-layout-flex wp-container-core-group-is-layout-ad2f72ca wp-block-group-is-layout-flex\"><div class=\"wp-block-image\">\n<figure class=\"aligncenter size-full\"><img decoding=\"async\" width=\"800\" height=\"800\" src=\"https:\/\/www.yongyukitchenware.com\/wp-content\/uploads\/2024\/10\/Insulated-Barrel-bulk-1.webp\" alt=\"F\u00fbt isol\u00e9 en vrac\" class=\"wp-image-2291\" srcset=\"https:\/\/www.yongyukitchenware.com\/wp-content\/uploads\/2024\/10\/Insulated-Barrel-bulk-1.webp 800w, https:\/\/www.yongyukitchenware.com\/wp-content\/uploads\/2024\/10\/Insulated-Barrel-bulk-1-300x300.webp 300w, https:\/\/www.yongyukitchenware.com\/wp-content\/uploads\/2024\/10\/Insulated-Barrel-bulk-1-150x150.webp 150w, https:\/\/www.yongyukitchenware.com\/wp-content\/uploads\/2024\/10\/Insulated-Barrel-bulk-1-768x768.webp 768w, https:\/\/www.yongyukitchenware.com\/wp-content\/uploads\/2024\/10\/Insulated-Barrel-bulk-1-12x12.webp 12w, https:\/\/www.yongyukitchenware.com\/wp-content\/uploads\/2024\/10\/Insulated-Barrel-bulk-1-600x600.webp 600w, https:\/\/www.yongyukitchenware.com\/wp-content\/uploads\/2024\/10\/Insulated-Barrel-bulk-1-100x100.webp 100w\" sizes=\"(max-width: 800px) 100vw, 800px\" \/><\/figure>\n<\/div><\/div>\n<\/div>\n\n\n\n<div class=\"wp-block-column is-layout-flow wp-block-column-is-layout-flow\">\n<h2 class=\"wp-block-heading\">Isol\u00e9 Taille du baril :<\/h2>\n\n\n\n<figure class=\"wp-block-table\"><table class=\"has-fixed-layout\"><tbody><tr><td>Mod\u00e8le<\/td><td>Taille<\/td><td>Diam\u00e8tre * Hauteur (cm)<\/td><td>MOQ<\/td><\/tr><tr><td rowspan=\"8\">DY012-T<\/td><td>10L<\/td><td>27*30cm<\/td><td rowspan=\"8\">12PCS<\/td><\/tr><tr><td>15L<\/td><td>30.5*30.5cm<\/td><\/tr><tr><td>20L<\/td><td>36*30cm<\/td><\/tr><tr><td>30L<\/td><td>36*39cm<\/td><\/tr><tr><td>36L<\/td><td>45.5*31.5cm<\/td><\/tr><tr><td>40L<\/td><td>36*52cm<\/td><\/tr><tr><td>50L<\/td><td>45*46cm<\/td><\/tr><tr><td>60L<\/td><td>45*53.2cm<\/td><\/tr><\/tbody><\/table><\/figure>\n<\/div>\n<\/div>\n\n\n\n<p><\/p>","protected":false},"excerpt":{"rendered":"<p>Baril isol\u00e9 en gros avec couvercle d'\u00e9tanch\u00e9it\u00e9, adapt\u00e9 au stockage de glace, de boissons froides, d'eau chaude, etc. C'est un choix id\u00e9al pour la restauration, le camping et les r\u00e9frig\u00e9rateurs de voiture. Fournir des solutions personnalis\u00e9es de haute qualit\u00e9 et rentables, et soutenir les ventes sur Amazon.<\/p>\n<h2>Attribut du baril isol\u00e9 :<\/h2>\n<p><strong>Mat\u00e9riau :<\/strong> Acier inoxydable<br \/><strong>Conception :<\/strong> Structure \u00e0 trois couches, couvercle \u00e9tanche, poign\u00e9e robuste<br \/><strong>Couleur :<\/strong> Rouge, brun, bleu<br \/><strong>Tailles :<\/strong> 10-60L<br \/><strong>Emballage :<\/strong> Sac\/volume\/carton ou sur mesure<br \/><strong>OEM\/ODM :<\/strong>\u00a0 Disponible<\/p>\n<h2 class=\"wp-block-heading\">De Yongyu Catering Supplies Manufacturer :<\/h2>\n<p>Qu'il s'agisse d'un fournisseur de services de restauration, d'un h\u00f4tel ou d'un restaurant, ou d'une soci\u00e9t\u00e9 d'organisation d'\u00e9v\u00e9nements, nous fournissons des solutions compl\u00e8tes de fournitures de restauration en gros pour vous avec des prix d'usine de haute qualit\u00e9 !<\/p>","protected":false},"featured_media":2292,"comment_status":"closed","ping_status":"closed","template":"","meta":{"_acf_changed":false},"application":[30],"product_brand":[],"product_cat":[22,34],"product_tag":[],"class_list":{"0":"post-2031","1":"product","2":"type-product","3":"status-publish","4":"has-post-thumbnail","6":"application-hotel-catering","7":"product_cat-catering-supplies-wholesale","8":"product_cat-wholesale-drink-dispenser","10":"first","11":"instock","12":"shipping-taxable","13":"product-type-simple"},"acf":[],"_links":{"self":[{"href":"https:\/\/www.yongyukitchenware.com\/fr\/wp-json\/wp\/v2\/product\/2031","targetHints":{"allow":["GET"]}}],"collection":[{"href":"https:\/\/www.yongyukitchenware.com\/fr\/wp-json\/wp\/v2\/product"}],"about":[{"href":"https:\/\/www.yongyukitchenware.com\/fr\/wp-json\/wp\/v2\/types\/product"}],"replies":[{"embeddable":true,"href":"https:\/\/www.yongyukitchenware.com\/fr\/wp-json\/wp\/v2\/comments?post=2031"}],"wp:featuredmedia":[{"embeddable":true,"href":"https:\/\/www.yongyukitchenware.com\/fr\/wp-json\/wp\/v2\/media\/2292"}],"wp:attachment":[{"href":"https:\/\/www.yongyukitchenware.com\/fr\/wp-json\/wp\/v2\/media?parent=2031"}],"wp:term":[{"taxonomy":"application","embeddable":true,"href":"https:\/\/www.yongyukitchenware.com\/fr\/wp-json\/wp\/v2\/application?post=2031"},{"taxonomy":"product_brand","embeddable":true,"href":"https:\/\/www.yongyukitchenware.com\/fr\/wp-json\/wp\/v2\/product_brand?post=2031"},{"taxonomy":"product_cat","embeddable":true,"href":"https:\/\/www.yongyukitchenware.com\/fr\/wp-json\/wp\/v2\/product_cat?post=2031"},{"taxonomy":"product_tag","embeddable":true,"href":"https:\/\/www.yongyukitchenware.com\/fr\/wp-json\/wp\/v2\/product_tag?post=2031"}],"curies":[{"name":"wp","href":"https:\/\/api.w.org\/{rel}","templated":true}]}}