{"id":2041,"date":"2024-11-16T10:33:01","date_gmt":"2024-11-16T10:33:01","guid":{"rendered":"https:\/\/www.yongyukitchenware.com\/?post_type=product&#038;p=2041"},"modified":"2024-11-16T10:33:02","modified_gmt":"2024-11-16T10:33:02","slug":"small-stainless-steel-bucket-wholesale","status":"publish","type":"product","link":"https:\/\/www.yongyukitchenware.com\/fr\/produit\/small-stainless-steel-bucket-wholesale\/","title":{"rendered":"Petit seau en acier inoxydable 1L portable pour glace, snack et eau"},"content":{"rendered":"<div class=\"wp-block-columns is-layout-flex wp-container-core-columns-is-layout-9d6595d7 wp-block-columns-is-layout-flex\">\n<div class=\"wp-block-column is-layout-flow wp-block-column-is-layout-flow\">\n<h2 class=\"wp-block-heading\">Petit seau en acier inoxydable Caract\u00e9ristiques :<\/h2>\n\n\n\n<p><strong>Acier inoxydable de haute qualit\u00e9 : <\/strong>Mat\u00e9riau en acier inoxydable de qualit\u00e9 alimentaire, r\u00e9sistant \u00e0 la corrosion, sans odeur, durable<br><strong>Poign\u00e9e renforc\u00e9e :<\/strong> poign\u00e9e \u00e9paisse en acier inoxydable, renforcement par rivets, stable sans tomber, bonne capacit\u00e9 de charge<br><strong>Design de la jante roulante :<\/strong> Les bords sont arrondis et lisses, faciles \u00e0 manipuler et \u00e9vitent les blessures aux mains.<br><strong>Fond plat \u00e9paissi :<\/strong> le fond est plus haut et plus \u00e9pais, il est plac\u00e9 fermement et n'ab\u00eeme pas la table<br><strong>Processus de tr\u00e9filage :<\/strong> Surface lisse et r\u00e9sistante \u00e0 la salet\u00e9, facile \u00e0 nettoyer<br><strong>Placement stable :<\/strong> Le fond est \u00e9pais et lisse, le placement est lisse, antid\u00e9rapant et r\u00e9sistant \u00e0 l'usure.<\/p>\n<\/div>\n\n\n\n<div class=\"wp-block-column is-layout-flow wp-block-column-is-layout-flow\">\n<div class=\"wp-block-columns is-layout-flex wp-container-core-columns-is-layout-9d6595d7 wp-block-columns-is-layout-flex\">\n<div class=\"wp-block-column is-layout-flow wp-block-column-is-layout-flow\">\n<figure class=\"wp-block-image size-full\"><img decoding=\"async\" width=\"800\" height=\"800\" src=\"https:\/\/www.yongyukitchenware.com\/wp-content\/uploads\/2024\/10\/Small-Stainless-Steel-Bucket-Wholesale-5.webp\" alt=\"Petit seau en acier inoxydable Wholesale\" class=\"wp-image-2302\" srcset=\"https:\/\/www.yongyukitchenware.com\/wp-content\/uploads\/2024\/10\/Small-Stainless-Steel-Bucket-Wholesale-5.webp 800w, https:\/\/www.yongyukitchenware.com\/wp-content\/uploads\/2024\/10\/Small-Stainless-Steel-Bucket-Wholesale-5-300x300.webp 300w, https:\/\/www.yongyukitchenware.com\/wp-content\/uploads\/2024\/10\/Small-Stainless-Steel-Bucket-Wholesale-5-150x150.webp 150w, https:\/\/www.yongyukitchenware.com\/wp-content\/uploads\/2024\/10\/Small-Stainless-Steel-Bucket-Wholesale-5-768x768.webp 768w, https:\/\/www.yongyukitchenware.com\/wp-content\/uploads\/2024\/10\/Small-Stainless-Steel-Bucket-Wholesale-5-12x12.webp 12w, https:\/\/www.yongyukitchenware.com\/wp-content\/uploads\/2024\/10\/Small-Stainless-Steel-Bucket-Wholesale-5-600x600.webp 600w, https:\/\/www.yongyukitchenware.com\/wp-content\/uploads\/2024\/10\/Small-Stainless-Steel-Bucket-Wholesale-5-100x100.webp 100w\" sizes=\"(max-width: 800px) 100vw, 800px\" \/><\/figure>\n<\/div>\n\n\n\n<div class=\"wp-block-column is-layout-flow wp-block-column-is-layout-flow\">\n<figure class=\"wp-block-image size-full\"><img decoding=\"async\" width=\"800\" height=\"800\" src=\"https:\/\/www.yongyukitchenware.com\/wp-content\/uploads\/2024\/10\/Small-Stainless-Steel-Bucket-Wholesale-4.webp\" alt=\"Petit seau en acier inoxydable Wholesale\" class=\"wp-image-2301\" srcset=\"https:\/\/www.yongyukitchenware.com\/wp-content\/uploads\/2024\/10\/Small-Stainless-Steel-Bucket-Wholesale-4.webp 800w, https:\/\/www.yongyukitchenware.com\/wp-content\/uploads\/2024\/10\/Small-Stainless-Steel-Bucket-Wholesale-4-300x300.webp 300w, https:\/\/www.yongyukitchenware.com\/wp-content\/uploads\/2024\/10\/Small-Stainless-Steel-Bucket-Wholesale-4-150x150.webp 150w, https:\/\/www.yongyukitchenware.com\/wp-content\/uploads\/2024\/10\/Small-Stainless-Steel-Bucket-Wholesale-4-768x768.webp 768w, https:\/\/www.yongyukitchenware.com\/wp-content\/uploads\/2024\/10\/Small-Stainless-Steel-Bucket-Wholesale-4-12x12.webp 12w, https:\/\/www.yongyukitchenware.com\/wp-content\/uploads\/2024\/10\/Small-Stainless-Steel-Bucket-Wholesale-4-600x600.webp 600w, https:\/\/www.yongyukitchenware.com\/wp-content\/uploads\/2024\/10\/Small-Stainless-Steel-Bucket-Wholesale-4-100x100.webp 100w\" sizes=\"(max-width: 800px) 100vw, 800px\" \/><\/figure>\n<\/div>\n<\/div>\n<\/div>\n<\/div>\n\n\n\n<p><\/p>","protected":false},"excerpt":{"rendered":"<p>Ce petit seau en acier inoxydable au design simple est compact et portable. Il peut \u00eatre utilis\u00e9 comme seau \u00e0 glace de bar, seau \u00e0 vin, seau \u00e0 eau ou seau \u00e0 collation, ce qui le rend id\u00e9al pour les r\u00e9unions de famille, les bars, les restaurants et les activit\u00e9s de plein air.<\/p>\n<h2>Petit seau en acier inoxydable Param\u00e8tres :<\/h2>\n<p><strong>Mat\u00e9riau :<\/strong> acier inoxydable<br \/><strong>Conception :<\/strong>\u00a0 portable, avec poign\u00e9e de transport<br \/><strong>Tailles :<\/strong> 1L<br \/><strong>OEM\/ODM :<\/strong> disponible<\/p>\n<div id=\"brxe-2aeb5b\" class=\"brxe-product-short-description brxe-text-basic\">\n<div class=\"woocommerce-product-details__short-description\">\n<h2 class=\"wp-block-heading\">De Yongyu Catering Supplies Wholesaler :<\/h2>\n<p>En tant que meilleur fabricant de fournitures de restauration en Chine, nous sommes sp\u00e9cialis\u00e9s dans les articles de bar de haute qualit\u00e9 en gros et en douane. Nous avons 25 ans d'exp\u00e9rience professionnelle pour garantir aux clients des produits de pointe et des services efficaces.<\/p>\n<\/div>\n<\/div>","protected":false},"featured_media":2299,"comment_status":"closed","ping_status":"closed","template":"","meta":{"_acf_changed":true},"application":[30],"product_brand":[],"product_cat":[16],"product_tag":[],"class_list":{"0":"post-2041","1":"product","2":"type-product","3":"status-publish","4":"has-post-thumbnail","6":"application-hotel-catering","7":"product_cat-barware-wholesale-custom","9":"first","10":"instock","11":"shipping-taxable","12":"product-type-simple"},"acf":[],"_links":{"self":[{"href":"https:\/\/www.yongyukitchenware.com\/fr\/wp-json\/wp\/v2\/product\/2041","targetHints":{"allow":["GET"]}}],"collection":[{"href":"https:\/\/www.yongyukitchenware.com\/fr\/wp-json\/wp\/v2\/product"}],"about":[{"href":"https:\/\/www.yongyukitchenware.com\/fr\/wp-json\/wp\/v2\/types\/product"}],"replies":[{"embeddable":true,"href":"https:\/\/www.yongyukitchenware.com\/fr\/wp-json\/wp\/v2\/comments?post=2041"}],"wp:featuredmedia":[{"embeddable":true,"href":"https:\/\/www.yongyukitchenware.com\/fr\/wp-json\/wp\/v2\/media\/2299"}],"wp:attachment":[{"href":"https:\/\/www.yongyukitchenware.com\/fr\/wp-json\/wp\/v2\/media?parent=2041"}],"wp:term":[{"taxonomy":"application","embeddable":true,"href":"https:\/\/www.yongyukitchenware.com\/fr\/wp-json\/wp\/v2\/application?post=2041"},{"taxonomy":"product_brand","embeddable":true,"href":"https:\/\/www.yongyukitchenware.com\/fr\/wp-json\/wp\/v2\/product_brand?post=2041"},{"taxonomy":"product_cat","embeddable":true,"href":"https:\/\/www.yongyukitchenware.com\/fr\/wp-json\/wp\/v2\/product_cat?post=2041"},{"taxonomy":"product_tag","embeddable":true,"href":"https:\/\/www.yongyukitchenware.com\/fr\/wp-json\/wp\/v2\/product_tag?post=2041"}],"curies":[{"name":"wp","href":"https:\/\/api.w.org\/{rel}","templated":true}]}}