{"id":2075,"date":"2024-11-16T10:57:20","date_gmt":"2024-11-16T10:57:20","guid":{"rendered":"https:\/\/www.yongyukitchenware.com\/?post_type=product&#038;p=2075"},"modified":"2025-07-10T09:41:07","modified_gmt":"2025-07-10T09:41:07","slug":"bulk-insulated-beverage-dispenser","status":"publish","type":"product","link":"https:\/\/www.yongyukitchenware.com\/fr\/produit\/bulk-insulated-beverage-dispenser\/","title":{"rendered":"Distributeur de boissons isol\u00e9 en vrac Seau \u00e0 lait et \u00e0 th\u00e9 en acier inoxydable"},"content":{"rendered":"<div class=\"wp-block-columns is-layout-flex wp-container-core-columns-is-layout-9d6595d7 wp-block-columns-is-layout-flex\">\n<div class=\"wp-block-column is-layout-flow wp-block-column-is-layout-flow\">\n<h2 class=\"wp-block-heading\">Distributeur de boissons isotherme Caract\u00e9ristiques :<\/h2>\n\n\n\n<p><strong>Acier inoxydable de haute qualit\u00e9 :<\/strong> Acier inoxydable de qualit\u00e9 alimentaire, r\u00e9sistant \u00e0 la corrosion, sans odeur, durable.<\/p>\n\n\n\n<p><strong>Housse de tambour en spirale :<\/strong> Le resserrement rotatif n'est pas chaud, l'effet de pr\u00e9servation de la chaleur est plus durable.<\/p>\n\n\n\n<p><strong>Poign\u00e9e portative :<\/strong> La poign\u00e9e est faite d'un mat\u00e9riau \u00e9pais, durable, ne tombe pas facilement et peut \u00eatre pos\u00e9e sans occuper d'espace lorsqu'elle est inutilis\u00e9e.<\/p>\n\n\n\n<p><strong>Support pliable :<\/strong> Le tr\u00e9pied inf\u00e9rieur peut \u00eatre \u00e9tendu\/pli\u00e9 pour augmenter la hauteur, la flexibilit\u00e9 et la commodit\u00e9 d'utilisation.<\/p>\n\n\n\n<p><strong>Conception de la valve \u00e9tanche : <\/strong>Corps du baril avec robinet, mat\u00e9riau non toxique et insipide, sain et durable.<\/p>\n<\/div>\n\n\n\n<div class=\"wp-block-column is-layout-flow wp-block-column-is-layout-flow\">\n<figure class=\"wp-block-image size-full is-style-default\"><img decoding=\"async\" width=\"800\" height=\"800\" src=\"https:\/\/www.yongyukitchenware.com\/wp-content\/uploads\/2024\/10\/Insulated-Beverage-Dispenser-whoelsale-1.webp\" alt=\"Distributeur de boissons isotherme\" class=\"wp-image-2306\" srcset=\"https:\/\/www.yongyukitchenware.com\/wp-content\/uploads\/2024\/10\/Insulated-Beverage-Dispenser-whoelsale-1.webp 800w, https:\/\/www.yongyukitchenware.com\/wp-content\/uploads\/2024\/10\/Insulated-Beverage-Dispenser-whoelsale-1-300x300.webp 300w, https:\/\/www.yongyukitchenware.com\/wp-content\/uploads\/2024\/10\/Insulated-Beverage-Dispenser-whoelsale-1-150x150.webp 150w, https:\/\/www.yongyukitchenware.com\/wp-content\/uploads\/2024\/10\/Insulated-Beverage-Dispenser-whoelsale-1-768x768.webp 768w, https:\/\/www.yongyukitchenware.com\/wp-content\/uploads\/2024\/10\/Insulated-Beverage-Dispenser-whoelsale-1-12x12.webp 12w, https:\/\/www.yongyukitchenware.com\/wp-content\/uploads\/2024\/10\/Insulated-Beverage-Dispenser-whoelsale-1-600x600.webp 600w, https:\/\/www.yongyukitchenware.com\/wp-content\/uploads\/2024\/10\/Insulated-Beverage-Dispenser-whoelsale-1-100x100.webp 100w\" sizes=\"(max-width: 800px) 100vw, 800px\" \/><\/figure>\n<\/div>\n<\/div>\n\n\n\n<div class=\"wp-block-columns is-layout-flex wp-container-core-columns-is-layout-9d6595d7 wp-block-columns-is-layout-flex\">\n<div class=\"wp-block-column is-layout-flow wp-block-column-is-layout-flow\">\n<figure class=\"wp-block-image size-full\"><img decoding=\"async\" width=\"750\" height=\"750\" src=\"https:\/\/www.yongyukitchenware.com\/wp-content\/uploads\/2024\/10\/Insulated-Beverage-Dispenser-whoelsale-3.webp\" alt=\"Distributeur de boissons isotherme\" class=\"wp-image-2308\" srcset=\"https:\/\/www.yongyukitchenware.com\/wp-content\/uploads\/2024\/10\/Insulated-Beverage-Dispenser-whoelsale-3.webp 750w, https:\/\/www.yongyukitchenware.com\/wp-content\/uploads\/2024\/10\/Insulated-Beverage-Dispenser-whoelsale-3-300x300.webp 300w, https:\/\/www.yongyukitchenware.com\/wp-content\/uploads\/2024\/10\/Insulated-Beverage-Dispenser-whoelsale-3-150x150.webp 150w, https:\/\/www.yongyukitchenware.com\/wp-content\/uploads\/2024\/10\/Insulated-Beverage-Dispenser-whoelsale-3-12x12.webp 12w, https:\/\/www.yongyukitchenware.com\/wp-content\/uploads\/2024\/10\/Insulated-Beverage-Dispenser-whoelsale-3-600x600.webp 600w, https:\/\/www.yongyukitchenware.com\/wp-content\/uploads\/2024\/10\/Insulated-Beverage-Dispenser-whoelsale-3-100x100.webp 100w\" sizes=\"(max-width: 750px) 100vw, 750px\" \/><\/figure>\n<\/div>\n\n\n\n<div class=\"wp-block-column is-layout-flow wp-block-column-is-layout-flow\">\n<h2 class=\"wp-block-heading\">Distributeur de boissons isol\u00e9 Taille :<\/h2>\n\n\n\n<figure class=\"wp-block-table\"><table class=\"has-fixed-layout\"><tbody><tr><td>Mod\u00e8le<\/td><td>Taille<\/td><td>Diam\u00e8tre * Hauteur (cm)<\/td><td>MOQ<\/td><\/tr><tr><td rowspan=\"7\">DY009-T<\/td><td>6L<\/td><td>23.7*30.8<\/td><td rowspan=\"7\">6PCS<\/td><\/tr><tr><td>8L<\/td><td>23.7*35<\/td><\/tr><tr><td>10L<\/td><td>23.7*40<\/td><\/tr><tr><td>12L<\/td><td>23.7*45.5<\/td><\/tr><tr><td>14L<\/td><td>28.2*40.6<\/td><\/tr><tr><td>16L<\/td><td>28.2*45<\/td><\/tr><tr><td>18L<\/td><td>28.2*50<\/td><\/tr><\/tbody><\/table><\/figure>\n<\/div>\n<\/div>\n\n\n\n<p><\/p>","protected":false},"excerpt":{"rendered":"<p>Distributeur de boissons isothermes en acier inoxydable avec support pliant, portable et adapt\u00e9 au caf\u00e9 isotherme, au th\u00e9 au lait et aux boissons chaudes et froides. C'est l'un des \u00e9quipements de restauration n\u00e9cessaires pour les buffets et les restaurants. Nous vous invitons \u00e0 personnaliser vos produits en vrac afin de b\u00e9n\u00e9ficier de la plus grande remise.<\/p>\n<h2>Distributeur de boissons isotherme Param\u00e8tre :<\/h2>\n<p><strong>Mat\u00e9riau :<\/strong> acier inoxydable<br \/><strong>Conception :<\/strong>\u00a0 avec couvercle rotatif, poign\u00e9e solide, tr\u00e9pied pliable, robinet d'eau<br \/><strong>Tailles :<\/strong> 6-18L<br \/><strong>Couleur :<\/strong> Rouge, noir, argent, et plus encore<br \/><strong>OEM\/ODM :<\/strong> facultatif<\/p>\n<div id=\"brxe-2aeb5b\" class=\"brxe-product-short-description brxe-text-basic\">\n<div class=\"woocommerce-product-details__short-description\">\n<h2 class=\"wp-block-heading\">De Yongyu Catering Supplies Manufacturer :<\/h2>\n<p>Qu'il s'agisse d'un fournisseur de services de restauration, d'un h\u00f4tel ou d'un restaurant, ou d'une soci\u00e9t\u00e9 d'organisation d'\u00e9v\u00e9nements, nous fournissons des solutions compl\u00e8tes de fournitures de restauration en gros pour vous avec des prix d'usine de haute qualit\u00e9 !<\/p>\n<\/div>\n<\/div>","protected":false},"featured_media":2314,"comment_status":"closed","ping_status":"closed","template":"","meta":{"_acf_changed":true},"application":[30],"product_brand":[],"product_cat":[22,34],"product_tag":[],"class_list":{"0":"post-2075","1":"product","2":"type-product","3":"status-publish","4":"has-post-thumbnail","6":"application-hotel-catering","7":"product_cat-catering-supplies-wholesale","8":"product_cat-wholesale-drink-dispenser","10":"first","11":"instock","12":"shipping-taxable","13":"product-type-simple"},"acf":[],"_links":{"self":[{"href":"https:\/\/www.yongyukitchenware.com\/fr\/wp-json\/wp\/v2\/product\/2075","targetHints":{"allow":["GET"]}}],"collection":[{"href":"https:\/\/www.yongyukitchenware.com\/fr\/wp-json\/wp\/v2\/product"}],"about":[{"href":"https:\/\/www.yongyukitchenware.com\/fr\/wp-json\/wp\/v2\/types\/product"}],"replies":[{"embeddable":true,"href":"https:\/\/www.yongyukitchenware.com\/fr\/wp-json\/wp\/v2\/comments?post=2075"}],"wp:featuredmedia":[{"embeddable":true,"href":"https:\/\/www.yongyukitchenware.com\/fr\/wp-json\/wp\/v2\/media\/2314"}],"wp:attachment":[{"href":"https:\/\/www.yongyukitchenware.com\/fr\/wp-json\/wp\/v2\/media?parent=2075"}],"wp:term":[{"taxonomy":"application","embeddable":true,"href":"https:\/\/www.yongyukitchenware.com\/fr\/wp-json\/wp\/v2\/application?post=2075"},{"taxonomy":"product_brand","embeddable":true,"href":"https:\/\/www.yongyukitchenware.com\/fr\/wp-json\/wp\/v2\/product_brand?post=2075"},{"taxonomy":"product_cat","embeddable":true,"href":"https:\/\/www.yongyukitchenware.com\/fr\/wp-json\/wp\/v2\/product_cat?post=2075"},{"taxonomy":"product_tag","embeddable":true,"href":"https:\/\/www.yongyukitchenware.com\/fr\/wp-json\/wp\/v2\/product_tag?post=2075"}],"curies":[{"name":"wp","href":"https:\/\/api.w.org\/{rel}","templated":true}]}}