{"id":2090,"date":"2024-11-03T03:19:31","date_gmt":"2024-11-03T03:19:31","guid":{"rendered":"https:\/\/www.yongyukitchenware.com\/?post_type=product&#038;p=2090"},"modified":"2025-07-10T09:54:42","modified_gmt":"2025-07-10T09:54:42","slug":"baking-trays-stainless-steel-wholesale","status":"publish","type":"product","link":"https:\/\/www.yongyukitchenware.com\/fr\/produit\/baking-trays-stainless-steel-wholesale\/","title":{"rendered":"Wholesale Baking Trays Stainless Steel with Rack Large Baking Pan Oven Safe (Plaques \u00e0 p\u00e2tisserie en acier inoxydable avec grille)"},"content":{"rendered":"<div class=\"wp-block-columns is-layout-flex wp-container-core-columns-is-layout-9d6595d7 wp-block-columns-is-layout-flex\">\n<div class=\"wp-block-column is-layout-flow wp-block-column-is-layout-flow\">\n<h2 class=\"wp-block-heading\">Taille des plaques \u00e0 p\u00e2tisserie en acier inoxydable :<\/h2>\n\n\n\n<figure class=\"wp-block-table\"><table class=\"has-fixed-layout\"><tbody><tr><td>Mod\u00e8le<\/td><td>Profondeur<\/td><td>Longueur * Largeur (cm)<\/td><td>MOQ<\/td><\/tr><tr><td rowspan=\"7\">DY044-P<\/td><td>2cm<\/td><td>18*13cm<\/td><td rowspan=\"7\">200PCS<\/td><\/tr><tr><td rowspan=\"4\">2,5 cm<\/td><td>23*17cm<\/td><\/tr><tr><td>26*20cm<\/td><\/tr><tr><td>31*24cm<\/td><\/tr><tr><td>40*30cm<\/td><\/tr><tr><td rowspan=\"2\">3cm<\/td><td>50*35cm<\/td><\/tr><tr><td>60*40cm<\/td><\/tr><\/tbody><\/table><\/figure>\n\n\n\n<h2 class=\"wp-block-heading\">Caract\u00e9ristiques des plaques \u00e0 p\u00e2tisserie en acier inoxydable :<\/h2>\n\n\n\n<p><strong>Acier inoxydable de haute qualit\u00e9 : <\/strong>Mat\u00e9riau en acier inoxydable de qualit\u00e9 alimentaire, pour garantir la durabilit\u00e9 du produit, la s\u00e9curit\u00e9 et l'hygi\u00e8ne.<br><strong>Sp\u00e9cifications compl\u00e8tes :<\/strong> offrent une vari\u00e9t\u00e9 de tailles pour r\u00e9pondre \u00e0 diff\u00e9rents plats et besoins de service, flexibles pour s'adapter \u00e0 une vari\u00e9t\u00e9 d'occasions<br><strong>Conception \u00e9cologique :<\/strong> r\u00e9utilisables, r\u00e9duisant ainsi l'utilisation de vaisselle jetable<br><strong>Processus de curling : <\/strong>Bords lisses pour \u00e9viter les blessures aux mains.<strong><br>Traitement de polissage des miroirs : <\/strong>la surface est aussi brillante qu'un miroir, facile \u00e0 nettoyer, elle pr\u00e9serve l'hygi\u00e8ne et convient \u00e0 un environnement de restauration \u00e0 haute intensit\u00e9<\/p>\n<\/div>\n\n\n\n<div class=\"wp-block-column is-layout-flow wp-block-column-is-layout-flow\">\n<figure class=\"wp-block-image size-full is-resized\"><img decoding=\"async\" width=\"800\" height=\"800\" src=\"https:\/\/www.yongyukitchenware.com\/wp-content\/uploads\/2024\/10\/Stainless-Steel-Flat-Bottom-Square-Plate-11.webp\" alt=\"Plaque carr\u00e9e \u00e0 fond plat en acier inoxydable-11\" class=\"wp-image-2096\" style=\"width:384px;height:auto\" srcset=\"https:\/\/www.yongyukitchenware.com\/wp-content\/uploads\/2024\/10\/Stainless-Steel-Flat-Bottom-Square-Plate-11.webp 800w, https:\/\/www.yongyukitchenware.com\/wp-content\/uploads\/2024\/10\/Stainless-Steel-Flat-Bottom-Square-Plate-11-300x300.webp 300w, https:\/\/www.yongyukitchenware.com\/wp-content\/uploads\/2024\/10\/Stainless-Steel-Flat-Bottom-Square-Plate-11-150x150.webp 150w, https:\/\/www.yongyukitchenware.com\/wp-content\/uploads\/2024\/10\/Stainless-Steel-Flat-Bottom-Square-Plate-11-768x768.webp 768w, https:\/\/www.yongyukitchenware.com\/wp-content\/uploads\/2024\/10\/Stainless-Steel-Flat-Bottom-Square-Plate-11-12x12.webp 12w, https:\/\/www.yongyukitchenware.com\/wp-content\/uploads\/2024\/10\/Stainless-Steel-Flat-Bottom-Square-Plate-11-600x600.webp 600w, https:\/\/www.yongyukitchenware.com\/wp-content\/uploads\/2024\/10\/Stainless-Steel-Flat-Bottom-Square-Plate-11-100x100.webp 100w\" sizes=\"(max-width: 800px) 100vw, 800px\" \/><\/figure>\n\n\n\n<figure class=\"wp-block-image size-large is-resized\"><img decoding=\"async\" width=\"800\" height=\"800\" src=\"https:\/\/www.yongyukitchenware.com\/wp-content\/uploads\/2024\/10\/Stainless-Steel-Flat-Bottom-Square-Plate-7.webp\" alt=\"Acier inoxydable-Plaque carr\u00e9e \u00e0 fond plat-7\" class=\"wp-image-2097\" style=\"width:384px\" srcset=\"https:\/\/www.yongyukitchenware.com\/wp-content\/uploads\/2024\/10\/Stainless-Steel-Flat-Bottom-Square-Plate-7.webp 800w, https:\/\/www.yongyukitchenware.com\/wp-content\/uploads\/2024\/10\/Stainless-Steel-Flat-Bottom-Square-Plate-7-300x300.webp 300w, https:\/\/www.yongyukitchenware.com\/wp-content\/uploads\/2024\/10\/Stainless-Steel-Flat-Bottom-Square-Plate-7-150x150.webp 150w, https:\/\/www.yongyukitchenware.com\/wp-content\/uploads\/2024\/10\/Stainless-Steel-Flat-Bottom-Square-Plate-7-768x768.webp 768w, https:\/\/www.yongyukitchenware.com\/wp-content\/uploads\/2024\/10\/Stainless-Steel-Flat-Bottom-Square-Plate-7-12x12.webp 12w, https:\/\/www.yongyukitchenware.com\/wp-content\/uploads\/2024\/10\/Stainless-Steel-Flat-Bottom-Square-Plate-7-600x600.webp 600w, https:\/\/www.yongyukitchenware.com\/wp-content\/uploads\/2024\/10\/Stainless-Steel-Flat-Bottom-Square-Plate-7-100x100.webp 100w\" sizes=\"(max-width: 800px) 100vw, 800px\" \/><\/figure>\n<\/div>\n<\/div>","protected":false},"excerpt":{"rendered":"<div class=\"n4sEPd\">\n<div class=\"UdTY9 qhIQqf leDWne\" aria-hidden=\"true\" data-location=\"1\">Les plateaux en acier inoxydable personnalis\u00e9s de Yongyu offrent une grande vari\u00e9t\u00e9 de tailles. Les logos et emballages personnalis\u00e9s sont parfaitement adapt\u00e9s aux environnements professionnels et r\u00e9pondent aux besoins des diff\u00e9rents services de restauration.<\/div>\n<\/div>\n<h2 style=\"text-align: left;\">Param\u00e8tres des plaques \u00e0 p\u00e2tisserie en acier inoxydable :<\/h2>\n<p style=\"text-align: left;\"><strong>Mat\u00e9riau :<\/strong> acier inoxydable<br \/><strong>Profondeur : <\/strong>2cm,2.5cm,3cm<br \/><strong>Forme :<\/strong> Rectangulaire<br \/><strong>Emballage :<\/strong> Sac OPP et carton<br \/><strong>OEM\/ODM :<\/strong> Disponible<\/p>\n<h2 class=\"wp-block-heading\">De Yongyu Kitchenware Manufacturer :<\/h2>\n<p>Yongyu est un fabricant professionnel d'ustensiles de cuisine. Nos produits comprennent toutes sortes d'ustensiles de cuisine en acier inoxydable et d'accessoires de cuisine. Nous fournissons des solutions personnalis\u00e9es avec des produits de haute qualit\u00e9 \u00e0 des prix d'usine.<\/p>","protected":false},"featured_media":2091,"comment_status":"closed","ping_status":"closed","template":"","meta":{"_acf_changed":false},"application":[29],"product_brand":[],"product_cat":[23,35],"product_tag":[],"class_list":{"0":"post-2090","1":"product","2":"type-product","3":"status-publish","4":"has-post-thumbnail","6":"application-home-kitchen","7":"product_cat-kitchenware-wholesale","8":"product_cat-baking-trays-wholesale","10":"first","11":"instock","12":"shipping-taxable","13":"product-type-simple"},"acf":[],"_links":{"self":[{"href":"https:\/\/www.yongyukitchenware.com\/fr\/wp-json\/wp\/v2\/product\/2090","targetHints":{"allow":["GET"]}}],"collection":[{"href":"https:\/\/www.yongyukitchenware.com\/fr\/wp-json\/wp\/v2\/product"}],"about":[{"href":"https:\/\/www.yongyukitchenware.com\/fr\/wp-json\/wp\/v2\/types\/product"}],"replies":[{"embeddable":true,"href":"https:\/\/www.yongyukitchenware.com\/fr\/wp-json\/wp\/v2\/comments?post=2090"}],"wp:featuredmedia":[{"embeddable":true,"href":"https:\/\/www.yongyukitchenware.com\/fr\/wp-json\/wp\/v2\/media\/2091"}],"wp:attachment":[{"href":"https:\/\/www.yongyukitchenware.com\/fr\/wp-json\/wp\/v2\/media?parent=2090"}],"wp:term":[{"taxonomy":"application","embeddable":true,"href":"https:\/\/www.yongyukitchenware.com\/fr\/wp-json\/wp\/v2\/application?post=2090"},{"taxonomy":"product_brand","embeddable":true,"href":"https:\/\/www.yongyukitchenware.com\/fr\/wp-json\/wp\/v2\/product_brand?post=2090"},{"taxonomy":"product_cat","embeddable":true,"href":"https:\/\/www.yongyukitchenware.com\/fr\/wp-json\/wp\/v2\/product_cat?post=2090"},{"taxonomy":"product_tag","embeddable":true,"href":"https:\/\/www.yongyukitchenware.com\/fr\/wp-json\/wp\/v2\/product_tag?post=2090"}],"curies":[{"name":"wp","href":"https:\/\/api.w.org\/{rel}","templated":true}]}}