{"id":2115,"date":"2024-11-16T11:32:26","date_gmt":"2024-11-16T11:32:26","guid":{"rendered":"https:\/\/www.yongyukitchenware.com\/?post_type=product&#038;p=2115"},"modified":"2025-07-10T09:39:59","modified_gmt":"2025-07-10T09:39:59","slug":"stainless-steel-milk-can-wholesale","status":"publish","type":"product","link":"https:\/\/www.yongyukitchenware.com\/fr\/produit\/stainless-steel-milk-can-wholesale\/","title":{"rendered":"Grossiste bidon de lait en acier inoxydable 28-100L Baril scell\u00e9 en vrac"},"content":{"rendered":"<div class=\"wp-block-columns is-layout-flex wp-container-core-columns-is-layout-9d6595d7 wp-block-columns-is-layout-flex\">\n<div class=\"wp-block-column is-layout-flow wp-block-column-is-layout-flow\">\n<h2 class=\"wp-block-heading\">Bo\u00eete \u00e0 lait en acier inoxydable Caract\u00e9ristiques :<\/h2>\n\n\n\n<p><strong>Acier inoxydable de haute qualit\u00e9 :<\/strong> Mat\u00e9riau en acier inoxydable de qualit\u00e9 alimentaire, r\u00e9sistant \u00e0 la corrosion, non toxique, ne r\u00e9agit pas avec le lait, facile \u00e0 nettoyer.<\/p>\n\n\n\n<p><strong>Double joint d'\u00e9tanch\u00e9it\u00e9 :<\/strong> Le couvercle est dot\u00e9 d'un anneau d'\u00e9tanch\u00e9it\u00e9 en silicone int\u00e9gr\u00e9, les deux c\u00f4t\u00e9s de la serrure sont renforc\u00e9s, l'\u00e9tanch\u00e9it\u00e9 est bonne, le stockage est plus frais.<\/p>\n\n\n\n<p><strong>Conception d'un grand calibre :<\/strong> large calibre, plus pratique pour le stockage et le nettoyage<\/p>\n\n\n\n<p><strong>Fond plat \u00e9paissi :<\/strong> le fond est plus haut et plus \u00e9pais, il est plac\u00e9 fermement et n'ab\u00eeme pas la table<\/p>\n\n\n\n<p><strong>Approfondir la grande capacit\u00e9 :<\/strong> un seau peut \u00eatre utilis\u00e9 de diverses mani\u00e8res, une capacit\u00e9 de 28 \u00e0 100 litres est disponible en option, les produits secs et humides peuvent \u00eatre stock\u00e9s pour r\u00e9pondre \u00e0 des besoins diff\u00e9rents<\/p>\n<\/div>\n\n\n\n<div class=\"wp-block-column is-layout-flow wp-block-column-is-layout-flow\">\n<figure class=\"wp-block-image size-full is-style-default\"><img decoding=\"async\" width=\"800\" height=\"800\" src=\"https:\/\/www.yongyukitchenware.com\/wp-content\/uploads\/2024\/11\/Stainless-Steel-Milk-Can-Wholesale-2.webp\" alt=\"Bo\u00eete \u00e0 lait en acier inoxydable \" class=\"wp-image-2318\" srcset=\"https:\/\/www.yongyukitchenware.com\/wp-content\/uploads\/2024\/11\/Stainless-Steel-Milk-Can-Wholesale-2.webp 800w, https:\/\/www.yongyukitchenware.com\/wp-content\/uploads\/2024\/11\/Stainless-Steel-Milk-Can-Wholesale-2-300x300.webp 300w, https:\/\/www.yongyukitchenware.com\/wp-content\/uploads\/2024\/11\/Stainless-Steel-Milk-Can-Wholesale-2-150x150.webp 150w, https:\/\/www.yongyukitchenware.com\/wp-content\/uploads\/2024\/11\/Stainless-Steel-Milk-Can-Wholesale-2-768x768.webp 768w, https:\/\/www.yongyukitchenware.com\/wp-content\/uploads\/2024\/11\/Stainless-Steel-Milk-Can-Wholesale-2-12x12.webp 12w, https:\/\/www.yongyukitchenware.com\/wp-content\/uploads\/2024\/11\/Stainless-Steel-Milk-Can-Wholesale-2-600x600.webp 600w, https:\/\/www.yongyukitchenware.com\/wp-content\/uploads\/2024\/11\/Stainless-Steel-Milk-Can-Wholesale-2-100x100.webp 100w\" sizes=\"(max-width: 800px) 100vw, 800px\" \/><\/figure>\n<\/div>\n<\/div>\n\n\n\n<div class=\"wp-block-columns is-layout-flex wp-container-core-columns-is-layout-9d6595d7 wp-block-columns-is-layout-flex\">\n<div class=\"wp-block-column is-layout-flow wp-block-column-is-layout-flow\">\n<div class=\"wp-block-group is-nowrap is-layout-flex wp-container-core-group-is-layout-ad2f72ca wp-block-group-is-layout-flex\">\n<figure class=\"wp-block-image size-full\"><img decoding=\"async\" width=\"800\" height=\"800\" src=\"https:\/\/www.yongyukitchenware.com\/wp-content\/uploads\/2024\/11\/Stainless-Steel-Milk-Can-Wholesale-3.webp\" alt=\"Bo\u00eete \u00e0 lait en acier inoxydable\" class=\"wp-image-2319\" srcset=\"https:\/\/www.yongyukitchenware.com\/wp-content\/uploads\/2024\/11\/Stainless-Steel-Milk-Can-Wholesale-3.webp 800w, https:\/\/www.yongyukitchenware.com\/wp-content\/uploads\/2024\/11\/Stainless-Steel-Milk-Can-Wholesale-3-300x300.webp 300w, https:\/\/www.yongyukitchenware.com\/wp-content\/uploads\/2024\/11\/Stainless-Steel-Milk-Can-Wholesale-3-150x150.webp 150w, https:\/\/www.yongyukitchenware.com\/wp-content\/uploads\/2024\/11\/Stainless-Steel-Milk-Can-Wholesale-3-768x768.webp 768w, https:\/\/www.yongyukitchenware.com\/wp-content\/uploads\/2024\/11\/Stainless-Steel-Milk-Can-Wholesale-3-12x12.webp 12w, https:\/\/www.yongyukitchenware.com\/wp-content\/uploads\/2024\/11\/Stainless-Steel-Milk-Can-Wholesale-3-600x600.webp 600w, https:\/\/www.yongyukitchenware.com\/wp-content\/uploads\/2024\/11\/Stainless-Steel-Milk-Can-Wholesale-3-100x100.webp 100w\" sizes=\"(max-width: 800px) 100vw, 800px\" \/><\/figure>\n<\/div>\n<\/div>\n\n\n\n<div class=\"wp-block-column is-layout-flow wp-block-column-is-layout-flow\">\n<h2 class=\"wp-block-heading\">Bo\u00eete \u00e0 lait en acier inoxydable Taille :<\/h2>\n\n\n\n<figure class=\"wp-block-table\"><table class=\"has-fixed-layout\"><tbody><tr><td>Mod\u00e8le<\/td><td>Taille<\/td><td>Diam\u00e8tre * Hauteur (cm)<\/td><td>MOQ<\/td><\/tr><tr><td rowspan=\"10\">DY008-T<\/td><td>28L<\/td><td>30*40<\/td><td rowspan=\"10\">10PCS<\/td><\/tr><tr><td>35L<\/td><td>30*50<\/td><\/tr><tr><td>42L<\/td><td>30*60<\/td><\/tr><tr><td>48L<\/td><td>35*50<\/td><\/tr><tr><td>58L<\/td><td>35*60<\/td><\/tr><tr><td>64L<\/td><td>40*50<\/td><\/tr><tr><td>68L<\/td><td>35*70<\/td><\/tr><tr><td>76L<\/td><td>40*60<\/td><\/tr><tr><td>88L<\/td><td>40*70<\/td><\/tr><tr><td>100L<\/td><td>40*85<\/td><\/tr><\/tbody><\/table><\/figure>\n<\/div>\n<\/div>","protected":false},"excerpt":{"rendered":"<p>Bo\u00eetes \u00e0 lait en gros en acier inoxydable, avec couvercle scell\u00e9, pour conserver la fra\u00eecheur du lait et des aliments. Grande capacit\u00e9 28-100L, r\u00e9pond aux diff\u00e9rents besoins de stockage des aliments. Vente directe \u00e0 l'usine, services personnalis\u00e9s, n'h\u00e9sitez pas \u00e0 nous contacter.<\/p>\n<h2>Pot \u00e0 lait en acier inoxydable Attribut :<\/h2>\n<p><strong>Mat\u00e9riau :<\/strong>\u00a0acier inoxydable<br \/><strong>Poign\u00e9e :<\/strong>\u00a0poign\u00e9e \u00e9paisse<br \/><strong>Tailles :<\/strong>\u00a028-100 L<br \/><strong>Conception :<\/strong>\u00a0 avec couvercle d'\u00e9tanch\u00e9it\u00e9 et poign\u00e9e<br \/><strong>OEM\/ODM :<\/strong>\u00a0facultatif<\/p>\n<h2 class=\"wp-block-heading\">De Yongyu Catering Supplies Manufacturer :<\/h2>\n<p>Qu'il s'agisse d'un fournisseur de services de restauration, d'un h\u00f4tel ou d'un restaurant, ou d'une soci\u00e9t\u00e9 d'organisation d'\u00e9v\u00e9nements, nous fournissons des solutions compl\u00e8tes de fournitures de restauration en gros personnalis\u00e9es pour vous avec des prix d'usine de haute qualit\u00e9 !<\/p>","protected":false},"featured_media":2320,"comment_status":"closed","ping_status":"closed","template":"","meta":{"_acf_changed":true},"application":[30],"product_brand":[],"product_cat":[22],"product_tag":[],"class_list":{"0":"post-2115","1":"product","2":"type-product","3":"status-publish","4":"has-post-thumbnail","6":"application-hotel-catering","7":"product_cat-catering-supplies-wholesale","9":"first","10":"instock","11":"shipping-taxable","12":"product-type-simple"},"acf":[],"_links":{"self":[{"href":"https:\/\/www.yongyukitchenware.com\/fr\/wp-json\/wp\/v2\/product\/2115","targetHints":{"allow":["GET"]}}],"collection":[{"href":"https:\/\/www.yongyukitchenware.com\/fr\/wp-json\/wp\/v2\/product"}],"about":[{"href":"https:\/\/www.yongyukitchenware.com\/fr\/wp-json\/wp\/v2\/types\/product"}],"replies":[{"embeddable":true,"href":"https:\/\/www.yongyukitchenware.com\/fr\/wp-json\/wp\/v2\/comments?post=2115"}],"wp:featuredmedia":[{"embeddable":true,"href":"https:\/\/www.yongyukitchenware.com\/fr\/wp-json\/wp\/v2\/media\/2320"}],"wp:attachment":[{"href":"https:\/\/www.yongyukitchenware.com\/fr\/wp-json\/wp\/v2\/media?parent=2115"}],"wp:term":[{"taxonomy":"application","embeddable":true,"href":"https:\/\/www.yongyukitchenware.com\/fr\/wp-json\/wp\/v2\/application?post=2115"},{"taxonomy":"product_brand","embeddable":true,"href":"https:\/\/www.yongyukitchenware.com\/fr\/wp-json\/wp\/v2\/product_brand?post=2115"},{"taxonomy":"product_cat","embeddable":true,"href":"https:\/\/www.yongyukitchenware.com\/fr\/wp-json\/wp\/v2\/product_cat?post=2115"},{"taxonomy":"product_tag","embeddable":true,"href":"https:\/\/www.yongyukitchenware.com\/fr\/wp-json\/wp\/v2\/product_tag?post=2115"}],"curies":[{"name":"wp","href":"https:\/\/api.w.org\/{rel}","templated":true}]}}