{"id":2123,"date":"2024-11-22T15:33:11","date_gmt":"2024-11-22T15:33:11","guid":{"rendered":"https:\/\/www.yongyukitchenware.com\/?post_type=product&#038;p=2123"},"modified":"2024-11-22T15:36:39","modified_gmt":"2024-11-22T15:36:39","slug":"custom-champagne-ice-bucket","status":"publish","type":"product","link":"https:\/\/www.yongyukitchenware.com\/fr\/produit\/custom-champagne-ice-bucket\/","title":{"rendered":"Seau \u00e0 glace \u00e0 champagne en acier inoxydable avec poign\u00e9e pour le bar, la bi\u00e8re et le vin"},"content":{"rendered":"<div class=\"wp-block-columns is-layout-flex wp-container-core-columns-is-layout-9d6595d7 wp-block-columns-is-layout-flex\">\n<div class=\"wp-block-column is-layout-flow wp-block-column-is-layout-flow\">\n<h2 class=\"wp-block-heading\">Seau \u00e0 glace pour champagne Caract\u00e9ristiques :<\/h2>\n\n\n\n<p><strong>Mat\u00e9riau en acier inoxydable \u00e9paissi : <\/strong>Surface polie et brillante, mat\u00e9riau en acier inoxydable \u00e9pais, avec performance de pr\u00e9servation de la chaleur, facile \u00e0 nettoyer.<\/p>\n\n\n\n<p><strong>Poign\u00e9e renforc\u00e9e :<\/strong> renforcement par rivets, doubles poign\u00e9es avec une bonne capacit\u00e9 de charge<\/p>\n\n\n\n<p><strong>Conception de l'ar\u00eate roulante : <\/strong>bords arrondis et lisses, faciles \u00e0 saisir, \u00e9vitent les blessures aux mains.<\/p>\n\n\n\n<p><strong>Fond plat \u00e9paissi : <\/strong>le fond est plus haut et plus \u00e9pais, il est plac\u00e9 fermement et n'endommage pas le bureau<\/p>\n<\/div>\n\n\n\n<div class=\"wp-block-column is-layout-flow wp-block-column-is-layout-flow\">\n<div class=\"wp-block-columns is-layout-flex wp-container-core-columns-is-layout-9d6595d7 wp-block-columns-is-layout-flex\">\n<div class=\"wp-block-column is-layout-flow wp-block-column-is-layout-flow\">\n<figure class=\"wp-block-image size-full\"><img decoding=\"async\" width=\"800\" height=\"800\" src=\"https:\/\/www.yongyukitchenware.com\/wp-content\/uploads\/2024\/11\/metal-ice-bucket-5.webp\" alt=\"metal-ice-bucket-5\" class=\"wp-image-2128\" srcset=\"https:\/\/www.yongyukitchenware.com\/wp-content\/uploads\/2024\/11\/metal-ice-bucket-5.webp 800w, https:\/\/www.yongyukitchenware.com\/wp-content\/uploads\/2024\/11\/metal-ice-bucket-5-300x300.webp 300w, https:\/\/www.yongyukitchenware.com\/wp-content\/uploads\/2024\/11\/metal-ice-bucket-5-150x150.webp 150w, https:\/\/www.yongyukitchenware.com\/wp-content\/uploads\/2024\/11\/metal-ice-bucket-5-768x768.webp 768w, https:\/\/www.yongyukitchenware.com\/wp-content\/uploads\/2024\/11\/metal-ice-bucket-5-12x12.webp 12w, https:\/\/www.yongyukitchenware.com\/wp-content\/uploads\/2024\/11\/metal-ice-bucket-5-600x600.webp 600w, https:\/\/www.yongyukitchenware.com\/wp-content\/uploads\/2024\/11\/metal-ice-bucket-5-100x100.webp 100w\" sizes=\"(max-width: 800px) 100vw, 800px\" \/><\/figure>\n<\/div>\n<\/div>\n<\/div>\n<\/div>","protected":false},"excerpt":{"rendered":"<p>Ce seau \u00e0 glace pour champagne est petit et portable, 1-7L, peut contenir de la bi\u00e8re, des boissons ou des snacks, et convient pour les f\u00eates, les bars et les activit\u00e9s de plein air. L'usine de Yongyu vend directement en gros des seaux \u00e0 glace personnalis\u00e9s et propose des prix avantageux.<\/p>\n<h2>Seau \u00e0 glace pour champagne Param\u00e8tre :<\/h2>\n<p><strong>Mat\u00e9riau :<\/strong> acier inoxydable<br \/><strong>Couleur :<\/strong> argent, or, titane, impression, etc. <br \/><strong>Conception :<\/strong> mat\u00e9riau de qualit\u00e9 alimentaire, poign\u00e9e renforc\u00e9e<br \/><strong>Tailles :<\/strong> 1L, 5L, 7L<br \/><strong>Emballage :<\/strong> bo\u00eete de couleur, bo\u00eete principale, ou sur mesure<br \/><strong>OEM\/ODM :<\/strong> disponible<\/p>\n<h2 class=\"wp-block-heading\">De Yongyu Catering Supplies Wholesaler :<\/h2>\n<p>Avec 25 ans d'exp\u00e9rience professionnelle, Yongyu Manufacturer se sp\u00e9cialise dans la fabrication et la vente en gros d'articles de bar de haute qualit\u00e9, afin de garantir aux clients des produits et des services de la plus haute qualit\u00e9.<\/p>","protected":false},"featured_media":2124,"comment_status":"closed","ping_status":"closed","template":"","meta":{"_acf_changed":true},"application":[30],"product_brand":[],"product_cat":[16],"product_tag":[],"class_list":{"0":"post-2123","1":"product","2":"type-product","3":"status-publish","4":"has-post-thumbnail","6":"application-hotel-catering","7":"product_cat-barware-wholesale-custom","9":"first","10":"instock","11":"shipping-taxable","12":"product-type-simple"},"acf":[],"_links":{"self":[{"href":"https:\/\/www.yongyukitchenware.com\/fr\/wp-json\/wp\/v2\/product\/2123","targetHints":{"allow":["GET"]}}],"collection":[{"href":"https:\/\/www.yongyukitchenware.com\/fr\/wp-json\/wp\/v2\/product"}],"about":[{"href":"https:\/\/www.yongyukitchenware.com\/fr\/wp-json\/wp\/v2\/types\/product"}],"replies":[{"embeddable":true,"href":"https:\/\/www.yongyukitchenware.com\/fr\/wp-json\/wp\/v2\/comments?post=2123"}],"wp:featuredmedia":[{"embeddable":true,"href":"https:\/\/www.yongyukitchenware.com\/fr\/wp-json\/wp\/v2\/media\/2124"}],"wp:attachment":[{"href":"https:\/\/www.yongyukitchenware.com\/fr\/wp-json\/wp\/v2\/media?parent=2123"}],"wp:term":[{"taxonomy":"application","embeddable":true,"href":"https:\/\/www.yongyukitchenware.com\/fr\/wp-json\/wp\/v2\/application?post=2123"},{"taxonomy":"product_brand","embeddable":true,"href":"https:\/\/www.yongyukitchenware.com\/fr\/wp-json\/wp\/v2\/product_brand?post=2123"},{"taxonomy":"product_cat","embeddable":true,"href":"https:\/\/www.yongyukitchenware.com\/fr\/wp-json\/wp\/v2\/product_cat?post=2123"},{"taxonomy":"product_tag","embeddable":true,"href":"https:\/\/www.yongyukitchenware.com\/fr\/wp-json\/wp\/v2\/product_tag?post=2123"}],"curies":[{"name":"wp","href":"https:\/\/api.w.org\/{rel}","templated":true}]}}