{"id":2137,"date":"2024-11-22T16:05:07","date_gmt":"2024-11-22T16:05:07","guid":{"rendered":"https:\/\/www.yongyukitchenware.com\/?post_type=product&#038;p=2137"},"modified":"2025-06-26T07:55:01","modified_gmt":"2025-06-26T07:55:01","slug":"wholesale-baking-tray-with-lid","status":"publish","type":"product","link":"https:\/\/www.yongyukitchenware.com\/fr\/produit\/wholesale-baking-tray-with-lid\/","title":{"rendered":"Plaque de cuisson en gros avec couvercle et grille en acier inoxydable"},"content":{"rendered":"<div class=\"wp-block-columns is-layout-flex wp-container-core-columns-is-layout-9d6595d7 wp-block-columns-is-layout-flex\">\n<div class=\"wp-block-column is-layout-flow wp-block-column-is-layout-flow\">\n<h2 class=\"wp-block-heading\">Caract\u00e9ristiques du plateau de cuisson avec couvercle :<\/h2>\n\n\n\n<p><strong>Acier inoxydable r\u00e9sistant \u00e0 la chaleur : <\/strong>Acier inoxydable de qualit\u00e9 alimentaire, durable, r\u00e9sistant \u00e0 la chaleur, facile \u00e0 nettoyer.<\/p>\n\n\n\n<p><strong>Avec support en acier inoxydable :<\/strong> L'espacement des mailles est uniforme, le drainage et l'\u00e9limination de l'huile sont efficaces.<\/p>\n\n\n\n<p><strong>Avec couvercle :<\/strong> Couvercle en mat\u00e9riau PP de qualit\u00e9 alimentaire, scell\u00e9 et frais sans odeur<\/p>\n\n\n\n<p><strong>Bordure incurv\u00e9e :<\/strong> bords arrondis et lisses, facile \u00e0 utiliser<\/p>\n\n\n\n<p><strong>Capacit\u00e9 de conception profonde :<\/strong> peut contenir des fruits et des l\u00e9gumes, des l\u00e9gumes cuits \u00e0 la vapeur, du poulet r\u00f4ti, convient \u00e0 de nombreuses occasions<\/p>\n\n\n\n<p><strong>Conception \u00e0 fond plat : <\/strong>le chauffage est uniforme et rapide, peut \u00eatre cuit \u00e0 la vapeur dans l'eau, peut \u00eatre chauff\u00e9 au four<\/p>\n<\/div>\n\n\n\n<div class=\"wp-block-column is-layout-flow wp-block-column-is-layout-flow\">\n<div class=\"wp-block-columns is-layout-flex wp-container-core-columns-is-layout-9d6595d7 wp-block-columns-is-layout-flex\">\n<div class=\"wp-block-column is-layout-flow wp-block-column-is-layout-flow\"><div class=\"wp-block-image\">\n<figure class=\"aligncenter size-full is-resized\"><img decoding=\"async\" width=\"800\" height=\"800\" src=\"https:\/\/www.yongyukitchenware.com\/wp-content\/uploads\/2024\/11\/Stainless-Steel-Baking-Tray-3.webp\" alt=\"Plateau de cuisson en acier inoxydable-3\" class=\"wp-image-2143\" style=\"width:416px;height:auto\" srcset=\"https:\/\/www.yongyukitchenware.com\/wp-content\/uploads\/2024\/11\/Stainless-Steel-Baking-Tray-3.webp 800w, https:\/\/www.yongyukitchenware.com\/wp-content\/uploads\/2024\/11\/Stainless-Steel-Baking-Tray-3-300x300.webp 300w, https:\/\/www.yongyukitchenware.com\/wp-content\/uploads\/2024\/11\/Stainless-Steel-Baking-Tray-3-150x150.webp 150w, https:\/\/www.yongyukitchenware.com\/wp-content\/uploads\/2024\/11\/Stainless-Steel-Baking-Tray-3-768x768.webp 768w, https:\/\/www.yongyukitchenware.com\/wp-content\/uploads\/2024\/11\/Stainless-Steel-Baking-Tray-3-12x12.webp 12w, https:\/\/www.yongyukitchenware.com\/wp-content\/uploads\/2024\/11\/Stainless-Steel-Baking-Tray-3-600x600.webp 600w, https:\/\/www.yongyukitchenware.com\/wp-content\/uploads\/2024\/11\/Stainless-Steel-Baking-Tray-3-100x100.webp 100w\" sizes=\"(max-width: 800px) 100vw, 800px\" \/><\/figure>\n<\/div><\/div>\n<\/div>\n<\/div>\n<\/div>\n\n\n\n<div class=\"wp-block-group is-vertical is-layout-flex wp-container-core-group-is-layout-8cf370e7 wp-block-group-is-layout-flex\">\n<h2 class=\"wp-block-heading\">Taille du plateau de cuisson avec couvercle :<\/h2>\n\n\n\n<figure class=\"wp-block-table\"><table class=\"has-fixed-layout\"><tbody><tr><td>Mod\u00e8le<\/td><td>Longueur * Largeur * Hauteur (cm)<\/td><td>MOQ<\/td><\/tr><tr><td rowspan=\"6\">DY095-Z<\/td><td>23*17*5 CM<\/td><td rowspan=\"6\">36PCS<\/td><\/tr><tr><td>26*20*5 CM<\/td><\/tr><tr><td>31*24*5 CM<\/td><\/tr><tr><td>16*16*5 CM<\/td><\/tr><tr><td>20*20*5 CM<\/td><\/tr><tr><td>24*24*5 CM<\/td><\/tr><\/tbody><\/table><\/figure>\n\n\n\n<p><\/p>\n<\/div>","protected":false},"excerpt":{"rendered":"<p>Plaque de cuisson en gros avec couvercle et grille, adapt\u00e9e \u00e0 la cuisine domestique et commerciale, et au stockage des aliments \u00e0 l'ext\u00e9rieur. Un service personnalis\u00e9 est disponible, n'h\u00e9sitez pas \u00e0 nous contacter !<\/p>\n<h2 style=\"text-align: left\">Param\u00e8tre du plateau de cuisson avec couvercle :<\/h2>\n<p style=\"text-align: left\"><strong>Mat\u00e9riau :<\/strong> Acier inoxydable<br \/><strong>Conception :<\/strong> avec grille en acier inoxydable et couvercle en PP<br \/><strong>Emballage : <\/strong>Sac d'opposition et bo\u00eete en carton<br \/><strong>OEM\/ODM :<\/strong> Disponible<\/p>\n<h2 class=\"wp-block-heading\">De Yongyu Kitchenware Manufacturer :<\/h2>\n<p class=\"wp-block-heading\">Nos produits comprennent toutes sortes d'ustensiles de cuisine et d'accessoires de cuisine en acier inoxydable. Nous proposons \u00e9galement des solutions de cuisine personnalis\u00e9es \u00e0 des prix d'usine.<\/p>","protected":false},"featured_media":2138,"comment_status":"closed","ping_status":"closed","template":"","meta":{"_acf_changed":false},"application":[31,29],"product_brand":[],"product_cat":[23,35],"product_tag":[],"class_list":{"0":"post-2137","1":"product","2":"type-product","3":"status-publish","4":"has-post-thumbnail","6":"application-champ-kitchen","7":"application-home-kitchen","8":"product_cat-kitchenware-wholesale","9":"product_cat-baking-trays-wholesale","11":"first","12":"instock","13":"shipping-taxable","14":"product-type-simple"},"acf":[],"_links":{"self":[{"href":"https:\/\/www.yongyukitchenware.com\/fr\/wp-json\/wp\/v2\/product\/2137","targetHints":{"allow":["GET"]}}],"collection":[{"href":"https:\/\/www.yongyukitchenware.com\/fr\/wp-json\/wp\/v2\/product"}],"about":[{"href":"https:\/\/www.yongyukitchenware.com\/fr\/wp-json\/wp\/v2\/types\/product"}],"replies":[{"embeddable":true,"href":"https:\/\/www.yongyukitchenware.com\/fr\/wp-json\/wp\/v2\/comments?post=2137"}],"wp:featuredmedia":[{"embeddable":true,"href":"https:\/\/www.yongyukitchenware.com\/fr\/wp-json\/wp\/v2\/media\/2138"}],"wp:attachment":[{"href":"https:\/\/www.yongyukitchenware.com\/fr\/wp-json\/wp\/v2\/media?parent=2137"}],"wp:term":[{"taxonomy":"application","embeddable":true,"href":"https:\/\/www.yongyukitchenware.com\/fr\/wp-json\/wp\/v2\/application?post=2137"},{"taxonomy":"product_brand","embeddable":true,"href":"https:\/\/www.yongyukitchenware.com\/fr\/wp-json\/wp\/v2\/product_brand?post=2137"},{"taxonomy":"product_cat","embeddable":true,"href":"https:\/\/www.yongyukitchenware.com\/fr\/wp-json\/wp\/v2\/product_cat?post=2137"},{"taxonomy":"product_tag","embeddable":true,"href":"https:\/\/www.yongyukitchenware.com\/fr\/wp-json\/wp\/v2\/product_tag?post=2137"}],"curies":[{"name":"wp","href":"https:\/\/api.w.org\/{rel}","templated":true}]}}