{"id":2173,"date":"2024-11-22T16:42:34","date_gmt":"2024-11-22T16:42:34","guid":{"rendered":"https:\/\/www.yongyukitchenware.com\/?post_type=product&#038;p=2173"},"modified":"2025-07-10T09:53:33","modified_gmt":"2025-07-10T09:53:33","slug":"stainless-steel-frying-pan-custom","status":"publish","type":"product","link":"https:\/\/www.yongyukitchenware.com\/fr\/produit\/stainless-steel-frying-pan-custom\/","title":{"rendered":"Po\u00eale \u00e0 frire en acier inoxydable 304 en nid d'abeille en vrac"},"content":{"rendered":"<div class=\"wp-block-columns is-layout-flex wp-container-core-columns-is-layout-9d6595d7 wp-block-columns-is-layout-flex\">\n<div class=\"wp-block-column is-layout-flow wp-block-column-is-layout-flow\">\n<h2 class=\"wp-block-heading\">Po\u00eale \u00e0 frire en acier inoxydable Caract\u00e9ristiques :<\/h2>\n\n\n\n<p><strong>Acier triple couche : <\/strong>Nos po\u00eales \u00e0 frire sont dot\u00e9es d'une conception robuste en acier \u00e0 trois couches qui combine la conductivit\u00e9 thermique de l'aluminium et la r\u00e9sistance \u00e0 la corrosion de l'acier inoxydable. Cela garantit une distribution uniforme de la chaleur et des performances durables.<\/p>\n\n\n\n<p><strong>Options de rev\u00eatement antiadh\u00e9sif en nid d'abeille :<\/strong> Nos rev\u00eatements antiadh\u00e9sifs sont disponibles en nid d'abeille et en surface lisse pour r\u00e9pondre aux diff\u00e9rentes pr\u00e9f\u00e9rences culinaires. Le motif unique en nid d'abeille am\u00e9liore les performances antiadh\u00e9sives et r\u00e9duit la consommation d'huile.<\/p>\n\n\n\n<p><strong>Poign\u00e9es en acier inoxydable :<\/strong> Dot\u00e9s de poign\u00e9es robustes en acier inoxydable, ils sont con\u00e7us de mani\u00e8re ergonomique pour assurer un \u00e9quilibre et un confort optimaux pendant l'utilisation.<\/p>\n\n\n\n<p><strong>Compatible avec plusieurs tables de cuisson : <\/strong>Compatible avec tous les types de cuisini\u00e8res, y compris les cuisini\u00e8res \u00e0 gaz, \u00e9lectriques, c\u00e9ramiques et \u00e0 induction.<\/p>\n<\/div>\n\n\n\n<div class=\"wp-block-column is-layout-flow wp-block-column-is-layout-flow\">\n<div class=\"wp-block-columns is-layout-flex wp-container-core-columns-is-layout-9d6595d7 wp-block-columns-is-layout-flex\">\n<div class=\"wp-block-column is-layout-flow wp-block-column-is-layout-flow\">\n<figure class=\"wp-block-image size-full\"><img decoding=\"async\" width=\"800\" height=\"800\" src=\"https:\/\/www.yongyukitchenware.com\/wp-content\/uploads\/2024\/11\/Stainless-steel-frying-pan-4.webp\" alt=\"Po\u00eale \u00e0 frire en acier inoxydable-4\" class=\"wp-image-2177\" srcset=\"https:\/\/www.yongyukitchenware.com\/wp-content\/uploads\/2024\/11\/Stainless-steel-frying-pan-4.webp 800w, https:\/\/www.yongyukitchenware.com\/wp-content\/uploads\/2024\/11\/Stainless-steel-frying-pan-4-300x300.webp 300w, https:\/\/www.yongyukitchenware.com\/wp-content\/uploads\/2024\/11\/Stainless-steel-frying-pan-4-150x150.webp 150w, https:\/\/www.yongyukitchenware.com\/wp-content\/uploads\/2024\/11\/Stainless-steel-frying-pan-4-768x768.webp 768w, https:\/\/www.yongyukitchenware.com\/wp-content\/uploads\/2024\/11\/Stainless-steel-frying-pan-4-12x12.webp 12w, https:\/\/www.yongyukitchenware.com\/wp-content\/uploads\/2024\/11\/Stainless-steel-frying-pan-4-600x600.webp 600w, https:\/\/www.yongyukitchenware.com\/wp-content\/uploads\/2024\/11\/Stainless-steel-frying-pan-4-100x100.webp 100w\" sizes=\"(max-width: 800px) 100vw, 800px\" \/><\/figure>\n\n\n\n<figure class=\"wp-block-image size-full\"><img decoding=\"async\" width=\"800\" height=\"800\" src=\"https:\/\/www.yongyukitchenware.com\/wp-content\/uploads\/2024\/11\/Stainless-steel-frying-pan-7.webp\" alt=\"Po\u00eale \u00e0 frire en acier inoxydable-7\" class=\"wp-image-2180\" srcset=\"https:\/\/www.yongyukitchenware.com\/wp-content\/uploads\/2024\/11\/Stainless-steel-frying-pan-7.webp 800w, https:\/\/www.yongyukitchenware.com\/wp-content\/uploads\/2024\/11\/Stainless-steel-frying-pan-7-300x300.webp 300w, https:\/\/www.yongyukitchenware.com\/wp-content\/uploads\/2024\/11\/Stainless-steel-frying-pan-7-150x150.webp 150w, https:\/\/www.yongyukitchenware.com\/wp-content\/uploads\/2024\/11\/Stainless-steel-frying-pan-7-768x768.webp 768w, https:\/\/www.yongyukitchenware.com\/wp-content\/uploads\/2024\/11\/Stainless-steel-frying-pan-7-12x12.webp 12w, https:\/\/www.yongyukitchenware.com\/wp-content\/uploads\/2024\/11\/Stainless-steel-frying-pan-7-600x600.webp 600w, https:\/\/www.yongyukitchenware.com\/wp-content\/uploads\/2024\/11\/Stainless-steel-frying-pan-7-100x100.webp 100w\" sizes=\"(max-width: 800px) 100vw, 800px\" \/><\/figure>\n<\/div>\n<\/div>\n<\/div>\n<\/div>\n\n\n\n<p><\/p>","protected":false},"excerpt":{"rendered":"<p>Po\u00eales \u00e0 frire en acier inoxydable en gros et sur mesure avec des options de rev\u00eatement antiadh\u00e9sif en nid d'abeille et lisse. Le fournisseur d'ustensiles de cuisine Yongyu soutient les ventes sur Amazon, n'h\u00e9sitez pas \u00e0 nous contacter pour plus d'informations.<\/p>\n<h2>Po\u00eale \u00e0 frire en acier inoxydable Param\u00e8tre :<\/h2>\n<p><strong>Mat\u00e9riau :<\/strong> Acier inoxydable<br \/><strong>Forme int\u00e9rieure :<\/strong> Nid d'abeilles et pas de nid d'abeilles<br \/><strong>Conception de la poign\u00e9e :<\/strong> Poign\u00e9e en acier inoxydable et tirettes renforc\u00e9es par des rivets<br \/><strong>Tailles :<\/strong> 22\/24\/26\/28\/30cm<br \/><strong>OEM\/ODM :<\/strong> Disponible<\/p>\n<h2 class=\"wp-block-heading\">Fabricant d'ustensiles de cuisine Yongyu :<\/h2>\n<p>Yongyu est un fabricant d'ustensiles de cuisine bien connu en Chine, qui propose une large gamme d'ustensiles de cuisine en acier inoxydable de haute qualit\u00e9, notamment des po\u00eales \u00e0 frire, des woks, des marmites, des marmites \u00e0 p\u00e2tes, etc.<\/p>","protected":false},"featured_media":2176,"comment_status":"closed","ping_status":"closed","template":"","meta":{"_acf_changed":false},"application":[29],"product_brand":[],"product_cat":[23,32],"product_tag":[],"class_list":{"0":"post-2173","1":"product","2":"type-product","3":"status-publish","4":"has-post-thumbnail","6":"application-home-kitchen","7":"product_cat-kitchenware-wholesale","8":"product_cat-wholesale-cookware","10":"first","11":"instock","12":"shipping-taxable","13":"product-type-simple"},"acf":[],"_links":{"self":[{"href":"https:\/\/www.yongyukitchenware.com\/fr\/wp-json\/wp\/v2\/product\/2173","targetHints":{"allow":["GET"]}}],"collection":[{"href":"https:\/\/www.yongyukitchenware.com\/fr\/wp-json\/wp\/v2\/product"}],"about":[{"href":"https:\/\/www.yongyukitchenware.com\/fr\/wp-json\/wp\/v2\/types\/product"}],"replies":[{"embeddable":true,"href":"https:\/\/www.yongyukitchenware.com\/fr\/wp-json\/wp\/v2\/comments?post=2173"}],"wp:featuredmedia":[{"embeddable":true,"href":"https:\/\/www.yongyukitchenware.com\/fr\/wp-json\/wp\/v2\/media\/2176"}],"wp:attachment":[{"href":"https:\/\/www.yongyukitchenware.com\/fr\/wp-json\/wp\/v2\/media?parent=2173"}],"wp:term":[{"taxonomy":"application","embeddable":true,"href":"https:\/\/www.yongyukitchenware.com\/fr\/wp-json\/wp\/v2\/application?post=2173"},{"taxonomy":"product_brand","embeddable":true,"href":"https:\/\/www.yongyukitchenware.com\/fr\/wp-json\/wp\/v2\/product_brand?post=2173"},{"taxonomy":"product_cat","embeddable":true,"href":"https:\/\/www.yongyukitchenware.com\/fr\/wp-json\/wp\/v2\/product_cat?post=2173"},{"taxonomy":"product_tag","embeddable":true,"href":"https:\/\/www.yongyukitchenware.com\/fr\/wp-json\/wp\/v2\/product_tag?post=2173"}],"curies":[{"name":"wp","href":"https:\/\/api.w.org\/{rel}","templated":true}]}}