{"id":2181,"date":"2024-11-10T03:52:27","date_gmt":"2024-11-10T03:52:27","guid":{"rendered":"https:\/\/www.yongyukitchenware.com\/?post_type=product&#038;p=2181"},"modified":"2025-07-10T09:52:49","modified_gmt":"2025-07-10T09:52:49","slug":"non-stick-frying-pan-wholesale","status":"publish","type":"product","link":"https:\/\/www.yongyukitchenware.com\/fr\/produit\/non-stick-frying-pan-wholesale\/","title":{"rendered":"Bulk Po\u00eale \u00e0 frire antiadh\u00e9sive Nid d'abeille Tri-Ply"},"content":{"rendered":"<div class=\"wp-block-columns is-layout-flex wp-container-core-columns-is-layout-9d6595d7 wp-block-columns-is-layout-flex\">\n<div class=\"wp-block-column is-layout-flow wp-block-column-is-layout-flow\">\n<h2 class=\"wp-block-heading\">Po\u00eale \u00e0 frire antiadh\u00e9sive Caract\u00e9ristiques :<\/h2>\n\n\n\n<p><strong>Structure en acier \u00e0 trois couches : <\/strong>En acier inoxydable 304\/430 et en aluminium \u00e0 l'int\u00e9rieur et \u00e0 l'ext\u00e9rieur, la structure \u00e0 trois couches garantit la constance de la chaleur du wok.<br><strong>Proc\u00e9d\u00e9 professionnel antiadh\u00e9sif :<\/strong> Le processus de gravure laser en nid d'abeille est utilis\u00e9 \u00e0 l'int\u00e9rieur, et la structure en nid d'abeille peut emp\u00eacher efficacement l'adh\u00e9rence \u00e0 la casserole et permettre aux ingr\u00e9dients de chauffer uniform\u00e9ment.<br><strong>Haute compatibilit\u00e9 : <\/strong>Le wok convient pour la friture, la cuisson l\u00e9g\u00e8re, la cuisson \u00e0 la vapeur, la friture. Convient \u00e0 toutes les cuisini\u00e8res, y compris les cuisini\u00e8res halog\u00e8nes, \u00e0 gaz, en c\u00e9ramique et \u00e9lectriques.<br><strong>Facile \u00e0 nettoyer et r\u00e9sistant aux rayures :<\/strong> Les po\u00eales antiadh\u00e9sives sont r\u00e9sistantes aux rayures et ne s'usent ni ne s'effilochent avec l'utilisation d'ustensiles en m\u00e9tal.<br><strong>Conception humanis\u00e9e : <\/strong>la poign\u00e9e en acier est confortable, le couvercle vertical de la casserole peut \u00eatre plac\u00e9, il ne prend pas de place<\/p>\n<\/div>\n\n\n\n<div class=\"wp-block-column is-layout-flow wp-block-column-is-layout-flow\">\n<div class=\"wp-block-columns is-layout-flex wp-container-core-columns-is-layout-9d6595d7 wp-block-columns-is-layout-flex\">\n<div class=\"wp-block-column is-layout-flow wp-block-column-is-layout-flow\">\n<figure class=\"wp-block-image size-full\"><img decoding=\"async\" width=\"800\" height=\"800\" src=\"https:\/\/www.yongyukitchenware.com\/wp-content\/uploads\/2024\/11\/Honeycomb-pan-4.webp\" alt=\"Nid d&#039;abeille-pan-4\" class=\"wp-image-2186\" srcset=\"https:\/\/www.yongyukitchenware.com\/wp-content\/uploads\/2024\/11\/Honeycomb-pan-4.webp 800w, https:\/\/www.yongyukitchenware.com\/wp-content\/uploads\/2024\/11\/Honeycomb-pan-4-300x300.webp 300w, https:\/\/www.yongyukitchenware.com\/wp-content\/uploads\/2024\/11\/Honeycomb-pan-4-150x150.webp 150w, https:\/\/www.yongyukitchenware.com\/wp-content\/uploads\/2024\/11\/Honeycomb-pan-4-768x768.webp 768w, https:\/\/www.yongyukitchenware.com\/wp-content\/uploads\/2024\/11\/Honeycomb-pan-4-12x12.webp 12w, https:\/\/www.yongyukitchenware.com\/wp-content\/uploads\/2024\/11\/Honeycomb-pan-4-600x600.webp 600w, https:\/\/www.yongyukitchenware.com\/wp-content\/uploads\/2024\/11\/Honeycomb-pan-4-100x100.webp 100w\" sizes=\"(max-width: 800px) 100vw, 800px\" \/><\/figure>\n\n\n\n<figure class=\"wp-block-image size-full\"><img decoding=\"async\" width=\"800\" height=\"800\" src=\"https:\/\/www.yongyukitchenware.com\/wp-content\/uploads\/2024\/11\/Honeycomb-pan-6.webp\" alt=\"\" class=\"wp-image-2188\" srcset=\"https:\/\/www.yongyukitchenware.com\/wp-content\/uploads\/2024\/11\/Honeycomb-pan-6.webp 800w, https:\/\/www.yongyukitchenware.com\/wp-content\/uploads\/2024\/11\/Honeycomb-pan-6-300x300.webp 300w, https:\/\/www.yongyukitchenware.com\/wp-content\/uploads\/2024\/11\/Honeycomb-pan-6-150x150.webp 150w, https:\/\/www.yongyukitchenware.com\/wp-content\/uploads\/2024\/11\/Honeycomb-pan-6-768x768.webp 768w, https:\/\/www.yongyukitchenware.com\/wp-content\/uploads\/2024\/11\/Honeycomb-pan-6-12x12.webp 12w, https:\/\/www.yongyukitchenware.com\/wp-content\/uploads\/2024\/11\/Honeycomb-pan-6-600x600.webp 600w, https:\/\/www.yongyukitchenware.com\/wp-content\/uploads\/2024\/11\/Honeycomb-pan-6-100x100.webp 100w\" sizes=\"(max-width: 800px) 100vw, 800px\" \/><\/figure>\n<\/div>\n<\/div>\n<\/div>\n<\/div>\n\n\n\n<p><\/p>","protected":false},"excerpt":{"rendered":"<p>Fabricant d'ustensiles de cuisine, grossiste en po\u00eales \u00e0 frire antiadh\u00e9sives, rev\u00eatement antiadh\u00e9sif en nid d'abeille en acier inoxydable et poign\u00e9es en bois pour une prise en main facile. Les poign\u00e9es en bois permettent une bonne prise en main. Nous vous invitons \u00e0 nous contacter pour toute demande de renseignements.<\/p>\n<h2>Po\u00eale \u00e0 frire antiadh\u00e9sive Param\u00e8tre :<\/h2>\n<p><strong>Mat\u00e9riau :<\/strong> Acier inoxydable<br \/><strong>Forme int\u00e9rieure :<\/strong> Nid d'abeilles et pas de nid d'abeilles<br \/><strong>Conception de la poign\u00e9e :<\/strong> Poign\u00e9e en bois et tirettes renforc\u00e9es par des rivets<br \/><strong>Tailles :<\/strong> 26\/28cm<br \/><strong>OEM\/ODM :<\/strong> Disponible<\/p>\n<h2 class=\"wp-block-heading\">Fabricant d'ustensiles de cuisine Yongyu :<\/h2>\n<p>Yongyu est un fabricant d'ustensiles de cuisine bien connu en Chine, qui propose une large gamme d'ustensiles de cuisine en acier inoxydable de haute qualit\u00e9, notamment des po\u00eales \u00e0 frire, des woks, des marmites, des marmites \u00e0 p\u00e2tes, etc.<\/p>","protected":false},"featured_media":2183,"comment_status":"closed","ping_status":"closed","template":"","meta":{"_acf_changed":false},"application":[29],"product_brand":[],"product_cat":[23,32],"product_tag":[],"class_list":{"0":"post-2181","1":"product","2":"type-product","3":"status-publish","4":"has-post-thumbnail","6":"application-home-kitchen","7":"product_cat-kitchenware-wholesale","8":"product_cat-wholesale-cookware","10":"first","11":"instock","12":"shipping-taxable","13":"product-type-simple"},"acf":[],"_links":{"self":[{"href":"https:\/\/www.yongyukitchenware.com\/fr\/wp-json\/wp\/v2\/product\/2181","targetHints":{"allow":["GET"]}}],"collection":[{"href":"https:\/\/www.yongyukitchenware.com\/fr\/wp-json\/wp\/v2\/product"}],"about":[{"href":"https:\/\/www.yongyukitchenware.com\/fr\/wp-json\/wp\/v2\/types\/product"}],"replies":[{"embeddable":true,"href":"https:\/\/www.yongyukitchenware.com\/fr\/wp-json\/wp\/v2\/comments?post=2181"}],"wp:featuredmedia":[{"embeddable":true,"href":"https:\/\/www.yongyukitchenware.com\/fr\/wp-json\/wp\/v2\/media\/2183"}],"wp:attachment":[{"href":"https:\/\/www.yongyukitchenware.com\/fr\/wp-json\/wp\/v2\/media?parent=2181"}],"wp:term":[{"taxonomy":"application","embeddable":true,"href":"https:\/\/www.yongyukitchenware.com\/fr\/wp-json\/wp\/v2\/application?post=2181"},{"taxonomy":"product_brand","embeddable":true,"href":"https:\/\/www.yongyukitchenware.com\/fr\/wp-json\/wp\/v2\/product_brand?post=2181"},{"taxonomy":"product_cat","embeddable":true,"href":"https:\/\/www.yongyukitchenware.com\/fr\/wp-json\/wp\/v2\/product_cat?post=2181"},{"taxonomy":"product_tag","embeddable":true,"href":"https:\/\/www.yongyukitchenware.com\/fr\/wp-json\/wp\/v2\/product_tag?post=2181"}],"curies":[{"name":"wp","href":"https:\/\/api.w.org\/{rel}","templated":true}]}}