{"id":2207,"date":"2024-11-30T02:44:55","date_gmt":"2024-11-30T02:44:55","guid":{"rendered":"https:\/\/www.yongyukitchenware.com\/?post_type=product&#038;p=2207"},"modified":"2025-06-26T07:59:55","modified_gmt":"2025-06-26T07:59:55","slug":"wholesales-double-handle-pan","status":"publish","type":"product","link":"https:\/\/www.yongyukitchenware.com\/fr\/produit\/wholesales-double-handle-pan\/","title":{"rendered":"Wholesales Double Handle Pan Dry Pot Non Stick with Lid (po\u00eale \u00e0 frire non collante \u00e0 double poign\u00e9e avec couvercle)"},"content":{"rendered":"<div class=\"wp-block-columns is-layout-flex wp-container-core-columns-is-layout-9d6595d7 wp-block-columns-is-layout-flex\">\n<div class=\"wp-block-column is-layout-flow wp-block-column-is-layout-flow\">\n<h2 class=\"wp-block-heading\">Poign\u00e9e double Caract\u00e9ristiques de la po\u00eale :<\/h2>\n\n\n\n<p><strong>Acier inoxydable antiadh\u00e9sif : <\/strong>Fabriqu\u00e9 en acier inoxydable de qualit\u00e9 alimentaire, fond antiadh\u00e9sif, non toxique et r\u00e9sistant \u00e0 l'usure, peut \u00eatre utilis\u00e9 pendant longtemps.<\/p>\n\n\n\n<p><strong>Surface polie miroir : <\/strong>Surface brillante et lisse, facile \u00e0 nettoyer, lavable au lave-vaisselle.<\/p>\n\n\n\n<p><strong>Poign\u00e9es doubles renforc\u00e9es et couvercle : <\/strong>Rivet\u00e9s renforc\u00e9s et durables, avec couvercle en acier inoxydable, adapt\u00e9 \u00e0 la production d'aliments en pots secs Mala<\/p>\n\n\n\n<p><strong>Grande capacit\u00e9 \u00e9largie : <\/strong>Grand diam\u00e8tre permettant d'accueillir une grande vari\u00e9t\u00e9 d'aliments.<\/p>\n\n\n\n<h2 class=\"wp-block-heading\">Poign\u00e9e double Taille de la po\u00eale :<\/h2>\n\n\n\n<figure class=\"wp-block-table\"><table class=\"has-fixed-layout\"><tbody><tr><td>Mod\u00e8le<\/td><td>Taille<\/td><td>Diam\u00e8tre * Hauteur (cm)<\/td><td>MOQ<\/td><\/tr><tr><td rowspan=\"3\">DY002-D<\/td><td>9 pouces<\/td><td>22.3*6.5cm<\/td><td rowspan=\"3\">100PCS<\/td><\/tr><tr><td>10 pouces<\/td><td>25*6.5cm<\/td><\/tr><tr><td>11 pouces<\/td><td>26.5*7.5cm<\/td><\/tr><\/tbody><\/table><\/figure>\n<\/div>\n\n\n\n<div class=\"wp-block-column is-layout-flow wp-block-column-is-layout-flow\">\n<figure class=\"wp-block-image size-full\"><img decoding=\"async\" width=\"1920\" height=\"1920\" src=\"https:\/\/www.yongyukitchenware.com\/wp-content\/uploads\/2024\/11\/Stainless-Steel-Dry-Pot-6.webp\" alt=\"Pot \u00e0 sec en acier inoxydable-6\" class=\"wp-image-2212\" srcset=\"https:\/\/www.yongyukitchenware.com\/wp-content\/uploads\/2024\/11\/Stainless-Steel-Dry-Pot-6.webp 1920w, https:\/\/www.yongyukitchenware.com\/wp-content\/uploads\/2024\/11\/Stainless-Steel-Dry-Pot-6-300x300.webp 300w, https:\/\/www.yongyukitchenware.com\/wp-content\/uploads\/2024\/11\/Stainless-Steel-Dry-Pot-6-150x150.webp 150w, https:\/\/www.yongyukitchenware.com\/wp-content\/uploads\/2024\/11\/Stainless-Steel-Dry-Pot-6-768x768.webp 768w, https:\/\/www.yongyukitchenware.com\/wp-content\/uploads\/2024\/11\/Stainless-Steel-Dry-Pot-6-12x12.webp 12w, https:\/\/www.yongyukitchenware.com\/wp-content\/uploads\/2024\/11\/Stainless-Steel-Dry-Pot-6-1200x1200.webp 1200w, https:\/\/www.yongyukitchenware.com\/wp-content\/uploads\/2024\/11\/Stainless-Steel-Dry-Pot-6-600x600.webp 600w, https:\/\/www.yongyukitchenware.com\/wp-content\/uploads\/2024\/11\/Stainless-Steel-Dry-Pot-6-100x100.webp 100w\" sizes=\"(max-width: 1920px) 100vw, 1920px\" \/><\/figure>\n<\/div>\n<\/div>\n\n\n\n<div class=\"wp-block-columns is-layout-flex wp-container-core-columns-is-layout-9d6595d7 wp-block-columns-is-layout-flex\">\n<div class=\"wp-block-column is-layout-flow wp-block-column-is-layout-flow\"><\/div>\n\n\n\n<div class=\"wp-block-column is-layout-flow wp-block-column-is-layout-flow\"><\/div>\n<\/div>","protected":false},"excerpt":{"rendered":"<p>Les po\u00eales \u00e0 double poign\u00e9e sont personnalis\u00e9es en vrac, dans diff\u00e9rentes tailles, et conviennent \u00e0 un usage commercial et domestique. Po\u00eales antiadh\u00e9sives en acier inoxydable de haute qualit\u00e9, r\u00e9sistantes \u00e0 l'usure. N'h\u00e9sitez pas \u00e0 nous contacter pour plus d'informations sur nos produits.<\/p>\n<h2 style=\"text-align: left\">Poign\u00e9e double Param\u00e8tre de la po\u00eale :<\/h2>\n<p style=\"text-align: left\"><strong>Mat\u00e9riau :<\/strong> Acier inoxydable<br \/><strong>Couleur :<\/strong> Argent<br \/><strong>Conception :<\/strong>\u00a0 Avec double poign\u00e9e et couvercle<br \/><strong>Tailles :<\/strong> 9\/10\/11 pouce<br \/><strong>OEM\/ODM :<\/strong> Disponible<\/p>\n<h2 class=\"wp-block-heading\">Fabricant d'ustensiles de cuisine Yongyu :<\/h2>\n<p>Yongyu est un fabricant professionnel d'ustensiles de cuisine. Nos produits couvrent toutes sortes d'ustensiles de cuisine en acier inoxydable, tels que les cuiseurs de nouilles, les po\u00eales \u00e0 frire, les marmites, etc.<\/p>","protected":false},"featured_media":2208,"comment_status":"closed","ping_status":"closed","template":"","meta":{"_acf_changed":true},"application":[29],"product_brand":[],"product_cat":[23,32],"product_tag":[],"class_list":{"0":"post-2207","1":"product","2":"type-product","3":"status-publish","4":"has-post-thumbnail","6":"application-home-kitchen","7":"product_cat-kitchenware-wholesale","8":"product_cat-wholesale-cookware","10":"first","11":"instock","12":"shipping-taxable","13":"product-type-simple"},"acf":[],"_links":{"self":[{"href":"https:\/\/www.yongyukitchenware.com\/fr\/wp-json\/wp\/v2\/product\/2207","targetHints":{"allow":["GET"]}}],"collection":[{"href":"https:\/\/www.yongyukitchenware.com\/fr\/wp-json\/wp\/v2\/product"}],"about":[{"href":"https:\/\/www.yongyukitchenware.com\/fr\/wp-json\/wp\/v2\/types\/product"}],"replies":[{"embeddable":true,"href":"https:\/\/www.yongyukitchenware.com\/fr\/wp-json\/wp\/v2\/comments?post=2207"}],"wp:featuredmedia":[{"embeddable":true,"href":"https:\/\/www.yongyukitchenware.com\/fr\/wp-json\/wp\/v2\/media\/2208"}],"wp:attachment":[{"href":"https:\/\/www.yongyukitchenware.com\/fr\/wp-json\/wp\/v2\/media?parent=2207"}],"wp:term":[{"taxonomy":"application","embeddable":true,"href":"https:\/\/www.yongyukitchenware.com\/fr\/wp-json\/wp\/v2\/application?post=2207"},{"taxonomy":"product_brand","embeddable":true,"href":"https:\/\/www.yongyukitchenware.com\/fr\/wp-json\/wp\/v2\/product_brand?post=2207"},{"taxonomy":"product_cat","embeddable":true,"href":"https:\/\/www.yongyukitchenware.com\/fr\/wp-json\/wp\/v2\/product_cat?post=2207"},{"taxonomy":"product_tag","embeddable":true,"href":"https:\/\/www.yongyukitchenware.com\/fr\/wp-json\/wp\/v2\/product_tag?post=2207"}],"curies":[{"name":"wp","href":"https:\/\/api.w.org\/{rel}","templated":true}]}}