{"id":2215,"date":"2024-11-30T03:05:44","date_gmt":"2024-11-30T03:05:44","guid":{"rendered":"https:\/\/www.yongyukitchenware.com\/?post_type=product&#038;p=2215"},"modified":"2025-06-26T08:00:41","modified_gmt":"2025-06-26T08:00:41","slug":"bulk-baking-oven-tray","status":"publish","type":"product","link":"https:\/\/www.yongyukitchenware.com\/fr\/produit\/bulk-baking-oven-tray\/","title":{"rendered":"Plaque de cuisson en acier inoxydable antiadh\u00e9sif pour boulettes congel\u00e9es"},"content":{"rendered":"<div class=\"wp-block-columns is-layout-flex wp-container-core-columns-is-layout-9d6595d7 wp-block-columns-is-layout-flex\">\n<div class=\"wp-block-column is-layout-flow wp-block-column-is-layout-flow\">\n<h2 class=\"wp-block-heading\">Plaque de four Taille :<\/h2>\n\n\n\n<figure class=\"wp-block-table\"><table class=\"has-fixed-layout\"><tbody><tr><td>Mod\u00e8le<\/td><td>Profondeur<\/td><td>Longueur * Largeur (cm)<\/td><td>MOQ<\/td><\/tr><tr><td rowspan=\"6\">DY096-Z<\/td><td rowspan=\"6\">5cm<\/td><td>23*17cm<\/td><td rowspan=\"6\">36PCS<\/td><\/tr><tr><td>26*20cm<\/td><\/tr><tr><td>31*24cm<\/td><\/tr><tr><td>16*16cm<\/td><\/tr><tr><td>20*20cm<\/td><\/tr><tr><td>24*24cm<\/td><\/tr><\/tbody><\/table><\/figure>\n\n\n\n<h2 class=\"wp-block-heading\">Plateau de cuisson pour four Caract\u00e9ristiques :<\/h2>\n\n\n\n<p><strong>Acier inoxydable durable :<\/strong> L'acier inoxydable r\u00e9sistant \u00e0 la corrosion, facile \u00e0 nettoyer, est un mat\u00e9riau tr\u00e8s appr\u00e9ci\u00e9.<strong><br>Conception antiadh\u00e9sive : <\/strong>La conception \u00e0 bosses et \u00e0 rayures du fond emp\u00eache efficacement le fond de coller, ce qui facilite le nettoyage.<br><strong>Conception de la jante roulante : <\/strong>Les bords sont arrondis et lisses, faciles \u00e0 manipuler et \u00e9vitent les blessures aux mains.<br><strong>Conception \u00e0 fond plat : <\/strong>Ils peuvent \u00eatre cuits \u00e0 la vapeur dans l'eau et chauff\u00e9s au four.<\/p>\n<\/div>\n\n\n\n<div class=\"wp-block-column is-layout-flow wp-block-column-is-layout-flow\">\n<figure class=\"wp-block-image size-full is-resized\"><img decoding=\"async\" width=\"800\" height=\"800\" src=\"https:\/\/www.yongyukitchenware.com\/wp-content\/uploads\/2024\/11\/Stainless-Steel-Non-Stick-Baking-Tray-4.webp\" alt=\"Plateau de cuisson antiadh\u00e9sif en acier inoxydable-4\" class=\"wp-image-2222\" style=\"width:384px;height:auto\" srcset=\"https:\/\/www.yongyukitchenware.com\/wp-content\/uploads\/2024\/11\/Stainless-Steel-Non-Stick-Baking-Tray-4.webp 800w, https:\/\/www.yongyukitchenware.com\/wp-content\/uploads\/2024\/11\/Stainless-Steel-Non-Stick-Baking-Tray-4-300x300.webp 300w, https:\/\/www.yongyukitchenware.com\/wp-content\/uploads\/2024\/11\/Stainless-Steel-Non-Stick-Baking-Tray-4-150x150.webp 150w, https:\/\/www.yongyukitchenware.com\/wp-content\/uploads\/2024\/11\/Stainless-Steel-Non-Stick-Baking-Tray-4-768x768.webp 768w, https:\/\/www.yongyukitchenware.com\/wp-content\/uploads\/2024\/11\/Stainless-Steel-Non-Stick-Baking-Tray-4-12x12.webp 12w, https:\/\/www.yongyukitchenware.com\/wp-content\/uploads\/2024\/11\/Stainless-Steel-Non-Stick-Baking-Tray-4-600x600.webp 600w, https:\/\/www.yongyukitchenware.com\/wp-content\/uploads\/2024\/11\/Stainless-Steel-Non-Stick-Baking-Tray-4-100x100.webp 100w\" sizes=\"(max-width: 800px) 100vw, 800px\" \/><\/figure>\n\n\n\n<figure class=\"wp-block-image size-full is-resized\"><img decoding=\"async\" width=\"800\" height=\"800\" src=\"https:\/\/www.yongyukitchenware.com\/wp-content\/uploads\/2024\/11\/Stainless-Steel-Non-Stick-Baking-Tray-1.webp\" alt=\"Plateau de cuisson antiadh\u00e9sif en acier inoxydable-1\" class=\"wp-image-2221\" style=\"width:384px\" srcset=\"https:\/\/www.yongyukitchenware.com\/wp-content\/uploads\/2024\/11\/Stainless-Steel-Non-Stick-Baking-Tray-1.webp 800w, https:\/\/www.yongyukitchenware.com\/wp-content\/uploads\/2024\/11\/Stainless-Steel-Non-Stick-Baking-Tray-1-300x300.webp 300w, https:\/\/www.yongyukitchenware.com\/wp-content\/uploads\/2024\/11\/Stainless-Steel-Non-Stick-Baking-Tray-1-150x150.webp 150w, https:\/\/www.yongyukitchenware.com\/wp-content\/uploads\/2024\/11\/Stainless-Steel-Non-Stick-Baking-Tray-1-768x768.webp 768w, https:\/\/www.yongyukitchenware.com\/wp-content\/uploads\/2024\/11\/Stainless-Steel-Non-Stick-Baking-Tray-1-12x12.webp 12w, https:\/\/www.yongyukitchenware.com\/wp-content\/uploads\/2024\/11\/Stainless-Steel-Non-Stick-Baking-Tray-1-600x600.webp 600w, https:\/\/www.yongyukitchenware.com\/wp-content\/uploads\/2024\/11\/Stainless-Steel-Non-Stick-Baking-Tray-1-100x100.webp 100w\" sizes=\"(max-width: 800px) 100vw, 800px\" \/><\/figure>\n<\/div>\n<\/div>\n\n\n\n<p><\/p>","protected":false},"excerpt":{"rendered":"<div class=\"n4sEPd\">\n<div class=\"UdTY9 qhIQqf leDWne\" aria-hidden=\"true\" data-location=\"1\">Choisissez les plaques de four personnalis\u00e9es de Yongyu. Nous proposons une grande vari\u00e9t\u00e9 de tailles, de logos et d'emballages personnalis\u00e9s, parfaits pour une utilisation \u00e0 domicile ou \u00e0 l'h\u00f4tel, afin de r\u00e9pondre aux besoins des diff\u00e9rents services de restauration.<\/div>\n<\/div>\n<h2 style=\"text-align: left\">Plateau de cuisson pour four Param\u00e8tre :<\/h2>\n<p style=\"text-align: left\"><strong>Mat\u00e9riau :<\/strong> Acier inoxydable<br \/><strong>Profondeur : <\/strong>5cm<br \/><strong>Forme :<\/strong> Rectangulaire<br \/><strong>Emballage :<\/strong> Sac OPP et carton<br \/><strong>OEM\/ODM :<\/strong> Disponible<\/p>\n<h2 class=\"wp-block-heading\">De Yongyu Kitchenware Manufacturer :<\/h2>\n<p>Yongyu est un fabricant professionnel d'ustensiles de cuisine. Nos produits comprennent toutes sortes d'ustensiles de cuisine en acier inoxydable et d'accessoires de cuisine. Nous fournissons des solutions personnalis\u00e9es avec des produits de haute qualit\u00e9 \u00e0 des prix d'usine.<\/p>","protected":false},"featured_media":2216,"comment_status":"closed","ping_status":"closed","template":"","meta":{"_acf_changed":true},"application":[29],"product_brand":[],"product_cat":[23,35],"product_tag":[],"class_list":{"0":"post-2215","1":"product","2":"type-product","3":"status-publish","4":"has-post-thumbnail","6":"application-home-kitchen","7":"product_cat-kitchenware-wholesale","8":"product_cat-baking-trays-wholesale","10":"first","11":"instock","12":"shipping-taxable","13":"product-type-simple"},"acf":[],"_links":{"self":[{"href":"https:\/\/www.yongyukitchenware.com\/fr\/wp-json\/wp\/v2\/product\/2215","targetHints":{"allow":["GET"]}}],"collection":[{"href":"https:\/\/www.yongyukitchenware.com\/fr\/wp-json\/wp\/v2\/product"}],"about":[{"href":"https:\/\/www.yongyukitchenware.com\/fr\/wp-json\/wp\/v2\/types\/product"}],"replies":[{"embeddable":true,"href":"https:\/\/www.yongyukitchenware.com\/fr\/wp-json\/wp\/v2\/comments?post=2215"}],"wp:featuredmedia":[{"embeddable":true,"href":"https:\/\/www.yongyukitchenware.com\/fr\/wp-json\/wp\/v2\/media\/2216"}],"wp:attachment":[{"href":"https:\/\/www.yongyukitchenware.com\/fr\/wp-json\/wp\/v2\/media?parent=2215"}],"wp:term":[{"taxonomy":"application","embeddable":true,"href":"https:\/\/www.yongyukitchenware.com\/fr\/wp-json\/wp\/v2\/application?post=2215"},{"taxonomy":"product_brand","embeddable":true,"href":"https:\/\/www.yongyukitchenware.com\/fr\/wp-json\/wp\/v2\/product_brand?post=2215"},{"taxonomy":"product_cat","embeddable":true,"href":"https:\/\/www.yongyukitchenware.com\/fr\/wp-json\/wp\/v2\/product_cat?post=2215"},{"taxonomy":"product_tag","embeddable":true,"href":"https:\/\/www.yongyukitchenware.com\/fr\/wp-json\/wp\/v2\/product_tag?post=2215"}],"curies":[{"name":"wp","href":"https:\/\/api.w.org\/{rel}","templated":true}]}}