{"id":2223,"date":"2024-11-30T03:19:59","date_gmt":"2024-11-30T03:19:59","guid":{"rendered":"https:\/\/www.yongyukitchenware.com\/?post_type=product&#038;p=2223"},"modified":"2025-07-10T09:33:21","modified_gmt":"2025-07-10T09:33:21","slug":"wholesale-stainless-steel-chafing-dish","status":"publish","type":"product","link":"https:\/\/www.yongyukitchenware.com\/fr\/produit\/wholesale-stainless-steel-chafing-dish\/","title":{"rendered":"Wholesale Stainless Steel Chafing Dish Electric with Glass Hing Lid"},"content":{"rendered":"<div class=\"wp-block-columns is-layout-flex wp-container-core-columns-is-layout-9d6595d7 wp-block-columns-is-layout-flex\">\n<div class=\"wp-block-column is-layout-flow wp-block-column-is-layout-flow\">\n<h2 class=\"wp-block-heading\">Param\u00e8tres du plat \u00e0 r\u00f4tir en acier inoxydable<\/h2>\n\n\n\n<figure class=\"wp-block-table\"><table class=\"has-fixed-layout\"><tbody><tr><td>Mod\u00e8le<\/td><td>Forme<\/td><td>Longueur * Largeur * Hauteur (cm)<\/td><td>Poids (kg)<\/td><td>MOQ<\/td><\/tr><tr><td rowspan=\"3\">DY020-CL<\/td><td>Rectangulaire<\/td><td>58*47*21<\/td><td>10.9<\/td><td rowspan=\"3\">2PCS<\/td><\/tr><tr><td>carr\u00e9<\/td><td>41*48*21<\/td><td>\/<\/td><\/tr><tr><td>ronde<\/td><td>53*45*21<\/td><td>\/<\/td><\/tr><\/tbody><\/table><\/figure>\n<\/div>\n\n\n\n<div class=\"wp-block-column is-layout-flow wp-block-column-is-layout-flow\">\n<h2 class=\"wp-block-heading\">Po\u00ealon en acier inoxydable Caract\u00e9ristiques :<\/h2>\n\n\n\n<p><strong>Port d'alimentation ind\u00e9pendant :<\/strong> Port d'alimentation durable de haute qualit\u00e9, facile \u00e0 utiliser, pas de tra\u00een\u00e9e<br><strong>Mat\u00e9riau en acier inoxydable \u00e9paissi :<\/strong> le choix d'un acier de qualit\u00e9 alimentaire de haute qualit\u00e9, la s\u00e9curit\u00e9 des mat\u00e9riaux, la durabilit\u00e9.<br><strong>Couvercle \u00e0 amortissement hydraulique renforc\u00e9\uff1a<\/strong>Fermeture lente et silencieuse, facile \u00e0 ouvrir et \u00e0 fermer<br><strong>Mod\u00e8le divis\u00e9\uff1a<\/strong>Le bassin et le corps du four peuvent \u00eatre s\u00e9par\u00e9s pour faciliter le nettoyage<br><strong>Temp\u00e9rature de la commande num\u00e9rique :<\/strong> temp\u00e9rature de contr\u00f4le par contact, affichage pr\u00e9cis de la temp\u00e9rature<\/p>\n<\/div>\n<\/div>\n\n\n\n<div class=\"wp-block-columns is-layout-flex wp-container-core-columns-is-layout-9d6595d7 wp-block-columns-is-layout-flex\">\n<div class=\"wp-block-column is-layout-flow wp-block-column-is-layout-flow\">\n<figure class=\"wp-block-image size-full\"><img decoding=\"async\" width=\"800\" height=\"800\" src=\"https:\/\/www.yongyukitchenware.com\/wp-content\/uploads\/2024\/11\/Top-Grade-electricity-Chafing-Dish-10.webp\" alt=\"Plat \u00e0 d\u00e9couper \u00e0 l&#039;\u00e9lectricit\u00e9 de qualit\u00e9 sup\u00e9rieure-10\" class=\"wp-image-2233\" srcset=\"https:\/\/www.yongyukitchenware.com\/wp-content\/uploads\/2024\/11\/Top-Grade-electricity-Chafing-Dish-10.webp 800w, https:\/\/www.yongyukitchenware.com\/wp-content\/uploads\/2024\/11\/Top-Grade-electricity-Chafing-Dish-10-300x300.webp 300w, https:\/\/www.yongyukitchenware.com\/wp-content\/uploads\/2024\/11\/Top-Grade-electricity-Chafing-Dish-10-150x150.webp 150w, https:\/\/www.yongyukitchenware.com\/wp-content\/uploads\/2024\/11\/Top-Grade-electricity-Chafing-Dish-10-768x768.webp 768w, https:\/\/www.yongyukitchenware.com\/wp-content\/uploads\/2024\/11\/Top-Grade-electricity-Chafing-Dish-10-12x12.webp 12w, https:\/\/www.yongyukitchenware.com\/wp-content\/uploads\/2024\/11\/Top-Grade-electricity-Chafing-Dish-10-600x600.webp 600w, https:\/\/www.yongyukitchenware.com\/wp-content\/uploads\/2024\/11\/Top-Grade-electricity-Chafing-Dish-10-100x100.webp 100w\" sizes=\"(max-width: 800px) 100vw, 800px\" \/><\/figure>\n<\/div>\n\n\n\n<div class=\"wp-block-column is-layout-flow wp-block-column-is-layout-flow\">\n<figure class=\"wp-block-image size-full\"><img decoding=\"async\" width=\"800\" height=\"800\" src=\"https:\/\/www.yongyukitchenware.com\/wp-content\/uploads\/2024\/11\/Top-Grade-electricity-Chafing-Dish-12.webp\" alt=\"Plat \u00e0 d\u00e9couper \u00e0 l&#039;\u00e9lectricit\u00e9 de niveau sup\u00e9rieur-12\" class=\"wp-image-2236\" style=\"object-fit:cover\" srcset=\"https:\/\/www.yongyukitchenware.com\/wp-content\/uploads\/2024\/11\/Top-Grade-electricity-Chafing-Dish-12.webp 800w, https:\/\/www.yongyukitchenware.com\/wp-content\/uploads\/2024\/11\/Top-Grade-electricity-Chafing-Dish-12-300x300.webp 300w, https:\/\/www.yongyukitchenware.com\/wp-content\/uploads\/2024\/11\/Top-Grade-electricity-Chafing-Dish-12-150x150.webp 150w, https:\/\/www.yongyukitchenware.com\/wp-content\/uploads\/2024\/11\/Top-Grade-electricity-Chafing-Dish-12-768x768.webp 768w, https:\/\/www.yongyukitchenware.com\/wp-content\/uploads\/2024\/11\/Top-Grade-electricity-Chafing-Dish-12-12x12.webp 12w, https:\/\/www.yongyukitchenware.com\/wp-content\/uploads\/2024\/11\/Top-Grade-electricity-Chafing-Dish-12-600x600.webp 600w, https:\/\/www.yongyukitchenware.com\/wp-content\/uploads\/2024\/11\/Top-Grade-electricity-Chafing-Dish-12-100x100.webp 100w\" sizes=\"(max-width: 800px) 100vw, 800px\" \/><\/figure>\n<\/div>\n<\/div>\n\n\n\n<p><\/p>","protected":false},"excerpt":{"rendered":"<p>Plaque \u00e0 frire en gros en acier inoxydable pour la restauration commerciale. Fabriqu\u00e9 en acier inoxydable, chauffage \u00e9lectrique, \u00e9cran tactile pr\u00e9cis pour contr\u00f4ler la temp\u00e9rature, chauffage rapide et conservation de la chaleur \u00e0 long terme. Des options de prix d'usine OEM et ODM sont disponibles, contactez Yongyu pour plus d'informations.<\/p>\n<h2><!-- wp:heading --><\/h2>\n<h2 class=\"wp-block-heading\">Attributs du plat \u00e0 r\u00f4tir en acier inoxydable :<\/h2>\n<h2><!-- \/wp:heading --><\/p>\n<p><!-- wp:paragraph --><\/h2>\n<p><strong>Mat\u00e9riau : <\/strong>Acier inoxydable<br \/><strong>Couleur : <\/strong>Argent, or, impression couleur personnalis\u00e9e<br \/><strong>Forme : <\/strong>Rectangle, Carr\u00e9, Rond<br \/><strong>Chaleur : <\/strong>Chauffage \u00e0 l'alcool et \u00e0 l'\u00e9lectricit\u00e9<br \/><strong>Bac de r\u00e9cup\u00e9ration : <\/strong>Grille simple\/double<br \/><strong>Emballage : <\/strong>Sac d'opposition et bo\u00eete en carton<br \/><strong>OEM\/ODM : <\/strong>Disponible<\/p>\n<h2 class=\"wp-block-heading\">De Yongyu Chafing Dish Manufacturer :<\/h2>\n<p>Qu'il s'agisse d'un fournisseur de services de restauration, d'un h\u00f4tel ou d'un restaurant, ou d'une soci\u00e9t\u00e9 d'organisation d'\u00e9v\u00e9nements, nous fournissons des solutions compl\u00e8tes de vente en gros de chafing dishes pour aider votre entreprise avec des prix d'usine de haute qualit\u00e9 !<\/p>\n<h2><!-- \/wp:paragraph --><\/h2>","protected":false},"featured_media":2911,"comment_status":"closed","ping_status":"closed","template":"","meta":{"_acf_changed":false},"application":[30],"product_brand":[],"product_cat":[33],"product_tag":[],"class_list":{"0":"post-2223","1":"product","2":"type-product","3":"status-publish","4":"has-post-thumbnail","6":"application-hotel-catering","7":"product_cat-chafing-dishes-wholesale","9":"first","10":"instock","11":"shipping-taxable","12":"product-type-simple"},"acf":[],"_links":{"self":[{"href":"https:\/\/www.yongyukitchenware.com\/fr\/wp-json\/wp\/v2\/product\/2223","targetHints":{"allow":["GET"]}}],"collection":[{"href":"https:\/\/www.yongyukitchenware.com\/fr\/wp-json\/wp\/v2\/product"}],"about":[{"href":"https:\/\/www.yongyukitchenware.com\/fr\/wp-json\/wp\/v2\/types\/product"}],"replies":[{"embeddable":true,"href":"https:\/\/www.yongyukitchenware.com\/fr\/wp-json\/wp\/v2\/comments?post=2223"}],"wp:featuredmedia":[{"embeddable":true,"href":"https:\/\/www.yongyukitchenware.com\/fr\/wp-json\/wp\/v2\/media\/2911"}],"wp:attachment":[{"href":"https:\/\/www.yongyukitchenware.com\/fr\/wp-json\/wp\/v2\/media?parent=2223"}],"wp:term":[{"taxonomy":"application","embeddable":true,"href":"https:\/\/www.yongyukitchenware.com\/fr\/wp-json\/wp\/v2\/application?post=2223"},{"taxonomy":"product_brand","embeddable":true,"href":"https:\/\/www.yongyukitchenware.com\/fr\/wp-json\/wp\/v2\/product_brand?post=2223"},{"taxonomy":"product_cat","embeddable":true,"href":"https:\/\/www.yongyukitchenware.com\/fr\/wp-json\/wp\/v2\/product_cat?post=2223"},{"taxonomy":"product_tag","embeddable":true,"href":"https:\/\/www.yongyukitchenware.com\/fr\/wp-json\/wp\/v2\/product_tag?post=2223"}],"curies":[{"name":"wp","href":"https:\/\/api.w.org\/{rel}","templated":true}]}}