{"id":2237,"date":"2024-11-30T03:44:02","date_gmt":"2024-11-30T03:44:02","guid":{"rendered":"https:\/\/www.yongyukitchenware.com\/?post_type=product&#038;p=2237"},"modified":"2025-07-10T09:48:08","modified_gmt":"2025-07-10T09:48:08","slug":"wholesale-beverage-dispenser","status":"publish","type":"product","link":"https:\/\/www.yongyukitchenware.com\/fr\/produit\/wholesale-beverage-dispenser\/","title":{"rendered":"Factory Direct Distributeur de boissons 8-24L avec robinet pour f\u00eate Jus de fruits chauds et froids"},"content":{"rendered":"<div class=\"wp-block-columns is-layout-flex wp-container-core-columns-is-layout-9d6595d7 wp-block-columns-is-layout-flex\">\n<div class=\"wp-block-column is-layout-flow wp-block-column-is-layout-flow\">\n<h2 class=\"wp-block-heading\">Distributeur de boissons Taille :<\/h2>\n\n\n\n<figure class=\"wp-block-table\"><table class=\"has-fixed-layout\"><tbody><tr><td>Mod\u00e8le<\/td><td>Taille<\/td><td>Longueur * Largeur * Hauteur (cm)<\/td><td>MOQ<\/td><\/tr><tr><td rowspan=\"3\">DY001-GZD<\/td><td>8L<\/td><td>35*26*60cm<\/td><td rowspan=\"3\">4PCS<\/td><\/tr><tr><td>16L<\/td><td>55*35*60cm<\/td><\/tr><tr><td>24L<\/td><td>86*35*60cm<\/td><\/tr><\/tbody><\/table><\/figure>\n\n\n\n<h2 class=\"wp-block-heading\">Distributeur de boissons Caract\u00e9ristiques :<\/h2>\n\n\n\n<p><strong>Corps en plastique et base en acier inoxydable<\/strong>: Fabriqu\u00e9 en plastique durable et en acier inoxydable, il r\u00e9siste \u00e0 la chaleur et au froid et peut \u00eatre utilis\u00e9 pendant longtemps.<\/p>\n\n\n\n<p><strong>Avec noyau de glace isol\u00e9<\/strong>: Le baril est dot\u00e9 d'un noyau de glace en acier inoxydable. Ajoutez des gla\u00e7ons ou de l'eau chaude pour maintenir la temp\u00e9rature pendant longtemps.<\/p>\n\n\n\n<p><strong>Avec robinet et \u00e9vier anti-\u00e9claboussures<\/strong>: Le robinet a un d\u00e9bit d'eau r\u00e9gulier et est facile \u00e0 utiliser ; l'\u00e9vier \u00e0 orifice de fuite est amovible et facile \u00e0 nettoyer. Il permet de garder le bureau propre et d'am\u00e9liorer l'exp\u00e9rience de l'utilisateur.<\/p>\n\n\n\n<p><strong>Plusieurs capacit\u00e9s disponibles : <\/strong>Les capacit\u00e9s de 8, 16 et 24 litres sont disponibles pour r\u00e9pondre aux besoins de diff\u00e9rentes occasions.<\/p>\n<\/div>\n\n\n\n<div class=\"wp-block-column is-layout-flow wp-block-column-is-layout-flow\">\n<figure class=\"wp-block-image size-full is-style-default\"><img decoding=\"async\" width=\"800\" height=\"800\" src=\"https:\/\/www.yongyukitchenware.com\/wp-content\/uploads\/2024\/11\/Beverage-Dispenser-5.webp\" alt=\"Distributeur de boissons-5\" class=\"wp-image-2245\" srcset=\"https:\/\/www.yongyukitchenware.com\/wp-content\/uploads\/2024\/11\/Beverage-Dispenser-5.webp 800w, https:\/\/www.yongyukitchenware.com\/wp-content\/uploads\/2024\/11\/Beverage-Dispenser-5-300x300.webp 300w, https:\/\/www.yongyukitchenware.com\/wp-content\/uploads\/2024\/11\/Beverage-Dispenser-5-150x150.webp 150w, https:\/\/www.yongyukitchenware.com\/wp-content\/uploads\/2024\/11\/Beverage-Dispenser-5-768x768.webp 768w, https:\/\/www.yongyukitchenware.com\/wp-content\/uploads\/2024\/11\/Beverage-Dispenser-5-12x12.webp 12w, https:\/\/www.yongyukitchenware.com\/wp-content\/uploads\/2024\/11\/Beverage-Dispenser-5-600x600.webp 600w, https:\/\/www.yongyukitchenware.com\/wp-content\/uploads\/2024\/11\/Beverage-Dispenser-5-100x100.webp 100w\" sizes=\"(max-width: 800px) 100vw, 800px\" \/><\/figure>\n<\/div>\n<\/div>","protected":false},"excerpt":{"rendered":"<p>Bienvenue dans la vente en gros de distributeurs de boissons, distributeurs de boissons doubles, adapt\u00e9s aux boissons chaudes ou aux jus de fruits froids. Nous fournissons des capacit\u00e9s multiples et prenons en charge les ventes personnalis\u00e9es et les ventes sur Amazon. Nous vous invitons \u00e0 demander un devis gratuit.<\/p>\n<h2>Distributeur de boissons Param\u00e8tre :<\/h2>\n<p><strong>Mat\u00e9riau :<\/strong> acier inoxydable, plastique<br \/><strong>Conception :<\/strong> avec robinet, noyau de glace et base d'\u00e9vier \u00e0 trous<br \/><strong>Tailles :<\/strong> 8L \/16L\/24L<br \/><strong>Emballage :<\/strong> sac\/volume\/carton ou sur mesure<br \/><strong>OEM\/ODM :<\/strong> facultatif<\/p>\n<h2 class=\"wp-block-heading\">De Yongyu Catering Supplies Manufacturer :<\/h2>\n<p>Qu'il s'agisse d'un fournisseur de services de restauration, d'un h\u00f4tel ou d'un restaurant, ou d'une soci\u00e9t\u00e9 d'organisation d'\u00e9v\u00e9nements, nous fournissons des solutions compl\u00e8tes de bo\u00eetes d'assaisonnement en gros personnalis\u00e9es pour aider votre entreprise avec des prix d'usine de haute qualit\u00e9 !<\/p>","protected":false},"featured_media":2238,"comment_status":"closed","ping_status":"closed","template":"","meta":{"_acf_changed":true},"application":[30],"product_brand":[],"product_cat":[22,34],"product_tag":[],"class_list":{"0":"post-2237","1":"product","2":"type-product","3":"status-publish","4":"has-post-thumbnail","6":"application-hotel-catering","7":"product_cat-catering-supplies-wholesale","8":"product_cat-wholesale-drink-dispenser","10":"first","11":"instock","12":"shipping-taxable","13":"product-type-simple"},"acf":[],"_links":{"self":[{"href":"https:\/\/www.yongyukitchenware.com\/fr\/wp-json\/wp\/v2\/product\/2237","targetHints":{"allow":["GET"]}}],"collection":[{"href":"https:\/\/www.yongyukitchenware.com\/fr\/wp-json\/wp\/v2\/product"}],"about":[{"href":"https:\/\/www.yongyukitchenware.com\/fr\/wp-json\/wp\/v2\/types\/product"}],"replies":[{"embeddable":true,"href":"https:\/\/www.yongyukitchenware.com\/fr\/wp-json\/wp\/v2\/comments?post=2237"}],"wp:featuredmedia":[{"embeddable":true,"href":"https:\/\/www.yongyukitchenware.com\/fr\/wp-json\/wp\/v2\/media\/2238"}],"wp:attachment":[{"href":"https:\/\/www.yongyukitchenware.com\/fr\/wp-json\/wp\/v2\/media?parent=2237"}],"wp:term":[{"taxonomy":"application","embeddable":true,"href":"https:\/\/www.yongyukitchenware.com\/fr\/wp-json\/wp\/v2\/application?post=2237"},{"taxonomy":"product_brand","embeddable":true,"href":"https:\/\/www.yongyukitchenware.com\/fr\/wp-json\/wp\/v2\/product_brand?post=2237"},{"taxonomy":"product_cat","embeddable":true,"href":"https:\/\/www.yongyukitchenware.com\/fr\/wp-json\/wp\/v2\/product_cat?post=2237"},{"taxonomy":"product_tag","embeddable":true,"href":"https:\/\/www.yongyukitchenware.com\/fr\/wp-json\/wp\/v2\/product_tag?post=2237"}],"curies":[{"name":"wp","href":"https:\/\/api.w.org\/{rel}","templated":true}]}}