{"id":2269,"date":"2024-11-30T04:06:45","date_gmt":"2024-11-30T04:06:45","guid":{"rendered":"https:\/\/www.yongyukitchenware.com\/?post_type=product&#038;p=2269"},"modified":"2025-06-14T07:56:17","modified_gmt":"2025-06-14T07:56:17","slug":"wholesale-juice-dispenser","status":"publish","type":"product","link":"https:\/\/www.yongyukitchenware.com\/fr\/produit\/wholesale-juice-dispenser\/","title":{"rendered":"Distributeur de jus de fruits en gros avec support pour boissons chaudes et froides"},"content":{"rendered":"<div class=\"wp-block-columns is-layout-flex wp-container-core-columns-is-layout-9d6595d7 wp-block-columns-is-layout-flex\">\n<div class=\"wp-block-column is-layout-flow wp-block-column-is-layout-flow\">\n<h2 class=\"wp-block-heading\">Distributeur de jus de fruits Taille :<\/h2>\n\n\n\n<figure class=\"wp-block-table\"><table class=\"has-fixed-layout\"><tbody><tr><td>Mod\u00e8le<\/td><td>Taille<\/td><td>Longueur * Hauteur (cm)<\/td><td>MOQ<\/td><\/tr><tr><td rowspan=\"2\">DY002-GZD<\/td><td>8L<\/td><td>23*35.7*52.8cm<\/td><td rowspan=\"2\">4PCS<\/td><\/tr><tr><td>16L<\/td><td>51*35.7*52.8cm<\/td><\/tr><\/tbody><\/table><\/figure>\n\n\n\n<h2 class=\"wp-block-heading\">Distributeur de jus de fruits Caract\u00e9ristiques :<\/h2>\n\n\n\n<p><strong>Barillet r\u00e9sistant aux hautes temp\u00e9ratures :<\/strong> Fabriqu\u00e9 en PC \u00e9pais de qualit\u00e9 alimentaire, s\u00fbr et r\u00e9sistant aux temp\u00e9ratures \u00e9lev\u00e9es, transparent et esth\u00e9tique.<\/p>\n\n\n\n<p><strong>Couvercle et support en acier inoxydable : <\/strong>Structure \u00e9paissie tout en acier, stable et in\u00e9branlable, r\u00e9sistante \u00e0 la corrosion et utilisable pendant longtemps.<\/p>\n\n\n\n<p><strong>Robinet anti-goutte : <\/strong>R\u00e9sine de haute qualit\u00e9 + robinet en acier inoxydable, \u00e9coulement r\u00e9gulier de l'eau sans goutte, durable<\/p>\n\n\n\n<p><strong>Convient aussi bien pour le chaud que pour le froid : <\/strong>Des gla\u00e7ons peuvent \u00eatre utilis\u00e9s pour se rafra\u00eechir ou de l'eau chaude peut \u00eatre ajout\u00e9e pour se r\u00e9chauffer.<\/p>\n\n\n\n<p><strong>\u00c9vier anti-\u00e9claboussures : <\/strong>\u00c9vier int\u00e9gr\u00e9, r\u00e9sistant aux \u00e9claboussures, facile \u00e0 nettoyer<\/p>\n<\/div>\n\n\n\n<div class=\"wp-block-column is-layout-flow wp-block-column-is-layout-flow\">\n<figure class=\"wp-block-image size-full is-style-default\"><img decoding=\"async\" width=\"800\" height=\"800\" src=\"https:\/\/www.yongyukitchenware.com\/wp-content\/uploads\/2024\/11\/Bulk-Commercial-Juicer-Dispenser-6.webp\" alt=\"Distributeur de suceur commercial en vrac - 6\" class=\"wp-image-2274\" srcset=\"https:\/\/www.yongyukitchenware.com\/wp-content\/uploads\/2024\/11\/Bulk-Commercial-Juicer-Dispenser-6.webp 800w, https:\/\/www.yongyukitchenware.com\/wp-content\/uploads\/2024\/11\/Bulk-Commercial-Juicer-Dispenser-6-300x300.webp 300w, https:\/\/www.yongyukitchenware.com\/wp-content\/uploads\/2024\/11\/Bulk-Commercial-Juicer-Dispenser-6-150x150.webp 150w, https:\/\/www.yongyukitchenware.com\/wp-content\/uploads\/2024\/11\/Bulk-Commercial-Juicer-Dispenser-6-768x768.webp 768w, https:\/\/www.yongyukitchenware.com\/wp-content\/uploads\/2024\/11\/Bulk-Commercial-Juicer-Dispenser-6-12x12.webp 12w, https:\/\/www.yongyukitchenware.com\/wp-content\/uploads\/2024\/11\/Bulk-Commercial-Juicer-Dispenser-6-600x600.webp 600w, https:\/\/www.yongyukitchenware.com\/wp-content\/uploads\/2024\/11\/Bulk-Commercial-Juicer-Dispenser-6-100x100.webp 100w\" sizes=\"(max-width: 800px) 100vw, 800px\" \/><\/figure>\n<\/div>\n<\/div>","protected":false},"excerpt":{"rendered":"<p>Distributeur de jus de fruits personnalis\u00e9 avec un support en acier inoxydable et un corps de baril transparent, beau et durable, adapt\u00e9 \u00e0 la f\u00eate, \u00e0 l'h\u00f4tel et \u00e0 la famille. Meilleure remise pour la personnalisation de grandes quantit\u00e9s, n'h\u00e9sitez pas \u00e0 nous contacter.<\/p>\n<h2>Distributeur de jus de fruits Param\u00e8tre :<\/h2>\n<p><strong>Mat\u00e9riau :<\/strong> Acier inoxydable, plastique<br \/><strong>Conception :<\/strong> Avec robinet, grille en acier inoxydable, \u00e9vier \u00e0 trous<br \/><strong>Tailles :<\/strong> 8L \/16L<br \/><strong>Emballage :<\/strong> Sac\/volume\/carton ou sur mesure<br \/><strong>OEM\/ODM :<\/strong> En option<\/p>\n<h2 class=\"wp-block-heading\">De Yongyu Catering Supplies Manufacturer :<\/h2>\n<p>Qu'il s'agisse d'un fournisseur de services de restauration, d'un h\u00f4tel ou d'un restaurant, ou d'une soci\u00e9t\u00e9 d'organisation d'\u00e9v\u00e9nements, nous fournissons des solutions compl\u00e8tes de fournitures de restauration en gros pour vous avec des prix d'usine de haute qualit\u00e9 !<\/p>","protected":false},"featured_media":2270,"comment_status":"closed","ping_status":"closed","template":"","meta":{"_acf_changed":true},"application":[30],"product_brand":[],"product_cat":[22,34],"product_tag":[],"class_list":{"0":"post-2269","1":"product","2":"type-product","3":"status-publish","4":"has-post-thumbnail","6":"application-hotel-catering","7":"product_cat-catering-supplies-wholesale","8":"product_cat-wholesale-drink-dispenser","10":"first","11":"instock","12":"shipping-taxable","13":"product-type-simple"},"acf":[],"_links":{"self":[{"href":"https:\/\/www.yongyukitchenware.com\/fr\/wp-json\/wp\/v2\/product\/2269","targetHints":{"allow":["GET"]}}],"collection":[{"href":"https:\/\/www.yongyukitchenware.com\/fr\/wp-json\/wp\/v2\/product"}],"about":[{"href":"https:\/\/www.yongyukitchenware.com\/fr\/wp-json\/wp\/v2\/types\/product"}],"replies":[{"embeddable":true,"href":"https:\/\/www.yongyukitchenware.com\/fr\/wp-json\/wp\/v2\/comments?post=2269"}],"wp:featuredmedia":[{"embeddable":true,"href":"https:\/\/www.yongyukitchenware.com\/fr\/wp-json\/wp\/v2\/media\/2270"}],"wp:attachment":[{"href":"https:\/\/www.yongyukitchenware.com\/fr\/wp-json\/wp\/v2\/media?parent=2269"}],"wp:term":[{"taxonomy":"application","embeddable":true,"href":"https:\/\/www.yongyukitchenware.com\/fr\/wp-json\/wp\/v2\/application?post=2269"},{"taxonomy":"product_brand","embeddable":true,"href":"https:\/\/www.yongyukitchenware.com\/fr\/wp-json\/wp\/v2\/product_brand?post=2269"},{"taxonomy":"product_cat","embeddable":true,"href":"https:\/\/www.yongyukitchenware.com\/fr\/wp-json\/wp\/v2\/product_cat?post=2269"},{"taxonomy":"product_tag","embeddable":true,"href":"https:\/\/www.yongyukitchenware.com\/fr\/wp-json\/wp\/v2\/product_tag?post=2269"}],"curies":[{"name":"wp","href":"https:\/\/api.w.org\/{rel}","templated":true}]}}