{"id":2334,"date":"2024-12-06T12:34:49","date_gmt":"2024-12-06T12:34:49","guid":{"rendered":"https:\/\/www.yongyukitchenware.com\/?post_type=product&#038;p=2334"},"modified":"2025-06-14T07:55:20","modified_gmt":"2025-06-14T07:55:20","slug":"wholesale-small-drink-dispenser","status":"publish","type":"product","link":"https:\/\/www.yongyukitchenware.com\/fr\/produit\/wholesale-small-drink-dispenser\/","title":{"rendered":"Distributeur de boissons en vrac 1-2 gallons avec noyau de glace pour les f\u00eates"},"content":{"rendered":"<div class=\"wp-block-columns is-layout-flex wp-container-core-columns-is-layout-9d6595d7 wp-block-columns-is-layout-flex\">\n<div class=\"wp-block-column is-layout-flow wp-block-column-is-layout-flow\">\n<h2 class=\"wp-block-heading\">Petit distributeur de boissons Taille :<\/h2>\n\n\n\n<figure class=\"wp-block-table\"><table class=\"has-fixed-layout\"><tbody><tr><td>Mod\u00e8le<\/td><td>Taille<\/td><td>Longueur * Hauteur (cm)<\/td><td>MOQ<\/td><\/tr><tr><td rowspan=\"2\">DY003-GZD<\/td><td>3L<\/td><td>19*29*50cm<\/td><td rowspan=\"2\">8PCS<\/td><\/tr><tr><td>6L<\/td><td>40*29*50cm<\/td><\/tr><\/tbody><\/table><\/figure>\n\n\n\n<h2 class=\"wp-block-heading\">Petit distributeur de boissons Caract\u00e9ristiques :<\/h2>\n\n\n\n<p><strong>R\u00e9sistant aux hautes temp\u00e9ratures<\/strong>: Le corps du baril est fabriqu\u00e9 en PC de haute qualit\u00e9, transparent et r\u00e9sistant \u00e0 la chaleur.<br><strong>Couvercle en acier inoxydable :<\/strong> R\u00e9sistant \u00e0 la corrosion, s\u00fbr et non toxique, facile \u00e0 nettoyer.<br><strong>Robinet anti-goutte :<\/strong> Le robinet en r\u00e9sine et en acier inoxydable permet un \u00e9coulement r\u00e9gulier de l'eau sans goutte et est facile \u00e0 utiliser.<br><strong>Convient aussi bien pour le chaud que pour le froid :<\/strong> Il suffit de remplir le r\u00e9servoir interne de gla\u00e7ons pour rafra\u00eechir la boisson ou d'ajouter de l'eau chaude pour la r\u00e9chauffer.<br>Bac de r\u00e9cup\u00e9ration : L'\u00e9vier creux situ\u00e9 \u00e0 la base permet de recueillir les liquides renvers\u00e9s et de garder le plan de travail propre.<\/p>\n<\/div>\n\n\n\n<div class=\"wp-block-column is-layout-flow wp-block-column-is-layout-flow\">\n<figure class=\"wp-block-image size-full is-style-default\"><img decoding=\"async\" width=\"800\" height=\"800\" src=\"https:\/\/www.yongyukitchenware.com\/wp-content\/uploads\/2024\/11\/Bulk-Juicer-Dispenser-2.webp\" alt=\"Distributeur de jus de fruits en vrac-2\" class=\"wp-image-2340\" srcset=\"https:\/\/www.yongyukitchenware.com\/wp-content\/uploads\/2024\/11\/Bulk-Juicer-Dispenser-2.webp 800w, https:\/\/www.yongyukitchenware.com\/wp-content\/uploads\/2024\/11\/Bulk-Juicer-Dispenser-2-300x300.webp 300w, https:\/\/www.yongyukitchenware.com\/wp-content\/uploads\/2024\/11\/Bulk-Juicer-Dispenser-2-150x150.webp 150w, https:\/\/www.yongyukitchenware.com\/wp-content\/uploads\/2024\/11\/Bulk-Juicer-Dispenser-2-768x768.webp 768w, https:\/\/www.yongyukitchenware.com\/wp-content\/uploads\/2024\/11\/Bulk-Juicer-Dispenser-2-12x12.webp 12w, https:\/\/www.yongyukitchenware.com\/wp-content\/uploads\/2024\/11\/Bulk-Juicer-Dispenser-2-600x600.webp 600w, https:\/\/www.yongyukitchenware.com\/wp-content\/uploads\/2024\/11\/Bulk-Juicer-Dispenser-2-100x100.webp 100w\" sizes=\"(max-width: 800px) 100vw, 800px\" \/><\/figure>\n<\/div>\n<\/div>","protected":false},"excerpt":{"rendered":"<p>Parmi les fournisseurs de distributeurs de boissons, nous proposons une grande vari\u00e9t\u00e9 de tailles, y compris ce petit distributeur de boissons. Qu'il s'agisse d'une f\u00eate, d'un restaurant ou d'un h\u00f4tel, nos distributeurs de boissons peuvent \u00eatre utilis\u00e9s pour des boissons froides ou chaudes, r\u00e9pondant ainsi \u00e0 diff\u00e9rents besoins et soutenant les ventes d'Amazon !<\/p>\n<h2>Petit distributeur de boissons Param\u00e8tre :<\/h2>\n<p><strong>Mat\u00e9riau :<\/strong> acier inoxydable<br \/><strong>Tailles :<\/strong> Tailles 3L \/6L disponibles<br \/><strong>Conception :<\/strong> Avec robinet, noyau de glace<br \/><strong>Emballage :<\/strong> sac\/volume\/carton ou sur mesure<br \/><strong>OEM\/ODM :<\/strong> facultatif<\/p>\n<h2 class=\"wp-block-heading\">De Yongyu Catering Supplies Manufacturer :<\/h2>\n<p>Qu'il s'agisse d'un fournisseur de services de restauration, d'un h\u00f4tel ou d'un restaurant, ou d'une soci\u00e9t\u00e9 d'organisation d'\u00e9v\u00e9nements, nous fournissons des solutions compl\u00e8tes de fournitures de restauration en gros pour vous avec des prix d'usine de haute qualit\u00e9 !<\/p>","protected":false},"featured_media":2335,"comment_status":"closed","ping_status":"closed","template":"","meta":{"_acf_changed":true},"application":[30],"product_brand":[],"product_cat":[22,34],"product_tag":[],"class_list":{"0":"post-2334","1":"product","2":"type-product","3":"status-publish","4":"has-post-thumbnail","6":"application-hotel-catering","7":"product_cat-catering-supplies-wholesale","8":"product_cat-wholesale-drink-dispenser","10":"first","11":"instock","12":"shipping-taxable","13":"product-type-simple"},"acf":[],"_links":{"self":[{"href":"https:\/\/www.yongyukitchenware.com\/fr\/wp-json\/wp\/v2\/product\/2334","targetHints":{"allow":["GET"]}}],"collection":[{"href":"https:\/\/www.yongyukitchenware.com\/fr\/wp-json\/wp\/v2\/product"}],"about":[{"href":"https:\/\/www.yongyukitchenware.com\/fr\/wp-json\/wp\/v2\/types\/product"}],"replies":[{"embeddable":true,"href":"https:\/\/www.yongyukitchenware.com\/fr\/wp-json\/wp\/v2\/comments?post=2334"}],"wp:featuredmedia":[{"embeddable":true,"href":"https:\/\/www.yongyukitchenware.com\/fr\/wp-json\/wp\/v2\/media\/2335"}],"wp:attachment":[{"href":"https:\/\/www.yongyukitchenware.com\/fr\/wp-json\/wp\/v2\/media?parent=2334"}],"wp:term":[{"taxonomy":"application","embeddable":true,"href":"https:\/\/www.yongyukitchenware.com\/fr\/wp-json\/wp\/v2\/application?post=2334"},{"taxonomy":"product_brand","embeddable":true,"href":"https:\/\/www.yongyukitchenware.com\/fr\/wp-json\/wp\/v2\/product_brand?post=2334"},{"taxonomy":"product_cat","embeddable":true,"href":"https:\/\/www.yongyukitchenware.com\/fr\/wp-json\/wp\/v2\/product_cat?post=2334"},{"taxonomy":"product_tag","embeddable":true,"href":"https:\/\/www.yongyukitchenware.com\/fr\/wp-json\/wp\/v2\/product_tag?post=2334"}],"curies":[{"name":"wp","href":"https:\/\/api.w.org\/{rel}","templated":true}]}}