{"id":2342,"date":"2024-12-06T12:45:14","date_gmt":"2024-12-06T12:45:14","guid":{"rendered":"https:\/\/www.yongyukitchenware.com\/?post_type=product&#038;p=2342"},"modified":"2025-06-14T07:48:19","modified_gmt":"2025-06-14T07:48:19","slug":"wholesale-drink-dispensers","status":"publish","type":"product","link":"https:\/\/www.yongyukitchenware.com\/fr\/produit\/wholesale-drink-dispensers\/","title":{"rendered":"Wholesale Drink Dispensers 12L Large Juice Container"},"content":{"rendered":"<div class=\"wp-block-columns is-layout-flex wp-container-core-columns-is-layout-9d6595d7 wp-block-columns-is-layout-flex\">\n<div class=\"wp-block-column is-layout-flow wp-block-column-is-layout-flow\">\n<h2 class=\"wp-block-heading\">Distributeur de boissons Taille :<\/h2>\n\n\n\n<figure class=\"wp-block-table\"><table class=\"has-fixed-layout\"><tbody><tr><td>Mod\u00e8le<\/td><td>Taille<\/td><td>Longueur * Hauteur (cm)<\/td><td>MOQ<\/td><\/tr><tr><td>DY004-GZD<\/td><td>12L<\/td><td>31.5*50cm<\/td><td>4PCS<\/td><\/tr><\/tbody><\/table><\/figure>\n\n\n\n<h2 class=\"wp-block-heading\">Distributeur de boissons Caract\u00e9ristiques :<\/h2>\n\n\n\n<p><strong>Mat\u00e9riau durable :<\/strong> Le distributeur de boissons est fabriqu\u00e9 en acier inoxydable + PC de haute qualit\u00e9, r\u00e9sistant au froid et \u00e0 la chaleur, robuste et durable.<\/p>\n\n\n\n<p><strong>Grande capacit\u00e9 : <\/strong>Grande capacit\u00e9 de 12 litres, pouvant contenir une vari\u00e9t\u00e9 de boissons, jus, caf\u00e9, etc., et pouvant \u00eatre utilis\u00e9e par plusieurs personnes.<\/p>\n\n\n\n<p><strong>Bonne performance d'isolation : <\/strong>L'int\u00e9rieur du distributeur de boissons adopte un design de gla\u00e7on, des gla\u00e7ons ou de l'eau chaude peuvent \u00eatre ajout\u00e9s pour maintenir la temp\u00e9rature de la boisson, ce qui garantit que la boisson reste dans un \u00e9tat de consommation id\u00e9al pendant une longue p\u00e9riode.<\/p>\n\n\n\n<p><strong>Facile \u00e0 utiliser : <\/strong>Le distributeur de boissons avec support est un choix id\u00e9al pour les f\u00eates, les vacances, les barbecues, les \u00e9v\u00e9nements ou les pique-niques.<\/p>\n\n\n\n<p><strong>Structure amovible, facile \u00e0 nettoyer.<\/strong><\/p>\n<\/div>\n\n\n\n<div class=\"wp-block-column is-layout-flow wp-block-column-is-layout-flow\">\n<figure class=\"wp-block-image size-full is-style-default\"><img decoding=\"async\" width=\"800\" height=\"800\" src=\"https:\/\/www.yongyukitchenware.com\/wp-content\/uploads\/2024\/11\/Wholesale-Drink-Dispensers-5.webp\" alt=\"Distributeurs de boissons en gros-5\" class=\"wp-image-2347\" srcset=\"https:\/\/www.yongyukitchenware.com\/wp-content\/uploads\/2024\/11\/Wholesale-Drink-Dispensers-5.webp 800w, https:\/\/www.yongyukitchenware.com\/wp-content\/uploads\/2024\/11\/Wholesale-Drink-Dispensers-5-300x300.webp 300w, https:\/\/www.yongyukitchenware.com\/wp-content\/uploads\/2024\/11\/Wholesale-Drink-Dispensers-5-150x150.webp 150w, https:\/\/www.yongyukitchenware.com\/wp-content\/uploads\/2024\/11\/Wholesale-Drink-Dispensers-5-768x768.webp 768w, https:\/\/www.yongyukitchenware.com\/wp-content\/uploads\/2024\/11\/Wholesale-Drink-Dispensers-5-12x12.webp 12w, https:\/\/www.yongyukitchenware.com\/wp-content\/uploads\/2024\/11\/Wholesale-Drink-Dispensers-5-600x600.webp 600w, https:\/\/www.yongyukitchenware.com\/wp-content\/uploads\/2024\/11\/Wholesale-Drink-Dispensers-5-100x100.webp 100w\" sizes=\"(max-width: 800px) 100vw, 800px\" \/><\/figure>\n<\/div>\n<\/div>\n\n\n\n<p><\/p>","protected":false},"excerpt":{"rendered":"<p>Distributeur de boissons en gros \u00e0 prix d'usine, en acier inoxydable et en plastique, avec robinet et support, adapt\u00e9 \u00e0 l'utilisation par plusieurs personnes et \u00e0 l'utilisation dans les h\u00f4tels. Meilleure remise pour les commandes en gros, n'h\u00e9sitez pas \u00e0 nous consulter pour obtenir une offre gratuite !<\/p>\n<h2>Distributeur de boissons Param\u00e8tre :<\/h2>\n<p><strong>Mat\u00e9riau :<\/strong> acier inoxydable, plastique<br \/><strong>Tailles :<\/strong> 12L<br \/><strong>Conception :<\/strong>\u00a0 tonneau transparent avec couvercle en acier inoxydable, agrafe et support<br \/><strong>Emballage :<\/strong> sac\/volume\/carton ou sur mesure<br \/><strong>OEM\/ODM :<\/strong> facultatif<\/p>\n<h2 class=\"wp-block-heading\">De Yongyu Catering Supplies Manufacturer :<\/h2>\n<p>Qu'il s'agisse d'un fournisseur de services de restauration, d'un h\u00f4tel ou d'un restaurant, ou d'une soci\u00e9t\u00e9 d'organisation d'\u00e9v\u00e9nements, nous fournissons des solutions compl\u00e8tes de fournitures de restauration en gros pour vous avec des prix d'usine de haute qualit\u00e9 !<\/p>","protected":false},"featured_media":2350,"comment_status":"closed","ping_status":"closed","template":"","meta":{"_acf_changed":true},"application":[30],"product_brand":[],"product_cat":[22,34],"product_tag":[],"class_list":{"0":"post-2342","1":"product","2":"type-product","3":"status-publish","4":"has-post-thumbnail","6":"application-hotel-catering","7":"product_cat-catering-supplies-wholesale","8":"product_cat-wholesale-drink-dispenser","10":"first","11":"instock","12":"shipping-taxable","13":"product-type-simple"},"acf":[],"_links":{"self":[{"href":"https:\/\/www.yongyukitchenware.com\/fr\/wp-json\/wp\/v2\/product\/2342","targetHints":{"allow":["GET"]}}],"collection":[{"href":"https:\/\/www.yongyukitchenware.com\/fr\/wp-json\/wp\/v2\/product"}],"about":[{"href":"https:\/\/www.yongyukitchenware.com\/fr\/wp-json\/wp\/v2\/types\/product"}],"replies":[{"embeddable":true,"href":"https:\/\/www.yongyukitchenware.com\/fr\/wp-json\/wp\/v2\/comments?post=2342"}],"wp:featuredmedia":[{"embeddable":true,"href":"https:\/\/www.yongyukitchenware.com\/fr\/wp-json\/wp\/v2\/media\/2350"}],"wp:attachment":[{"href":"https:\/\/www.yongyukitchenware.com\/fr\/wp-json\/wp\/v2\/media?parent=2342"}],"wp:term":[{"taxonomy":"application","embeddable":true,"href":"https:\/\/www.yongyukitchenware.com\/fr\/wp-json\/wp\/v2\/application?post=2342"},{"taxonomy":"product_brand","embeddable":true,"href":"https:\/\/www.yongyukitchenware.com\/fr\/wp-json\/wp\/v2\/product_brand?post=2342"},{"taxonomy":"product_cat","embeddable":true,"href":"https:\/\/www.yongyukitchenware.com\/fr\/wp-json\/wp\/v2\/product_cat?post=2342"},{"taxonomy":"product_tag","embeddable":true,"href":"https:\/\/www.yongyukitchenware.com\/fr\/wp-json\/wp\/v2\/product_tag?post=2342"}],"curies":[{"name":"wp","href":"https:\/\/api.w.org\/{rel}","templated":true}]}}