{"id":2351,"date":"2024-12-06T12:55:02","date_gmt":"2024-12-06T12:55:02","guid":{"rendered":"https:\/\/www.yongyukitchenware.com\/?post_type=product&#038;p=2351"},"modified":"2024-12-09T08:09:02","modified_gmt":"2024-12-09T08:09:02","slug":"stainless-steel-beverage-dispenser-wholesale","status":"publish","type":"product","link":"https:\/\/www.yongyukitchenware.com\/fr\/produit\/stainless-steel-beverage-dispenser-wholesale\/","title":{"rendered":"Distributeur de boissons en acier inoxydable en vrac Grand pour la f\u00eate"},"content":{"rendered":"<div class=\"wp-block-columns is-layout-flex wp-container-core-columns-is-layout-9d6595d7 wp-block-columns-is-layout-flex\">\n<div class=\"wp-block-column is-layout-flow wp-block-column-is-layout-flow\">\n<h2 class=\"wp-block-heading\">Distributeur de boissons en acier inoxydable Taille :<\/h2>\n\n\n\n<figure class=\"wp-block-table\"><table class=\"has-fixed-layout\"><tbody><tr><td>Mod\u00e8le<\/td><td>Taille<\/td><td>Longueur * Hauteur (cm)<\/td><\/tr><tr><td rowspan=\"2\">DY005-GZD<\/td><td rowspan=\"2\">13L<\/td><td rowspan=\"2\">27.5*55cm<\/td><\/tr><\/tbody><\/table><\/figure>\n\n\n\n<h2 class=\"wp-block-heading\">Distributeur de boissons en acier inoxydable Caract\u00e9ristiques :<\/h2>\n\n\n\n<p><strong>Acier inoxydable antibact\u00e9rien : <\/strong>Acier inoxydable de qualit\u00e9 alimentaire, r\u00e9sistant \u00e0 la corrosion, capable d'emp\u00eacher la croissance des bact\u00e9ries et des virus, durable<\/p>\n\n\n\n<p><strong>Deux m\u00e9thodes de chauffage : <\/strong>chauffage \u00e0 l'alcool et chauffage \u00e9lectrique \u00e0 plaques pour r\u00e9pondre \u00e0 des besoins diff\u00e9rents<\/p>\n\n\n\n<p><strong>Isolation efficace : <\/strong>Structure int\u00e9gr\u00e9e en acier inoxydable, meilleure performance d'isolation et r\u00e9sistance \u00e0 la chaleur, pas facile \u00e0 d\u00e9former ou \u00e0 endommager.<\/p>\n\n\n\n<p><strong>Robinet efficace : <\/strong>R\u00e9sine de haute qualit\u00e9 et robinet en acier inoxydable, \u00e9coulement r\u00e9gulier de l'eau sans goutte, durable.<\/p>\n\n\n\n<p><strong>Grande capacit\u00e9 : <\/strong>Grande capacit\u00e9 de 13 litres, peut contenir une vari\u00e9t\u00e9 de boissons, jus, caf\u00e9, etc., peut \u00eatre utilis\u00e9 par plusieurs personnes.<\/p>\n<\/div>\n\n\n\n<div class=\"wp-block-column is-layout-flow wp-block-column-is-layout-flow\">\n<figure class=\"wp-block-image size-full is-style-default\"><img decoding=\"async\" width=\"800\" height=\"800\" src=\"https:\/\/www.yongyukitchenware.com\/wp-content\/uploads\/2024\/11\/Bulk-Stainless-Steel-Beverage-Dispenser-7.webp\" alt=\"Distributeur de boissons en acier inoxydable en vrac-7\" class=\"wp-image-2357\" srcset=\"https:\/\/www.yongyukitchenware.com\/wp-content\/uploads\/2024\/11\/Bulk-Stainless-Steel-Beverage-Dispenser-7.webp 800w, https:\/\/www.yongyukitchenware.com\/wp-content\/uploads\/2024\/11\/Bulk-Stainless-Steel-Beverage-Dispenser-7-300x300.webp 300w, https:\/\/www.yongyukitchenware.com\/wp-content\/uploads\/2024\/11\/Bulk-Stainless-Steel-Beverage-Dispenser-7-150x150.webp 150w, https:\/\/www.yongyukitchenware.com\/wp-content\/uploads\/2024\/11\/Bulk-Stainless-Steel-Beverage-Dispenser-7-768x768.webp 768w, https:\/\/www.yongyukitchenware.com\/wp-content\/uploads\/2024\/11\/Bulk-Stainless-Steel-Beverage-Dispenser-7-12x12.webp 12w, https:\/\/www.yongyukitchenware.com\/wp-content\/uploads\/2024\/11\/Bulk-Stainless-Steel-Beverage-Dispenser-7-600x600.webp 600w, https:\/\/www.yongyukitchenware.com\/wp-content\/uploads\/2024\/11\/Bulk-Stainless-Steel-Beverage-Dispenser-7-100x100.webp 100w\" sizes=\"(max-width: 800px) 100vw, 800px\" \/><\/figure>\n<\/div>\n<\/div>","protected":false},"excerpt":{"rendered":"<p>Distributeur de boissons en gros en acier inoxydable, conservation efficace de la chaleur, supportant le chauffage \u00e9lectrique ou \u00e0 l'alcool, adapt\u00e9 aux f\u00eates. Vente directe par l'usine, service de personnalisation Amazon. Nous vous invitons \u00e0 nous consulter pour en savoir plus.<\/p>\n<h2>Distributeur de boissons en acier inoxydable Param\u00e8tres :<\/h2>\n<p><strong>Mat\u00e9riau :<\/strong> acier inoxydable<br \/><strong>Tailles :<\/strong> 13L<br \/><strong>Conception :<\/strong> Structure en acier inoxydable poli miroir avec robinet, poign\u00e9e et support<br \/><strong>Emballage :<\/strong> sac\/volume\/carton ou sur mesure<br \/><strong>OEM\/ODM :<\/strong> facultatif<\/p>\n<h2 class=\"wp-block-heading\">De Yongyu Catering Supplies Manufacturer :<\/h2>\n<p>Qu'il s'agisse d'un fournisseur de services de restauration, d'un h\u00f4tel ou d'un restaurant, ou d'une soci\u00e9t\u00e9 d'organisation d'\u00e9v\u00e9nements, nous fournissons des solutions compl\u00e8tes de fournitures de restauration en gros pour vous avec des prix d'usine de haute qualit\u00e9 !<\/p>","protected":false},"featured_media":2352,"comment_status":"closed","ping_status":"closed","template":"","meta":{"_acf_changed":true},"application":[30],"product_brand":[],"product_cat":[22,34],"product_tag":[],"class_list":{"0":"post-2351","1":"product","2":"type-product","3":"status-publish","4":"has-post-thumbnail","6":"application-hotel-catering","7":"product_cat-catering-supplies-wholesale","8":"product_cat-wholesale-drink-dispenser","10":"first","11":"instock","12":"shipping-taxable","13":"product-type-simple"},"acf":[],"_links":{"self":[{"href":"https:\/\/www.yongyukitchenware.com\/fr\/wp-json\/wp\/v2\/product\/2351","targetHints":{"allow":["GET"]}}],"collection":[{"href":"https:\/\/www.yongyukitchenware.com\/fr\/wp-json\/wp\/v2\/product"}],"about":[{"href":"https:\/\/www.yongyukitchenware.com\/fr\/wp-json\/wp\/v2\/types\/product"}],"replies":[{"embeddable":true,"href":"https:\/\/www.yongyukitchenware.com\/fr\/wp-json\/wp\/v2\/comments?post=2351"}],"wp:featuredmedia":[{"embeddable":true,"href":"https:\/\/www.yongyukitchenware.com\/fr\/wp-json\/wp\/v2\/media\/2352"}],"wp:attachment":[{"href":"https:\/\/www.yongyukitchenware.com\/fr\/wp-json\/wp\/v2\/media?parent=2351"}],"wp:term":[{"taxonomy":"application","embeddable":true,"href":"https:\/\/www.yongyukitchenware.com\/fr\/wp-json\/wp\/v2\/application?post=2351"},{"taxonomy":"product_brand","embeddable":true,"href":"https:\/\/www.yongyukitchenware.com\/fr\/wp-json\/wp\/v2\/product_brand?post=2351"},{"taxonomy":"product_cat","embeddable":true,"href":"https:\/\/www.yongyukitchenware.com\/fr\/wp-json\/wp\/v2\/product_cat?post=2351"},{"taxonomy":"product_tag","embeddable":true,"href":"https:\/\/www.yongyukitchenware.com\/fr\/wp-json\/wp\/v2\/product_tag?post=2351"}],"curies":[{"name":"wp","href":"https:\/\/api.w.org\/{rel}","templated":true}]}}