{"id":2358,"date":"2024-12-06T13:11:11","date_gmt":"2024-12-06T13:11:11","guid":{"rendered":"https:\/\/www.yongyukitchenware.com\/?post_type=product&#038;p=2358"},"modified":"2025-06-14T07:46:58","modified_gmt":"2025-06-14T07:46:58","slug":"explosion-proof-pressure-cooker-wholesale","status":"publish","type":"product","link":"https:\/\/www.yongyukitchenware.com\/fr\/produit\/explosion-proof-pressure-cooker-wholesale\/","title":{"rendered":"Autocuiseur antid\u00e9flagrant en vrac Autocuiseur commercial en acier inoxydable"},"content":{"rendered":"<div class=\"wp-block-columns is-layout-flex wp-container-core-columns-is-layout-9d6595d7 wp-block-columns-is-layout-flex\">\n<div class=\"wp-block-column is-layout-flow wp-block-column-is-layout-flow\">\n<h2 class=\"wp-block-heading\">Autocuiseur antid\u00e9flagrant Caract\u00e9ristiques :<\/h2>\n\n\n\n<p><strong>Mat\u00e9riau de qualit\u00e9 alimentaire :<\/strong> L'autocuiseur est fabriqu\u00e9 en acier inoxydable de qualit\u00e9 alimentaire et le corps \u00e9pais de la marmite est robuste et durable.<\/p>\n\n\n\n<p><strong>Mijotage \u00e0 haute pression :<\/strong> 90ka haute pression, 50% plus rapide que les marmites ordinaires, conservant la saveur et la nutrition originales des aliments<\/p>\n\n\n\n<p><strong>Multiples protections de s\u00e9curit\u00e9 : <\/strong>L'autocuiseur est \u00e9quip\u00e9 de plusieurs dispositifs de protection tels que la soupape de limitation de la pression, la soupape de s\u00e9curit\u00e9, le verrouillage de l'ouverture et de la fermeture, etc., qui \u00e9vitent efficacement une pression interne excessive et garantissent la s\u00e9curit\u00e9 pendant l'utilisation.<\/p>\n\n\n\n<p><strong>Plusieurs options de capacit\u00e9 :<\/strong> De petites \u00e0 grandes capacit\u00e9s, de 4 \u00e0 50 litres, elles conviennent \u00e0 diff\u00e9rents groupes de personnes et r\u00e9pondent aux besoins de divers sc\u00e9narios, tels que l'utilisation \u00e0 domicile ou dans les restaurants et les commerces.<\/p>\n\n\n\n<p><strong>Facile \u00e0 nettoyer :<\/strong> La surface en acier inoxydable est lisse, n'adh\u00e8re pas facilement aux r\u00e9sidus alimentaires et aux taches, et est facile \u00e0 nettoyer.<\/p>\n\n\n\n<p><strong>Compatible avec une grande vari\u00e9t\u00e9 de po\u00eales : <\/strong>Fond collecteur d'\u00e9nergie en forme d'anneau, conduction rapide de la chaleur, adapt\u00e9 \u00e0 tous les types de po\u00eales<\/p>\n<\/div>\n\n\n\n<div class=\"wp-block-column is-layout-flow wp-block-column-is-layout-flow\">\n<figure class=\"wp-block-image size-full is-style-default\"><img decoding=\"async\" width=\"800\" height=\"800\" src=\"https:\/\/www.yongyukitchenware.com\/wp-content\/uploads\/2024\/11\/Bulk-Explosion-Proof-Pressure-Cooker-5.webp\" alt=\"Cocotte-minute antid\u00e9flagrante-5\" class=\"wp-image-2363\" srcset=\"https:\/\/www.yongyukitchenware.com\/wp-content\/uploads\/2024\/11\/Bulk-Explosion-Proof-Pressure-Cooker-5.webp 800w, https:\/\/www.yongyukitchenware.com\/wp-content\/uploads\/2024\/11\/Bulk-Explosion-Proof-Pressure-Cooker-5-300x300.webp 300w, https:\/\/www.yongyukitchenware.com\/wp-content\/uploads\/2024\/11\/Bulk-Explosion-Proof-Pressure-Cooker-5-150x150.webp 150w, https:\/\/www.yongyukitchenware.com\/wp-content\/uploads\/2024\/11\/Bulk-Explosion-Proof-Pressure-Cooker-5-768x768.webp 768w, https:\/\/www.yongyukitchenware.com\/wp-content\/uploads\/2024\/11\/Bulk-Explosion-Proof-Pressure-Cooker-5-12x12.webp 12w, https:\/\/www.yongyukitchenware.com\/wp-content\/uploads\/2024\/11\/Bulk-Explosion-Proof-Pressure-Cooker-5-600x600.webp 600w, https:\/\/www.yongyukitchenware.com\/wp-content\/uploads\/2024\/11\/Bulk-Explosion-Proof-Pressure-Cooker-5-100x100.webp 100w\" sizes=\"(max-width: 800px) 100vw, 800px\" \/><\/figure>\n<\/div>\n<\/div>\n\n\n\n<div class=\"wp-block-columns is-layout-flex wp-container-core-columns-is-layout-9d6595d7 wp-block-columns-is-layout-flex\">\n<div class=\"wp-block-column is-layout-flow wp-block-column-is-layout-flow\">\n<figure class=\"wp-block-image size-full is-style-default\"><img decoding=\"async\" width=\"800\" height=\"800\" src=\"https:\/\/www.yongyukitchenware.com\/wp-content\/uploads\/2024\/11\/Bulk-Explosion-Proof-Pressure-Cooker-2.webp\" alt=\"Cocotte-minute antid\u00e9flagrante-2\" class=\"wp-image-2360\" style=\"aspect-ratio:1;object-fit:cover\" srcset=\"https:\/\/www.yongyukitchenware.com\/wp-content\/uploads\/2024\/11\/Bulk-Explosion-Proof-Pressure-Cooker-2.webp 800w, https:\/\/www.yongyukitchenware.com\/wp-content\/uploads\/2024\/11\/Bulk-Explosion-Proof-Pressure-Cooker-2-300x300.webp 300w, https:\/\/www.yongyukitchenware.com\/wp-content\/uploads\/2024\/11\/Bulk-Explosion-Proof-Pressure-Cooker-2-150x150.webp 150w, https:\/\/www.yongyukitchenware.com\/wp-content\/uploads\/2024\/11\/Bulk-Explosion-Proof-Pressure-Cooker-2-768x768.webp 768w, https:\/\/www.yongyukitchenware.com\/wp-content\/uploads\/2024\/11\/Bulk-Explosion-Proof-Pressure-Cooker-2-12x12.webp 12w, https:\/\/www.yongyukitchenware.com\/wp-content\/uploads\/2024\/11\/Bulk-Explosion-Proof-Pressure-Cooker-2-600x600.webp 600w, https:\/\/www.yongyukitchenware.com\/wp-content\/uploads\/2024\/11\/Bulk-Explosion-Proof-Pressure-Cooker-2-100x100.webp 100w\" sizes=\"(max-width: 800px) 100vw, 800px\" \/><\/figure>\n<\/div>\n\n\n\n<div class=\"wp-block-column is-layout-flow wp-block-column-is-layout-flow\">\n<h2 class=\"wp-block-heading\">Autocuiseur antid\u00e9flagrant Taille :<\/h2>\n\n\n\n<figure class=\"wp-block-table\"><table class=\"has-fixed-layout\"><tbody><tr><td>Mod\u00e8le<\/td><td>Taille<\/td><td>Capacit\u00e9<\/td><td>MOQ<\/td><\/tr><tr><td rowspan=\"11\">DY001-YLG<\/td><td>20cm<\/td><td>4L<\/td><td rowspan=\"11\">10PCS<\/td><\/tr><tr><td>22cm<\/td><td>6L<\/td><\/tr><tr><td>24cm<\/td><td>7L<\/td><\/tr><tr><td>26cm<\/td><td>9L<\/td><\/tr><tr><td>28cm<\/td><td>11L<\/td><\/tr><tr><td>30cm<\/td><td>15L<\/td><\/tr><tr><td>32cm<\/td><td>20L<\/td><\/tr><tr><td>34cm<\/td><td>25L<\/td><\/tr><tr><td>36cm<\/td><td>30L<\/td><\/tr><tr><td>40cm<\/td><td>40L<\/td><\/tr><tr><td>44cm<\/td><td>50L<\/td><\/tr><\/tbody><\/table><\/figure>\n<\/div>\n<\/div>","protected":false},"excerpt":{"rendered":"<p>Autocuiseurs antid\u00e9flagrants en gros et sur mesure, de la petite \u00e0 la grande capacit\u00e9 de 4 \u00e0 50 litres, en acier inoxydable de haute qualit\u00e9 et s\u00e9curit\u00e9, convenant \u00e0 un usage domestique ou commercial. Ventes directes d'usine, remises importantes et garantie de haute qualit\u00e9, n'h\u00e9sitez pas \u00e0 nous consulter.<\/p>\n<h2>Autocuiseur antid\u00e9flagrant Attribut :<\/h2>\n<p><strong>Mat\u00e9riau :<\/strong> acier inoxydable<br \/><strong>Tailles :<\/strong> 4-50L<br \/><strong>Conception : <\/strong>polissage miroir, couvercle antid\u00e9flagrant et double poign\u00e9e<br \/><strong>Po\u00eales :<\/strong> cuisini\u00e8re \u00e0 gaz, plaque \u00e0 induction, etc.<br \/><strong>OEM\/ODM :<\/strong> facultatif<\/p>\n<div id=\"brxe-2aeb5b\" class=\"brxe-product-short-description brxe-text-basic\">\n<div class=\"woocommerce-product-details__short-description\">\n<h2 class=\"wp-block-heading\">Fabricant d'ustensiles de cuisine Yongyu :<\/h2>\n<p>Yongyu est un fabricant professionnel d'ustensiles de cuisine en Chine. Nous produisons toutes sortes d'ustensiles de cuisine en acier inoxydable, tels que des cuiseurs de nouilles, des po\u00eales \u00e0 frire, des autocuiseurs, etc.<\/p>\n<\/div>\n<\/div>","protected":false},"featured_media":2359,"comment_status":"closed","ping_status":"closed","template":"","meta":{"_acf_changed":true},"application":[29],"product_brand":[],"product_cat":[23,39],"product_tag":[],"class_list":{"0":"post-2358","1":"product","2":"type-product","3":"status-publish","4":"has-post-thumbnail","6":"application-home-kitchen","7":"product_cat-kitchenware-wholesale","8":"product_cat-pressure-cooker-wholesale","10":"first","11":"instock","12":"shipping-taxable","13":"product-type-simple"},"acf":[],"_links":{"self":[{"href":"https:\/\/www.yongyukitchenware.com\/fr\/wp-json\/wp\/v2\/product\/2358","targetHints":{"allow":["GET"]}}],"collection":[{"href":"https:\/\/www.yongyukitchenware.com\/fr\/wp-json\/wp\/v2\/product"}],"about":[{"href":"https:\/\/www.yongyukitchenware.com\/fr\/wp-json\/wp\/v2\/types\/product"}],"replies":[{"embeddable":true,"href":"https:\/\/www.yongyukitchenware.com\/fr\/wp-json\/wp\/v2\/comments?post=2358"}],"wp:featuredmedia":[{"embeddable":true,"href":"https:\/\/www.yongyukitchenware.com\/fr\/wp-json\/wp\/v2\/media\/2359"}],"wp:attachment":[{"href":"https:\/\/www.yongyukitchenware.com\/fr\/wp-json\/wp\/v2\/media?parent=2358"}],"wp:term":[{"taxonomy":"application","embeddable":true,"href":"https:\/\/www.yongyukitchenware.com\/fr\/wp-json\/wp\/v2\/application?post=2358"},{"taxonomy":"product_brand","embeddable":true,"href":"https:\/\/www.yongyukitchenware.com\/fr\/wp-json\/wp\/v2\/product_brand?post=2358"},{"taxonomy":"product_cat","embeddable":true,"href":"https:\/\/www.yongyukitchenware.com\/fr\/wp-json\/wp\/v2\/product_cat?post=2358"},{"taxonomy":"product_tag","embeddable":true,"href":"https:\/\/www.yongyukitchenware.com\/fr\/wp-json\/wp\/v2\/product_tag?post=2358"}],"curies":[{"name":"wp","href":"https:\/\/api.w.org\/{rel}","templated":true}]}}