{"id":2372,"date":"2024-12-06T16:28:16","date_gmt":"2024-12-06T16:28:16","guid":{"rendered":"https:\/\/www.yongyukitchenware.com\/?post_type=product&#038;p=2372"},"modified":"2025-06-14T07:40:08","modified_gmt":"2025-06-14T07:40:08","slug":"stainless-steel-pressure-cooker-wholesale","status":"publish","type":"product","link":"https:\/\/www.yongyukitchenware.com\/fr\/produit\/stainless-steel-pressure-cooker-wholesale\/","title":{"rendered":"Autocuiseur sur mesure en acier inoxydable 15-80L"},"content":{"rendered":"<div class=\"wp-block-columns is-layout-flex wp-container-core-columns-is-layout-9d6595d7 wp-block-columns-is-layout-flex\">\n<div class=\"wp-block-column is-layout-flow wp-block-column-is-layout-flow\">\n<h2 class=\"wp-block-heading\">Acier inoxydable Taille de l'autocuiseur :<\/h2>\n\n\n\n<figure class=\"wp-block-table\"><table class=\"has-fixed-layout\"><tbody><tr><td>Mod\u00e8le<\/td><td>Taille<\/td><td>Capacit\u00e9<\/td><td>MOQ<\/td><\/tr><tr><td rowspan=\"8\">DY002-YLG<\/td><td>30CM<\/td><td>15L<\/td><td rowspan=\"8\">10PCS<\/td><\/tr><tr><td>32CM<\/td><td>20L<\/td><\/tr><tr><td>34CM<\/td><td>25L<\/td><\/tr><tr><td>36CM<\/td><td>30L<\/td><\/tr><tr><td>38CM<\/td><td>35L<\/td><\/tr><tr><td>42CM<\/td><td>40L<\/td><\/tr><tr><td>46CM<\/td><td>55L<\/td><\/tr><tr><td>52CM<\/td><td>80L<\/td><\/tr><\/tbody><\/table><\/figure>\n<\/div>\n\n\n\n<div class=\"wp-block-column is-layout-flow wp-block-column-is-layout-flow\">\n<figure class=\"wp-block-image size-full is-style-default\"><img decoding=\"async\" width=\"800\" height=\"800\" src=\"https:\/\/www.yongyukitchenware.com\/wp-content\/uploads\/2024\/11\/Custom-Stainless-Steel-Pressure-Cooker-7.webp\" alt=\"Cocotte-minute en acier inoxydable sur mesure-7\" class=\"wp-image-2379\" srcset=\"https:\/\/www.yongyukitchenware.com\/wp-content\/uploads\/2024\/11\/Custom-Stainless-Steel-Pressure-Cooker-7.webp 800w, https:\/\/www.yongyukitchenware.com\/wp-content\/uploads\/2024\/11\/Custom-Stainless-Steel-Pressure-Cooker-7-300x300.webp 300w, https:\/\/www.yongyukitchenware.com\/wp-content\/uploads\/2024\/11\/Custom-Stainless-Steel-Pressure-Cooker-7-150x150.webp 150w, https:\/\/www.yongyukitchenware.com\/wp-content\/uploads\/2024\/11\/Custom-Stainless-Steel-Pressure-Cooker-7-768x768.webp 768w, https:\/\/www.yongyukitchenware.com\/wp-content\/uploads\/2024\/11\/Custom-Stainless-Steel-Pressure-Cooker-7-12x12.webp 12w, https:\/\/www.yongyukitchenware.com\/wp-content\/uploads\/2024\/11\/Custom-Stainless-Steel-Pressure-Cooker-7-600x600.webp 600w, https:\/\/www.yongyukitchenware.com\/wp-content\/uploads\/2024\/11\/Custom-Stainless-Steel-Pressure-Cooker-7-100x100.webp 100w\" sizes=\"(max-width: 800px) 100vw, 800px\" \/><\/figure>\n<\/div>\n<\/div>\n\n\n\n<div class=\"wp-block-columns is-layout-flex wp-container-core-columns-is-layout-9d6595d7 wp-block-columns-is-layout-flex\">\n<div class=\"wp-block-column is-layout-flow wp-block-column-is-layout-flow\">\n<figure class=\"wp-block-image size-full is-style-default\"><img decoding=\"async\" width=\"800\" height=\"800\" src=\"https:\/\/www.yongyukitchenware.com\/wp-content\/uploads\/2024\/11\/Custom-Stainless-Steel-Pressure-Cooker-6.webp\" alt=\"Cocotte-minute en acier inoxydable sur mesure-6\" class=\"wp-image-2378\" style=\"aspect-ratio:1;object-fit:cover\" srcset=\"https:\/\/www.yongyukitchenware.com\/wp-content\/uploads\/2024\/11\/Custom-Stainless-Steel-Pressure-Cooker-6.webp 800w, https:\/\/www.yongyukitchenware.com\/wp-content\/uploads\/2024\/11\/Custom-Stainless-Steel-Pressure-Cooker-6-300x300.webp 300w, https:\/\/www.yongyukitchenware.com\/wp-content\/uploads\/2024\/11\/Custom-Stainless-Steel-Pressure-Cooker-6-150x150.webp 150w, https:\/\/www.yongyukitchenware.com\/wp-content\/uploads\/2024\/11\/Custom-Stainless-Steel-Pressure-Cooker-6-768x768.webp 768w, https:\/\/www.yongyukitchenware.com\/wp-content\/uploads\/2024\/11\/Custom-Stainless-Steel-Pressure-Cooker-6-12x12.webp 12w, https:\/\/www.yongyukitchenware.com\/wp-content\/uploads\/2024\/11\/Custom-Stainless-Steel-Pressure-Cooker-6-600x600.webp 600w, https:\/\/www.yongyukitchenware.com\/wp-content\/uploads\/2024\/11\/Custom-Stainless-Steel-Pressure-Cooker-6-100x100.webp 100w\" sizes=\"(max-width: 800px) 100vw, 800px\" \/><\/figure>\n<\/div>\n\n\n\n<div class=\"wp-block-column is-layout-flow wp-block-column-is-layout-flow\">\n<h2 class=\"wp-block-heading\">Autocuiseur en acier inoxydable Caract\u00e9ristiques :<\/h2>\n\n\n\n<p><strong>Acier inoxydable de haute qualit\u00e9 :<\/strong> Fabriqu\u00e9 en acier inoxydable durable de qualit\u00e9 alimentaire, r\u00e9sistant \u00e0 l'usure, lisse et facile \u00e0 nettoyer.<br><br><strong>Cuisson \u00e0 haute pression : <\/strong>90ka haute pression, cuisson efficace 50% plus rapide, conservation du go\u00fbt et de la valeur nutritive des aliments.<br>Grande capacit\u00e9 : une capacit\u00e9 de 15 \u00e0 80 litres est disponible en option et convient \u00e0 de nombreuses occasions domestiques et commerciales.<br><br><strong>Protection multiple de la s\u00e9curit\u00e9 : <\/strong>L'autocuiseur est \u00e9quip\u00e9 d'une double soupape de limitation de la pression antid\u00e9flagrante, d'un dispositif de verrouillage de l'ouverture et de la fermeture du bouton, d'une soupape d'alarme, etc.<br><br><strong>Application avec une vari\u00e9t\u00e9 de po\u00eales : <\/strong>Fond collecteur d'\u00e9nergie en forme d'anneau, conduction rapide de la chaleur, adapt\u00e9 \u00e0 diff\u00e9rents types de po\u00eales, conduction rapide de la chaleur, adapt\u00e9 \u00e0 tous les types de po\u00eales<\/p>\n<\/div>\n<\/div>","protected":false},"excerpt":{"rendered":"<p>Vente en gros et sur mesure d'autocuiseurs en acier inoxydable par un fournisseur d'ustensiles de cuisine. Disponibles dans une large gamme de tailles de 15 \u00e0 80 litres pour r\u00e9pondre aux diff\u00e9rents besoins des cuisines commerciales. Des remises importantes sont accord\u00e9es pour les commandes en gros. N'h\u00e9sitez pas \u00e0 nous contacter pour obtenir un devis gratuit.<\/p>\n<h2>Autocuiseur en acier inoxydable Attribut :<\/h2>\n<p><strong>Mat\u00e9riau :<\/strong> acier inoxydable<br \/><strong>Tailles :<\/strong> 15-80L<br \/><strong>Conception :<\/strong> polissage miroir, couvercle antid\u00e9flagrant et double poign\u00e9e<br \/><strong>Po\u00eales<\/strong>Les appareils de cuisson : cuisini\u00e8re \u00e0 gaz, plaque \u00e0 induction, etc.<br \/><strong>OEM\/ODM :<\/strong> facultatif<\/p>\n<h2 class=\"wp-block-heading\">Fabricant d'ustensiles de cuisine Yongyu :<\/h2>\n<p>Yongyu est un fabricant professionnel d'ustensiles de cuisine en Chine. Nous produisons toutes sortes d'ustensiles de cuisine en acier inoxydable, tels que des cuiseurs de nouilles, des po\u00eales \u00e0 frire, des autocuiseurs, etc.<\/p>","protected":false},"featured_media":2373,"comment_status":"closed","ping_status":"closed","template":"","meta":{"_acf_changed":true},"application":[29],"product_brand":[],"product_cat":[23,39],"product_tag":[],"class_list":{"0":"post-2372","1":"product","2":"type-product","3":"status-publish","4":"has-post-thumbnail","6":"application-home-kitchen","7":"product_cat-kitchenware-wholesale","8":"product_cat-pressure-cooker-wholesale","10":"first","11":"instock","12":"shipping-taxable","13":"product-type-simple"},"acf":[],"_links":{"self":[{"href":"https:\/\/www.yongyukitchenware.com\/fr\/wp-json\/wp\/v2\/product\/2372","targetHints":{"allow":["GET"]}}],"collection":[{"href":"https:\/\/www.yongyukitchenware.com\/fr\/wp-json\/wp\/v2\/product"}],"about":[{"href":"https:\/\/www.yongyukitchenware.com\/fr\/wp-json\/wp\/v2\/types\/product"}],"replies":[{"embeddable":true,"href":"https:\/\/www.yongyukitchenware.com\/fr\/wp-json\/wp\/v2\/comments?post=2372"}],"wp:featuredmedia":[{"embeddable":true,"href":"https:\/\/www.yongyukitchenware.com\/fr\/wp-json\/wp\/v2\/media\/2373"}],"wp:attachment":[{"href":"https:\/\/www.yongyukitchenware.com\/fr\/wp-json\/wp\/v2\/media?parent=2372"}],"wp:term":[{"taxonomy":"application","embeddable":true,"href":"https:\/\/www.yongyukitchenware.com\/fr\/wp-json\/wp\/v2\/application?post=2372"},{"taxonomy":"product_brand","embeddable":true,"href":"https:\/\/www.yongyukitchenware.com\/fr\/wp-json\/wp\/v2\/product_brand?post=2372"},{"taxonomy":"product_cat","embeddable":true,"href":"https:\/\/www.yongyukitchenware.com\/fr\/wp-json\/wp\/v2\/product_cat?post=2372"},{"taxonomy":"product_tag","embeddable":true,"href":"https:\/\/www.yongyukitchenware.com\/fr\/wp-json\/wp\/v2\/product_tag?post=2372"}],"curies":[{"name":"wp","href":"https:\/\/api.w.org\/{rel}","templated":true}]}}