{"id":2394,"date":"2024-12-06T16:56:00","date_gmt":"2024-12-06T16:56:00","guid":{"rendered":"https:\/\/www.yongyukitchenware.com\/?post_type=product&#038;p=2394"},"modified":"2025-06-14T07:27:25","modified_gmt":"2025-06-14T07:27:25","slug":"camping-bowl-wholesale","status":"publish","type":"product","link":"https:\/\/www.yongyukitchenware.com\/fr\/produit\/camping-bowl-wholesale\/","title":{"rendered":"Wholesale Stainless Steel Camping Bowl with Bag Portable Sierra Cup Set"},"content":{"rendered":"<div class=\"wp-block-columns is-layout-flex wp-container-core-columns-is-layout-9d6595d7 wp-block-columns-is-layout-flex\">\n<div class=\"wp-block-column is-layout-flow wp-block-column-is-layout-flow\">\n<h2 class=\"wp-block-heading\">Bol de camping Caract\u00e9ristiques :<\/h2>\n\n\n\n<p><strong>Mat\u00e9riaux \u00e9cologiques<\/strong>:<strong> <\/strong>Bol de camping en acier inoxydable 304 de qualit\u00e9 alimentaire, mat\u00e9riau sain, sans odeur, durable.<br><strong>Facile \u00e0 nettoyer :<\/strong> La surface en acier inoxydable est lisse, ne cache pas facilement la salet\u00e9 et est facile \u00e0 nettoyer. Pour le nettoyage en ext\u00e9rieur, le gain de temps et d'efforts est consid\u00e9rable.<br><strong>Multifonctionnel :<\/strong> Le bol de camping en acier inoxydable peut \u00eatre utilis\u00e9 non seulement pour contenir des aliments, mais aussi comme petit r\u00e9cipient de cuisson pour r\u00e9chauffer les aliments.<br><strong>Conception de l'\u00e9chelle des capacit\u00e9s :<\/strong> Les bols de camping en acier inoxydable sont des r\u00e9cipients parfaits pour cuisiner et mesurer. La ligne de mesure gradu\u00e9e et la poign\u00e9e robuste permettent de mesurer et de basculer avec pr\u00e9cision.<\/p>\n<\/div>\n\n\n\n<div class=\"wp-block-column is-layout-flow wp-block-column-is-layout-flow\">\n<div class=\"wp-block-columns is-layout-flex wp-container-core-columns-is-layout-9d6595d7 wp-block-columns-is-layout-flex\">\n<div class=\"wp-block-column is-layout-flow wp-block-column-is-layout-flow\"><div class=\"wp-block-image\">\n<figure class=\"aligncenter size-full is-resized\"><img decoding=\"async\" width=\"800\" height=\"800\" src=\"https:\/\/www.yongyukitchenware.com\/wp-content\/uploads\/2024\/11\/Wholesale-Stainless-steel-camping-bowl-2.webp\" alt=\"Grossiste-Bol de camping en acier inoxydable-2\" class=\"wp-image-2396\" style=\"width:416px;height:auto\" srcset=\"https:\/\/www.yongyukitchenware.com\/wp-content\/uploads\/2024\/11\/Wholesale-Stainless-steel-camping-bowl-2.webp 800w, https:\/\/www.yongyukitchenware.com\/wp-content\/uploads\/2024\/11\/Wholesale-Stainless-steel-camping-bowl-2-300x300.webp 300w, https:\/\/www.yongyukitchenware.com\/wp-content\/uploads\/2024\/11\/Wholesale-Stainless-steel-camping-bowl-2-150x150.webp 150w, https:\/\/www.yongyukitchenware.com\/wp-content\/uploads\/2024\/11\/Wholesale-Stainless-steel-camping-bowl-2-768x768.webp 768w, https:\/\/www.yongyukitchenware.com\/wp-content\/uploads\/2024\/11\/Wholesale-Stainless-steel-camping-bowl-2-12x12.webp 12w, https:\/\/www.yongyukitchenware.com\/wp-content\/uploads\/2024\/11\/Wholesale-Stainless-steel-camping-bowl-2-600x600.webp 600w, https:\/\/www.yongyukitchenware.com\/wp-content\/uploads\/2024\/11\/Wholesale-Stainless-steel-camping-bowl-2-100x100.webp 100w\" sizes=\"(max-width: 800px) 100vw, 800px\" \/><\/figure>\n<\/div><\/div>\n<\/div>\n<\/div>\n<\/div>\n\n\n\n<h2 class=\"wp-block-heading\">Taille du bol de camping :<\/h2>\n\n\n\n<figure class=\"wp-block-table\"><table class=\"has-fixed-layout\"><tbody><tr><td>Mod\u00e8le<\/td><td>Longueur * Hauteur (cm)<\/td><td>Capacit\u00e9<\/td><td>MOQ<\/td><\/tr><tr><td rowspan=\"2\">DY018-YC<\/td><td>12*5.5CM<\/td><td>400ml<\/td><td rowspan=\"2\">200PCS<\/td><\/tr><tr><td>14*6.5CM<\/td><td>600ml<\/td><\/tr><\/tbody><\/table><\/figure>\n\n\n\n<p><\/p>","protected":false},"excerpt":{"rendered":"<p>Les bols de camping en gros, avec sacs \u00e0 fermeture \u00e9clair, peuvent \u00eatre empil\u00e9s et chauff\u00e9s directement dans le r\u00e9chaud, un must pour le camping. Nous proposons des solutions personnalis\u00e9es \u00e0 des prix d'usine, n'h\u00e9sitez pas \u00e0 nous contacter.<\/p>\n<h2 style=\"text-align: left\">Bol de camping Param\u00e8tre :<\/h2>\n<p style=\"text-align: left\"><strong>Mat\u00e9riau :<\/strong> Acier inoxydable<br \/><strong>Couleur :<\/strong> Argent<br \/><strong>Types : <\/strong>Empilable et avec sac de rangement<br \/><strong>OEM\/ODM :<\/strong> Disponible<\/p>\n<h2 class=\"wp-block-heading\">De Camping Kitchen Essentials Fabricant :<\/h2>\n<p>Yongyu est un fabricant professionnel d'articles de cuisine de camping, nos produits couvrent toutes sortes d'articles de cuisine de camping en acier inoxydable, tels que le mat\u00e9riel de cuisine de camping, la vaisselle de camping, les grilles de barbecue, etc.<\/p>","protected":false},"featured_media":2395,"comment_status":"closed","ping_status":"closed","template":"","meta":{"_acf_changed":true},"application":[31],"product_brand":[],"product_cat":[18],"product_tag":[],"class_list":{"0":"post-2394","1":"product","2":"type-product","3":"status-publish","4":"has-post-thumbnail","6":"application-champ-kitchen","7":"product_cat-camping-kitchen-essentials-wholesale","9":"first","10":"instock","11":"shipping-taxable","12":"product-type-simple"},"acf":[],"_links":{"self":[{"href":"https:\/\/www.yongyukitchenware.com\/fr\/wp-json\/wp\/v2\/product\/2394","targetHints":{"allow":["GET"]}}],"collection":[{"href":"https:\/\/www.yongyukitchenware.com\/fr\/wp-json\/wp\/v2\/product"}],"about":[{"href":"https:\/\/www.yongyukitchenware.com\/fr\/wp-json\/wp\/v2\/types\/product"}],"replies":[{"embeddable":true,"href":"https:\/\/www.yongyukitchenware.com\/fr\/wp-json\/wp\/v2\/comments?post=2394"}],"wp:featuredmedia":[{"embeddable":true,"href":"https:\/\/www.yongyukitchenware.com\/fr\/wp-json\/wp\/v2\/media\/2395"}],"wp:attachment":[{"href":"https:\/\/www.yongyukitchenware.com\/fr\/wp-json\/wp\/v2\/media?parent=2394"}],"wp:term":[{"taxonomy":"application","embeddable":true,"href":"https:\/\/www.yongyukitchenware.com\/fr\/wp-json\/wp\/v2\/application?post=2394"},{"taxonomy":"product_brand","embeddable":true,"href":"https:\/\/www.yongyukitchenware.com\/fr\/wp-json\/wp\/v2\/product_brand?post=2394"},{"taxonomy":"product_cat","embeddable":true,"href":"https:\/\/www.yongyukitchenware.com\/fr\/wp-json\/wp\/v2\/product_cat?post=2394"},{"taxonomy":"product_tag","embeddable":true,"href":"https:\/\/www.yongyukitchenware.com\/fr\/wp-json\/wp\/v2\/product_tag?post=2394"}],"curies":[{"name":"wp","href":"https:\/\/api.w.org\/{rel}","templated":true}]}}