{"id":2427,"date":"2024-12-06T17:24:33","date_gmt":"2024-12-06T17:24:33","guid":{"rendered":"https:\/\/www.yongyukitchenware.com\/?post_type=product&#038;p=2427"},"modified":"2025-06-14T07:30:08","modified_gmt":"2025-06-14T07:30:08","slug":"wholesale-stainless-steel-cup","status":"publish","type":"product","link":"https:\/\/www.yongyukitchenware.com\/fr\/produit\/wholesale-stainless-steel-cup\/","title":{"rendered":"Tasse en acier inoxydable avec poign\u00e9e pliante pour le camping"},"content":{"rendered":"<div class=\"wp-block-columns is-layout-flex wp-container-core-columns-is-layout-9d6595d7 wp-block-columns-is-layout-flex\">\n<div class=\"wp-block-column is-layout-flow wp-block-column-is-layout-flow\">\n<h2 class=\"wp-block-heading\">Tasse en acier inoxydable avec poign\u00e9e pliante Caract\u00e9ristiques :<\/h2>\n\n\n\n<p><strong>Mat\u00e9riaux \u00e9cologiques\uff1a<\/strong>Tasse de camping en acier inoxydable 304 de qualit\u00e9 alimentaire, mat\u00e9riau sain, sans odeur, durable.<br><br><strong>Deux capacit\u00e9s sont disponibles :<\/strong> Les gobelets de camping ont une capacit\u00e9 de 350 ml et de 500 ml pour r\u00e9pondre \u00e0 diff\u00e9rents besoins.<br><br><strong>Facile \u00e0 nettoyer :<\/strong> la surface en acier inoxydable est lisse, facile \u00e0 nettoyer, ne favorise pas la prolif\u00e9ration des bact\u00e9ries, convient \u00e0 une utilisation en ext\u00e9rieur<br><br><strong>Portable et facile \u00e0 ranger : <\/strong>gobelet de camping avec poign\u00e9e pliable, confortable \u00e0 tenir mais aussi pratique \u00e0 ranger, plusieurs gobelets peuvent \u00eatre empil\u00e9s, ne prennent pas de place<\/p>\n<\/div>\n\n\n\n<div class=\"wp-block-column is-layout-flow wp-block-column-is-layout-flow\">\n<figure class=\"wp-block-gallery has-nested-images columns-default is-cropped wp-block-gallery-1 is-layout-flex wp-block-gallery-is-layout-flex\">\n<figure class=\"wp-block-image size-large\"><img decoding=\"async\" width=\"800\" height=\"800\" data-id=\"2432\" src=\"https:\/\/www.yongyukitchenware.com\/wp-content\/uploads\/2024\/11\/Wholesale-Stainless-Steel-Cup-5.webp\" alt=\"Grossiste-Coupe en acier inoxydable-5\" class=\"wp-image-2432\" srcset=\"https:\/\/www.yongyukitchenware.com\/wp-content\/uploads\/2024\/11\/Wholesale-Stainless-Steel-Cup-5.webp 800w, https:\/\/www.yongyukitchenware.com\/wp-content\/uploads\/2024\/11\/Wholesale-Stainless-Steel-Cup-5-300x300.webp 300w, https:\/\/www.yongyukitchenware.com\/wp-content\/uploads\/2024\/11\/Wholesale-Stainless-Steel-Cup-5-150x150.webp 150w, https:\/\/www.yongyukitchenware.com\/wp-content\/uploads\/2024\/11\/Wholesale-Stainless-Steel-Cup-5-768x768.webp 768w, https:\/\/www.yongyukitchenware.com\/wp-content\/uploads\/2024\/11\/Wholesale-Stainless-Steel-Cup-5-12x12.webp 12w, https:\/\/www.yongyukitchenware.com\/wp-content\/uploads\/2024\/11\/Wholesale-Stainless-Steel-Cup-5-600x600.webp 600w, https:\/\/www.yongyukitchenware.com\/wp-content\/uploads\/2024\/11\/Wholesale-Stainless-Steel-Cup-5-100x100.webp 100w\" sizes=\"(max-width: 800px) 100vw, 800px\" \/><\/figure>\n<\/figure>\n<\/div>\n<\/div>\n\n\n\n<div class=\"wp-block-columns is-layout-flex wp-container-core-columns-is-layout-9d6595d7 wp-block-columns-is-layout-flex\">\n<div class=\"wp-block-column is-layout-flow wp-block-column-is-layout-flow\">\n<figure class=\"wp-block-image size-full\"><img decoding=\"async\" width=\"800\" height=\"800\" src=\"https:\/\/www.yongyukitchenware.com\/wp-content\/uploads\/2024\/11\/Wholesale-Stainless-Steel-Cup-8.webp\" alt=\"Grossiste-Tasse en acier inoxydable-8\" class=\"wp-image-2435\" srcset=\"https:\/\/www.yongyukitchenware.com\/wp-content\/uploads\/2024\/11\/Wholesale-Stainless-Steel-Cup-8.webp 800w, https:\/\/www.yongyukitchenware.com\/wp-content\/uploads\/2024\/11\/Wholesale-Stainless-Steel-Cup-8-300x300.webp 300w, https:\/\/www.yongyukitchenware.com\/wp-content\/uploads\/2024\/11\/Wholesale-Stainless-Steel-Cup-8-150x150.webp 150w, https:\/\/www.yongyukitchenware.com\/wp-content\/uploads\/2024\/11\/Wholesale-Stainless-Steel-Cup-8-768x768.webp 768w, https:\/\/www.yongyukitchenware.com\/wp-content\/uploads\/2024\/11\/Wholesale-Stainless-Steel-Cup-8-12x12.webp 12w, https:\/\/www.yongyukitchenware.com\/wp-content\/uploads\/2024\/11\/Wholesale-Stainless-Steel-Cup-8-600x600.webp 600w, https:\/\/www.yongyukitchenware.com\/wp-content\/uploads\/2024\/11\/Wholesale-Stainless-Steel-Cup-8-100x100.webp 100w\" sizes=\"(max-width: 800px) 100vw, 800px\" \/><\/figure>\n<\/div>\n\n\n\n<div class=\"wp-block-column is-layout-flow wp-block-column-is-layout-flow\">\n<h2 class=\"wp-block-heading\">Acier inoxydable Taille de la tasse :<\/h2>\n\n\n\n<figure class=\"wp-block-table\"><table class=\"has-fixed-layout\"><tbody><tr><td>Mod\u00e8le<\/td><td>Capacit\u00e9<\/td><td>MOQ<\/td><\/tr><tr><td rowspan=\"2\">DY020-YC<\/td><td>350ml<\/td><td rowspan=\"2\">200PCS<\/td><\/tr><tr><td>500ml<\/td><\/tr><\/tbody><\/table><\/figure>\n<\/div>\n<\/div>\n\n\n\n<p><\/p>","protected":false},"excerpt":{"rendered":"<p>Bienvenue sur le march\u00e9 de la vente en gros et de la personnalisation de gobelets en acier inoxydable pour le camping. La poign\u00e9e pliante peut \u00eatre empil\u00e9e, ce qui en fait l'accessoire de camping le plus populaire. D'autres produits \u00e0 prix d'usine peuvent \u00eatre consult\u00e9s.<\/p>\n<h2 style=\"text-align: left\">Acier inoxydable Param\u00e8tre du gobelet :<\/h2>\n<p style=\"text-align: left\"><strong>Mat\u00e9riau :<\/strong> Acier inoxydable<br \/><strong>Couleur :<\/strong> Argent<br \/><strong>Conception : <\/strong>avec poign\u00e9e pliante et sac<br \/><strong>OEM\/ODM :<\/strong> Disponible<\/p>\n<h2 class=\"wp-block-heading\">De Camping Kitchen Essentials Fabricant :<\/h2>\n<p>Yongyu est un fabricant professionnel d'articles de cuisine de camping, nos produits couvrent toutes sortes d'articles de cuisine de camping en acier inoxydable, tels que le mat\u00e9riel de cuisine de camping, la vaisselle de camping, les grilles de barbecue, etc.<\/p>","protected":false},"featured_media":2428,"comment_status":"closed","ping_status":"closed","template":"","meta":{"_acf_changed":false},"application":[31],"product_brand":[],"product_cat":[18],"product_tag":[],"class_list":{"0":"post-2427","1":"product","2":"type-product","3":"status-publish","4":"has-post-thumbnail","6":"application-champ-kitchen","7":"product_cat-camping-kitchen-essentials-wholesale","9":"first","10":"instock","11":"shipping-taxable","12":"product-type-simple"},"acf":[],"_links":{"self":[{"href":"https:\/\/www.yongyukitchenware.com\/fr\/wp-json\/wp\/v2\/product\/2427","targetHints":{"allow":["GET"]}}],"collection":[{"href":"https:\/\/www.yongyukitchenware.com\/fr\/wp-json\/wp\/v2\/product"}],"about":[{"href":"https:\/\/www.yongyukitchenware.com\/fr\/wp-json\/wp\/v2\/types\/product"}],"replies":[{"embeddable":true,"href":"https:\/\/www.yongyukitchenware.com\/fr\/wp-json\/wp\/v2\/comments?post=2427"}],"wp:featuredmedia":[{"embeddable":true,"href":"https:\/\/www.yongyukitchenware.com\/fr\/wp-json\/wp\/v2\/media\/2428"}],"wp:attachment":[{"href":"https:\/\/www.yongyukitchenware.com\/fr\/wp-json\/wp\/v2\/media?parent=2427"}],"wp:term":[{"taxonomy":"application","embeddable":true,"href":"https:\/\/www.yongyukitchenware.com\/fr\/wp-json\/wp\/v2\/application?post=2427"},{"taxonomy":"product_brand","embeddable":true,"href":"https:\/\/www.yongyukitchenware.com\/fr\/wp-json\/wp\/v2\/product_brand?post=2427"},{"taxonomy":"product_cat","embeddable":true,"href":"https:\/\/www.yongyukitchenware.com\/fr\/wp-json\/wp\/v2\/product_cat?post=2427"},{"taxonomy":"product_tag","embeddable":true,"href":"https:\/\/www.yongyukitchenware.com\/fr\/wp-json\/wp\/v2\/product_tag?post=2427"}],"curies":[{"name":"wp","href":"https:\/\/api.w.org\/{rel}","templated":true}]}}