{"id":2438,"date":"2024-12-17T11:56:47","date_gmt":"2024-12-17T11:56:47","guid":{"rendered":"https:\/\/www.yongyukitchenware.com\/?post_type=product&#038;p=2438"},"modified":"2025-06-14T07:33:00","modified_gmt":"2025-06-14T07:33:00","slug":"wholesale-camping-plate","status":"publish","type":"product","link":"https:\/\/www.yongyukitchenware.com\/fr\/produit\/wholesale-camping-plate\/","title":{"rendered":"Po\u00eale \u00e0 frire en acier inoxydable Gold Silver Wholesale Camping Plate"},"content":{"rendered":"<div class=\"wp-block-columns is-layout-flex wp-container-core-columns-is-layout-9d6595d7 wp-block-columns-is-layout-flex\">\n<div class=\"wp-block-column is-layout-flow wp-block-column-is-layout-flow\">\n<h2 class=\"wp-block-heading\">Assiette de camping Caract\u00e9ristiques :<\/h2>\n\n\n\n<p><strong>Mat\u00e9riaux \u00e9cologiques :<\/strong> Fabriqu\u00e9 en acier inoxydable 304 de qualit\u00e9 alimentaire, il peut chauffer uniform\u00e9ment, est r\u00e9sistant \u00e0 l'usure et facile \u00e0 nettoyer.<\/p>\n\n\n\n<p><strong>Poign\u00e9e renforc\u00e9e : <\/strong>poign\u00e9e en acier inoxydable \u00e9paissi, renforc\u00e9e par des rivets, bonne capacit\u00e9 de charge<\/p>\n\n\n\n<p><strong>Conception de l'ar\u00eate roulante : <\/strong>bords arrondis et lisses, faciles \u00e0 transporter et \u00e9vitant les blessures aux mains<\/p>\n\n\n\n<p><strong>Conception \u00e0 fond plat : <\/strong>fond plat, bien plac\u00e9, peut \u00eatre chauff\u00e9 directement<\/p>\n\n\n\n<p><strong>Plusieurs options de taille : <\/strong>Trois tailles, de la plus petite \u00e0 la plus grande, sont disponibles et conviennent \u00e0 des aliments de diff\u00e9rentes capacit\u00e9s.<\/p>\n\n\n\n<h2 class=\"wp-block-heading\">Plateau en acier inoxydable avec poign\u00e9e Taille :<\/h2>\n\n\n\n<figure class=\"wp-block-table\"><table class=\"has-fixed-layout\"><tbody><tr><td>Mod\u00e8le<\/td><td>Longueur * Hauteur (cm)<\/td><td>MOQ<\/td><\/tr><tr><td rowspan=\"3\">DY011-YC<\/td><td>19*3cm<\/td><td rowspan=\"3\">200PCS<\/td><\/tr><tr><td>21*3cm<\/td><\/tr><tr><td>24*3cm<\/td><\/tr><\/tbody><\/table><\/figure>\n<\/div>\n\n\n\n<div class=\"wp-block-column is-layout-flow wp-block-column-is-layout-flow\">\n<div class=\"wp-block-columns is-layout-flex wp-container-core-columns-is-layout-9d6595d7 wp-block-columns-is-layout-flex\">\n<div class=\"wp-block-column is-layout-flow wp-block-column-is-layout-flow\"><div class=\"wp-block-image\">\n<figure class=\"aligncenter size-full is-resized\"><img decoding=\"async\" width=\"800\" height=\"800\" src=\"https:\/\/www.yongyukitchenware.com\/wp-content\/uploads\/2024\/11\/Custom-Stainless-Steel-Tray-with-Handle-6.webp\" alt=\"Plateau en acier inoxydable sur mesure avec poign\u00e9e-6\" class=\"wp-image-2443\" style=\"width:416px;height:auto\" srcset=\"https:\/\/www.yongyukitchenware.com\/wp-content\/uploads\/2024\/11\/Custom-Stainless-Steel-Tray-with-Handle-6.webp 800w, https:\/\/www.yongyukitchenware.com\/wp-content\/uploads\/2024\/11\/Custom-Stainless-Steel-Tray-with-Handle-6-300x300.webp 300w, https:\/\/www.yongyukitchenware.com\/wp-content\/uploads\/2024\/11\/Custom-Stainless-Steel-Tray-with-Handle-6-150x150.webp 150w, https:\/\/www.yongyukitchenware.com\/wp-content\/uploads\/2024\/11\/Custom-Stainless-Steel-Tray-with-Handle-6-768x768.webp 768w, https:\/\/www.yongyukitchenware.com\/wp-content\/uploads\/2024\/11\/Custom-Stainless-Steel-Tray-with-Handle-6-12x12.webp 12w, https:\/\/www.yongyukitchenware.com\/wp-content\/uploads\/2024\/11\/Custom-Stainless-Steel-Tray-with-Handle-6-600x600.webp 600w, https:\/\/www.yongyukitchenware.com\/wp-content\/uploads\/2024\/11\/Custom-Stainless-Steel-Tray-with-Handle-6-100x100.webp 100w\" sizes=\"(max-width: 800px) 100vw, 800px\" \/><\/figure>\n<\/div><\/div>\n<\/div>\n<\/div>\n<\/div>\n\n\n\n<p><\/p>","protected":false},"excerpt":{"rendered":"<p>Plaque de camping en acier inoxydable, peut \u00eatre utilis\u00e9e comme une po\u00eale \u00e0 frire, chauff\u00e9e uniform\u00e9ment, mat\u00e9riau \u00e9pais et durable, avec poign\u00e9e. Il s'agit d'un \u00e9l\u00e9ment essentiel pour l'ext\u00e9rieur, disponible en diff\u00e9rentes tailles, prix d'usine, livraison en gros, veuillez nous contacter !<\/p>\n<h2 style=\"text-align: left\">Assiette de camping Param\u00e8tre :<\/h2>\n<p style=\"text-align: left\"><strong>Mat\u00e9riau :<\/strong> Acier inoxydable<br \/><strong>Couleur :<\/strong> Couleur argent<br \/><strong>Emballage : <\/strong>Sac d'opposition et bo\u00eete en carton<br \/><strong>OEM\/ODM :<\/strong> Disponible<\/p>\n<h2 class=\"wp-block-heading\">De Camping Kitchen Essentials Fabricant :<\/h2>\n<p>Yongyu est un fabricant professionnel d'articles de cuisine de camping. Nos produits couvrent toutes sortes d'articles de cuisine de camping en acier inoxydable, tels que le mat\u00e9riel de cuisine de camping, la vaisselle de camping, les grilles de barbecue, etc. Nous fournissons des services d'approvisionnement de qualit\u00e9 et des prix abordables \u00e0 chaque client.<\/p>","protected":false},"featured_media":2439,"comment_status":"closed","ping_status":"closed","template":"","meta":{"_acf_changed":true},"application":[31],"product_brand":[],"product_cat":[18],"product_tag":[],"class_list":{"0":"post-2438","1":"product","2":"type-product","3":"status-publish","4":"has-post-thumbnail","6":"application-champ-kitchen","7":"product_cat-camping-kitchen-essentials-wholesale","9":"first","10":"instock","11":"shipping-taxable","12":"product-type-simple"},"acf":[],"_links":{"self":[{"href":"https:\/\/www.yongyukitchenware.com\/fr\/wp-json\/wp\/v2\/product\/2438","targetHints":{"allow":["GET"]}}],"collection":[{"href":"https:\/\/www.yongyukitchenware.com\/fr\/wp-json\/wp\/v2\/product"}],"about":[{"href":"https:\/\/www.yongyukitchenware.com\/fr\/wp-json\/wp\/v2\/types\/product"}],"replies":[{"embeddable":true,"href":"https:\/\/www.yongyukitchenware.com\/fr\/wp-json\/wp\/v2\/comments?post=2438"}],"wp:featuredmedia":[{"embeddable":true,"href":"https:\/\/www.yongyukitchenware.com\/fr\/wp-json\/wp\/v2\/media\/2439"}],"wp:attachment":[{"href":"https:\/\/www.yongyukitchenware.com\/fr\/wp-json\/wp\/v2\/media?parent=2438"}],"wp:term":[{"taxonomy":"application","embeddable":true,"href":"https:\/\/www.yongyukitchenware.com\/fr\/wp-json\/wp\/v2\/application?post=2438"},{"taxonomy":"product_brand","embeddable":true,"href":"https:\/\/www.yongyukitchenware.com\/fr\/wp-json\/wp\/v2\/product_brand?post=2438"},{"taxonomy":"product_cat","embeddable":true,"href":"https:\/\/www.yongyukitchenware.com\/fr\/wp-json\/wp\/v2\/product_cat?post=2438"},{"taxonomy":"product_tag","embeddable":true,"href":"https:\/\/www.yongyukitchenware.com\/fr\/wp-json\/wp\/v2\/product_tag?post=2438"}],"curies":[{"name":"wp","href":"https:\/\/api.w.org\/{rel}","templated":true}]}}