{"id":2457,"date":"2024-12-06T17:33:04","date_gmt":"2024-12-06T17:33:04","guid":{"rendered":"https:\/\/www.yongyukitchenware.com\/?post_type=product&#038;p=2457"},"modified":"2025-06-14T07:31:54","modified_gmt":"2025-06-14T07:31:54","slug":"bulk-camping-cutlery-set","status":"publish","type":"product","link":"https:\/\/www.yongyukitchenware.com\/fr\/produit\/bulk-camping-cutlery-set\/","title":{"rendered":"Set de couverts de camping en vrac Couteau, fourchette et cuill\u00e8re en acier inoxydable Fodable"},"content":{"rendered":"<div class=\"wp-block-columns is-layout-flex wp-container-core-columns-is-layout-9d6595d7 wp-block-columns-is-layout-flex\">\n<div class=\"wp-block-column is-layout-flow wp-block-column-is-layout-flow\">\n<h2 class=\"wp-block-heading\">Set de couverts de camping Caract\u00e9ristiques :<\/h2>\n\n\n\n<p><strong>Mat\u00e9riau de protection de l'environnement :<\/strong> Service de table pliable en acier inoxydable 304 de qualit\u00e9 alimentaire, mat\u00e9riau sain, sans odeur, durable<\/p>\n\n\n\n<p><strong>Portable et facile \u00e0 ranger : <\/strong>le manche du couteau, de la fourchette et de la cuill\u00e8re est pliable, et le poids total est l\u00e9ger, facile \u00e0 transporter et n'ajoutant pas de fardeau suppl\u00e9mentaire, adapt\u00e9 aux voyages en plein air<\/p>\n\n\n\n<p><strong>Polyvalence : <\/strong>L'ensemble de vaisselle pliable comprend une cuill\u00e8re, une fourchette, un couteau et des baguettes. Conception compacte, peut r\u00e9pondre aux besoins d'une grande vari\u00e9t\u00e9 d'utilisations.<\/p>\n\n\n\n<p><strong>Facile \u00e0 nettoyer :<\/strong> La surface en acier inoxydable est lisse, ne cache pas facilement la salet\u00e9 et est facile \u00e0 nettoyer. Pour l'ext\u00e9rieur, le nettoyage peu pratique permet de gagner du temps et d'\u00e9conomiser des efforts.<\/p>\n<\/div>\n\n\n\n<div class=\"wp-block-column is-layout-flow wp-block-column-is-layout-flow\">\n<div class=\"wp-block-columns is-layout-flex wp-container-core-columns-is-layout-9d6595d7 wp-block-columns-is-layout-flex\">\n<div class=\"wp-block-column is-layout-flow wp-block-column-is-layout-flow\"><div class=\"wp-block-image\">\n<figure class=\"aligncenter size-full is-resized\"><img decoding=\"async\" width=\"800\" height=\"800\" src=\"https:\/\/www.yongyukitchenware.com\/wp-content\/uploads\/2024\/12\/Bulk-Foldable-Cutlery-Set-9.webp\" alt=\"Set de couverts pliables en vrac-9\" class=\"wp-image-2466\" style=\"width:416px;height:auto\" srcset=\"https:\/\/www.yongyukitchenware.com\/wp-content\/uploads\/2024\/12\/Bulk-Foldable-Cutlery-Set-9.webp 800w, https:\/\/www.yongyukitchenware.com\/wp-content\/uploads\/2024\/12\/Bulk-Foldable-Cutlery-Set-9-300x300.webp 300w, https:\/\/www.yongyukitchenware.com\/wp-content\/uploads\/2024\/12\/Bulk-Foldable-Cutlery-Set-9-150x150.webp 150w, https:\/\/www.yongyukitchenware.com\/wp-content\/uploads\/2024\/12\/Bulk-Foldable-Cutlery-Set-9-768x768.webp 768w, https:\/\/www.yongyukitchenware.com\/wp-content\/uploads\/2024\/12\/Bulk-Foldable-Cutlery-Set-9-12x12.webp 12w, https:\/\/www.yongyukitchenware.com\/wp-content\/uploads\/2024\/12\/Bulk-Foldable-Cutlery-Set-9-600x600.webp 600w, https:\/\/www.yongyukitchenware.com\/wp-content\/uploads\/2024\/12\/Bulk-Foldable-Cutlery-Set-9-100x100.webp 100w\" sizes=\"(max-width: 800px) 100vw, 800px\" \/><\/figure>\n<\/div><\/div>\n<\/div>\n<\/div>\n<\/div>\n\n\n\n<div class=\"wp-block-columns is-layout-flex wp-container-core-columns-is-layout-9d6595d7 wp-block-columns-is-layout-flex\">\n<div class=\"wp-block-column is-layout-flow wp-block-column-is-layout-flow\">\n<figure class=\"wp-block-image size-full\"><img decoding=\"async\" width=\"800\" height=\"800\" src=\"https:\/\/www.yongyukitchenware.com\/wp-content\/uploads\/2024\/12\/Bulk-Foldable-Cutlery-Set-8.webp\" alt=\"Set de couverts pliables en vrac-8\" class=\"wp-image-2465\" srcset=\"https:\/\/www.yongyukitchenware.com\/wp-content\/uploads\/2024\/12\/Bulk-Foldable-Cutlery-Set-8.webp 800w, https:\/\/www.yongyukitchenware.com\/wp-content\/uploads\/2024\/12\/Bulk-Foldable-Cutlery-Set-8-300x300.webp 300w, https:\/\/www.yongyukitchenware.com\/wp-content\/uploads\/2024\/12\/Bulk-Foldable-Cutlery-Set-8-150x150.webp 150w, https:\/\/www.yongyukitchenware.com\/wp-content\/uploads\/2024\/12\/Bulk-Foldable-Cutlery-Set-8-768x768.webp 768w, https:\/\/www.yongyukitchenware.com\/wp-content\/uploads\/2024\/12\/Bulk-Foldable-Cutlery-Set-8-12x12.webp 12w, https:\/\/www.yongyukitchenware.com\/wp-content\/uploads\/2024\/12\/Bulk-Foldable-Cutlery-Set-8-600x600.webp 600w, https:\/\/www.yongyukitchenware.com\/wp-content\/uploads\/2024\/12\/Bulk-Foldable-Cutlery-Set-8-100x100.webp 100w\" sizes=\"(max-width: 800px) 100vw, 800px\" \/><\/figure>\n<\/div>\n\n\n\n<div class=\"wp-block-column is-layout-flow wp-block-column-is-layout-flow\">\n<h2 class=\"wp-block-heading\">Set de couverts de camping Taille :<\/h2>\n\n\n\n<figure class=\"wp-block-table\"><table class=\"has-fixed-layout\"><tbody><tr><td>Mod\u00e8le<\/td><td>Sp\u00e9cifications<\/td><td>Longueur * Largeur (cm)<\/td><td>Dimensions apr\u00e8s pliage<\/td><td>MOQ<\/td><\/tr><tr><td rowspan=\"5\">DY010-YC<\/td><td>Couteau<\/td><td>15.3*2.1cm<\/td><td rowspan=\"4\">8.8cm<\/td><td rowspan=\"5\">200PCS<\/td><\/tr><tr><td>Fourchette<\/td><td>15*2,3cm<\/td><\/tr><tr><td>Cuill\u00e8re<\/td><td>15*4cm<\/td><\/tr><tr><td>Cuill\u00e8re \u00e0 dessert<\/td><td>15*3.9cm<\/td><\/tr><tr><td>Baguettes<\/td><td>23cm<\/td><td>11.5cm<\/td><\/tr><\/tbody><\/table><\/figure>\n<\/div>\n<\/div>\n\n\n\n<p><\/p>","protected":false},"excerpt":{"rendered":"<p>Set de couverts de camping en vrac \u00e0 prix d'usine avec poign\u00e9es pliables et sac pratique, adapt\u00e9 aux activit\u00e9s de plein air ou aux couverts pour le d\u00e9jeuner au bureau. Pour plus de solutions de vente en gros d'articles de camping, veuillez nous contacter !<\/p>\n<h2 style=\"text-align: left\">Set de couverts de camping Param\u00e8tre :<\/h2>\n<p style=\"text-align: left\"><strong>Mat\u00e9riau :<\/strong> Acier inoxydable<br \/><strong>Couleur :<\/strong> Couleur argent<br \/><strong>Types :<\/strong> Cuill\u00e8re, fourchette, couteau, baguettes<br \/><strong>OEM\/ODM :<\/strong> Disponible<\/p>\n<h2 class=\"wp-block-heading\">De Camping Kitchen Essentials Fabricant :<\/h2>\n<p>Yongyu est un fabricant professionnel d'articles de cuisine de camping, nos produits couvrent toutes sortes d'articles de cuisine de camping en acier inoxydable, tels que le mat\u00e9riel de cuisine de camping, la vaisselle de camping, les grilles de barbecue, etc.<\/p>","protected":false},"featured_media":2462,"comment_status":"closed","ping_status":"closed","template":"","meta":{"_acf_changed":true},"application":[31],"product_brand":[],"product_cat":[18],"product_tag":[],"class_list":{"0":"post-2457","1":"product","2":"type-product","3":"status-publish","4":"has-post-thumbnail","6":"application-champ-kitchen","7":"product_cat-camping-kitchen-essentials-wholesale","9":"first","10":"instock","11":"shipping-taxable","12":"product-type-simple"},"acf":[],"_links":{"self":[{"href":"https:\/\/www.yongyukitchenware.com\/fr\/wp-json\/wp\/v2\/product\/2457","targetHints":{"allow":["GET"]}}],"collection":[{"href":"https:\/\/www.yongyukitchenware.com\/fr\/wp-json\/wp\/v2\/product"}],"about":[{"href":"https:\/\/www.yongyukitchenware.com\/fr\/wp-json\/wp\/v2\/types\/product"}],"replies":[{"embeddable":true,"href":"https:\/\/www.yongyukitchenware.com\/fr\/wp-json\/wp\/v2\/comments?post=2457"}],"wp:featuredmedia":[{"embeddable":true,"href":"https:\/\/www.yongyukitchenware.com\/fr\/wp-json\/wp\/v2\/media\/2462"}],"wp:attachment":[{"href":"https:\/\/www.yongyukitchenware.com\/fr\/wp-json\/wp\/v2\/media?parent=2457"}],"wp:term":[{"taxonomy":"application","embeddable":true,"href":"https:\/\/www.yongyukitchenware.com\/fr\/wp-json\/wp\/v2\/application?post=2457"},{"taxonomy":"product_brand","embeddable":true,"href":"https:\/\/www.yongyukitchenware.com\/fr\/wp-json\/wp\/v2\/product_brand?post=2457"},{"taxonomy":"product_cat","embeddable":true,"href":"https:\/\/www.yongyukitchenware.com\/fr\/wp-json\/wp\/v2\/product_cat?post=2457"},{"taxonomy":"product_tag","embeddable":true,"href":"https:\/\/www.yongyukitchenware.com\/fr\/wp-json\/wp\/v2\/product_tag?post=2457"}],"curies":[{"name":"wp","href":"https:\/\/api.w.org\/{rel}","templated":true}]}}