{"id":2475,"date":"2024-12-22T20:21:05","date_gmt":"2024-12-22T20:21:05","guid":{"rendered":"https:\/\/www.yongyukitchenware.com\/?post_type=product&#038;p=2475"},"modified":"2025-06-14T03:14:25","modified_gmt":"2025-06-14T03:14:25","slug":"wholesale-camping-cookware","status":"publish","type":"product","link":"https:\/\/www.yongyukitchenware.com\/fr\/produit\/wholesale-camping-cookware\/","title":{"rendered":"Wholesale Camping Cookware 4-Piece Set Portable Cooking Utensil"},"content":{"rendered":"<div class=\"wp-block-columns is-layout-flex wp-container-core-columns-is-layout-9d6595d7 wp-block-columns-is-layout-flex\">\n<div class=\"wp-block-column is-layout-flow wp-block-column-is-layout-flow\">\n<h2 class=\"wp-block-heading\">Batterie de cuisine de camping Caract\u00e9ristiques :<\/h2>\n\n\n\n<p><strong>Mat\u00e9riau de protection de l'environnement :<\/strong> Service de table pliable en acier inoxydable 304 de qualit\u00e9 alimentaire, mat\u00e9riau sain, sans odeur, durable<\/p>\n\n\n\n<p><strong>Portable et facile \u00e0 ranger :<\/strong> La poign\u00e9e de l'ensemble de casseroles de camping 4 pi\u00e8ces est pliable et d\u00e9tachable, et les mod\u00e8les peuvent \u00eatre empil\u00e9s les uns sur les autres, ce qui est pratique \u00e0 transporter et n'ajoute pas de fardeau suppl\u00e9mentaire, ce qui convient aux voyages en plein air.<\/p>\n\n\n\n<p><strong>Bordure roul\u00e9e : <\/strong>bords arrondis et lisses, facile \u00e0 utiliser, \u00e9vite les blessures aux mains<\/p>\n\n\n\n<p><strong>Conception \u00e0 fond plat :<\/strong> fond plat, bien plac\u00e9, peut \u00eatre chauff\u00e9 directement<\/p>\n\n\n\n<h2 class=\"wp-block-heading\">Batterie de cuisine de camping Taille :<\/h2>\n\n\n\n<figure class=\"wp-block-table\"><table class=\"has-fixed-layout\"><tbody><tr><td>Mod\u00e8le<\/td><td>Capacit\u00e9<\/td><td>Longueur * Hauteur (cm)<\/td><td>MOQ<\/td><\/tr><tr><td rowspan=\"4\">DY008-YC<\/td><td>4.5L<\/td><td>23.3*13cm<\/td><td rowspan=\"4\">50PCS<\/td><\/tr><tr><td>2L<\/td><td>19.5*9cm<\/td><\/tr><tr><td>1.6L<\/td><td>17*8.8cm<\/td><\/tr><tr><td>Po\u00eale \u00e0 frire<\/td><td>23.3*5.5cm<\/td><\/tr><\/tbody><\/table><\/figure>\n<\/div>\n\n\n\n<div class=\"wp-block-column is-layout-flow wp-block-column-is-layout-flow\">\n<div class=\"wp-block-columns is-layout-flex wp-container-core-columns-is-layout-9d6595d7 wp-block-columns-is-layout-flex\">\n<div class=\"wp-block-column is-layout-flow wp-block-column-is-layout-flow\">\n<figure class=\"wp-block-image size-full\"><img decoding=\"async\" width=\"800\" height=\"800\" src=\"https:\/\/www.yongyukitchenware.com\/wp-content\/uploads\/2024\/12\/Wholesale-Camping-Pot-4-Piece-Set-3.webp\" alt=\"Grossiste-Camping-Pot-4-Pi\u00e8ces-Set-3\" class=\"wp-image-2478\" srcset=\"https:\/\/www.yongyukitchenware.com\/wp-content\/uploads\/2024\/12\/Wholesale-Camping-Pot-4-Piece-Set-3.webp 800w, https:\/\/www.yongyukitchenware.com\/wp-content\/uploads\/2024\/12\/Wholesale-Camping-Pot-4-Piece-Set-3-300x300.webp 300w, https:\/\/www.yongyukitchenware.com\/wp-content\/uploads\/2024\/12\/Wholesale-Camping-Pot-4-Piece-Set-3-150x150.webp 150w, https:\/\/www.yongyukitchenware.com\/wp-content\/uploads\/2024\/12\/Wholesale-Camping-Pot-4-Piece-Set-3-768x768.webp 768w, https:\/\/www.yongyukitchenware.com\/wp-content\/uploads\/2024\/12\/Wholesale-Camping-Pot-4-Piece-Set-3-12x12.webp 12w, https:\/\/www.yongyukitchenware.com\/wp-content\/uploads\/2024\/12\/Wholesale-Camping-Pot-4-Piece-Set-3-600x600.webp 600w, https:\/\/www.yongyukitchenware.com\/wp-content\/uploads\/2024\/12\/Wholesale-Camping-Pot-4-Piece-Set-3-100x100.webp 100w\" sizes=\"(max-width: 800px) 100vw, 800px\" \/><\/figure>\n<\/div>\n<\/div>\n<\/div>\n<\/div>","protected":false},"excerpt":{"rendered":"<p>Batterie de cuisine de camping en gros et sur mesure, casseroles et po\u00eales en acier inoxydable de haute qualit\u00e9 avec des poign\u00e9es pliables et des fonds \u00e9paissis pour un chauffage uniforme. Nous proposons des services sur mesure et des services Amazon, n'h\u00e9sitez pas \u00e0 demander un devis !<\/p>\n<h2 style=\"text-align: left\">Batterie de cuisine de camping Param\u00e8tre :<\/h2>\n<p style=\"text-align: left\"><strong>Mat\u00e9riau :<\/strong> Acier inoxydable<br \/><strong>Couleur :<\/strong> Argent<br \/><strong>Types :<\/strong> Marmites et casseroles de camping avec sac<br \/><strong>OEM\/ODM :<\/strong> Disponible<\/p>\n<h2 class=\"wp-block-heading\">De Camping Kitchen Essentials Fabricant :<\/h2>\n<p>Yongyu est un fabricant professionnel d'articles de cuisine de camping, nos produits couvrent toutes sortes d'articles de cuisine de camping en acier inoxydable, tels que le mat\u00e9riel de cuisine de camping, la vaisselle de camping, les grilles de barbecue, etc.<\/p>","protected":false},"featured_media":2484,"comment_status":"closed","ping_status":"closed","template":"","meta":{"_acf_changed":true},"application":[31],"product_brand":[],"product_cat":[18],"product_tag":[],"class_list":{"0":"post-2475","1":"product","2":"type-product","3":"status-publish","4":"has-post-thumbnail","6":"application-champ-kitchen","7":"product_cat-camping-kitchen-essentials-wholesale","9":"first","10":"instock","11":"shipping-taxable","12":"product-type-simple"},"acf":[],"_links":{"self":[{"href":"https:\/\/www.yongyukitchenware.com\/fr\/wp-json\/wp\/v2\/product\/2475","targetHints":{"allow":["GET"]}}],"collection":[{"href":"https:\/\/www.yongyukitchenware.com\/fr\/wp-json\/wp\/v2\/product"}],"about":[{"href":"https:\/\/www.yongyukitchenware.com\/fr\/wp-json\/wp\/v2\/types\/product"}],"replies":[{"embeddable":true,"href":"https:\/\/www.yongyukitchenware.com\/fr\/wp-json\/wp\/v2\/comments?post=2475"}],"wp:featuredmedia":[{"embeddable":true,"href":"https:\/\/www.yongyukitchenware.com\/fr\/wp-json\/wp\/v2\/media\/2484"}],"wp:attachment":[{"href":"https:\/\/www.yongyukitchenware.com\/fr\/wp-json\/wp\/v2\/media?parent=2475"}],"wp:term":[{"taxonomy":"application","embeddable":true,"href":"https:\/\/www.yongyukitchenware.com\/fr\/wp-json\/wp\/v2\/application?post=2475"},{"taxonomy":"product_brand","embeddable":true,"href":"https:\/\/www.yongyukitchenware.com\/fr\/wp-json\/wp\/v2\/product_brand?post=2475"},{"taxonomy":"product_cat","embeddable":true,"href":"https:\/\/www.yongyukitchenware.com\/fr\/wp-json\/wp\/v2\/product_cat?post=2475"},{"taxonomy":"product_tag","embeddable":true,"href":"https:\/\/www.yongyukitchenware.com\/fr\/wp-json\/wp\/v2\/product_tag?post=2475"}],"curies":[{"name":"wp","href":"https:\/\/api.w.org\/{rel}","templated":true}]}}