{"id":2540,"date":"2024-12-22T21:12:08","date_gmt":"2024-12-22T21:12:08","guid":{"rendered":"https:\/\/www.yongyukitchenware.com\/?post_type=product&#038;p=2540"},"modified":"2025-06-14T03:09:21","modified_gmt":"2025-06-14T03:09:21","slug":"wholesale-camp-bowl","status":"publish","type":"product","link":"https:\/\/www.yongyukitchenware.com\/fr\/produit\/wholesale-camp-bowl\/","title":{"rendered":"Wholesale Camp Bowl Stainless Steel Portable Cup Set"},"content":{"rendered":"<div class=\"wp-block-columns is-layout-flex wp-container-core-columns-is-layout-9d6595d7 wp-block-columns-is-layout-flex\">\n<div class=\"wp-block-column is-layout-flow wp-block-column-is-layout-flow\">\n<h2 class=\"wp-block-heading\">Bol de camp Caract\u00e9ristiques :<\/h2>\n\n\n\n<p><strong>Mat\u00e9riau en acier inoxydable :<\/strong> Acier inoxydable s\u00fbr et de haute qualit\u00e9, r\u00e9sistant aux temp\u00e9ratures \u00e9lev\u00e9es et \u00e0 l'usure, facile \u00e0 nettoyer.<\/p>\n\n\n\n<p><strong>Ensemble pratique : <\/strong>Poign\u00e9e pliable, les bols de camping peuvent \u00eatre empil\u00e9s, \u00e9quip\u00e9s d'un sac de rangement, pratique et hygi\u00e9nique.<\/p>\n\n\n\n<p><strong>Utilisation multifonctionnelle :<\/strong> peut \u00eatre utilis\u00e9 comme vaisselle de camping ou comme petit r\u00e9cipient de cuisson pour r\u00e9chauffer les aliments.<\/p>\n\n\n\n<p><strong>\u00c9chelle de capacit\u00e9 transparente et poign\u00e9e rivet\u00e9e : <\/strong>La ligne de mesure \u00e0 \u00e9chelle claire et la poign\u00e9e robuste offrent une meilleure exp\u00e9rience \u00e0 l'utilisateur.<\/p>\n\n\n\n<h2 class=\"wp-block-heading\">Taille du bol de camp :<\/h2>\n\n\n\n<figure class=\"wp-block-table\"><table class=\"has-fixed-layout\"><tbody><tr><td>Mod\u00e8le<\/td><td>Taille<\/td><td>Capacit\u00e9<\/td><td>MOQ<\/td><\/tr><tr><td rowspan=\"2\">DY003-YC<\/td><td>12cm<\/td><td>300ml<\/td><td rowspan=\"2\">200PCS<\/td><\/tr><tr><td>14cm<\/td><td>500ml<\/td><\/tr><\/tbody><\/table><\/figure>\n<\/div>\n\n\n\n<div class=\"wp-block-column is-layout-flow wp-block-column-is-layout-flow\">\n<figure class=\"wp-block-image size-full\"><img decoding=\"async\" width=\"800\" height=\"800\" src=\"https:\/\/www.yongyukitchenware.com\/wp-content\/uploads\/2024\/12\/Bulk-Stainless-Steel-Collapsible-Bowl-3.webp\" alt=\"Bol pliant de camping en vrac\" class=\"wp-image-2543\" srcset=\"https:\/\/www.yongyukitchenware.com\/wp-content\/uploads\/2024\/12\/Bulk-Stainless-Steel-Collapsible-Bowl-3.webp 800w, https:\/\/www.yongyukitchenware.com\/wp-content\/uploads\/2024\/12\/Bulk-Stainless-Steel-Collapsible-Bowl-3-300x300.webp 300w, https:\/\/www.yongyukitchenware.com\/wp-content\/uploads\/2024\/12\/Bulk-Stainless-Steel-Collapsible-Bowl-3-150x150.webp 150w, https:\/\/www.yongyukitchenware.com\/wp-content\/uploads\/2024\/12\/Bulk-Stainless-Steel-Collapsible-Bowl-3-768x768.webp 768w, https:\/\/www.yongyukitchenware.com\/wp-content\/uploads\/2024\/12\/Bulk-Stainless-Steel-Collapsible-Bowl-3-12x12.webp 12w, https:\/\/www.yongyukitchenware.com\/wp-content\/uploads\/2024\/12\/Bulk-Stainless-Steel-Collapsible-Bowl-3-600x600.webp 600w, https:\/\/www.yongyukitchenware.com\/wp-content\/uploads\/2024\/12\/Bulk-Stainless-Steel-Collapsible-Bowl-3-100x100.webp 100w\" sizes=\"(max-width: 800px) 100vw, 800px\" \/><\/figure>\n<\/div>\n<\/div>\n\n\n\n<p><\/p>","protected":false},"excerpt":{"rendered":"<p>Bienvenue dans la vente en gros d'un bol de camping, 300-500ml, avec poign\u00e9e pliable et filtre, pouvant \u00eatre utilis\u00e9 comme ustensile de table et ustensile de cuisine pour le camping. Vente directe d'usine, soutien \u00e0 la personnalisation et aux ventes sur Amazon, n'h\u00e9sitez pas \u00e0 vous renseigner !<\/p>\n<h2 style=\"text-align: left\">Param\u00e8tre Camp Bowl :<\/h2>\n<p style=\"text-align: left\"><strong>Mat\u00e9riau :<\/strong> Acier inoxydable<br \/><strong>Couleur :<\/strong> Couleur argent<br \/><b>Conception : <\/b>Avec poign\u00e9e pliable, sac \u00e0 poussi\u00e8re, filtre, empilable et \u00e9chelle interne.<br \/><strong>OEM\/ODM :<\/strong> Disponible<\/p>\n<h2 class=\"wp-block-heading\">Camping Kitchen EssentialsFabricant :<\/h2>\n<p>Yongyu est un fabricant professionnel d'articles de cuisine de camping, nos produits couvrent toutes sortes d'articles de cuisine de camping en acier inoxydable, tels que le mat\u00e9riel de cuisine de camping, la vaisselle de camping, les grilles de barbecue, etc.<\/p>","protected":false},"featured_media":2550,"comment_status":"closed","ping_status":"closed","template":"","meta":{"_acf_changed":true},"application":[31],"product_brand":[],"product_cat":[18],"product_tag":[],"class_list":{"0":"post-2540","1":"product","2":"type-product","3":"status-publish","4":"has-post-thumbnail","6":"application-champ-kitchen","7":"product_cat-camping-kitchen-essentials-wholesale","9":"first","10":"instock","11":"shipping-taxable","12":"product-type-simple"},"acf":[],"_links":{"self":[{"href":"https:\/\/www.yongyukitchenware.com\/fr\/wp-json\/wp\/v2\/product\/2540","targetHints":{"allow":["GET"]}}],"collection":[{"href":"https:\/\/www.yongyukitchenware.com\/fr\/wp-json\/wp\/v2\/product"}],"about":[{"href":"https:\/\/www.yongyukitchenware.com\/fr\/wp-json\/wp\/v2\/types\/product"}],"replies":[{"embeddable":true,"href":"https:\/\/www.yongyukitchenware.com\/fr\/wp-json\/wp\/v2\/comments?post=2540"}],"wp:featuredmedia":[{"embeddable":true,"href":"https:\/\/www.yongyukitchenware.com\/fr\/wp-json\/wp\/v2\/media\/2550"}],"wp:attachment":[{"href":"https:\/\/www.yongyukitchenware.com\/fr\/wp-json\/wp\/v2\/media?parent=2540"}],"wp:term":[{"taxonomy":"application","embeddable":true,"href":"https:\/\/www.yongyukitchenware.com\/fr\/wp-json\/wp\/v2\/application?post=2540"},{"taxonomy":"product_brand","embeddable":true,"href":"https:\/\/www.yongyukitchenware.com\/fr\/wp-json\/wp\/v2\/product_brand?post=2540"},{"taxonomy":"product_cat","embeddable":true,"href":"https:\/\/www.yongyukitchenware.com\/fr\/wp-json\/wp\/v2\/product_cat?post=2540"},{"taxonomy":"product_tag","embeddable":true,"href":"https:\/\/www.yongyukitchenware.com\/fr\/wp-json\/wp\/v2\/product_tag?post=2540"}],"curies":[{"name":"wp","href":"https:\/\/api.w.org\/{rel}","templated":true}]}}