{"id":2556,"date":"2024-12-22T20:47:12","date_gmt":"2024-12-22T20:47:12","guid":{"rendered":"https:\/\/www.yongyukitchenware.com\/?post_type=product&#038;p=2556"},"modified":"2025-06-14T03:10:40","modified_gmt":"2025-06-14T03:10:40","slug":"bulk-camping-stainless-steel-pot","status":"publish","type":"product","link":"https:\/\/www.yongyukitchenware.com\/fr\/produit\/bulk-camping-stainless-steel-pot\/","title":{"rendered":"Marmite de camping en acier inoxydable avec poign\u00e9e pliante ustensile de cuisine portable"},"content":{"rendered":"<div class=\"wp-block-columns is-layout-flex wp-container-core-columns-is-layout-9d6595d7 wp-block-columns-is-layout-flex\">\n<div class=\"wp-block-column is-layout-flow wp-block-column-is-layout-flow\">\n<h2 class=\"wp-block-heading\">Pot de camping en acier inoxydable Caract\u00e9ristiques :<\/h2>\n\n\n\n<p><strong>Mat\u00e9riaux \u00e9cologiques\uff1a<\/strong>Marmite de camping en acier inoxydable 304 de qualit\u00e9 alimentaire, mat\u00e9riau sain, sans odeur, durable<\/p>\n\n\n\n<p><strong>Gain de place :<\/strong> Poign\u00e9e pliable pour un rangement facile. Tr\u00e8s pratique pour le camping. Le corps de la marmite pli\u00e9e se range facilement dans un sac \u00e0 dos.<\/p>\n\n\n\n<p><strong>Facile \u00e0 nettoyer :<\/strong> La surface en acier inoxydable est lisse, ne cache pas facilement la salet\u00e9 et est facile \u00e0 nettoyer. Pour le nettoyage en ext\u00e9rieur, le gain de temps et d'efforts est consid\u00e9rable.<\/p>\n\n\n\n<p><strong>Large application :<\/strong> La marmite en acier inoxydable a une conductivit\u00e9 thermique \u00e9lev\u00e9e et convient \u00e0 diverses sources de chaleur, telles que la cuisini\u00e8re \u00e0 gaz, la cuisini\u00e8re \u00e0 induction et m\u00eame le feu de camp. Le fond est chauff\u00e9 uniform\u00e9ment pour mieux pr\u00e9server la saveur des aliments.<\/p>\n\n\n\n<h2 class=\"wp-block-heading\">Camping Acier inoxydable Taille de la marmite :<\/h2>\n\n\n\n<figure class=\"wp-block-table\"><table class=\"has-fixed-layout\"><tbody><tr><td>Mod\u00e8le<\/td><td>Taille (diam\u00e8tre * hauteur)<\/td><td>Capacit\u00e9<\/td><td>MOQ<\/td><\/tr><tr><td rowspan=\"4\">DY002-YC<\/td><td>130*16mm<\/td><td>\/<\/td><td rowspan=\"4\">200PCS<\/td><\/tr><tr><td>148*31mm<\/td><td>500ml<\/td><\/tr><tr><td>123*65mm<\/td><td>700ml<\/td><\/tr><tr><td>146*66mm<\/td><td>970ml<\/td><\/tr><\/tbody><\/table><\/figure>\n<\/div>\n\n\n\n<div class=\"wp-block-column is-layout-flow wp-block-column-is-layout-flow\">\n<figure class=\"wp-block-image size-full\"><img decoding=\"async\" width=\"800\" height=\"800\" src=\"https:\/\/www.yongyukitchenware.com\/wp-content\/uploads\/2024\/12\/Bulk-4-Piece-Set-Camping-Pot-1.webp\" alt=\"grossiste Camping Pot en acier inoxydable\" class=\"wp-image-2568\" srcset=\"https:\/\/www.yongyukitchenware.com\/wp-content\/uploads\/2024\/12\/Bulk-4-Piece-Set-Camping-Pot-1.webp 800w, https:\/\/www.yongyukitchenware.com\/wp-content\/uploads\/2024\/12\/Bulk-4-Piece-Set-Camping-Pot-1-300x300.webp 300w, https:\/\/www.yongyukitchenware.com\/wp-content\/uploads\/2024\/12\/Bulk-4-Piece-Set-Camping-Pot-1-150x150.webp 150w, https:\/\/www.yongyukitchenware.com\/wp-content\/uploads\/2024\/12\/Bulk-4-Piece-Set-Camping-Pot-1-768x768.webp 768w, https:\/\/www.yongyukitchenware.com\/wp-content\/uploads\/2024\/12\/Bulk-4-Piece-Set-Camping-Pot-1-12x12.webp 12w, https:\/\/www.yongyukitchenware.com\/wp-content\/uploads\/2024\/12\/Bulk-4-Piece-Set-Camping-Pot-1-600x600.webp 600w, https:\/\/www.yongyukitchenware.com\/wp-content\/uploads\/2024\/12\/Bulk-4-Piece-Set-Camping-Pot-1-100x100.webp 100w\" sizes=\"(max-width: 800px) 100vw, 800px\" \/><\/figure>\n<\/div>\n<\/div>","protected":false},"excerpt":{"rendered":"<p>Marmite de camping en acier inoxydable en gros, ensemble de 4 pi\u00e8ces, convenant \u00e0 divers r\u00e9chauds, marmites portables de diff\u00e9rentes tailles. Possibilit\u00e9 de personnaliser le logo, l'emballage, etc., n'h\u00e9sitez pas \u00e0 nous contacter !<\/p>\n<h2 style=\"text-align: left\">Pot de camping en acier inoxydable Param\u00e8tre :<\/h2>\n<p style=\"text-align: left\"><strong>Mat\u00e9riau :<\/strong> Acier inoxydable<br \/><strong>Couleur :<\/strong> Argent<br \/><b>Conception : <\/b>Avec poign\u00e9e pliante et couvercle, empilable<br \/><strong>OEM\/ODM :<\/strong> Disponible<\/p>\n<h2 class=\"wp-block-heading\">Essentiels de cuisine pour le camping Fabricant :<\/h2>\n<p>Yongyu est un fabricant professionnel d'articles de cuisine de camping, nos produits couvrent toutes sortes d'articles de cuisine de camping en acier inoxydable, tels que le mat\u00e9riel de cuisine de camping, la vaisselle de camping, les grilles de barbecue, etc.<\/p>","protected":false},"featured_media":2567,"comment_status":"closed","ping_status":"closed","template":"","meta":{"_acf_changed":true},"application":[31],"product_brand":[],"product_cat":[18],"product_tag":[],"class_list":{"0":"post-2556","1":"product","2":"type-product","3":"status-publish","4":"has-post-thumbnail","6":"application-champ-kitchen","7":"product_cat-camping-kitchen-essentials-wholesale","9":"first","10":"instock","11":"shipping-taxable","12":"product-type-simple"},"acf":[],"_links":{"self":[{"href":"https:\/\/www.yongyukitchenware.com\/fr\/wp-json\/wp\/v2\/product\/2556","targetHints":{"allow":["GET"]}}],"collection":[{"href":"https:\/\/www.yongyukitchenware.com\/fr\/wp-json\/wp\/v2\/product"}],"about":[{"href":"https:\/\/www.yongyukitchenware.com\/fr\/wp-json\/wp\/v2\/types\/product"}],"replies":[{"embeddable":true,"href":"https:\/\/www.yongyukitchenware.com\/fr\/wp-json\/wp\/v2\/comments?post=2556"}],"wp:featuredmedia":[{"embeddable":true,"href":"https:\/\/www.yongyukitchenware.com\/fr\/wp-json\/wp\/v2\/media\/2567"}],"wp:attachment":[{"href":"https:\/\/www.yongyukitchenware.com\/fr\/wp-json\/wp\/v2\/media?parent=2556"}],"wp:term":[{"taxonomy":"application","embeddable":true,"href":"https:\/\/www.yongyukitchenware.com\/fr\/wp-json\/wp\/v2\/application?post=2556"},{"taxonomy":"product_brand","embeddable":true,"href":"https:\/\/www.yongyukitchenware.com\/fr\/wp-json\/wp\/v2\/product_brand?post=2556"},{"taxonomy":"product_cat","embeddable":true,"href":"https:\/\/www.yongyukitchenware.com\/fr\/wp-json\/wp\/v2\/product_cat?post=2556"},{"taxonomy":"product_tag","embeddable":true,"href":"https:\/\/www.yongyukitchenware.com\/fr\/wp-json\/wp\/v2\/product_tag?post=2556"}],"curies":[{"name":"wp","href":"https:\/\/api.w.org\/{rel}","templated":true}]}}