{"id":2609,"date":"2025-01-13T13:35:04","date_gmt":"2025-01-13T13:35:04","guid":{"rendered":"https:\/\/www.yongyukitchenware.com\/?post_type=product&#038;p=2609"},"modified":"2025-06-14T02:58:34","modified_gmt":"2025-06-14T02:58:34","slug":"wholesale-baking-dishes","status":"publish","type":"product","link":"https:\/\/www.yongyukitchenware.com\/fr\/produit\/wholesale-baking-dishes\/","title":{"rendered":"Plats de cuisson en gros Plaque carr\u00e9e japonaise en acier inoxydable"},"content":{"rendered":"<div class=\"wp-block-columns is-layout-flex wp-container-core-columns-is-layout-9d6595d7 wp-block-columns-is-layout-flex\">\n<div class=\"wp-block-column is-layout-flow wp-block-column-is-layout-flow\">\n<h2 class=\"wp-block-heading\">Plats de cuisson Caract\u00e9ristiques :<\/h2>\n\n\n\n<p><strong>Acier inoxydable de haute qualit\u00e9 : <\/strong><br>Mat\u00e9riau en acier inoxydable \u00e9pais, de qualit\u00e9 alimentaire, s\u00fbr et non toxique, pouvant chauffer efficacement et uniform\u00e9ment.<\/p>\n\n\n\n<p><strong>Design lisse et poli : <\/strong><br>Surface lisse et brillante, plus facile \u00e0 nettoyer, adapt\u00e9e \u00e0 diverses occasions th\u00e9matiques.<\/p>\n\n\n\n<p><strong>Diff\u00e9rentes tailles sont disponibles : <\/strong><br>La taille des plateaux, les sp\u00e9cifications de profondeur et de manque de profondeur sont compl\u00e8tes pour r\u00e9pondre aux diff\u00e9rents besoins.<br><\/p>\n\n\n\n<p><strong>Formation int\u00e9gr\u00e9e :<\/strong> <br>Le fond du plateau est plat, durable et ind\u00e9formable, facile \u00e0 nettoyer.<\/p>\n<\/div>\n\n\n\n<div class=\"wp-block-column is-layout-flow wp-block-column-is-layout-flow\">\n<figure class=\"wp-block-image size-full\"><img decoding=\"async\" width=\"800\" height=\"800\" src=\"https:\/\/www.yongyukitchenware.com\/wp-content\/uploads\/2024\/12\/Wholesale-Japanese-square-plate-3.webp\" alt=\"Plats de cuisson en gros\" class=\"wp-image-2612\" srcset=\"https:\/\/www.yongyukitchenware.com\/wp-content\/uploads\/2024\/12\/Wholesale-Japanese-square-plate-3.webp 800w, https:\/\/www.yongyukitchenware.com\/wp-content\/uploads\/2024\/12\/Wholesale-Japanese-square-plate-3-300x300.webp 300w, https:\/\/www.yongyukitchenware.com\/wp-content\/uploads\/2024\/12\/Wholesale-Japanese-square-plate-3-150x150.webp 150w, https:\/\/www.yongyukitchenware.com\/wp-content\/uploads\/2024\/12\/Wholesale-Japanese-square-plate-3-768x768.webp 768w, https:\/\/www.yongyukitchenware.com\/wp-content\/uploads\/2024\/12\/Wholesale-Japanese-square-plate-3-12x12.webp 12w, https:\/\/www.yongyukitchenware.com\/wp-content\/uploads\/2024\/12\/Wholesale-Japanese-square-plate-3-600x600.webp 600w, https:\/\/www.yongyukitchenware.com\/wp-content\/uploads\/2024\/12\/Wholesale-Japanese-square-plate-3-100x100.webp 100w\" sizes=\"(max-width: 800px) 100vw, 800px\" \/><\/figure>\n<\/div>\n<\/div>\n\n\n\n<div class=\"wp-block-columns is-layout-flex wp-container-core-columns-is-layout-9d6595d7 wp-block-columns-is-layout-flex\">\n<div class=\"wp-block-column is-layout-flow wp-block-column-is-layout-flow\">\n<figure class=\"wp-block-image size-full\"><img decoding=\"async\" width=\"800\" height=\"800\" src=\"https:\/\/www.yongyukitchenware.com\/wp-content\/uploads\/2024\/12\/Wholesale-Japanese-square-plate-6.webp\" alt=\"Plats de cuisson en gros\" class=\"wp-image-2615\" srcset=\"https:\/\/www.yongyukitchenware.com\/wp-content\/uploads\/2024\/12\/Wholesale-Japanese-square-plate-6.webp 800w, https:\/\/www.yongyukitchenware.com\/wp-content\/uploads\/2024\/12\/Wholesale-Japanese-square-plate-6-300x300.webp 300w, https:\/\/www.yongyukitchenware.com\/wp-content\/uploads\/2024\/12\/Wholesale-Japanese-square-plate-6-150x150.webp 150w, https:\/\/www.yongyukitchenware.com\/wp-content\/uploads\/2024\/12\/Wholesale-Japanese-square-plate-6-768x768.webp 768w, https:\/\/www.yongyukitchenware.com\/wp-content\/uploads\/2024\/12\/Wholesale-Japanese-square-plate-6-12x12.webp 12w, https:\/\/www.yongyukitchenware.com\/wp-content\/uploads\/2024\/12\/Wholesale-Japanese-square-plate-6-600x600.webp 600w, https:\/\/www.yongyukitchenware.com\/wp-content\/uploads\/2024\/12\/Wholesale-Japanese-square-plate-6-100x100.webp 100w\" sizes=\"(max-width: 800px) 100vw, 800px\" \/><\/figure>\n<\/div>\n\n\n\n<div class=\"wp-block-column is-layout-flow wp-block-column-is-layout-flow\">\n<h2 class=\"wp-block-heading\">Plats de cuisson Taille :<\/h2>\n\n\n\n<figure class=\"wp-block-table\"><table class=\"has-fixed-layout\"><tbody><tr><td>Mod\u00e8le<\/td><td>Profondeur<\/td><td>Longueur * Largeur (cm)<\/td><td>MOQ<\/td><\/tr><tr><td rowspan=\"12\">DY066-P<\/td><td rowspan=\"6\">2cm<\/td><td>26.8*20.8cm<\/td><td rowspan=\"12\">100PCS<\/td><\/tr><tr><td>29.8*23.8cm<\/td><\/tr><tr><td>35.2*27cm<\/td><\/tr><tr><td>41.5*29.5cm<\/td><\/tr><tr><td>48*33.8cm<\/td><\/tr><tr><td>58*36.8cm<\/td><\/tr><tr><td>4,2 cm<\/td><td>26.8*20.8cm<\/td><\/tr><tr><td>5.0cm<\/td><td>29.8*23.8cm<\/td><\/tr><tr><td>6.0cm<\/td><td>35.2*27cm<\/td><\/tr><tr><td>6,1 cm<\/td><td>41.5*29.5cm<\/td><\/tr><tr><td>8.0cm<\/td><td>48*33.8cm<\/td><\/tr><tr><td>9.0cm<\/td><td>58*36.8cm<\/td><\/tr><\/tbody><\/table><\/figure>\n<\/div>\n<\/div>","protected":false},"excerpt":{"rendered":"<div class=\"n4sEPd\">\n<div class=\"UdTY9 qhIQqf leDWne\" aria-hidden=\"true\" data-location=\"1\">Les plats de cuisson en gros en acier inoxydable, de tailles et de profondeurs vari\u00e9es, conviennent pour servir toutes sortes d'aliments. Il s'agit d'un choix durable, s\u00fbr et efficace. N'h\u00e9sitez pas \u00e0 nous contacter pour en savoir plus sur les options de plats de cuisson personnalis\u00e9s.<\/div>\n<\/div>\n<h2 style=\"text-align: left\">Plats \u00e0 four Param\u00e8tre :<\/h2>\n<p style=\"text-align: left\"><strong>Mat\u00e9riau :<\/strong> Acier inoxydable<br \/><strong>Profondeur : <\/strong>2.0\/4.2\/5.0\/6.0\/6.1\/8.0\/9.0cm<br \/><strong>Forme :<\/strong> Rectangulaire<br \/><strong>Emballage :<\/strong> Sac OPP et carton<br \/><strong>OEM\/ODM :<\/strong> Disponible<\/p>\n<h2 class=\"wp-block-heading\">De Yongyu Kitchenware Manufacturer :<\/h2>\n<p>Yongyu est un fabricant professionnel d'ustensiles de cuisine. Nos produits comprennent toutes sortes d'ustensiles de cuisine en acier inoxydable et d'accessoires de cuisine. Nous fournissons des solutions personnalis\u00e9es avec des produits de haute qualit\u00e9 \u00e0 des prix d'usine.<\/p>","protected":false},"featured_media":2611,"comment_status":"closed","ping_status":"closed","template":"","meta":{"_acf_changed":false},"application":[29],"product_brand":[],"product_cat":[23,35],"product_tag":[],"class_list":{"0":"post-2609","1":"product","2":"type-product","3":"status-publish","4":"has-post-thumbnail","6":"application-home-kitchen","7":"product_cat-kitchenware-wholesale","8":"product_cat-baking-trays-wholesale","10":"first","11":"instock","12":"shipping-taxable","13":"product-type-simple"},"acf":[],"_links":{"self":[{"href":"https:\/\/www.yongyukitchenware.com\/fr\/wp-json\/wp\/v2\/product\/2609","targetHints":{"allow":["GET"]}}],"collection":[{"href":"https:\/\/www.yongyukitchenware.com\/fr\/wp-json\/wp\/v2\/product"}],"about":[{"href":"https:\/\/www.yongyukitchenware.com\/fr\/wp-json\/wp\/v2\/types\/product"}],"replies":[{"embeddable":true,"href":"https:\/\/www.yongyukitchenware.com\/fr\/wp-json\/wp\/v2\/comments?post=2609"}],"wp:featuredmedia":[{"embeddable":true,"href":"https:\/\/www.yongyukitchenware.com\/fr\/wp-json\/wp\/v2\/media\/2611"}],"wp:attachment":[{"href":"https:\/\/www.yongyukitchenware.com\/fr\/wp-json\/wp\/v2\/media?parent=2609"}],"wp:term":[{"taxonomy":"application","embeddable":true,"href":"https:\/\/www.yongyukitchenware.com\/fr\/wp-json\/wp\/v2\/application?post=2609"},{"taxonomy":"product_brand","embeddable":true,"href":"https:\/\/www.yongyukitchenware.com\/fr\/wp-json\/wp\/v2\/product_brand?post=2609"},{"taxonomy":"product_cat","embeddable":true,"href":"https:\/\/www.yongyukitchenware.com\/fr\/wp-json\/wp\/v2\/product_cat?post=2609"},{"taxonomy":"product_tag","embeddable":true,"href":"https:\/\/www.yongyukitchenware.com\/fr\/wp-json\/wp\/v2\/product_tag?post=2609"}],"curies":[{"name":"wp","href":"https:\/\/api.w.org\/{rel}","templated":true}]}}