{"id":2627,"date":"2025-01-13T13:03:08","date_gmt":"2025-01-13T13:03:08","guid":{"rendered":"https:\/\/www.yongyukitchenware.com\/?post_type=product&#038;p=2627"},"modified":"2025-07-10T10:02:26","modified_gmt":"2025-07-10T10:02:26","slug":"stainless-steel-dinner-plate-bulk","status":"publish","type":"product","link":"https:\/\/www.yongyukitchenware.com\/fr\/produit\/stainless-steel-dinner-plate-bulk\/","title":{"rendered":"Bulk Stainless Steel Dinner Plate Round Glod Sliver Plate"},"content":{"rendered":"<div class=\"wp-block-columns is-layout-flex wp-container-core-columns-is-layout-9d6595d7 wp-block-columns-is-layout-flex\">\n<div class=\"wp-block-column is-layout-flow wp-block-column-is-layout-flow\">\n<h2 class=\"wp-block-heading\">Assiette plate en acier inoxydable Taille :<\/h2>\n\n\n\n<figure class=\"wp-block-table\"><table class=\"has-fixed-layout\"><tbody><tr><td>Mod\u00e8le<\/td><td>Diam\u00e8tre int\u00e9rieur<\/td><td>Longueur*Hauteur<\/td><td>MOQ<\/td><\/tr><tr><td rowspan=\"5\">DY061-P<\/td><td>9.5cm<\/td><td>14*2.3cm<\/td><td rowspan=\"5\">200PCS<\/td><\/tr><tr><td>11.5cm<\/td><td>17*2,5cm<\/td><\/tr><tr><td>13.5cm<\/td><td>20*2.7cm<\/td><\/tr><tr><td>15,5 cm<\/td><td>23*2.8cm<\/td><\/tr><tr><td>17.5cm<\/td><td>26*3cm<\/td><\/tr><\/tbody><\/table><\/figure>\n\n\n\n<h2 class=\"wp-block-heading\">Assiette plate en acier inoxydable Caract\u00e9ristiques :<\/h2>\n\n\n\n<p><strong>Mat\u00e9riau en acier inoxydable de qualit\u00e9 alimentaire<\/strong><br>Fabriqu\u00e9 en acier inoxydable de qualit\u00e9 alimentaire, s\u00fbr et sain, adapt\u00e9 au contact direct avec les aliments, durable et r\u00e9sistant aux rayures.<\/p>\n\n\n\n<p><strong>Deux options d'or et d'argent<\/strong><br>Assiettes \u00e0 d\u00eener luxueuses en or et assiettes \u00e0 d\u00eener simples en argent, adapt\u00e9es aux sc\u00e8nes lyriques. Polissage miroir, facile \u00e0 nettoyer.<\/p>\n\n\n\n<p><strong>Une conception en profondeur au milieu<\/strong><br>La fosse profonde au milieu de l'assiette augmente intelligemment la capacit\u00e9 pour emp\u00eacher les liquides ou les aliments de se r\u00e9pandre, ce qui convient parfaitement pour le b\u0153uf, les nouilles, les salades ou les plats de soupe.<\/p>\n<\/div>\n\n\n\n<div class=\"wp-block-column is-layout-flow wp-block-column-is-layout-flow\">\n<figure class=\"wp-block-image size-full is-resized\"><img decoding=\"async\" width=\"800\" height=\"800\" src=\"https:\/\/www.yongyukitchenware.com\/wp-content\/uploads\/2024\/12\/Bulk-Gold-Charger-Plates-3.webp\" alt=\"Plaques de chargeur en or en vrac-3\" class=\"wp-image-2630\" style=\"width:384px;height:auto\" srcset=\"https:\/\/www.yongyukitchenware.com\/wp-content\/uploads\/2024\/12\/Bulk-Gold-Charger-Plates-3.webp 800w, https:\/\/www.yongyukitchenware.com\/wp-content\/uploads\/2024\/12\/Bulk-Gold-Charger-Plates-3-300x300.webp 300w, https:\/\/www.yongyukitchenware.com\/wp-content\/uploads\/2024\/12\/Bulk-Gold-Charger-Plates-3-150x150.webp 150w, https:\/\/www.yongyukitchenware.com\/wp-content\/uploads\/2024\/12\/Bulk-Gold-Charger-Plates-3-768x768.webp 768w, https:\/\/www.yongyukitchenware.com\/wp-content\/uploads\/2024\/12\/Bulk-Gold-Charger-Plates-3-12x12.webp 12w, https:\/\/www.yongyukitchenware.com\/wp-content\/uploads\/2024\/12\/Bulk-Gold-Charger-Plates-3-600x600.webp 600w, https:\/\/www.yongyukitchenware.com\/wp-content\/uploads\/2024\/12\/Bulk-Gold-Charger-Plates-3-100x100.webp 100w\" sizes=\"(max-width: 800px) 100vw, 800px\" \/><\/figure>\n\n\n\n<figure class=\"wp-block-image size-full is-resized\"><img decoding=\"async\" width=\"800\" height=\"800\" src=\"https:\/\/www.yongyukitchenware.com\/wp-content\/uploads\/2024\/12\/Bulk-Gold-Charger-Plates-7.webp\" alt=\"Bulk-Gold-Charger-Plates-7\" class=\"wp-image-2634\" style=\"width:384px\" srcset=\"https:\/\/www.yongyukitchenware.com\/wp-content\/uploads\/2024\/12\/Bulk-Gold-Charger-Plates-7.webp 800w, https:\/\/www.yongyukitchenware.com\/wp-content\/uploads\/2024\/12\/Bulk-Gold-Charger-Plates-7-300x300.webp 300w, https:\/\/www.yongyukitchenware.com\/wp-content\/uploads\/2024\/12\/Bulk-Gold-Charger-Plates-7-150x150.webp 150w, https:\/\/www.yongyukitchenware.com\/wp-content\/uploads\/2024\/12\/Bulk-Gold-Charger-Plates-7-768x768.webp 768w, https:\/\/www.yongyukitchenware.com\/wp-content\/uploads\/2024\/12\/Bulk-Gold-Charger-Plates-7-12x12.webp 12w, https:\/\/www.yongyukitchenware.com\/wp-content\/uploads\/2024\/12\/Bulk-Gold-Charger-Plates-7-600x600.webp 600w, https:\/\/www.yongyukitchenware.com\/wp-content\/uploads\/2024\/12\/Bulk-Gold-Charger-Plates-7-100x100.webp 100w\" sizes=\"(max-width: 800px) 100vw, 800px\" \/><\/figure>\n<\/div>\n<\/div>","protected":false},"excerpt":{"rendered":"<div class=\"n4sEPd\">\n<div class=\"UdTY9 qhIQqf leDWne\" aria-hidden=\"true\" data-location=\"1\">Assiettes \u00e0 d\u00eener en acier inoxydable personnalis\u00e9es et en gros, directement fournies par l'usine de vaisselle, supportant la personnalisation, fournissant une vari\u00e9t\u00e9 de tailles et de couleurs. Nous offrons un service d'approvisionnement unique aux vendeurs du commerce \u00e9lectronique. N'h\u00e9sitez pas \u00e0 vous renseigner !<\/div>\n<\/div>\n<h2 style=\"text-align: left;\">Assiette plate en acier inoxydable Param\u00e8tre :<\/h2>\n<p style=\"text-align: left;\"><strong>Mat\u00e9riau :<\/strong> Acier inoxydable<br \/><strong>Longueur : <\/strong>14\/17\/20\/23\/26cm<br \/><strong>Forme :<\/strong> Rond<br \/><strong>Emballage :<\/strong> Sac OPP et carton<br \/><strong>OEM\/ODM :<\/strong> Disponible<\/p>\n<h2 class=\"wp-block-heading\">Du grossiste en arts de la table Yongyu :<\/h2>\n<p>Yongyu Tableware Wholesaler peut r\u00e9pondre aux besoins des clients en vrac et fournir une s\u00e9rie de fournitures de restauration en gros de haute qualit\u00e9 qui combine l'\u00e9l\u00e9gance et la durabilit\u00e9. Y compris la vaisselle, les boissons, le mat\u00e9riel de restauration, les ustensiles de cuisine, les \u00e9l\u00e9ments essentiels de la cuisine de camping, etc.<\/p>","protected":false},"featured_media":2637,"comment_status":"closed","ping_status":"closed","template":"","meta":{"_acf_changed":true},"application":[29],"product_brand":[],"product_cat":[21,46],"product_tag":[],"class_list":{"0":"post-2627","1":"product","2":"type-product","3":"status-publish","4":"has-post-thumbnail","6":"application-home-kitchen","7":"product_cat-tableware-wholesale","8":"product_cat-stainless-steel-dinner-plates-wholesale","10":"first","11":"instock","12":"shipping-taxable","13":"product-type-simple"},"acf":[],"_links":{"self":[{"href":"https:\/\/www.yongyukitchenware.com\/fr\/wp-json\/wp\/v2\/product\/2627","targetHints":{"allow":["GET"]}}],"collection":[{"href":"https:\/\/www.yongyukitchenware.com\/fr\/wp-json\/wp\/v2\/product"}],"about":[{"href":"https:\/\/www.yongyukitchenware.com\/fr\/wp-json\/wp\/v2\/types\/product"}],"replies":[{"embeddable":true,"href":"https:\/\/www.yongyukitchenware.com\/fr\/wp-json\/wp\/v2\/comments?post=2627"}],"wp:featuredmedia":[{"embeddable":true,"href":"https:\/\/www.yongyukitchenware.com\/fr\/wp-json\/wp\/v2\/media\/2637"}],"wp:attachment":[{"href":"https:\/\/www.yongyukitchenware.com\/fr\/wp-json\/wp\/v2\/media?parent=2627"}],"wp:term":[{"taxonomy":"application","embeddable":true,"href":"https:\/\/www.yongyukitchenware.com\/fr\/wp-json\/wp\/v2\/application?post=2627"},{"taxonomy":"product_brand","embeddable":true,"href":"https:\/\/www.yongyukitchenware.com\/fr\/wp-json\/wp\/v2\/product_brand?post=2627"},{"taxonomy":"product_cat","embeddable":true,"href":"https:\/\/www.yongyukitchenware.com\/fr\/wp-json\/wp\/v2\/product_cat?post=2627"},{"taxonomy":"product_tag","embeddable":true,"href":"https:\/\/www.yongyukitchenware.com\/fr\/wp-json\/wp\/v2\/product_tag?post=2627"}],"curies":[{"name":"wp","href":"https:\/\/api.w.org\/{rel}","templated":true}]}}