{"id":2640,"date":"2025-01-13T12:29:40","date_gmt":"2025-01-13T12:29:40","guid":{"rendered":"https:\/\/www.yongyukitchenware.com\/?post_type=product&#038;p=2640"},"modified":"2025-06-14T03:03:33","modified_gmt":"2025-06-14T03:03:33","slug":"custom-serving-tray","status":"publish","type":"product","link":"https:\/\/www.yongyukitchenware.com\/fr\/produit\/custom-serving-tray\/","title":{"rendered":"Plateau de service personnalis\u00e9 en acier inoxydable miroir avec Glod Hanlde"},"content":{"rendered":"<div class=\"wp-block-columns is-layout-flex wp-container-core-columns-is-layout-9d6595d7 wp-block-columns-is-layout-flex\">\n<div class=\"wp-block-column is-layout-flow wp-block-column-is-layout-flow\">\n<h2 class=\"wp-block-heading\">Plateau de service Caract\u00e9ristiques :<\/h2>\n\n\n\n<p><strong>Mat\u00e9riau en acier inoxydable de haute qualit\u00e9<\/strong><br>Structure compl\u00e8te en acier inoxydable antirouille et facile \u00e0 nettoyer, mat\u00e9riau de qualit\u00e9 alimentaire.<\/p>\n\n\n\n<p><strong>Miroir rectangulaire<\/strong><br>Les plateaux rectangulaires conviennent \u00e0 la mise en place d'une vari\u00e9t\u00e9 d'articles. Le design en miroir poli convient aux lieux de restauration modernes ou haut de gamme.<\/p>\n\n\n\n<p><strong>Poign\u00e9e double<\/strong><br>La poign\u00e9e dor\u00e9e souligne l'\u00e9l\u00e9gance et l'impression de haut de gamme, tandis que la poign\u00e9e argent\u00e9e est moderne et simple, et peut \u00eatre choisie en fonction des besoins. La double poign\u00e9e facilite la manipulation et le d\u00e9placement du plateau.<\/p>\n\n\n\n<h2 class=\"wp-block-heading\">Taille de la barquette :<\/h2>\n\n\n\n<figure class=\"wp-block-table\"><table class=\"has-fixed-layout\"><tbody><tr><td>Mod\u00e8le<\/td><td>Taille<\/td><td>Longueur*Largeur<\/td><td>MOQ<\/td><\/tr><tr><td rowspan=\"4\">DY060-P<\/td><td>16 pouces<\/td><td>43*27.7cm<\/td><td rowspan=\"4\">100PCS<\/td><\/tr><tr><td>18 pouces<\/td><td>47.2*32.3cm<\/td><\/tr><tr><td>20 pouces<\/td><td>52*36.6cm<\/td><\/tr><tr><td>22 pouces<\/td><td>56.5*42cm<\/td><\/tr><\/tbody><\/table><\/figure>\n<\/div>\n\n\n\n<div class=\"wp-block-column is-layout-flow wp-block-column-is-layout-flow\">\n<figure class=\"wp-block-image size-full\"><img decoding=\"async\" width=\"800\" height=\"800\" src=\"https:\/\/www.yongyukitchenware.com\/wp-content\/uploads\/2025\/01\/Bulk-Rectangular-Mirror-Tray-5.webp\" alt=\"Bulk-Rectangulaire-Miroir-Tableau-5\" class=\"wp-image-2655\" srcset=\"https:\/\/www.yongyukitchenware.com\/wp-content\/uploads\/2025\/01\/Bulk-Rectangular-Mirror-Tray-5.webp 800w, https:\/\/www.yongyukitchenware.com\/wp-content\/uploads\/2025\/01\/Bulk-Rectangular-Mirror-Tray-5-300x300.webp 300w, https:\/\/www.yongyukitchenware.com\/wp-content\/uploads\/2025\/01\/Bulk-Rectangular-Mirror-Tray-5-150x150.webp 150w, https:\/\/www.yongyukitchenware.com\/wp-content\/uploads\/2025\/01\/Bulk-Rectangular-Mirror-Tray-5-768x768.webp 768w, https:\/\/www.yongyukitchenware.com\/wp-content\/uploads\/2025\/01\/Bulk-Rectangular-Mirror-Tray-5-12x12.webp 12w, https:\/\/www.yongyukitchenware.com\/wp-content\/uploads\/2025\/01\/Bulk-Rectangular-Mirror-Tray-5-600x600.webp 600w, https:\/\/www.yongyukitchenware.com\/wp-content\/uploads\/2025\/01\/Bulk-Rectangular-Mirror-Tray-5-100x100.webp 100w\" sizes=\"(max-width: 800px) 100vw, 800px\" \/><\/figure>\n<\/div>\n<\/div>","protected":false},"excerpt":{"rendered":"<div class=\"n4sEPd\">\n<div class=\"UdTY9 qhIQqf leDWne\" aria-hidden=\"true\" data-location=\"1\">Bienvenue sur le march\u00e9 de la vente en gros et de la personnalisation de plateaux de service, miroir avec double poign\u00e9e, or et argent, plusieurs tailles au choix. Prix d'usine, personnalisation de grandes quantit\u00e9s est la meilleure offre, bienvenue \u00e0 nous contacter pour en savoir plus.<\/div>\n<\/div>\n<h2 style=\"text-align: left\">Plateau de service Param\u00e8tre :<\/h2>\n<p style=\"text-align: left\"><strong>Mat\u00e9riau :<\/strong> acier inoxydable<br \/><strong>Taille : <\/strong>16\/18\/20\/22 pouces<br \/><strong>Forme :<\/strong> Rectangulaire<br \/><strong>Emballage :<\/strong> Sac OPP et carton<br \/><strong>OEM\/ODM :<\/strong> Disponible<\/p>\n<h2 class=\"wp-block-heading\">Du grossiste en arts de la table Yongyu :<\/h2>\n<p>Yongyu Tableware Wholesaler peut r\u00e9pondre aux besoins des clients en vrac et fournir une s\u00e9rie de fournitures de restauration en gros de haute qualit\u00e9 qui combine l'\u00e9l\u00e9gance et la durabilit\u00e9. Y compris la vaisselle, les boissons, le mat\u00e9riel de restauration, les ustensiles de cuisine, les \u00e9l\u00e9ments essentiels de la cuisine de camping, etc.<\/p>","protected":false},"featured_media":2652,"comment_status":"closed","ping_status":"closed","template":"","meta":{"_acf_changed":true},"application":[30],"product_brand":[],"product_cat":[22,44],"product_tag":[],"class_list":{"0":"post-2640","1":"product","2":"type-product","3":"status-publish","4":"has-post-thumbnail","6":"application-hotel-catering","7":"product_cat-catering-supplies-wholesale","8":"product_cat-stainless-steel-serving-trays-wholesale","10":"first","11":"instock","12":"shipping-taxable","13":"product-type-simple"},"acf":[],"_links":{"self":[{"href":"https:\/\/www.yongyukitchenware.com\/fr\/wp-json\/wp\/v2\/product\/2640","targetHints":{"allow":["GET"]}}],"collection":[{"href":"https:\/\/www.yongyukitchenware.com\/fr\/wp-json\/wp\/v2\/product"}],"about":[{"href":"https:\/\/www.yongyukitchenware.com\/fr\/wp-json\/wp\/v2\/types\/product"}],"replies":[{"embeddable":true,"href":"https:\/\/www.yongyukitchenware.com\/fr\/wp-json\/wp\/v2\/comments?post=2640"}],"wp:featuredmedia":[{"embeddable":true,"href":"https:\/\/www.yongyukitchenware.com\/fr\/wp-json\/wp\/v2\/media\/2652"}],"wp:attachment":[{"href":"https:\/\/www.yongyukitchenware.com\/fr\/wp-json\/wp\/v2\/media?parent=2640"}],"wp:term":[{"taxonomy":"application","embeddable":true,"href":"https:\/\/www.yongyukitchenware.com\/fr\/wp-json\/wp\/v2\/application?post=2640"},{"taxonomy":"product_brand","embeddable":true,"href":"https:\/\/www.yongyukitchenware.com\/fr\/wp-json\/wp\/v2\/product_brand?post=2640"},{"taxonomy":"product_cat","embeddable":true,"href":"https:\/\/www.yongyukitchenware.com\/fr\/wp-json\/wp\/v2\/product_cat?post=2640"},{"taxonomy":"product_tag","embeddable":true,"href":"https:\/\/www.yongyukitchenware.com\/fr\/wp-json\/wp\/v2\/product_tag?post=2640"}],"curies":[{"name":"wp","href":"https:\/\/api.w.org\/{rel}","templated":true}]}}