{"id":2668,"date":"2025-01-13T12:11:53","date_gmt":"2025-01-13T12:11:53","guid":{"rendered":"https:\/\/www.yongyukitchenware.com\/?post_type=product&#038;p=2668"},"modified":"2025-06-14T03:04:32","modified_gmt":"2025-06-14T03:04:32","slug":"wholesale-round-mirror-tray","status":"publish","type":"product","link":"https:\/\/www.yongyukitchenware.com\/fr\/produit\/wholesale-round-mirror-tray\/","title":{"rendered":"Set de plateaux alimentaires en acier inoxydable avec miroir rond"},"content":{"rendered":"<div class=\"wp-block-columns is-layout-flex wp-container-core-columns-is-layout-9d6595d7 wp-block-columns-is-layout-flex\">\n<div class=\"wp-block-column is-layout-flow wp-block-column-is-layout-flow\">\n<h2 class=\"wp-block-heading\">Plateau miroir rond Caract\u00e9ristiques :<\/h2>\n\n\n\n<p><strong>Mat\u00e9riau en acier inoxydable r\u00e9sistant \u00e0 l'usure :<\/strong><br>Le bac \u00e0 miroir est fabriqu\u00e9 en acier inoxydable durable, r\u00e9sistant \u00e0 l'usure et \u00e0 la d\u00e9formation et pouvant \u00eatre utilis\u00e9 pendant longtemps.<\/p>\n\n\n\n<p><strong>Miroir lisse<\/strong>:<br>La technologie du polissage miroir rend le plateau aussi brillant qu'un miroir, am\u00e9liore l'effet visuel global et donne une impression de modernit\u00e9 et de haut de gamme.<\/p>\n\n\n\n<p><strong>Poign\u00e9e en or ou en argent<\/strong>:<br>La combinaison de la poign\u00e9e dor\u00e9e et du miroir argent\u00e9 souligne le luxe et l'\u00e9l\u00e9gance. Pratique \u00e0 prendre en main, il ne glisse pas.<\/p>\n\n\n\n<p><strong>Plusieurs options de taille et de forme :<\/strong><br>Les formats disponibles vont de petit \u00e0 grand, de 16 \u00e0 22, et sont ronds, ovales et rectangulaires. Convient \u00e0 divers services de restauration<\/p>\n\n\n\n<h2 class=\"wp-block-heading\">Plateau miroir rond Taille :<\/h2>\n\n\n\n<figure class=\"wp-block-table\"><table class=\"has-fixed-layout\"><tbody><tr><td>Mod\u00e8le<\/td><td>Taille<\/td><td>Diam\u00e8tre<\/td><td>MOQ<\/td><\/tr><tr><td rowspan=\"4\">DY058-P<\/td><td>16 pouces<\/td><td>40cm<\/td><td rowspan=\"4\">100PCS<\/td><\/tr><tr><td>18 pouces<\/td><td>43cm<\/td><\/tr><tr><td>20 pouces<\/td><td>51.7cm<\/td><\/tr><tr><td>22 pouces<\/td><td>56cm<\/td><\/tr><\/tbody><\/table><\/figure>\n<\/div>\n\n\n\n<div class=\"wp-block-column is-layout-flow wp-block-column-is-layout-flow\">\n<figure class=\"wp-block-image size-full\"><img decoding=\"async\" width=\"800\" height=\"800\" src=\"https:\/\/www.yongyukitchenware.com\/wp-content\/uploads\/2025\/01\/Bulk-Round-Mirror-Tray-8.webp\" alt=\"Bulk-Round-Mirror-Tray-8\" class=\"wp-image-2675\" srcset=\"https:\/\/www.yongyukitchenware.com\/wp-content\/uploads\/2025\/01\/Bulk-Round-Mirror-Tray-8.webp 800w, https:\/\/www.yongyukitchenware.com\/wp-content\/uploads\/2025\/01\/Bulk-Round-Mirror-Tray-8-300x300.webp 300w, https:\/\/www.yongyukitchenware.com\/wp-content\/uploads\/2025\/01\/Bulk-Round-Mirror-Tray-8-150x150.webp 150w, https:\/\/www.yongyukitchenware.com\/wp-content\/uploads\/2025\/01\/Bulk-Round-Mirror-Tray-8-768x768.webp 768w, https:\/\/www.yongyukitchenware.com\/wp-content\/uploads\/2025\/01\/Bulk-Round-Mirror-Tray-8-12x12.webp 12w, https:\/\/www.yongyukitchenware.com\/wp-content\/uploads\/2025\/01\/Bulk-Round-Mirror-Tray-8-600x600.webp 600w, https:\/\/www.yongyukitchenware.com\/wp-content\/uploads\/2025\/01\/Bulk-Round-Mirror-Tray-8-100x100.webp 100w\" sizes=\"(max-width: 800px) 100vw, 800px\" \/><\/figure>\n<\/div>\n<\/div>","protected":false},"excerpt":{"rendered":"<div class=\"n4sEPd\">\n<div class=\"UdTY9 qhIQqf leDWne\" aria-hidden=\"true\" data-location=\"1\">Grossiste plateau miroir rond avec poign\u00e9es dor\u00e9es et argent\u00e9es. Fabriqu\u00e9 directement par Yongyu, fabriqu\u00e9 sur mesure en plusieurs tailles et formes. Disponible sur Amazon, veuillez nous contacter pour un devis gratuit !<\/div>\n<\/div>\n<h2 style=\"text-align: left\">Plateau miroir rond Param\u00e8tre :<\/h2>\n<p style=\"text-align: left\"><strong>Mat\u00e9riau :<\/strong> acier inoxydable<br \/><strong>Taille : <\/strong>16\/18\/20\/22 pouces<br \/><strong>Forme : <\/strong>Rond<br \/><strong>Emballage :<\/strong> Sac OPP et carton<br \/><strong>OEM\/ODM :<\/strong> Disponible<\/p>\n<h2 class=\"wp-block-heading\">Du grossiste en arts de la table Yongyu :<\/h2>\n<p>Yongyu Tableware Wholesaler propose une s\u00e9rie de produits de restauration en gros de haute qualit\u00e9, alliant \u00e9l\u00e9gance et durabilit\u00e9, notamment de la vaisselle, des boissons, du mat\u00e9riel de restauration, des ustensiles de cuisine, des \u00e9l\u00e9ments essentiels pour la cuisine de camping, etc.<\/p>","protected":false},"featured_media":2669,"comment_status":"closed","ping_status":"closed","template":"","meta":{"_acf_changed":true},"application":[30],"product_brand":[],"product_cat":[22,44],"product_tag":[],"class_list":{"0":"post-2668","1":"product","2":"type-product","3":"status-publish","4":"has-post-thumbnail","6":"application-hotel-catering","7":"product_cat-catering-supplies-wholesale","8":"product_cat-stainless-steel-serving-trays-wholesale","10":"first","11":"instock","12":"shipping-taxable","13":"product-type-simple"},"acf":[],"_links":{"self":[{"href":"https:\/\/www.yongyukitchenware.com\/fr\/wp-json\/wp\/v2\/product\/2668","targetHints":{"allow":["GET"]}}],"collection":[{"href":"https:\/\/www.yongyukitchenware.com\/fr\/wp-json\/wp\/v2\/product"}],"about":[{"href":"https:\/\/www.yongyukitchenware.com\/fr\/wp-json\/wp\/v2\/types\/product"}],"replies":[{"embeddable":true,"href":"https:\/\/www.yongyukitchenware.com\/fr\/wp-json\/wp\/v2\/comments?post=2668"}],"wp:featuredmedia":[{"embeddable":true,"href":"https:\/\/www.yongyukitchenware.com\/fr\/wp-json\/wp\/v2\/media\/2669"}],"wp:attachment":[{"href":"https:\/\/www.yongyukitchenware.com\/fr\/wp-json\/wp\/v2\/media?parent=2668"}],"wp:term":[{"taxonomy":"application","embeddable":true,"href":"https:\/\/www.yongyukitchenware.com\/fr\/wp-json\/wp\/v2\/application?post=2668"},{"taxonomy":"product_brand","embeddable":true,"href":"https:\/\/www.yongyukitchenware.com\/fr\/wp-json\/wp\/v2\/product_brand?post=2668"},{"taxonomy":"product_cat","embeddable":true,"href":"https:\/\/www.yongyukitchenware.com\/fr\/wp-json\/wp\/v2\/product_cat?post=2668"},{"taxonomy":"product_tag","embeddable":true,"href":"https:\/\/www.yongyukitchenware.com\/fr\/wp-json\/wp\/v2\/product_tag?post=2668"}],"curies":[{"name":"wp","href":"https:\/\/api.w.org\/{rel}","templated":true}]}}