{"id":2707,"date":"2025-01-15T07:34:36","date_gmt":"2025-01-15T07:34:36","guid":{"rendered":"https:\/\/www.yongyukitchenware.com\/?post_type=product&#038;p=2707"},"modified":"2025-06-14T02:53:32","modified_gmt":"2025-06-14T02:53:32","slug":"bulk-roll-top-chafing-dish-buffet-set","status":"publish","type":"product","link":"https:\/\/www.yongyukitchenware.com\/fr\/produit\/bulk-roll-top-chafing-dish-buffet-set\/","title":{"rendered":"Bulk Roll Top Chafing Dish Buffet Set with 2 Soup Pot Stainless Steel"},"content":{"rendered":"<div class=\"wp-block-columns is-layout-flex wp-container-core-columns-is-layout-9d6595d7 wp-block-columns-is-layout-flex\">\n<div class=\"wp-block-column is-layout-flow wp-block-column-is-layout-flow\">\n<h2 class=\"wp-block-heading\">Param\u00e8tres de l'ensemble Buffet Chafing Dish Roll Top :<\/h2>\n\n\n\n<figure class=\"wp-block-table\"><table class=\"has-fixed-layout\"><tbody><tr><td>Mod\u00e8le<\/td><td>Longueur * Largeur * Hauteur (cm)<\/td><td>MOQ<\/td><\/tr><tr><td>DY022-CL<\/td><td>64*44*44<\/td><td>2PCS<\/td><\/tr><\/tbody><\/table><\/figure>\n\n\n\n<h2 class=\"wp-block-heading\">Caract\u00e9ristiques de l'ensemble de buffets pour chafing dish :<\/h2>\n\n\n\n<p><strong>Acier inoxydable de haute qualit\u00e9 :<\/strong> Structure stable en acier inoxydable, \u00e9paissie et durable, r\u00e9sistante \u00e0 la corrosion et aux temp\u00e9ratures \u00e9lev\u00e9es.<\/p>\n\n\n\n<p><strong>Conception de type \"roll-top\" : <\/strong>Dot\u00e9 d'un couvercle \u00e0 enroulement pratique, il est facile \u00e0 ouvrir et \u00e0 fermer, ce qui le rend plus pratique.<\/p>\n\n\n\n<p><strong>2 marmites \u00e0 soupe :<\/strong> Conception \u00e0 grande capacit\u00e9, avec 2 marmites \u00e0 soupe avec cuill\u00e8res et couvercles \u00e0 l'int\u00e9rieur, conservation efficace de la chaleur, et peut fournir plusieurs plats en m\u00eame temps.<\/p>\n\n\n\n<p><strong>Assortiment de marmites de soupe :<\/strong> Proposer des options assorties avec des pots \u00e0 soupe, adapt\u00e9s \u00e0 la fourniture de soupes, de boissons chaudes, etc., afin d'accro\u00eetre la diversit\u00e9 et la vari\u00e9t\u00e9 alimentaire des buffets.<\/p>\n\n\n\n<p><strong>Options de chauffage par br\u00fbleur ou par plaque chauffante \u00e9lectrique : <\/strong>Fournir un chauffage \u00e0 l'alcool et un chauffage \u00e9lectrique pour r\u00e9pondre aux diff\u00e9rents besoins environnementaux.<\/p>\n<\/div>\n\n\n\n<div class=\"wp-block-column is-layout-flow wp-block-column-is-layout-flow\">\n<figure class=\"wp-block-image size-full\"><img decoding=\"async\" width=\"750\" height=\"750\" src=\"https:\/\/www.yongyukitchenware.com\/wp-content\/uploads\/2025\/01\/wholesale-roll-top-chafing-dish-buffet-set-1-1.webp\" alt=\"Set de buffet pour chafing dish \u00e0 roulettes en gros\" class=\"wp-image-2895\" srcset=\"https:\/\/www.yongyukitchenware.com\/wp-content\/uploads\/2025\/01\/wholesale-roll-top-chafing-dish-buffet-set-1-1.webp 750w, https:\/\/www.yongyukitchenware.com\/wp-content\/uploads\/2025\/01\/wholesale-roll-top-chafing-dish-buffet-set-1-1-300x300.webp 300w, https:\/\/www.yongyukitchenware.com\/wp-content\/uploads\/2025\/01\/wholesale-roll-top-chafing-dish-buffet-set-1-1-150x150.webp 150w, https:\/\/www.yongyukitchenware.com\/wp-content\/uploads\/2025\/01\/wholesale-roll-top-chafing-dish-buffet-set-1-1-12x12.webp 12w, https:\/\/www.yongyukitchenware.com\/wp-content\/uploads\/2025\/01\/wholesale-roll-top-chafing-dish-buffet-set-1-1-600x600.webp 600w, https:\/\/www.yongyukitchenware.com\/wp-content\/uploads\/2025\/01\/wholesale-roll-top-chafing-dish-buffet-set-1-1-100x100.webp 100w\" sizes=\"(max-width: 750px) 100vw, 750px\" \/><\/figure>\n\n\n\n<figure class=\"wp-block-image size-full\"><img decoding=\"async\" width=\"800\" height=\"800\" src=\"https:\/\/www.yongyukitchenware.com\/wp-content\/uploads\/2025\/01\/wholesale-roll-top-chafing-dish-buffet-set-6.webp\" alt=\"Set de buffet pour chafing dish \u00e0 roulettes en gros\" class=\"wp-image-2713\" srcset=\"https:\/\/www.yongyukitchenware.com\/wp-content\/uploads\/2025\/01\/wholesale-roll-top-chafing-dish-buffet-set-6.webp 800w, https:\/\/www.yongyukitchenware.com\/wp-content\/uploads\/2025\/01\/wholesale-roll-top-chafing-dish-buffet-set-6-300x300.webp 300w, https:\/\/www.yongyukitchenware.com\/wp-content\/uploads\/2025\/01\/wholesale-roll-top-chafing-dish-buffet-set-6-150x150.webp 150w, https:\/\/www.yongyukitchenware.com\/wp-content\/uploads\/2025\/01\/wholesale-roll-top-chafing-dish-buffet-set-6-768x768.webp 768w, https:\/\/www.yongyukitchenware.com\/wp-content\/uploads\/2025\/01\/wholesale-roll-top-chafing-dish-buffet-set-6-12x12.webp 12w, https:\/\/www.yongyukitchenware.com\/wp-content\/uploads\/2025\/01\/wholesale-roll-top-chafing-dish-buffet-set-6-600x600.webp 600w, https:\/\/www.yongyukitchenware.com\/wp-content\/uploads\/2025\/01\/wholesale-roll-top-chafing-dish-buffet-set-6-100x100.webp 100w\" sizes=\"(max-width: 800px) 100vw, 800px\" \/><\/figure>\n<\/div>\n<\/div>","protected":false},"excerpt":{"rendered":"<p>Set buffet de chafing dish personnalis\u00e9 en vrac, avec 2 casseroles et cuill\u00e8res \u00e0 l'int\u00e9rieur, couvercle en verre avec fen\u00eatre de visualisation. Beau et pratique, prix d'usine, haute qualit\u00e9 garantie. N'h\u00e9sitez pas \u00e0 nous contacter pour une consultation gratuite !<\/p>\n<h2><!-- wp:heading --><\/h2>\n<h2 class=\"wp-block-heading\">Attributs de l'ensemble de buffets pour chafing dish :<\/h2>\n<h2><!-- \/wp:heading --><\/p>\n<p><!-- wp:paragraph --><\/h2>\n<p><strong>Mat\u00e9riau : <\/strong>Acier inoxydable<br \/><strong>Couleur : <\/strong>Argent\/ Glod<br \/><strong>Forme : <\/strong>Rectangle avec couvercle \u00e0 enroulement et 2 marmites \u00e0 soupe<br \/><strong>Chaleur : <\/strong>Chauffage \u00e0 l'alcool ou \u00e9lectrique<br \/><strong>Bac de r\u00e9cup\u00e9ration : <\/strong>Grille simple\/double<br \/><strong>OEM\/ODM : <\/strong>Disponible<\/p>\n<h2 class=\"wp-block-heading\">Fabriqu\u00e9 par Yongyu Chafing Dish Manufacturer :<\/h2>\n<p>Qu'il s'agisse d'un fournisseur de services de restauration, d'un h\u00f4tel ou d'un restaurant, ou d'une soci\u00e9t\u00e9 d'organisation d'\u00e9v\u00e9nements, nous fournissons des solutions compl\u00e8tes de vente en gros de chafing dishes pour aider votre entreprise avec des prix d'usine de haute qualit\u00e9 !<\/p>\n<h2><!-- \/wp:paragraph --><\/h2>","protected":false},"featured_media":2896,"comment_status":"closed","ping_status":"closed","template":"","meta":{"_acf_changed":false},"application":[30],"product_brand":[],"product_cat":[33],"product_tag":[],"class_list":{"0":"post-2707","1":"product","2":"type-product","3":"status-publish","4":"has-post-thumbnail","6":"application-hotel-catering","7":"product_cat-chafing-dishes-wholesale","9":"first","10":"instock","11":"shipping-taxable","12":"product-type-simple"},"acf":[],"_links":{"self":[{"href":"https:\/\/www.yongyukitchenware.com\/fr\/wp-json\/wp\/v2\/product\/2707","targetHints":{"allow":["GET"]}}],"collection":[{"href":"https:\/\/www.yongyukitchenware.com\/fr\/wp-json\/wp\/v2\/product"}],"about":[{"href":"https:\/\/www.yongyukitchenware.com\/fr\/wp-json\/wp\/v2\/types\/product"}],"replies":[{"embeddable":true,"href":"https:\/\/www.yongyukitchenware.com\/fr\/wp-json\/wp\/v2\/comments?post=2707"}],"wp:featuredmedia":[{"embeddable":true,"href":"https:\/\/www.yongyukitchenware.com\/fr\/wp-json\/wp\/v2\/media\/2896"}],"wp:attachment":[{"href":"https:\/\/www.yongyukitchenware.com\/fr\/wp-json\/wp\/v2\/media?parent=2707"}],"wp:term":[{"taxonomy":"application","embeddable":true,"href":"https:\/\/www.yongyukitchenware.com\/fr\/wp-json\/wp\/v2\/application?post=2707"},{"taxonomy":"product_brand","embeddable":true,"href":"https:\/\/www.yongyukitchenware.com\/fr\/wp-json\/wp\/v2\/product_brand?post=2707"},{"taxonomy":"product_cat","embeddable":true,"href":"https:\/\/www.yongyukitchenware.com\/fr\/wp-json\/wp\/v2\/product_cat?post=2707"},{"taxonomy":"product_tag","embeddable":true,"href":"https:\/\/www.yongyukitchenware.com\/fr\/wp-json\/wp\/v2\/product_tag?post=2707"}],"curies":[{"name":"wp","href":"https:\/\/api.w.org\/{rel}","templated":true}]}}