{"id":2736,"date":"2025-01-15T09:51:57","date_gmt":"2025-01-15T09:51:57","guid":{"rendered":"https:\/\/www.yongyukitchenware.com\/?post_type=product&#038;p=2736"},"modified":"2025-06-14T02:50:43","modified_gmt":"2025-06-14T02:50:43","slug":"wholesale-stainless-chafing-dish","status":"publish","type":"product","link":"https:\/\/www.yongyukitchenware.com\/fr\/produit\/wholesale-stainless-chafing-dish\/","title":{"rendered":"Wholesale Stainless Chafing Dish 8QT with Glass Lid For Wedding or Party"},"content":{"rendered":"<div class=\"wp-block-columns is-layout-flex wp-container-core-columns-is-layout-9d6595d7 wp-block-columns-is-layout-flex\">\n<div class=\"wp-block-column is-layout-flow wp-block-column-is-layout-flow\">\n<h2 class=\"wp-block-heading\">Plat \u00e0 r\u00f4tir en acier inoxydable Param\u00e8tre :<\/h2>\n\n\n\n<figure class=\"wp-block-table\"><table class=\"has-fixed-layout\"><tbody><tr><td>Mod\u00e8le<\/td><td>Longueur * Largeur * Hauteur (cm)<\/td><td>Capacit\u00e9 (l)<\/td><td>Poids (kg)<\/td><td>MOQ<\/td><\/tr><tr><td>DY006-CL<\/td><td>61*45*21<\/td><td>9<\/td><td>9.9<\/td><td>2PCS<\/td><\/tr><\/tbody><\/table><\/figure>\n\n\n\n<h2 class=\"wp-block-heading\">Caract\u00e9ristiques de l'ustensile de cuisson en acier inoxydable :<\/h2>\n\n\n\n<p><strong>Acier inoxydable de haute qualit\u00e9 :<\/strong> structure en acier inoxydable r\u00e9sistant \u00e0 la corrosion, surface lisse et brillante, facile \u00e0 nettoyer, utilisable pendant longtemps<\/p>\n\n\n\n<p><strong>Couvercle hydraulique silencieux en verre :<\/strong> Le couvercle hydraulique permet aux utilisateurs de passer d'un mode \u00e0 l'autre de mani\u00e8re silencieuse et stable, et est facile \u00e0 utiliser. La fen\u00eatre en verre permet aux utilisateurs de voir clairement les aliments \u00e0 l'int\u00e9rieur sans ouvrir le couvercle, ce qui r\u00e9duit le nombre de fois o\u00f9 le couvercle est ouvert.<\/p>\n\n\n\n<p><strong>Design moderne et \u00e9l\u00e9gant : <\/strong>Les lignes minimalistes et les miroirs, le design des pieds bas, conviennent \u00e0 diff\u00e9rentes occasions th\u00e9matiques telles que les mariages, les f\u00eates, les buffets d'h\u00f4tels-restaurants, etc.<\/p>\n\n\n\n<p><strong>Chauffage efficace : <\/strong>\u00e9quip\u00e9 d'une plaque chauffante et d'un r\u00e9gulateur de temp\u00e9rature, le temps de chauffage peut \u00eatre s\u00e9lectionn\u00e9 avec pr\u00e9cision en fonction des besoins, ce qui permet de conserver la temp\u00e9rature et la fra\u00eecheur des aliments pendant longtemps<\/p>\n<\/div>\n\n\n\n<div class=\"wp-block-column is-layout-flow wp-block-column-is-layout-flow\">\n<figure class=\"wp-block-image size-full\"><img decoding=\"async\" width=\"800\" height=\"800\" src=\"https:\/\/www.yongyukitchenware.com\/wp-content\/uploads\/2025\/01\/stainless-chafing-dish-wholesale-1.webp\" alt=\"Plaque \u00e0 frire en acier inoxydable - vente en gros\" class=\"wp-image-2743\" srcset=\"https:\/\/www.yongyukitchenware.com\/wp-content\/uploads\/2025\/01\/stainless-chafing-dish-wholesale-1.webp 800w, https:\/\/www.yongyukitchenware.com\/wp-content\/uploads\/2025\/01\/stainless-chafing-dish-wholesale-1-300x300.webp 300w, https:\/\/www.yongyukitchenware.com\/wp-content\/uploads\/2025\/01\/stainless-chafing-dish-wholesale-1-150x150.webp 150w, https:\/\/www.yongyukitchenware.com\/wp-content\/uploads\/2025\/01\/stainless-chafing-dish-wholesale-1-768x768.webp 768w, https:\/\/www.yongyukitchenware.com\/wp-content\/uploads\/2025\/01\/stainless-chafing-dish-wholesale-1-12x12.webp 12w, https:\/\/www.yongyukitchenware.com\/wp-content\/uploads\/2025\/01\/stainless-chafing-dish-wholesale-1-600x600.webp 600w, https:\/\/www.yongyukitchenware.com\/wp-content\/uploads\/2025\/01\/stainless-chafing-dish-wholesale-1-100x100.webp 100w\" sizes=\"(max-width: 800px) 100vw, 800px\" \/><\/figure>\n<\/div>\n<\/div>","protected":false},"excerpt":{"rendered":"<p>Nous vous invitons \u00e0 personnaliser et \u00e0 vendre en gros des chafing dish en acier inoxydable, au design moderne avec couvercle \u00e0 charni\u00e8re silencieux. C'est l'\u00e9quipement id\u00e9al pour les h\u00f4tels, les restaurants et les buffets. Haute qualit\u00e9, prix d'usine, n'h\u00e9sitez pas \u00e0 nous contacter pour en savoir plus !<\/p>\n<h2><!-- wp:heading --><\/h2>\n<h2 class=\"wp-block-heading\">Attributs du plat \u00e0 r\u00f4tir en acier inoxydable :<\/h2>\n<h2><!-- \/wp:heading --><\/p>\n<p><!-- wp:paragraph --><\/h2>\n<p><strong>Mat\u00e9riau : <\/strong>Acier inoxydable<br \/><strong>Couleur : <\/strong>Argent\/Glod<br \/><strong>Forme : <\/strong>Rectangle avec couvercle \u00e0 charni\u00e8re<br \/><strong>Chaleur : <\/strong>Chauffage \u00e9lectrique<br \/><strong>Bac de r\u00e9cup\u00e9ration : <\/strong>Grille simple\/double\/trois<br \/><strong>OEM\/ODM : <\/strong>Disponible<\/p>\n<h2 class=\"wp-block-heading\">De Yongyu Chafing Dish Manufacturer :<\/h2>\n<p>Qu'il s'agisse d'un fournisseur de services de restauration, d'un h\u00f4tel ou d'un restaurant, ou d'une soci\u00e9t\u00e9 d'organisation d'\u00e9v\u00e9nements, nous fournissons des solutions compl\u00e8tes de vente en gros de chafing dishes pour aider votre entreprise avec des prix d'usine de haute qualit\u00e9 !<\/p>\n<h2><!-- \/wp:paragraph --><\/h2>","protected":false},"featured_media":2744,"comment_status":"closed","ping_status":"closed","template":"","meta":{"_acf_changed":true},"application":[30],"product_brand":[],"product_cat":[33],"product_tag":[],"class_list":{"0":"post-2736","1":"product","2":"type-product","3":"status-publish","4":"has-post-thumbnail","6":"application-hotel-catering","7":"product_cat-chafing-dishes-wholesale","9":"first","10":"instock","11":"shipping-taxable","12":"product-type-simple"},"acf":[],"_links":{"self":[{"href":"https:\/\/www.yongyukitchenware.com\/fr\/wp-json\/wp\/v2\/product\/2736","targetHints":{"allow":["GET"]}}],"collection":[{"href":"https:\/\/www.yongyukitchenware.com\/fr\/wp-json\/wp\/v2\/product"}],"about":[{"href":"https:\/\/www.yongyukitchenware.com\/fr\/wp-json\/wp\/v2\/types\/product"}],"replies":[{"embeddable":true,"href":"https:\/\/www.yongyukitchenware.com\/fr\/wp-json\/wp\/v2\/comments?post=2736"}],"wp:featuredmedia":[{"embeddable":true,"href":"https:\/\/www.yongyukitchenware.com\/fr\/wp-json\/wp\/v2\/media\/2744"}],"wp:attachment":[{"href":"https:\/\/www.yongyukitchenware.com\/fr\/wp-json\/wp\/v2\/media?parent=2736"}],"wp:term":[{"taxonomy":"application","embeddable":true,"href":"https:\/\/www.yongyukitchenware.com\/fr\/wp-json\/wp\/v2\/application?post=2736"},{"taxonomy":"product_brand","embeddable":true,"href":"https:\/\/www.yongyukitchenware.com\/fr\/wp-json\/wp\/v2\/product_brand?post=2736"},{"taxonomy":"product_cat","embeddable":true,"href":"https:\/\/www.yongyukitchenware.com\/fr\/wp-json\/wp\/v2\/product_cat?post=2736"},{"taxonomy":"product_tag","embeddable":true,"href":"https:\/\/www.yongyukitchenware.com\/fr\/wp-json\/wp\/v2\/product_tag?post=2736"}],"curies":[{"name":"wp","href":"https:\/\/api.w.org\/{rel}","templated":true}]}}