{"id":2747,"date":"2025-01-17T18:11:17","date_gmt":"2025-01-17T18:11:17","guid":{"rendered":"https:\/\/www.yongyukitchenware.com\/?post_type=product&#038;p=2747"},"modified":"2025-06-14T02:41:42","modified_gmt":"2025-06-14T02:41:42","slug":"chafing-dishes-with-lids-bulk","status":"publish","type":"product","link":"https:\/\/www.yongyukitchenware.com\/fr\/produit\/chafing-dishes-with-lids-bulk\/","title":{"rendered":"Grossiste Chafing Dishes with Lids Electric Square 6L"},"content":{"rendered":"<div class=\"wp-block-columns is-layout-flex wp-container-core-columns-is-layout-9d6595d7 wp-block-columns-is-layout-flex\">\n<div class=\"wp-block-column is-layout-flow wp-block-column-is-layout-flow\">\n<h2 class=\"wp-block-heading\">Parameter of Chafing Dishes with Lids :<\/h2>\n\n\n\n<figure class=\"wp-block-table\"><table class=\"has-fixed-layout\"><tbody><tr><td>Mod\u00e8le<\/td><td>Longueur * Largeur * Hauteur (cm)<\/td><td>Capacit\u00e9 (l)<\/td><td>Poids (kg)<\/td><td>MOQ<\/td><\/tr><tr><td>DY018-CL<\/td><td>41*43*23<\/td><td>6<\/td><td>9.7<\/td><td>2PCS<\/td><\/tr><\/tbody><\/table><\/figure>\n\n\n\n<h2 class=\"wp-block-heading\">Chafing Dishes with Lids Features:<\/h2>\n\n\n\n<p><strong>Stainless Steel:<\/strong> This chafing dish with lids is durable, corrosion-resistant and meets food safety standards; elegant appearance, easy to clean and maintain.<\/p>\n\n\n\n<p><strong>Individual Power Connector:<\/strong> High-quality and durable power connector, safe, environmentally friendly and easy to operate, you can precisely control the temperature.<\/p>\n\n\n\n<p><strong>Couvercle en verre transparent :<\/strong> Permet une excellente visualisation et r\u00e9duit les pertes de chaleur.<\/p>\n\n\n\n<p><strong>Square Size Design:<\/strong> This chafing dish with lids has a capacity of 6 liters, which can effectively utilize space and better adapt to different arrangement needs.<\/p>\n\n\n\n<p><strong>Conception fractionn\u00e9e : <\/strong>Basin and stove can be separated for easier cleaning<\/p>\n<\/div>\n\n\n\n<div class=\"wp-block-column is-layout-flow wp-block-column-is-layout-flow\">\n<figure class=\"wp-block-image size-full\"><img decoding=\"async\" width=\"800\" height=\"800\" src=\"https:\/\/www.yongyukitchenware.com\/wp-content\/uploads\/2025\/01\/Premium-Chafing-Dishes-with-Lids-Wholesale-Stainless-Steel-Square-6L.webp\" alt=\"Premium Chafing Dishes with Lids Wholesale Stainless Steel Square 6L\" class=\"wp-image-2748\" srcset=\"https:\/\/www.yongyukitchenware.com\/wp-content\/uploads\/2025\/01\/Premium-Chafing-Dishes-with-Lids-Wholesale-Stainless-Steel-Square-6L.webp 800w, https:\/\/www.yongyukitchenware.com\/wp-content\/uploads\/2025\/01\/Premium-Chafing-Dishes-with-Lids-Wholesale-Stainless-Steel-Square-6L-300x300.webp 300w, https:\/\/www.yongyukitchenware.com\/wp-content\/uploads\/2025\/01\/Premium-Chafing-Dishes-with-Lids-Wholesale-Stainless-Steel-Square-6L-150x150.webp 150w, https:\/\/www.yongyukitchenware.com\/wp-content\/uploads\/2025\/01\/Premium-Chafing-Dishes-with-Lids-Wholesale-Stainless-Steel-Square-6L-768x768.webp 768w, https:\/\/www.yongyukitchenware.com\/wp-content\/uploads\/2025\/01\/Premium-Chafing-Dishes-with-Lids-Wholesale-Stainless-Steel-Square-6L-12x12.webp 12w, https:\/\/www.yongyukitchenware.com\/wp-content\/uploads\/2025\/01\/Premium-Chafing-Dishes-with-Lids-Wholesale-Stainless-Steel-Square-6L-600x600.webp 600w, https:\/\/www.yongyukitchenware.com\/wp-content\/uploads\/2025\/01\/Premium-Chafing-Dishes-with-Lids-Wholesale-Stainless-Steel-Square-6L-100x100.webp 100w\" sizes=\"(max-width: 800px) 100vw, 800px\" \/><\/figure>\n<\/div>\n<\/div>","protected":false},"excerpt":{"rendered":"<p style=\"text-align: left\">Ce chafing dish haut de gamme avec couvercle est dot\u00e9 d'un panneau tactile pr\u00e9cis qui permet de contr\u00f4ler la temp\u00e9rature avec pr\u00e9cision et de maintenir les aliments au chaud pendant longtemps. Le grand couvercle hydraulique silencieux en verre am\u00e9liore l'exp\u00e9rience culinaire. C'est un mod\u00e8le qui se vend tr\u00e8s bien sur Amazon, commandez en gros d\u00e8s maintenant au meilleur prix !<\/p>\n<h2><!-- wp:heading --><\/h2>\n<h2 class=\"wp-block-heading\">Caract\u00e9ristiques des plats \u00e0 r\u00e9chauffer avec couvercle :<\/h2>\n<h2><!-- \/wp:heading --><\/p>\n<p><!-- wp:paragraph --><\/h2>\n<p><strong>Mat\u00e9riau : <\/strong>Acier inoxydable<br \/><strong>Couleur : <\/strong>Argent<br \/><strong>Forme :<\/strong> Carr\u00e9 avec couvercle en verre<br \/><strong>Chaleur : <\/strong>\u00a0Chauffage \u00e9lectrique<br \/><strong>Bac de r\u00e9cup\u00e9ration : <\/strong>Grille unique<br \/><strong>OEM\/ODM : <\/strong>Disponible<\/p>\n<h2 class=\"wp-block-heading\">De Yongyu Chafing Dish Manufacturer :<\/h2>\n<p>Qu'il s'agisse d'un fournisseur de services de restauration, d'un h\u00f4tel ou d'un restaurant, ou d'une soci\u00e9t\u00e9 d'organisation d'\u00e9v\u00e9nements, nous fournissons des solutions compl\u00e8tes de vente en gros de chafing dishes pour aider votre entreprise avec des prix d'usine de haute qualit\u00e9 !<\/p>\n<h2><!-- \/wp:paragraph --><\/h2>","protected":false},"featured_media":2751,"comment_status":"closed","ping_status":"closed","template":"","meta":{"_acf_changed":false},"application":[30],"product_brand":[],"product_cat":[33],"product_tag":[],"class_list":{"0":"post-2747","1":"product","2":"type-product","3":"status-publish","4":"has-post-thumbnail","6":"application-hotel-catering","7":"product_cat-chafing-dishes-wholesale","9":"first","10":"instock","11":"shipping-taxable","12":"product-type-simple"},"acf":[],"_links":{"self":[{"href":"https:\/\/www.yongyukitchenware.com\/fr\/wp-json\/wp\/v2\/product\/2747","targetHints":{"allow":["GET"]}}],"collection":[{"href":"https:\/\/www.yongyukitchenware.com\/fr\/wp-json\/wp\/v2\/product"}],"about":[{"href":"https:\/\/www.yongyukitchenware.com\/fr\/wp-json\/wp\/v2\/types\/product"}],"replies":[{"embeddable":true,"href":"https:\/\/www.yongyukitchenware.com\/fr\/wp-json\/wp\/v2\/comments?post=2747"}],"wp:featuredmedia":[{"embeddable":true,"href":"https:\/\/www.yongyukitchenware.com\/fr\/wp-json\/wp\/v2\/media\/2751"}],"wp:attachment":[{"href":"https:\/\/www.yongyukitchenware.com\/fr\/wp-json\/wp\/v2\/media?parent=2747"}],"wp:term":[{"taxonomy":"application","embeddable":true,"href":"https:\/\/www.yongyukitchenware.com\/fr\/wp-json\/wp\/v2\/application?post=2747"},{"taxonomy":"product_brand","embeddable":true,"href":"https:\/\/www.yongyukitchenware.com\/fr\/wp-json\/wp\/v2\/product_brand?post=2747"},{"taxonomy":"product_cat","embeddable":true,"href":"https:\/\/www.yongyukitchenware.com\/fr\/wp-json\/wp\/v2\/product_cat?post=2747"},{"taxonomy":"product_tag","embeddable":true,"href":"https:\/\/www.yongyukitchenware.com\/fr\/wp-json\/wp\/v2\/product_tag?post=2747"}],"curies":[{"name":"wp","href":"https:\/\/api.w.org\/{rel}","templated":true}]}}