{"id":2754,"date":"2025-01-17T18:00:44","date_gmt":"2025-01-17T18:00:44","guid":{"rendered":"https:\/\/www.yongyukitchenware.com\/?post_type=product&#038;p=2754"},"modified":"2025-06-14T02:42:47","modified_gmt":"2025-06-14T02:42:47","slug":"custom-modern-chafing-dish","status":"publish","type":"product","link":"https:\/\/www.yongyukitchenware.com\/fr\/produit\/custom-modern-chafing-dish\/","title":{"rendered":"R\u00e9chaud moderne 9L en acier inoxydable chauffant pour aliments"},"content":{"rendered":"<div class=\"wp-block-columns is-layout-flex wp-container-core-columns-is-layout-9d6595d7 wp-block-columns-is-layout-flex\">\n<div class=\"wp-block-column is-layout-flow wp-block-column-is-layout-flow\">\n<h2 class=\"wp-block-heading\">Plat \u00e0 r\u00f4tir moderne Param\u00e8tre :<\/h2>\n\n\n\n<figure class=\"wp-block-table\"><table class=\"has-fixed-layout\"><tbody><tr><td>Mod\u00e8le<\/td><td>Longueur * Largeur * Hauteur (cm)<\/td><td>Capacit\u00e9 (l)<\/td><td>Poids (kg)<\/td><td>MOQ<\/td><\/tr><tr><td rowspan=\"2\">DY017-CL<\/td><td>58*43*23<\/td><td rowspan=\"2\">9<\/td><td>12.3<\/td><td rowspan=\"2\">2PCS<\/td><\/tr><tr><td>58*43*29<\/td><td>12.5<\/td><\/tr><\/tbody><\/table><\/figure>\n\n\n\n<h2 class=\"wp-block-heading\"><\/h2>\n<\/div>\n\n\n\n<div class=\"wp-block-column is-layout-flow wp-block-column-is-layout-flow\">\n<h2 class=\"wp-block-heading\">Modern Chafing Dish Features :<\/h2>\n\n\n\n<p><strong>Verre transparent Couvercle :<\/strong> Le couvercle en verre transparent r\u00e9sistant \u00e0 la chaleur permet aux clients de v\u00e9rifier l'\u00e9tat de leurs aliments sans ouvrir le couvercle tout en maintenant la temp\u00e9rature interne.<\/p>\n\n\n\n<p><strong>Rectangulaire Design :<\/strong> Un design rectangulaire simple et atmosph\u00e9rique permet une utilisation plus efficace de l'espace et convient \u00e0 une vari\u00e9t\u00e9 de besoins de placement.<\/p>\n\n\n\n<p><strong>Deux m\u00e9thodes de chauffage :<\/strong> Le chauffage \u00e0 l'alcool et le chauffage par plaque chauffante \u00e9lectrique r\u00e9pondent \u00e0 des besoins diff\u00e9rents.<\/p>\n\n\n\n<p><strong>Acier inoxydable \u00e9paissi Mat\u00e9riau :<\/strong> S\u00e9lection d'un acier de qualit\u00e9 alimentaire de haute qualit\u00e9, durable et inoxydable pour garantir la s\u00e9curit\u00e9 alimentaire.<\/p>\n\n\n\n<p><strong>Amortissement hydraulique renforc\u00e9 Couvercle du pot :<\/strong> fermeture silencieuse et lente, facile \u00e0 ouvrir et \u00e0 fermer<\/p>\n\n\n\n<p><strong>Conception fractionn\u00e9e : <\/strong>la casserole et le r\u00e9chaud peuvent \u00eatre s\u00e9par\u00e9s, ce qui facilite le nettoyage<\/p>\n<\/div>\n<\/div>\n\n\n\n<div class=\"wp-block-columns is-layout-flex wp-container-core-columns-is-layout-9d6595d7 wp-block-columns-is-layout-flex\">\n<div class=\"wp-block-column is-layout-flow wp-block-column-is-layout-flow\">\n<figure class=\"wp-block-image size-full\"><img decoding=\"async\" width=\"800\" height=\"800\" src=\"https:\/\/www.yongyukitchenware.com\/wp-content\/uploads\/2025\/01\/Custom-Modern-Chafing-Dish-9L-Stainless-Steel-Food-Warmer-4.webp\" alt=\"R\u00e9chaud moderne 9L en acier inoxydable (4)\" class=\"wp-image-2758\" srcset=\"https:\/\/www.yongyukitchenware.com\/wp-content\/uploads\/2025\/01\/Custom-Modern-Chafing-Dish-9L-Stainless-Steel-Food-Warmer-4.webp 800w, https:\/\/www.yongyukitchenware.com\/wp-content\/uploads\/2025\/01\/Custom-Modern-Chafing-Dish-9L-Stainless-Steel-Food-Warmer-4-300x300.webp 300w, https:\/\/www.yongyukitchenware.com\/wp-content\/uploads\/2025\/01\/Custom-Modern-Chafing-Dish-9L-Stainless-Steel-Food-Warmer-4-150x150.webp 150w, https:\/\/www.yongyukitchenware.com\/wp-content\/uploads\/2025\/01\/Custom-Modern-Chafing-Dish-9L-Stainless-Steel-Food-Warmer-4-768x768.webp 768w, https:\/\/www.yongyukitchenware.com\/wp-content\/uploads\/2025\/01\/Custom-Modern-Chafing-Dish-9L-Stainless-Steel-Food-Warmer-4-12x12.webp 12w, https:\/\/www.yongyukitchenware.com\/wp-content\/uploads\/2025\/01\/Custom-Modern-Chafing-Dish-9L-Stainless-Steel-Food-Warmer-4-600x600.webp 600w, https:\/\/www.yongyukitchenware.com\/wp-content\/uploads\/2025\/01\/Custom-Modern-Chafing-Dish-9L-Stainless-Steel-Food-Warmer-4-100x100.webp 100w\" sizes=\"(max-width: 800px) 100vw, 800px\" \/><\/figure>\n<\/div>\n\n\n\n<div class=\"wp-block-column is-layout-flow wp-block-column-is-layout-flow\">\n<figure class=\"wp-block-image size-full\"><img decoding=\"async\" width=\"800\" height=\"800\" src=\"https:\/\/www.yongyukitchenware.com\/wp-content\/uploads\/2025\/01\/Custom-Modern-Chafing-Dish-9L-Stainless-Steel-Food-Warmer-3.webp\" alt=\"R\u00e9chaud moderne 9L en acier inoxydable (3)\" class=\"wp-image-2757\" srcset=\"https:\/\/www.yongyukitchenware.com\/wp-content\/uploads\/2025\/01\/Custom-Modern-Chafing-Dish-9L-Stainless-Steel-Food-Warmer-3.webp 800w, https:\/\/www.yongyukitchenware.com\/wp-content\/uploads\/2025\/01\/Custom-Modern-Chafing-Dish-9L-Stainless-Steel-Food-Warmer-3-300x300.webp 300w, https:\/\/www.yongyukitchenware.com\/wp-content\/uploads\/2025\/01\/Custom-Modern-Chafing-Dish-9L-Stainless-Steel-Food-Warmer-3-150x150.webp 150w, https:\/\/www.yongyukitchenware.com\/wp-content\/uploads\/2025\/01\/Custom-Modern-Chafing-Dish-9L-Stainless-Steel-Food-Warmer-3-768x768.webp 768w, https:\/\/www.yongyukitchenware.com\/wp-content\/uploads\/2025\/01\/Custom-Modern-Chafing-Dish-9L-Stainless-Steel-Food-Warmer-3-12x12.webp 12w, https:\/\/www.yongyukitchenware.com\/wp-content\/uploads\/2025\/01\/Custom-Modern-Chafing-Dish-9L-Stainless-Steel-Food-Warmer-3-600x600.webp 600w, https:\/\/www.yongyukitchenware.com\/wp-content\/uploads\/2025\/01\/Custom-Modern-Chafing-Dish-9L-Stainless-Steel-Food-Warmer-3-100x100.webp 100w\" sizes=\"(max-width: 800px) 100vw, 800px\" \/><\/figure>\n<\/div>\n<\/div>","protected":false},"excerpt":{"rendered":"<p>Bienvenue au chafing dish moderne personnalis\u00e9, avec une excellente r\u00e9tention de la chaleur et deux options de hauteur. L'aspect brillant et le design du grand couvercle en verre conviennent \u00e0 tous les \u00e9v\u00e9nements de restauration. Nous proposons un service d'achat centralis\u00e9 et des options de vente en gros. N'h\u00e9sitez pas \u00e0 nous contacter pour obtenir un devis gratuit.<\/p>\n<h2><!-- wp:heading --><\/h2>\n<h2 class=\"wp-block-heading\">Attributs du hachoir moderne :<\/h2>\n<h2><!-- \/wp:heading --><\/p>\n<p><!-- wp:paragraph --><\/h2>\n<p><strong>Mat\u00e9riau : <\/strong>Acier inoxydable<br \/><strong>Couleur : <\/strong>Argent\/Glod<br \/><strong>Forme : <\/strong>Rectangulaire avec couvercle \u00e0 charni\u00e8re<br \/><strong>Chaleur : <\/strong>Chauffage \u00e0 l'alcool ou \u00e9lectrique<br \/><strong>Bac de r\u00e9cup\u00e9ration : <\/strong>Grille simple\/double\/trois<br \/><strong>OEM\/ODM : <\/strong>Disponible<\/p>\n<h2 class=\"wp-block-heading\">De Yongyu Chafing Dish Manufacturer :<\/h2>\n<p>Qu'il s'agisse d'un fournisseur de services de restauration, d'un h\u00f4tel ou d'un restaurant, ou d'une soci\u00e9t\u00e9 d'organisation d'\u00e9v\u00e9nements, nous fournissons des solutions compl\u00e8tes de vente en gros de chafing dishes pour aider votre entreprise avec des prix d'usine de haute qualit\u00e9 !<\/p>\n<h2><!-- \/wp:paragraph --><\/h2>","protected":false},"featured_media":2760,"comment_status":"closed","ping_status":"closed","template":"","meta":{"_acf_changed":false},"application":[30],"product_brand":[],"product_cat":[33],"product_tag":[],"class_list":{"0":"post-2754","1":"product","2":"type-product","3":"status-publish","4":"has-post-thumbnail","6":"application-hotel-catering","7":"product_cat-chafing-dishes-wholesale","9":"first","10":"instock","11":"shipping-taxable","12":"product-type-simple"},"acf":[],"_links":{"self":[{"href":"https:\/\/www.yongyukitchenware.com\/fr\/wp-json\/wp\/v2\/product\/2754","targetHints":{"allow":["GET"]}}],"collection":[{"href":"https:\/\/www.yongyukitchenware.com\/fr\/wp-json\/wp\/v2\/product"}],"about":[{"href":"https:\/\/www.yongyukitchenware.com\/fr\/wp-json\/wp\/v2\/types\/product"}],"replies":[{"embeddable":true,"href":"https:\/\/www.yongyukitchenware.com\/fr\/wp-json\/wp\/v2\/comments?post=2754"}],"wp:featuredmedia":[{"embeddable":true,"href":"https:\/\/www.yongyukitchenware.com\/fr\/wp-json\/wp\/v2\/media\/2760"}],"wp:attachment":[{"href":"https:\/\/www.yongyukitchenware.com\/fr\/wp-json\/wp\/v2\/media?parent=2754"}],"wp:term":[{"taxonomy":"application","embeddable":true,"href":"https:\/\/www.yongyukitchenware.com\/fr\/wp-json\/wp\/v2\/application?post=2754"},{"taxonomy":"product_brand","embeddable":true,"href":"https:\/\/www.yongyukitchenware.com\/fr\/wp-json\/wp\/v2\/product_brand?post=2754"},{"taxonomy":"product_cat","embeddable":true,"href":"https:\/\/www.yongyukitchenware.com\/fr\/wp-json\/wp\/v2\/product_cat?post=2754"},{"taxonomy":"product_tag","embeddable":true,"href":"https:\/\/www.yongyukitchenware.com\/fr\/wp-json\/wp\/v2\/product_tag?post=2754"}],"curies":[{"name":"wp","href":"https:\/\/api.w.org\/{rel}","templated":true}]}}