{"id":2761,"date":"2025-01-17T17:39:32","date_gmt":"2025-01-17T17:39:32","guid":{"rendered":"https:\/\/www.yongyukitchenware.com\/?post_type=product&#038;p=2761"},"modified":"2025-06-14T02:46:41","modified_gmt":"2025-06-14T02:46:41","slug":"custom-chafing-dish-with-burner","status":"publish","type":"product","link":"https:\/\/www.yongyukitchenware.com\/fr\/produit\/custom-chafing-dish-with-burner\/","title":{"rendered":"Plat \u00e0 r\u00f4tir avec br\u00fbleur en acier inoxydable pour banquet"},"content":{"rendered":"<div class=\"wp-block-columns is-layout-flex wp-container-core-columns-is-layout-9d6595d7 wp-block-columns-is-layout-flex\">\n<div class=\"wp-block-column is-layout-flow wp-block-column-is-layout-flow\">\n<h2 class=\"wp-block-heading\">Param\u00e8tres du plat de cuisson avec br\u00fbleur :<\/h2>\n\n\n\n<figure class=\"wp-block-table\"><table class=\"has-fixed-layout\"><tbody><tr><td>Mod\u00e8le<\/td><td>Longueur * Largeur * Hauteur (cm)<\/td><td>Capacit\u00e9 (l)<\/td><td>Poids (kg)<\/td><td>MOQ<\/td><\/tr><tr><td>DY007-CL<\/td><td>43*44*30<\/td><td>6<\/td><td>7<\/td><td>2PCS<\/td><\/tr><\/tbody><\/table><\/figure>\n\n\n\n<h2 class=\"wp-block-heading\">Caract\u00e9ristiques du r\u00e9chaud avec br\u00fbleur :<\/h2>\n\n\n\n<p><strong>Mat\u00e9riau en acier inoxydable alimentaire : <\/strong>Fabriqu\u00e9 en acier inoxydable sans danger pour l'environnement, r\u00e9sistant \u00e0 l'usure, poli et facile \u00e0 nettoyer.<\/p>\n\n\n\n<p><strong>Conception carr\u00e9e : <\/strong>Design carr\u00e9 moderne, peu encombrant et facile \u00e0 placer.<\/p>\n\n\n\n<p><strong>Couvercle hydraulique en verre : <\/strong>Fen\u00eatre en verre transparent, couvercle \u00e0 charni\u00e8re hydraulique, les clients peuvent voir directement les aliments \u00e0 l'int\u00e9rieur \u00e0 travers la fen\u00eatre, silencieux et stable lors de l'ouverture du couvercle, facile \u00e0 utiliser.<\/p>\n\n\n\n<p><strong>Pr\u00e9servation efficace de la chaleur : <\/strong>\u00c9quip\u00e9 d'un br\u00fbleur int\u00e9gr\u00e9, il fournit une source de chaleur constante pour maintenir les aliments au chaud pendant une longue p\u00e9riode, ce qui convient aux grands banquets ou buffets.<\/p>\n\n\n\n<p><strong>Soutien stable :<\/strong> La conception du support assure un soutien stable, \u00e9vite le basculement ou les secousses et renforce la s\u00e9curit\u00e9.<\/p>\n<\/div>\n\n\n\n<div class=\"wp-block-column is-layout-flow wp-block-column-is-layout-flow\">\n<figure class=\"wp-block-image size-full\"><img decoding=\"async\" width=\"800\" height=\"800\" src=\"https:\/\/www.yongyukitchenware.com\/wp-content\/uploads\/2025\/01\/Custom-Chafing-Dish-with-Burner-Stainless-Steel-Standing-Legs.webp\" alt=\"Chafing Dish avec br\u00fbleur Pieds en acier inoxydable\" class=\"wp-image-2771\" srcset=\"https:\/\/www.yongyukitchenware.com\/wp-content\/uploads\/2025\/01\/Custom-Chafing-Dish-with-Burner-Stainless-Steel-Standing-Legs.webp 800w, https:\/\/www.yongyukitchenware.com\/wp-content\/uploads\/2025\/01\/Custom-Chafing-Dish-with-Burner-Stainless-Steel-Standing-Legs-300x300.webp 300w, https:\/\/www.yongyukitchenware.com\/wp-content\/uploads\/2025\/01\/Custom-Chafing-Dish-with-Burner-Stainless-Steel-Standing-Legs-150x150.webp 150w, https:\/\/www.yongyukitchenware.com\/wp-content\/uploads\/2025\/01\/Custom-Chafing-Dish-with-Burner-Stainless-Steel-Standing-Legs-768x768.webp 768w, https:\/\/www.yongyukitchenware.com\/wp-content\/uploads\/2025\/01\/Custom-Chafing-Dish-with-Burner-Stainless-Steel-Standing-Legs-12x12.webp 12w, https:\/\/www.yongyukitchenware.com\/wp-content\/uploads\/2025\/01\/Custom-Chafing-Dish-with-Burner-Stainless-Steel-Standing-Legs-600x600.webp 600w, https:\/\/www.yongyukitchenware.com\/wp-content\/uploads\/2025\/01\/Custom-Chafing-Dish-with-Burner-Stainless-Steel-Standing-Legs-100x100.webp 100w\" sizes=\"(max-width: 800px) 100vw, 800px\" \/><\/figure>\n<\/div>\n<\/div>\n\n\n\n<p><\/p>","protected":false},"excerpt":{"rendered":"<p>Ce chafing dish avec br\u00fbleur est fabriqu\u00e9 en acier inoxydable durable et dispose d'un couvercle en verre qui peut \u00eatre facilement retir\u00e9 pour le nettoyage. La forme carr\u00e9e est l\u00e9g\u00e8re et moderne, parfaite pour tout \u00e9v\u00e9nement de restauration \u00e0 th\u00e8me. Pour plus de prix de gros et de solutions de haute qualit\u00e9, n'h\u00e9sitez pas \u00e0 nous consulter d\u00e8s aujourd'hui !<\/p>\n<h2><!-- wp:heading --><\/h2>\n<h2 class=\"wp-block-heading\">Chafing Dish avec br\u00fbleur Attributs :<\/h2>\n<h2><!-- \/wp:heading --><\/p>\n<p><!-- wp:paragraph --><\/h2>\n<p><strong>Mat\u00e9riau : <\/strong>Acier inoxydable<br \/><strong>Couleur : <\/strong>Argent<br \/><strong>Forme :<\/strong> Carr\u00e9 avec couvercle \u00e0 charni\u00e8re<br \/><strong>Chaleur : <\/strong>Chauffage \u00e0 l'alcool ou \u00e9lectrique<br \/><strong>Bac de r\u00e9cup\u00e9ration : <\/strong>Grille unique<br \/><strong>OEM\/ODM : <\/strong>Disponible<\/p>\n<h2 class=\"wp-block-heading\">De Yongyu Chafing Dish Manufacturer :<\/h2>\n<p>Qu'il s'agisse d'un fournisseur de services de restauration, d'un h\u00f4tel ou d'un restaurant, ou d'une soci\u00e9t\u00e9 d'organisation d'\u00e9v\u00e9nements, nous fournissons des solutions compl\u00e8tes de vente en gros de chafing dishes pour aider votre entreprise avec des prix d'usine de haute qualit\u00e9 !<\/p>\n<h2><!-- \/wp:paragraph --><\/h2>","protected":false},"featured_media":2770,"comment_status":"closed","ping_status":"closed","template":"","meta":{"_acf_changed":false},"application":[30],"product_brand":[],"product_cat":[33],"product_tag":[],"class_list":{"0":"post-2761","1":"product","2":"type-product","3":"status-publish","4":"has-post-thumbnail","6":"application-hotel-catering","7":"product_cat-chafing-dishes-wholesale","9":"first","10":"instock","11":"shipping-taxable","12":"product-type-simple"},"acf":[],"_links":{"self":[{"href":"https:\/\/www.yongyukitchenware.com\/fr\/wp-json\/wp\/v2\/product\/2761","targetHints":{"allow":["GET"]}}],"collection":[{"href":"https:\/\/www.yongyukitchenware.com\/fr\/wp-json\/wp\/v2\/product"}],"about":[{"href":"https:\/\/www.yongyukitchenware.com\/fr\/wp-json\/wp\/v2\/types\/product"}],"replies":[{"embeddable":true,"href":"https:\/\/www.yongyukitchenware.com\/fr\/wp-json\/wp\/v2\/comments?post=2761"}],"wp:featuredmedia":[{"embeddable":true,"href":"https:\/\/www.yongyukitchenware.com\/fr\/wp-json\/wp\/v2\/media\/2770"}],"wp:attachment":[{"href":"https:\/\/www.yongyukitchenware.com\/fr\/wp-json\/wp\/v2\/media?parent=2761"}],"wp:term":[{"taxonomy":"application","embeddable":true,"href":"https:\/\/www.yongyukitchenware.com\/fr\/wp-json\/wp\/v2\/application?post=2761"},{"taxonomy":"product_brand","embeddable":true,"href":"https:\/\/www.yongyukitchenware.com\/fr\/wp-json\/wp\/v2\/product_brand?post=2761"},{"taxonomy":"product_cat","embeddable":true,"href":"https:\/\/www.yongyukitchenware.com\/fr\/wp-json\/wp\/v2\/product_cat?post=2761"},{"taxonomy":"product_tag","embeddable":true,"href":"https:\/\/www.yongyukitchenware.com\/fr\/wp-json\/wp\/v2\/product_tag?post=2761"}],"curies":[{"name":"wp","href":"https:\/\/api.w.org\/{rel}","templated":true}]}}