{"id":2776,"date":"2025-01-17T17:25:03","date_gmt":"2025-01-17T17:25:03","guid":{"rendered":"https:\/\/www.yongyukitchenware.com\/?post_type=product&#038;p=2776"},"modified":"2025-06-14T02:47:24","modified_gmt":"2025-06-14T02:47:24","slug":"wholesale-round-chafing-dish-buffet-set","status":"publish","type":"product","link":"https:\/\/www.yongyukitchenware.com\/fr\/produit\/wholesale-round-chafing-dish-buffet-set\/","title":{"rendered":"Wholesale Round Chafing Dish Buffet Set Stainless Steel 6L"},"content":{"rendered":"<div class=\"wp-block-columns is-layout-flex wp-container-core-columns-is-layout-9d6595d7 wp-block-columns-is-layout-flex\">\n<div class=\"wp-block-column is-layout-flow wp-block-column-is-layout-flow\">\n<h2 class=\"wp-block-heading\">Set de buffets pour chafing dish ronds Param\u00e8tres :<\/h2>\n\n\n\n<figure class=\"wp-block-table\"><table class=\"has-fixed-layout\"><tbody><tr><td>Mod\u00e8le<\/td><td>Longueur * Largeur * Hauteur (cm)<\/td><td>Capacit\u00e9 (l)<\/td><td>Poids (kg)<\/td><td>MOQ<\/td><\/tr><tr><td>DY007-CL<\/td><td>46*50*28<\/td><td>6<\/td><td>7.3<\/td><td>2PCS<\/td><\/tr><\/tbody><\/table><\/figure>\n\n\n\n<h2 class=\"wp-block-heading\">Ensemble de buffets pour chafing dish ronds Caract\u00e9ristiques :<\/h2>\n\n\n\n<p><strong>Durable :<\/strong> L'ensemble de buffet pour chafing dish rond est fabriqu\u00e9 en acier inoxydable de qualit\u00e9 alimentaire, r\u00e9sistant \u00e0 la corrosion et aux rayures.<\/p>\n\n\n\n<p><strong>Apparence professionnelle : <\/strong>Design rond et simple, adapt\u00e9 \u00e0 diverses occasions de repas, am\u00e9liore l'exp\u00e9rience gastronomique et l'image de marque.<\/p>\n\n\n\n<p><strong>Deux m\u00e9thodes de chauffage :<\/strong> les m\u00e9thodes de chauffage \u00e0 l'alcool et de chauffage \u00e9lectrique des plaques sont disponibles pour r\u00e9pondre \u00e0 diff\u00e9rents besoins<\/p>\n\n\n\n<p><strong>Verre transparent Couvercle :<\/strong> Permet une excellente visualisation et r\u00e9duit les pertes de chaleur.<\/p>\n\n\n\n<p><strong>Soutien stable : <\/strong>La conception des supports assure un soutien stable et \u00e9vite de basculer ou de trembler, ce qui renforce la s\u00e9curit\u00e9.<\/p>\n\n\n\n<p><strong>Br\u00fbleur r\u00e9glable :<\/strong> Le br\u00fbleur int\u00e9gr\u00e9 permet de r\u00e9gler la chaleur pour que tous les aliments atteignent la temp\u00e9rature souhait\u00e9e.<\/p>\n<\/div>\n\n\n\n<div class=\"wp-block-column is-layout-flow wp-block-column-is-layout-flow\">\n<figure class=\"wp-block-image size-full\"><img decoding=\"async\" width=\"800\" height=\"800\" src=\"https:\/\/www.yongyukitchenware.com\/wp-content\/uploads\/2025\/01\/Wholesale-Round-Chafing-Dish-Buffet-Set-Stainless-Steel-6L-1.webp\" alt=\"Wholesale Round Chafing Dish Buffet Set Stainless Steel 6L (1)\" class=\"wp-image-2777\" srcset=\"https:\/\/www.yongyukitchenware.com\/wp-content\/uploads\/2025\/01\/Wholesale-Round-Chafing-Dish-Buffet-Set-Stainless-Steel-6L-1.webp 800w, https:\/\/www.yongyukitchenware.com\/wp-content\/uploads\/2025\/01\/Wholesale-Round-Chafing-Dish-Buffet-Set-Stainless-Steel-6L-1-300x300.webp 300w, https:\/\/www.yongyukitchenware.com\/wp-content\/uploads\/2025\/01\/Wholesale-Round-Chafing-Dish-Buffet-Set-Stainless-Steel-6L-1-150x150.webp 150w, https:\/\/www.yongyukitchenware.com\/wp-content\/uploads\/2025\/01\/Wholesale-Round-Chafing-Dish-Buffet-Set-Stainless-Steel-6L-1-768x768.webp 768w, https:\/\/www.yongyukitchenware.com\/wp-content\/uploads\/2025\/01\/Wholesale-Round-Chafing-Dish-Buffet-Set-Stainless-Steel-6L-1-12x12.webp 12w, https:\/\/www.yongyukitchenware.com\/wp-content\/uploads\/2025\/01\/Wholesale-Round-Chafing-Dish-Buffet-Set-Stainless-Steel-6L-1-600x600.webp 600w, https:\/\/www.yongyukitchenware.com\/wp-content\/uploads\/2025\/01\/Wholesale-Round-Chafing-Dish-Buffet-Set-Stainless-Steel-6L-1-100x100.webp 100w\" sizes=\"(max-width: 800px) 100vw, 800px\" \/><\/figure>\n<\/div>\n<\/div>\n\n\n\n<p><\/p>","protected":false},"excerpt":{"rendered":"<p>Set de buffet pour chafing dish rond \u00e0 prix d'usine, en acier inoxydable, avec une vari\u00e9t\u00e9 de tailles et de formes. Le couvercle est en verre et le dos est solide, moderne et \u00e9l\u00e9gant. Nous soutenons les ventes sur Amazon et les commandes personnalis\u00e9es, nous garantissons une qualit\u00e9 \u00e9lev\u00e9e, n'h\u00e9sitez pas \u00e0 nous contacter !<\/p>\n<h2><!-- wp:heading --><\/h2>\n<h2 class=\"wp-block-heading\">Buffet rond pour chafing dish Attributs :<\/h2>\n<h2><!-- \/wp:heading --><\/p>\n<p><!-- wp:paragraph --><\/h2>\n<p><strong>Mat\u00e9riau : <\/strong>Acier inoxydable<br \/><strong>Couleur : <\/strong>Argent<br \/><strong>Forme :<\/strong> Rond avec couvercle \u00e0 charni\u00e8re<br \/><strong>Chaleur : <\/strong>Chauffage \u00e0 l'alcool ou \u00e9lectrique<br \/><strong>Bac de r\u00e9cup\u00e9ration : <\/strong>Grille unique<br \/><strong>OEM\/ODM : <\/strong>Disponible<\/p>\n<h2 class=\"wp-block-heading\">De Yongyu Chafing Dish Manufacturer :<\/h2>\n<p>Qu'il s'agisse d'un fournisseur de services de restauration, d'un h\u00f4tel ou d'un restaurant, ou d'une soci\u00e9t\u00e9 d'organisation d'\u00e9v\u00e9nements, nous fournissons des solutions compl\u00e8tes de vente en gros de chafing dishes pour aider votre entreprise avec des prix d'usine de haute qualit\u00e9 !<\/p>\n<h2><!-- \/wp:paragraph --><\/h2>","protected":false},"featured_media":2778,"comment_status":"closed","ping_status":"closed","template":"","meta":{"_acf_changed":false},"application":[30],"product_brand":[],"product_cat":[33],"product_tag":[],"class_list":{"0":"post-2776","1":"product","2":"type-product","3":"status-publish","4":"has-post-thumbnail","6":"application-hotel-catering","7":"product_cat-chafing-dishes-wholesale","9":"first","10":"instock","11":"shipping-taxable","12":"product-type-simple"},"acf":[],"_links":{"self":[{"href":"https:\/\/www.yongyukitchenware.com\/fr\/wp-json\/wp\/v2\/product\/2776","targetHints":{"allow":["GET"]}}],"collection":[{"href":"https:\/\/www.yongyukitchenware.com\/fr\/wp-json\/wp\/v2\/product"}],"about":[{"href":"https:\/\/www.yongyukitchenware.com\/fr\/wp-json\/wp\/v2\/types\/product"}],"replies":[{"embeddable":true,"href":"https:\/\/www.yongyukitchenware.com\/fr\/wp-json\/wp\/v2\/comments?post=2776"}],"wp:featuredmedia":[{"embeddable":true,"href":"https:\/\/www.yongyukitchenware.com\/fr\/wp-json\/wp\/v2\/media\/2778"}],"wp:attachment":[{"href":"https:\/\/www.yongyukitchenware.com\/fr\/wp-json\/wp\/v2\/media?parent=2776"}],"wp:term":[{"taxonomy":"application","embeddable":true,"href":"https:\/\/www.yongyukitchenware.com\/fr\/wp-json\/wp\/v2\/application?post=2776"},{"taxonomy":"product_brand","embeddable":true,"href":"https:\/\/www.yongyukitchenware.com\/fr\/wp-json\/wp\/v2\/product_brand?post=2776"},{"taxonomy":"product_cat","embeddable":true,"href":"https:\/\/www.yongyukitchenware.com\/fr\/wp-json\/wp\/v2\/product_cat?post=2776"},{"taxonomy":"product_tag","embeddable":true,"href":"https:\/\/www.yongyukitchenware.com\/fr\/wp-json\/wp\/v2\/product_tag?post=2776"}],"curies":[{"name":"wp","href":"https:\/\/api.w.org\/{rel}","templated":true}]}}