{"id":2786,"date":"2025-01-17T18:24:17","date_gmt":"2025-01-17T18:24:17","guid":{"rendered":"https:\/\/www.yongyukitchenware.com\/?post_type=product&#038;p=2786"},"modified":"2025-06-14T02:39:37","modified_gmt":"2025-06-14T02:39:37","slug":"wholesale-chafing-dishes-electric","status":"publish","type":"product","link":"https:\/\/www.yongyukitchenware.com\/fr\/produit\/wholesale-chafing-dishes-electric\/","title":{"rendered":"Wholesale Chafing Dishes Electric Stainless with Glass Lid (Plats \u00e0 r\u00f4tir \u00e9lectriques en inox avec couvercle en verre)"},"content":{"rendered":"<div class=\"wp-block-columns is-layout-flex wp-container-core-columns-is-layout-9d6595d7 wp-block-columns-is-layout-flex\">\n<div class=\"wp-block-column is-layout-flow wp-block-column-is-layout-flow\">\n<h2 class=\"wp-block-heading\">Plats \u00e0 r\u00e9chauffer Param\u00e8tres \u00e9lectriques :<\/h2>\n\n\n\n<figure class=\"wp-block-table\"><table class=\"has-fixed-layout\"><tbody><tr><td>Mod\u00e8le<\/td><td>Longueur * Largeur * Hauteur (cm)<\/td><td>Capacit\u00e9 (l)<\/td><td>Poids (kg)<\/td><td>MOQ<\/td><\/tr><tr><td>DY012-CL<\/td><td>57*37*22<\/td><td>9<\/td><td>10.3<\/td><td>2PCS<\/td><\/tr><\/tbody><\/table><\/figure>\n\n\n\n<h2 class=\"wp-block-heading\">Plats \u00e0 r\u00f4tir Caract\u00e9ristiques \u00e9lectriques :<\/h2>\n\n\n\n<p><strong>Port d'alimentation ind\u00e9pendant :<\/strong> Port d'alimentation durable de haute qualit\u00e9, facile \u00e0 utiliser, sans tra\u00eenage<\/p>\n\n\n\n<p><strong>Mat\u00e9riau durable : <\/strong>Les chafing dishes \u00e9lectriques sont fabriqu\u00e9s en acier inoxydable de haute qualit\u00e9, r\u00e9sistant \u00e0 la corrosion et \u00e0 la chaleur, ce qui garantit une utilisation \u00e0 long terme.<\/p>\n\n\n\n<p><strong>Temp\u00e9rature de la commande num\u00e9rique : <\/strong>Contr\u00f4le de la temp\u00e9rature par contact, affichage pr\u00e9cis de la temp\u00e9rature<\/p>\n\n\n\n<p><strong>Grande capacit\u00e9 :<\/strong> La grande capacit\u00e9 de 9 litres convient aux grands rassemblements, aux buffets et aux \u00e9v\u00e9nements, r\u00e9duisant ainsi le besoin de r\u00e9approvisionnement fr\u00e9quent en nourriture.<\/p>\n\n\n\n<p><strong>Couvercle en verre Design :<\/strong> Le couvercle en verre transparent permet de voir sans probl\u00e8me et rend le service plus efficace.<\/p>\n\n\n\n<p><strong>Facile \u00e0 utiliser :<\/strong> Conception pratique, installation simple, facilit\u00e9 d'utilisation et d'entretien, am\u00e9lioration de l'efficacit\u00e9 du service.<\/p>\n<\/div>\n\n\n\n<div class=\"wp-block-column is-layout-flow wp-block-column-is-layout-flow\">\n<figure class=\"wp-block-image size-full\"><img decoding=\"async\" width=\"800\" height=\"800\" src=\"https:\/\/www.yongyukitchenware.com\/wp-content\/uploads\/2025\/01\/Wholesale-Chafing-Dishes-Electric-9L-with-Visible-Glass-Lid-3.webp\" alt=\"Grossiste Chafing Dishes \u00e9lectriques 9L avec couvercle en verre visible (3)\" class=\"wp-image-2790\" srcset=\"https:\/\/www.yongyukitchenware.com\/wp-content\/uploads\/2025\/01\/Wholesale-Chafing-Dishes-Electric-9L-with-Visible-Glass-Lid-3.webp 800w, https:\/\/www.yongyukitchenware.com\/wp-content\/uploads\/2025\/01\/Wholesale-Chafing-Dishes-Electric-9L-with-Visible-Glass-Lid-3-300x300.webp 300w, https:\/\/www.yongyukitchenware.com\/wp-content\/uploads\/2025\/01\/Wholesale-Chafing-Dishes-Electric-9L-with-Visible-Glass-Lid-3-150x150.webp 150w, https:\/\/www.yongyukitchenware.com\/wp-content\/uploads\/2025\/01\/Wholesale-Chafing-Dishes-Electric-9L-with-Visible-Glass-Lid-3-768x768.webp 768w, https:\/\/www.yongyukitchenware.com\/wp-content\/uploads\/2025\/01\/Wholesale-Chafing-Dishes-Electric-9L-with-Visible-Glass-Lid-3-12x12.webp 12w, https:\/\/www.yongyukitchenware.com\/wp-content\/uploads\/2025\/01\/Wholesale-Chafing-Dishes-Electric-9L-with-Visible-Glass-Lid-3-600x600.webp 600w, https:\/\/www.yongyukitchenware.com\/wp-content\/uploads\/2025\/01\/Wholesale-Chafing-Dishes-Electric-9L-with-Visible-Glass-Lid-3-100x100.webp 100w\" sizes=\"(max-width: 800px) 100vw, 800px\" \/><\/figure>\n<\/div>\n<\/div>","protected":false},"excerpt":{"rendered":"<p>Bienvenue sur le march\u00e9 de gros des chafing dish \u00e9lectriques avec une grande capacit\u00e9 de 9L et un panneau de contr\u00f4le num\u00e9rique de la temp\u00e9rature pour une conservation durable de la chaleur. Design moderne et brillant, adapt\u00e9 aux buffets et aux \u00e9v\u00e9nements de restauration. Nous offrons les meilleurs rabais pour la personnalisation en vrac, n'h\u00e9sitez pas \u00e0 nous demander !<\/p>\n<h2><!-- wp:heading --><\/h2>\n<h2 class=\"wp-block-heading\">Attributs des plats \u00e0 r\u00e9chauffer \u00e9lectriques :<\/h2>\n<h2><!-- \/wp:heading --><\/p>\n<p><!-- wp:paragraph --><\/h2>\n<p><strong>Mat\u00e9riau : <\/strong>Acier inoxydable<br \/><strong>Couleur : <\/strong>Argent<br \/><strong>Forme :<\/strong> Rectangulaire avec couvercle \u00e0 charni\u00e8re<br \/><strong>Chaleur : <\/strong>Chauffage \u00e9lectrique<br \/><strong>Bac de r\u00e9cup\u00e9ration : <\/strong>Grille simple\/double\/trois<br \/><strong>OEM\/ODM : <\/strong>Disponible<\/p>\n<h2 class=\"wp-block-heading\">De Yongyu Chafing Dish Manufacturer :<\/h2>\n<p>Qu'il s'agisse d'un fournisseur de services de restauration, d'un h\u00f4tel ou d'un restaurant, ou d'une soci\u00e9t\u00e9 d'organisation d'\u00e9v\u00e9nements, nous fournissons des solutions compl\u00e8tes de vente en gros de chafing dishes pour aider votre entreprise avec des prix d'usine de haute qualit\u00e9 !<\/p>\n<h2><!-- \/wp:paragraph --><\/h2>","protected":false},"featured_media":2789,"comment_status":"closed","ping_status":"closed","template":"","meta":{"_acf_changed":false},"application":[30],"product_brand":[],"product_cat":[33],"product_tag":[43],"class_list":{"0":"post-2786","1":"product","2":"type-product","3":"status-publish","4":"has-post-thumbnail","6":"application-hotel-catering","7":"product_cat-chafing-dishes-wholesale","8":"product_tag-recommend","10":"first","11":"instock","12":"shipping-taxable","13":"product-type-simple"},"acf":[],"_links":{"self":[{"href":"https:\/\/www.yongyukitchenware.com\/fr\/wp-json\/wp\/v2\/product\/2786","targetHints":{"allow":["GET"]}}],"collection":[{"href":"https:\/\/www.yongyukitchenware.com\/fr\/wp-json\/wp\/v2\/product"}],"about":[{"href":"https:\/\/www.yongyukitchenware.com\/fr\/wp-json\/wp\/v2\/types\/product"}],"replies":[{"embeddable":true,"href":"https:\/\/www.yongyukitchenware.com\/fr\/wp-json\/wp\/v2\/comments?post=2786"}],"wp:featuredmedia":[{"embeddable":true,"href":"https:\/\/www.yongyukitchenware.com\/fr\/wp-json\/wp\/v2\/media\/2789"}],"wp:attachment":[{"href":"https:\/\/www.yongyukitchenware.com\/fr\/wp-json\/wp\/v2\/media?parent=2786"}],"wp:term":[{"taxonomy":"application","embeddable":true,"href":"https:\/\/www.yongyukitchenware.com\/fr\/wp-json\/wp\/v2\/application?post=2786"},{"taxonomy":"product_brand","embeddable":true,"href":"https:\/\/www.yongyukitchenware.com\/fr\/wp-json\/wp\/v2\/product_brand?post=2786"},{"taxonomy":"product_cat","embeddable":true,"href":"https:\/\/www.yongyukitchenware.com\/fr\/wp-json\/wp\/v2\/product_cat?post=2786"},{"taxonomy":"product_tag","embeddable":true,"href":"https:\/\/www.yongyukitchenware.com\/fr\/wp-json\/wp\/v2\/product_tag?post=2786"}],"curies":[{"name":"wp","href":"https:\/\/api.w.org\/{rel}","templated":true}]}}