{"id":2829,"date":"2025-01-24T10:57:54","date_gmt":"2025-01-24T10:57:54","guid":{"rendered":"https:\/\/www.yongyukitchenware.com\/?post_type=product&#038;p=2829"},"modified":"2025-06-14T02:12:53","modified_gmt":"2025-06-14T02:12:53","slug":"wholesale-electric-chafing-dish-round","status":"publish","type":"product","link":"https:\/\/www.yongyukitchenware.com\/fr\/produit\/wholesale-electric-chafing-dish-round\/","title":{"rendered":"Best Electric Chafing Dish Round Wholesale Buffet Stove"},"content":{"rendered":"<div class=\"wp-block-columns is-layout-flex wp-container-core-columns-is-layout-9d6595d7 wp-block-columns-is-layout-flex\">\n<div class=\"wp-block-column is-layout-flow wp-block-column-is-layout-flow\">\n<h2 class=\"wp-block-heading\">Plat \u00e0 r\u00f4tir \u00e9lectrique Param\u00e8tre rond :<\/h2>\n\n\n\n<figure class=\"wp-block-table\"><table class=\"has-fixed-layout\"><tbody><tr><td>Mod\u00e8le<\/td><td>Longueur * Largeur * Hauteur (cm)<\/td><td>Capacit\u00e9 (l)<\/td><td>Poids (kg)<\/td><td>MOQ<\/td><\/tr><tr><td>DY011-CL<\/td><td>47*44*23<\/td><td>6<\/td><td>8.4<\/td><td>2PCS<\/td><\/tr><\/tbody><\/table><\/figure>\n\n\n\n<h2 class=\"wp-block-heading\">Po\u00eale \u00e0 frire \u00e9lectrique Caract\u00e9ristiques rondes :<\/h2>\n\n\n\n<p><strong>Design rond : <\/strong>La forme ronde permet de r\u00e9partir uniform\u00e9ment la chaleur et de maximiser la pr\u00e9sentation et la circulation des aliments dans les buffets.<\/p>\n\n\n\n<p><strong>Contr\u00f4le variable de la temp\u00e9rature :<\/strong> La temp\u00e9rature peut \u00eatre r\u00e9gl\u00e9e en fonction des diff\u00e9rents besoins des aliments, de chaud \u00e0 ti\u00e8de, afin de conserver le meilleur go\u00fbt des aliments.<\/p>\n\n\n\n<p><strong>Grande capacit\u00e9 :<\/strong> En r\u00e8gle g\u00e9n\u00e9rale, un chafing dish \u00e9lectrique rond est con\u00e7u avec une grande capacit\u00e9 pour les grands rassemblements, les banquets et les buffets.<\/p>\n\n\n\n<p><strong>Mat\u00e9riau durable : <\/strong>Ce rond de chafing dish \u00e9lectrique doit \u00eatre fabriqu\u00e9 en acier inoxydable durable et de haute qualit\u00e9, capable de r\u00e9sister \u00e0 la casse.<\/p>\n\n\n\n<p><strong>Plateau amovible : <\/strong>Le plateau de ce chauffe-plat est amovible pour permettre de le nettoyer et de changer les aliments qu'il contient, ce qui en facilite l'utilisation.<\/p>\n\n\n\n<p><strong>Pieds antid\u00e9rapants :<\/strong> Il permet de positionner le chafing dish fermement sur votre comptoir, avec peu de chances de glisser ou de basculer.<\/p>\n<\/div>\n\n\n\n<div class=\"wp-block-column is-layout-flow wp-block-column-is-layout-flow\">\n<figure class=\"wp-block-image size-full\"><img decoding=\"async\" width=\"750\" height=\"891\" src=\"https:\/\/www.yongyukitchenware.com\/wp-content\/uploads\/2025\/01\/Large-Electric-Chafing-Dishes-Wholesale-Stainless-Steel-with-Handle-3.webp\" alt=\"Grandes po\u00eales \u00e0 frire \u00e9lectriques en acier inoxydable avec poign\u00e9e (3)\" class=\"wp-image-2822\" srcset=\"https:\/\/www.yongyukitchenware.com\/wp-content\/uploads\/2025\/01\/Large-Electric-Chafing-Dishes-Wholesale-Stainless-Steel-with-Handle-3.webp 750w, https:\/\/www.yongyukitchenware.com\/wp-content\/uploads\/2025\/01\/Large-Electric-Chafing-Dishes-Wholesale-Stainless-Steel-with-Handle-3-253x300.webp 253w, https:\/\/www.yongyukitchenware.com\/wp-content\/uploads\/2025\/01\/Large-Electric-Chafing-Dishes-Wholesale-Stainless-Steel-with-Handle-3-10x12.webp 10w, https:\/\/www.yongyukitchenware.com\/wp-content\/uploads\/2025\/01\/Large-Electric-Chafing-Dishes-Wholesale-Stainless-Steel-with-Handle-3-600x713.webp 600w\" sizes=\"(max-width: 750px) 100vw, 750px\" \/><\/figure>\n<\/div>\n<\/div>","protected":false},"excerpt":{"rendered":"<p>Le meilleur chafing dish \u00e9lectrique rond de Yongyu Wholesale est fabriqu\u00e9 en acier inoxydable de haute qualit\u00e9 avec un design rond pour un look classique et \u00e9l\u00e9gant et un syst\u00e8me de chauffage \u00e9lectrique efficace pour garder les aliments \u00e0 la temp\u00e9rature optimale pendant longtemps. Con\u00e7u pour \u00eatre achet\u00e9 en gros par les traiteurs, les restaurants et les organisateurs d'\u00e9v\u00e9nements, ce four \u00e0 buffet vous offre le summum de la commodit\u00e9 en mati\u00e8re de chauffage des aliments.<\/p>\n<h2><!-- wp:heading --><\/h2>\n<h2 class=\"wp-block-heading\">Attributs du r\u00e9chaud \u00e9lectrique rond :<\/h2>\n<h2><!-- \/wp:heading --><\/p>\n<p><!-- wp:paragraph --><\/h2>\n<p><strong>Mat\u00e9riau : <\/strong>Acier inoxydable<br \/><strong>Couleur : <\/strong>Argent<br \/><strong>Forme :<\/strong> Rond avec couvercle \u00e0 charni\u00e8re<br \/><strong>Chaleur : <\/strong>Chauffage \u00e9lectrique<br \/><strong>Bac de r\u00e9cup\u00e9ration : <\/strong>Grille simple\/double<br \/><strong>OEM\/ODM : <\/strong>Disponible<\/p>\n<h2 class=\"wp-block-heading\">De Yongyu Chafing Dish Manufacturer :<\/h2>\n<p>Qu'il s'agisse d'un fournisseur de services de restauration, d'un h\u00f4tel ou d'un restaurant, ou d'une soci\u00e9t\u00e9 d'organisation d'\u00e9v\u00e9nements, nous fournissons des solutions compl\u00e8tes de vente en gros de chafing dishes pour aider votre entreprise avec des prix d'usine de haute qualit\u00e9 !<\/p>\n<h2><!-- \/wp:paragraph --><\/h2>","protected":false},"featured_media":2830,"comment_status":"closed","ping_status":"closed","template":"","meta":{"_acf_changed":false},"application":[30],"product_brand":[],"product_cat":[33],"product_tag":[],"class_list":{"0":"post-2829","1":"product","2":"type-product","3":"status-publish","4":"has-post-thumbnail","6":"application-hotel-catering","7":"product_cat-chafing-dishes-wholesale","9":"first","10":"instock","11":"shipping-taxable","12":"product-type-simple"},"acf":[],"_links":{"self":[{"href":"https:\/\/www.yongyukitchenware.com\/fr\/wp-json\/wp\/v2\/product\/2829","targetHints":{"allow":["GET"]}}],"collection":[{"href":"https:\/\/www.yongyukitchenware.com\/fr\/wp-json\/wp\/v2\/product"}],"about":[{"href":"https:\/\/www.yongyukitchenware.com\/fr\/wp-json\/wp\/v2\/types\/product"}],"replies":[{"embeddable":true,"href":"https:\/\/www.yongyukitchenware.com\/fr\/wp-json\/wp\/v2\/comments?post=2829"}],"wp:featuredmedia":[{"embeddable":true,"href":"https:\/\/www.yongyukitchenware.com\/fr\/wp-json\/wp\/v2\/media\/2830"}],"wp:attachment":[{"href":"https:\/\/www.yongyukitchenware.com\/fr\/wp-json\/wp\/v2\/media?parent=2829"}],"wp:term":[{"taxonomy":"application","embeddable":true,"href":"https:\/\/www.yongyukitchenware.com\/fr\/wp-json\/wp\/v2\/application?post=2829"},{"taxonomy":"product_brand","embeddable":true,"href":"https:\/\/www.yongyukitchenware.com\/fr\/wp-json\/wp\/v2\/product_brand?post=2829"},{"taxonomy":"product_cat","embeddable":true,"href":"https:\/\/www.yongyukitchenware.com\/fr\/wp-json\/wp\/v2\/product_cat?post=2829"},{"taxonomy":"product_tag","embeddable":true,"href":"https:\/\/www.yongyukitchenware.com\/fr\/wp-json\/wp\/v2\/product_tag?post=2829"}],"curies":[{"name":"wp","href":"https:\/\/api.w.org\/{rel}","templated":true}]}}