{"id":2849,"date":"2025-01-24T10:57:57","date_gmt":"2025-01-24T10:57:57","guid":{"rendered":"https:\/\/www.yongyukitchenware.com\/?post_type=product&#038;p=2849"},"modified":"2025-06-13T07:13:26","modified_gmt":"2025-06-13T07:13:26","slug":"stainless-steel-chafing-dish-bulk","status":"publish","type":"product","link":"https:\/\/www.yongyukitchenware.com\/fr\/produit\/stainless-steel-chafing-dish-bulk\/","title":{"rendered":"Wholesale Stainless Steel Chafing Dish with Clear Lid Custom Warmer (R\u00e9chaud en acier inoxydable avec couvercle transparent)"},"content":{"rendered":"<div class=\"wp-block-columns is-layout-flex wp-container-core-columns-is-layout-9d6595d7 wp-block-columns-is-layout-flex\">\n<div class=\"wp-block-column is-layout-flow wp-block-column-is-layout-flow\">\n<h2 class=\"wp-block-heading\">Plat \u00e0 grignoter en acier inoxydable Param\u00e8tres :<\/h2>\n\n\n\n<figure class=\"wp-block-table\"><table class=\"has-fixed-layout\"><tbody><tr><td>Mod\u00e8le<\/td><td>Longueur * Largeur * Hauteur (cm)<\/td><td>Capacit\u00e9 (l)<\/td><td>Poids (kg)<\/td><td>MOQ<\/td><\/tr><tr><td rowspan=\"2\">DY002-CL<\/td><td>57*37*29<\/td><td rowspan=\"2\">9<\/td><td>8.8<\/td><td rowspan=\"2\">2PCS<\/td><\/tr><tr><td>57*37*32<\/td><td>9.4<\/td><\/tr><\/tbody><\/table><\/figure>\n\n\n\n<h2 class=\"wp-block-heading\">Po\u00ealon en acier inoxydable Caract\u00e9ristiques :<\/h2>\n\n\n\n<p><strong>Acier inoxydable de haute qualit\u00e9 Mat\u00e9riau :<\/strong> Notre plat \u00e0 r\u00f4tir en acier inoxydable est fabriqu\u00e9 en acier inoxydable de haute qualit\u00e9 pour garantir sa durabilit\u00e9 et sa r\u00e9sistance \u00e0 la corrosion. Il peut r\u00e9sister \u00e0 des temp\u00e9ratures \u00e9lev\u00e9es et continuer \u00e0 fonctionner r\u00e9guli\u00e8rement pendant une longue p\u00e9riode.<\/p>\n\n\n\n<p><strong>Couvercle transparent :<\/strong> Ce couvercle transparent Custom Warmer am\u00e9liore l'exp\u00e9rience gastronomique en rendant la pr\u00e9sentation des aliments plus transparente et en permettant de voir facilement l'\u00e9tat des aliments.<\/p>\n\n\n\n<p><strong>Isolation efficace :<\/strong> Ce plat \u00e0 r\u00f4tir en gros en acier inoxydable isole efficacement pendant une plus longue p\u00e9riode, car il contient un type d'isolation sp\u00e9cial. Ce produit est donc parfaitement adapt\u00e9 pour le long terme.<\/p>\n\n\n\n<p><strong>Facile \u00e0 nettoyer et \u00e0 entretenir : <\/strong>Ce r\u00e9chauffeur personnalis\u00e9 est fabriqu\u00e9 en acier inoxydable et est facile \u00e0 nettoyer et \u00e0 d\u00e9sinfecter. Il peut \u00e9galement \u00eatre entretenu pour une utilisation \u00e0 long terme dans l'industrie alimentaire.<\/p>\n\n\n\n<p><strong>Deux m\u00e9thodes de chauffage :<\/strong> Notre plat \u00e0 r\u00f4tir en acier inoxydable de gros a des m\u00e9thodes de chauffage \u00e0 l'alcool et \u00e0 la plaque chauffante \u00e9lectrique qui r\u00e9pondent \u00e0 toutes les exigences !<\/p>\n<\/div>\n\n\n\n<div class=\"wp-block-column is-layout-flow wp-block-column-is-layout-flow\">\n<figure class=\"wp-block-image size-full\"><img decoding=\"async\" width=\"800\" height=\"800\" src=\"https:\/\/www.yongyukitchenware.com\/wp-content\/uploads\/2025\/01\/Wholesale-Stainless-Steel-Chafing-Dish-with-Clear-Lid-Custom-Warmer-6.webp\" alt=\"Wholesale Stainless Steel Chafing Dish with Clear Lid Custom Warmer (6)\" class=\"wp-image-2855\" srcset=\"https:\/\/www.yongyukitchenware.com\/wp-content\/uploads\/2025\/01\/Wholesale-Stainless-Steel-Chafing-Dish-with-Clear-Lid-Custom-Warmer-6.webp 800w, https:\/\/www.yongyukitchenware.com\/wp-content\/uploads\/2025\/01\/Wholesale-Stainless-Steel-Chafing-Dish-with-Clear-Lid-Custom-Warmer-6-300x300.webp 300w, https:\/\/www.yongyukitchenware.com\/wp-content\/uploads\/2025\/01\/Wholesale-Stainless-Steel-Chafing-Dish-with-Clear-Lid-Custom-Warmer-6-150x150.webp 150w, https:\/\/www.yongyukitchenware.com\/wp-content\/uploads\/2025\/01\/Wholesale-Stainless-Steel-Chafing-Dish-with-Clear-Lid-Custom-Warmer-6-768x768.webp 768w, https:\/\/www.yongyukitchenware.com\/wp-content\/uploads\/2025\/01\/Wholesale-Stainless-Steel-Chafing-Dish-with-Clear-Lid-Custom-Warmer-6-12x12.webp 12w, https:\/\/www.yongyukitchenware.com\/wp-content\/uploads\/2025\/01\/Wholesale-Stainless-Steel-Chafing-Dish-with-Clear-Lid-Custom-Warmer-6-600x600.webp 600w, https:\/\/www.yongyukitchenware.com\/wp-content\/uploads\/2025\/01\/Wholesale-Stainless-Steel-Chafing-Dish-with-Clear-Lid-Custom-Warmer-6-100x100.webp 100w\" sizes=\"(max-width: 800px) 100vw, 800px\" \/><\/figure>\n<\/div>\n<\/div>\n\n\n\n<p><\/p>","protected":false},"excerpt":{"rendered":"<p>Nous vous invitons \u00e0 acheter en gros ce plat \u00e0 chafing en acier inoxydable avec un couvercle transparent. Notre r\u00e9chaud personnalis\u00e9 est fabriqu\u00e9 en acier inoxydable de haute qualit\u00e9, avec un couvercle transparent, et a une bonne qualit\u00e9 de solidit\u00e9 et de durabilit\u00e9 avec une excellente fonction de maintien de la chaleur. De forme rectangulaire et de grande capacit\u00e9, il est con\u00e7u sur mesure en fonction de la situation du d\u00eener.<\/p>\n<h2><!-- wp:heading --><\/h2>\n<h2 class=\"wp-block-heading\">Attributs du plat \u00e0 r\u00f4tir en acier inoxydable :<\/h2>\n<h2><!-- \/wp:heading --><\/p>\n<p><!-- wp:paragraph --><\/h2>\n<p><strong>Mat\u00e9riau : <\/strong>Acier inoxydable<br \/><strong>Couleur : <\/strong>Argent<br \/><strong>Forme : <\/strong> Rectangulaire avec couvercle \u00e0 charni\u00e8re<br \/><strong>Chaleur : <\/strong>Chauffage \u00e9lectrique et chauffage \u00e0 l'alcool\u00a0<br \/><strong>Bac de r\u00e9cup\u00e9ration : <\/strong>Simple\/double\/troisi\u00e8me grille<br \/><strong>OEM\/ODM : <\/strong>Disponible<\/p>\n<h2 class=\"wp-block-heading\">De Yongyu Chafing Dish Manufacturer :<\/h2>\n<p>Qu'il s'agisse d'un fournisseur de services de restauration, d'un h\u00f4tel ou d'un restaurant, ou d'une soci\u00e9t\u00e9 d'organisation d'\u00e9v\u00e9nements, nous fournissons des solutions compl\u00e8tes de vente en gros de chafing dishes pour aider votre entreprise avec des prix d'usine de haute qualit\u00e9 !<\/p>\n<h2><!-- \/wp:paragraph --><\/h2>","protected":false},"featured_media":2851,"comment_status":"closed","ping_status":"closed","template":"","meta":{"_acf_changed":true},"application":[30],"product_brand":[],"product_cat":[33],"product_tag":[],"class_list":{"0":"post-2849","1":"product","2":"type-product","3":"status-publish","4":"has-post-thumbnail","6":"application-hotel-catering","7":"product_cat-chafing-dishes-wholesale","9":"first","10":"instock","11":"shipping-taxable","12":"product-type-simple"},"acf":[],"_links":{"self":[{"href":"https:\/\/www.yongyukitchenware.com\/fr\/wp-json\/wp\/v2\/product\/2849","targetHints":{"allow":["GET"]}}],"collection":[{"href":"https:\/\/www.yongyukitchenware.com\/fr\/wp-json\/wp\/v2\/product"}],"about":[{"href":"https:\/\/www.yongyukitchenware.com\/fr\/wp-json\/wp\/v2\/types\/product"}],"replies":[{"embeddable":true,"href":"https:\/\/www.yongyukitchenware.com\/fr\/wp-json\/wp\/v2\/comments?post=2849"}],"wp:featuredmedia":[{"embeddable":true,"href":"https:\/\/www.yongyukitchenware.com\/fr\/wp-json\/wp\/v2\/media\/2851"}],"wp:attachment":[{"href":"https:\/\/www.yongyukitchenware.com\/fr\/wp-json\/wp\/v2\/media?parent=2849"}],"wp:term":[{"taxonomy":"application","embeddable":true,"href":"https:\/\/www.yongyukitchenware.com\/fr\/wp-json\/wp\/v2\/application?post=2849"},{"taxonomy":"product_brand","embeddable":true,"href":"https:\/\/www.yongyukitchenware.com\/fr\/wp-json\/wp\/v2\/product_brand?post=2849"},{"taxonomy":"product_cat","embeddable":true,"href":"https:\/\/www.yongyukitchenware.com\/fr\/wp-json\/wp\/v2\/product_cat?post=2849"},{"taxonomy":"product_tag","embeddable":true,"href":"https:\/\/www.yongyukitchenware.com\/fr\/wp-json\/wp\/v2\/product_tag?post=2849"}],"curies":[{"name":"wp","href":"https:\/\/api.w.org\/{rel}","templated":true}]}}