{"id":2859,"date":"2025-01-24T10:58:02","date_gmt":"2025-01-24T10:58:02","guid":{"rendered":"https:\/\/www.yongyukitchenware.com\/?post_type=product&#038;p=2859"},"modified":"2025-07-10T09:32:28","modified_gmt":"2025-07-10T09:32:28","slug":"wholesale-black-chafing-dishes","status":"publish","type":"product","link":"https:\/\/www.yongyukitchenware.com\/fr\/produit\/wholesale-black-chafing-dishes\/","title":{"rendered":"Grossiste Chafing Dishes Noirs Acier Inoxydable Rectangle 9L"},"content":{"rendered":"<div class=\"wp-block-columns is-layout-flex wp-container-core-columns-is-layout-9d6595d7 wp-block-columns-is-layout-flex\">\n<div class=\"wp-block-column is-layout-flow wp-block-column-is-layout-flow\">\n<h2 class=\"wp-block-heading\">Po\u00eales \u00e0 frire noirs Param\u00e8tre :<\/h2>\n\n\n\n<figure class=\"wp-block-table\"><table class=\"has-fixed-layout\"><tbody><tr><td>Mod\u00e8le<\/td><td>Longueur * Largeur * Hauteur (cm)<\/td><td>Capacit\u00e9 (l)<\/td><td>Poids (kg)<\/td><td>MOQ<\/td><\/tr><tr><td rowspan=\"2\">DY002-CL<\/td><td>57*37*29<\/td><td rowspan=\"2\">9<\/td><td>8.8<\/td><td rowspan=\"2\">2PCS<\/td><\/tr><tr><td>57*37*32<\/td><td>9.4<\/td><\/tr><\/tbody><\/table><\/figure>\n\n\n\n<h2 class=\"wp-block-heading\">R\u00e9cipients pour chafing noirs Caract\u00e9ristiques :<\/h2>\n\n\n\n<p><strong>Acier inoxydable de premi\u00e8re qualit\u00e9 Mat\u00e9riau<\/strong> Notre plat \u00e0 r\u00f4tir noir est fabriqu\u00e9 en acier inoxydable de haute qualit\u00e9 pour garantir sa durabilit\u00e9 et sa r\u00e9sistance \u00e0 la corrosion. Il peut r\u00e9sister \u00e0 des temp\u00e9ratures \u00e9lev\u00e9es et continuer \u00e0 fonctionner r\u00e9guli\u00e8rement pendant une longue p\u00e9riode.<\/p>\n\n\n\n<p><strong>Grande capacit\u00e9 de 9 litres :<\/strong> Nos chafing dishes en acier inoxydable conviennent aux banquets et aux f\u00eates de grande envergure et peuvent contenir une grande quantit\u00e9 de nourriture pour satisfaire plusieurs personnes.<\/p>\n\n\n\n<p><strong>Forme rectangulaire \u00e9l\u00e9gante :<\/strong> L'aspect tendance de ces plats \u00e0 r\u00f4tir noirs en gros convient \u00e0 toute occasion formelle telle qu'un banquet de mariage, un h\u00f4tel, un restaurant, etc.<\/p>\n\n\n\n<p><strong>Excellente r\u00e9tention de la chaleur :<\/strong> Gr\u00e2ce \u00e0 la fonction efficace de conservation de la chaleur, cette marmite \u00e0 frire en acier inoxydable maintient la temp\u00e9rature des aliments \u00e0 un niveau frais, garantissant ainsi que chaque plat est fumant.<\/p>\n\n\n\n<p><strong>Pratique \u00e0 utiliser :<\/strong> \u00c9quip\u00e9 d'un r\u00e9servoir de carburant r\u00e9glable et d'une poign\u00e9e de transport pour une mobilit\u00e9 et une man\u0153uvrabilit\u00e9 ais\u00e9es.<\/p>\n<\/div>\n\n\n\n<div class=\"wp-block-column is-layout-flow wp-block-column-is-layout-flow\">\n<figure class=\"wp-block-image size-full\"><img decoding=\"async\" width=\"800\" height=\"800\" src=\"https:\/\/www.yongyukitchenware.com\/wp-content\/uploads\/2025\/01\/Wholesale-Stainless-Steel-Chafing-Dish-with-Clear-Lid-Custom-Warmer-6.webp\" alt=\"Wholesale Stainless Steel Chafing Dish with Clear Lid Custom Warmer (6)\" class=\"wp-image-2855\" srcset=\"https:\/\/www.yongyukitchenware.com\/wp-content\/uploads\/2025\/01\/Wholesale-Stainless-Steel-Chafing-Dish-with-Clear-Lid-Custom-Warmer-6.webp 800w, https:\/\/www.yongyukitchenware.com\/wp-content\/uploads\/2025\/01\/Wholesale-Stainless-Steel-Chafing-Dish-with-Clear-Lid-Custom-Warmer-6-300x300.webp 300w, https:\/\/www.yongyukitchenware.com\/wp-content\/uploads\/2025\/01\/Wholesale-Stainless-Steel-Chafing-Dish-with-Clear-Lid-Custom-Warmer-6-150x150.webp 150w, https:\/\/www.yongyukitchenware.com\/wp-content\/uploads\/2025\/01\/Wholesale-Stainless-Steel-Chafing-Dish-with-Clear-Lid-Custom-Warmer-6-768x768.webp 768w, https:\/\/www.yongyukitchenware.com\/wp-content\/uploads\/2025\/01\/Wholesale-Stainless-Steel-Chafing-Dish-with-Clear-Lid-Custom-Warmer-6-12x12.webp 12w, https:\/\/www.yongyukitchenware.com\/wp-content\/uploads\/2025\/01\/Wholesale-Stainless-Steel-Chafing-Dish-with-Clear-Lid-Custom-Warmer-6-600x600.webp 600w, https:\/\/www.yongyukitchenware.com\/wp-content\/uploads\/2025\/01\/Wholesale-Stainless-Steel-Chafing-Dish-with-Clear-Lid-Custom-Warmer-6-100x100.webp 100w\" sizes=\"(max-width: 800px) 100vw, 800px\" \/><\/figure>\n<\/div>\n<\/div>\n\n\n\n<p><\/p>","protected":false},"excerpt":{"rendered":"<p>Ces chafing dishes noirs de Yongyu sont fabriqu\u00e9s en acier inoxydable de haute qualit\u00e9, avec une excellente durabilit\u00e9 et un aspect moderne, parfaits pour les grands rassemblements et les banquets. La grande capacit\u00e9 de 9 litres r\u00e9pond aux besoins de plusieurs personnes, avec une excellente conservation de la chaleur et une utilisation facile, id\u00e9ale pour toutes sortes d'occasions formelles.<\/p>\n<h2><!-- wp:heading --><\/h2>\n<h2 class=\"wp-block-heading\">Attributs des plats de cuisson noirs :<\/h2>\n<h2><!-- \/wp:heading --><\/p>\n<p><!-- wp:paragraph --><\/h2>\n<p><strong>Mat\u00e9riau : <\/strong>Acier inoxydable<br \/><strong>Couleur : <\/strong>Noir<br \/><strong>Forme : <\/strong> Rectangulaire avec couvercle \u00e0 charni\u00e8re<br \/><strong>Chaleur : <\/strong>Chauffage \u00e9lectrique et chauffage \u00e0 l'alcool\u00a0<br \/><strong>Bac de r\u00e9cup\u00e9ration : <\/strong>Simple\/double\/troisi\u00e8me grille<br \/><strong>OEM\/ODM : <\/strong>Disponible<\/p>\n<h2 class=\"wp-block-heading\">De Yongyu Chafing Dish Manufacturer :<\/h2>\n<p>Qu'il s'agisse d'un fournisseur de services de restauration, d'un h\u00f4tel ou d'un restaurant, ou d'une soci\u00e9t\u00e9 d'organisation d'\u00e9v\u00e9nements, nous fournissons des solutions compl\u00e8tes de vente en gros de chafing dishes pour aider votre entreprise avec des prix d'usine de haute qualit\u00e9 !<\/p>\n<h2><!-- \/wp:paragraph --><\/h2>","protected":false},"featured_media":2860,"comment_status":"closed","ping_status":"closed","template":"","meta":{"_acf_changed":false},"application":[30],"product_brand":[],"product_cat":[33],"product_tag":[43],"class_list":{"0":"post-2859","1":"product","2":"type-product","3":"status-publish","4":"has-post-thumbnail","6":"application-hotel-catering","7":"product_cat-chafing-dishes-wholesale","8":"product_tag-recommend","10":"first","11":"instock","12":"shipping-taxable","13":"product-type-simple"},"acf":[],"_links":{"self":[{"href":"https:\/\/www.yongyukitchenware.com\/fr\/wp-json\/wp\/v2\/product\/2859","targetHints":{"allow":["GET"]}}],"collection":[{"href":"https:\/\/www.yongyukitchenware.com\/fr\/wp-json\/wp\/v2\/product"}],"about":[{"href":"https:\/\/www.yongyukitchenware.com\/fr\/wp-json\/wp\/v2\/types\/product"}],"replies":[{"embeddable":true,"href":"https:\/\/www.yongyukitchenware.com\/fr\/wp-json\/wp\/v2\/comments?post=2859"}],"wp:featuredmedia":[{"embeddable":true,"href":"https:\/\/www.yongyukitchenware.com\/fr\/wp-json\/wp\/v2\/media\/2860"}],"wp:attachment":[{"href":"https:\/\/www.yongyukitchenware.com\/fr\/wp-json\/wp\/v2\/media?parent=2859"}],"wp:term":[{"taxonomy":"application","embeddable":true,"href":"https:\/\/www.yongyukitchenware.com\/fr\/wp-json\/wp\/v2\/application?post=2859"},{"taxonomy":"product_brand","embeddable":true,"href":"https:\/\/www.yongyukitchenware.com\/fr\/wp-json\/wp\/v2\/product_brand?post=2859"},{"taxonomy":"product_cat","embeddable":true,"href":"https:\/\/www.yongyukitchenware.com\/fr\/wp-json\/wp\/v2\/product_cat?post=2859"},{"taxonomy":"product_tag","embeddable":true,"href":"https:\/\/www.yongyukitchenware.com\/fr\/wp-json\/wp\/v2\/product_tag?post=2859"}],"curies":[{"name":"wp","href":"https:\/\/api.w.org\/{rel}","templated":true}]}}