{"id":2861,"date":"2025-01-24T10:58:05","date_gmt":"2025-01-24T10:58:05","guid":{"rendered":"https:\/\/www.yongyukitchenware.com\/?post_type=product&#038;p=2861"},"modified":"2025-06-13T07:12:08","modified_gmt":"2025-06-13T07:12:08","slug":"wholesale-gold-chafing-dish","status":"publish","type":"product","link":"https:\/\/www.yongyukitchenware.com\/fr\/produit\/wholesale-gold-chafing-dish\/","title":{"rendered":"Wholesale Gold Chafing Dish Rectangular Buffet Stove"},"content":{"rendered":"<div class=\"wp-block-columns is-layout-flex wp-container-core-columns-is-layout-9d6595d7 wp-block-columns-is-layout-flex\">\n<div class=\"wp-block-column is-layout-flow wp-block-column-is-layout-flow\">\n<h2 class=\"wp-block-heading\">Param\u00e8tres du plat \u00e0 r\u00f4tir en or :<\/h2>\n\n\n\n<figure class=\"wp-block-table\"><table class=\"has-fixed-layout\"><tbody><tr><td>Mod\u00e8le<\/td><td>Longueur * Largeur * Hauteur (cm)<\/td><td>Capacit\u00e9 (l)<\/td><td>Poids (kg)<\/td><td>MOQ<\/td><\/tr><tr><td rowspan=\"2\">DY002-CL<\/td><td>57*37*29<\/td><td rowspan=\"2\">9<\/td><td>8.8<\/td><td rowspan=\"2\">2PCS<\/td><\/tr><tr><td>57*37*32<\/td><td>9.4<\/td><\/tr><\/tbody><\/table><\/figure>\n\n\n\n<h2 class=\"wp-block-heading\">Plat \u00e0 r\u00f4tir en or Caract\u00e9ristiques :<\/h2>\n\n\n\n<p><strong>Luxury Gold Apparence :<\/strong> Le design \u00e9l\u00e9gant et dor\u00e9 de la cuisini\u00e8re \u00e0 buffet personnalisable Yongyu rehausse l'effet visuel de tout buffet ou de toute f\u00eate, et convient aux banquets haut de gamme et aux occasions formelles.<\/p>\n\n\n\n<p><strong>Conception \u00e0 grande capacit\u00e9 : <\/strong>Notre chafing dish dor\u00e9 en gros a une capacit\u00e9 de 9 litres, ce qui convient aux banquets \u00e0 grande \u00e9chelle, aux repas-partage et aux services de restauration pour r\u00e9pondre aux besoins d'un plus grand nombre d'invit\u00e9s.<\/p>\n\n\n\n<p><strong>Mat\u00e9riau durable : <\/strong>Ce plat \u00e0 chafing en gros est fabriqu\u00e9 en acier inoxydable de haute qualit\u00e9 pour garantir sa durabilit\u00e9 et son utilisation \u00e0 long terme, sa r\u00e9sistance \u00e0 la corrosion et \u00e0 l'usure, et il est facile \u00e0 nettoyer.<\/p>\n\n\n\n<p><strong>Chauffage efficace :<\/strong> Notre four \u00e0 buffet personnalis\u00e9 est \u00e9quip\u00e9 d'un r\u00e9servoir de carburant int\u00e9gr\u00e9 qui fournit une source de chaleur stable et continue pour maintenir les aliments au chaud et garantir qu'ils sont toujours d\u00e9licieux.<\/p>\n\n\n\n<p><strong>Conception s\u00fbre : <\/strong>Ce plat \u00e0 chafing en gros de couleur or est dot\u00e9 d'une solide b\u00e9quille et d'une base antid\u00e9rapante pour garantir la stabilit\u00e9 et la s\u00e9curit\u00e9 lors de son utilisation, en \u00e9vitant qu'il ne bascule ou ne s'effondre.<\/p>\n<\/div>\n\n\n\n<div class=\"wp-block-column is-layout-flow wp-block-column-is-layout-flow\">\n<figure class=\"wp-block-image size-full\"><img decoding=\"async\" width=\"800\" height=\"800\" src=\"https:\/\/www.yongyukitchenware.com\/wp-content\/uploads\/2025\/01\/Wholesale-Stainless-Steel-Chafing-Dish-with-Clear-Lid-Custom-Warmer-6.webp\" alt=\"Wholesale Stainless Steel Chafing Dish with Clear Lid Custom Warmer (6)\" class=\"wp-image-2855\" srcset=\"https:\/\/www.yongyukitchenware.com\/wp-content\/uploads\/2025\/01\/Wholesale-Stainless-Steel-Chafing-Dish-with-Clear-Lid-Custom-Warmer-6.webp 800w, https:\/\/www.yongyukitchenware.com\/wp-content\/uploads\/2025\/01\/Wholesale-Stainless-Steel-Chafing-Dish-with-Clear-Lid-Custom-Warmer-6-300x300.webp 300w, https:\/\/www.yongyukitchenware.com\/wp-content\/uploads\/2025\/01\/Wholesale-Stainless-Steel-Chafing-Dish-with-Clear-Lid-Custom-Warmer-6-150x150.webp 150w, https:\/\/www.yongyukitchenware.com\/wp-content\/uploads\/2025\/01\/Wholesale-Stainless-Steel-Chafing-Dish-with-Clear-Lid-Custom-Warmer-6-768x768.webp 768w, https:\/\/www.yongyukitchenware.com\/wp-content\/uploads\/2025\/01\/Wholesale-Stainless-Steel-Chafing-Dish-with-Clear-Lid-Custom-Warmer-6-12x12.webp 12w, https:\/\/www.yongyukitchenware.com\/wp-content\/uploads\/2025\/01\/Wholesale-Stainless-Steel-Chafing-Dish-with-Clear-Lid-Custom-Warmer-6-600x600.webp 600w, https:\/\/www.yongyukitchenware.com\/wp-content\/uploads\/2025\/01\/Wholesale-Stainless-Steel-Chafing-Dish-with-Clear-Lid-Custom-Warmer-6-100x100.webp 100w\" sizes=\"(max-width: 800px) 100vw, 800px\" \/><\/figure>\n<\/div>\n<\/div>\n\n\n\n<p><\/p>","protected":false},"excerpt":{"rendered":"<p>Ce buffet rectangulaire dor\u00e9 de 9 litres allie un design luxueux \u00e0 une fonction de chauffage efficace, parfaite pour les grands rassemblements et les banquets. L'acier inoxydable durable et la construction s\u00fbre et stable garantissent une utilisation durable et un nettoyage facile, ce qui en fait un produit id\u00e9al pour les services de restauration.<\/p>\n<h2><!-- wp:heading --><\/h2>\n<h2 class=\"wp-block-heading\">Attributs du plat \u00e0 r\u00f4tir en or :<\/h2>\n<h2><!-- \/wp:heading --><\/p>\n<p><!-- wp:paragraph --><\/h2>\n<p><strong>Mat\u00e9riau : <\/strong>Acier inoxydable<br \/><strong>Couleur : <\/strong>L'or<br \/><strong>Forme : <\/strong> Rectangulaire avec couvercle \u00e0 charni\u00e8re<br \/><strong>Chaleur : <\/strong>Chauffage \u00e9lectrique et chauffage \u00e0 l'alcool\u00a0<br \/><strong>Bac de r\u00e9cup\u00e9ration : <\/strong>Simple\/double\/troisi\u00e8me grille<br \/><strong>OEM\/ODM : <\/strong>Disponible<\/p>\n<h2 class=\"wp-block-heading\">De Yongyu Chafing Dish Manufacturer :<\/h2>\n<p>Qu'il s'agisse d'un fournisseur de services de restauration, d'un h\u00f4tel ou d'un restaurant, ou d'une soci\u00e9t\u00e9 d'organisation d'\u00e9v\u00e9nements, nous fournissons des solutions compl\u00e8tes de vente en gros de chafing dishes pour aider votre entreprise avec des prix d'usine de haute qualit\u00e9 !<\/p>\n<h2><!-- \/wp:paragraph --><\/h2>","protected":false},"featured_media":2862,"comment_status":"closed","ping_status":"closed","template":"","meta":{"_acf_changed":true},"application":[30],"product_brand":[],"product_cat":[33],"product_tag":[],"class_list":{"0":"post-2861","1":"product","2":"type-product","3":"status-publish","4":"has-post-thumbnail","6":"application-hotel-catering","7":"product_cat-chafing-dishes-wholesale","9":"first","10":"instock","11":"shipping-taxable","12":"product-type-simple"},"acf":[],"_links":{"self":[{"href":"https:\/\/www.yongyukitchenware.com\/fr\/wp-json\/wp\/v2\/product\/2861","targetHints":{"allow":["GET"]}}],"collection":[{"href":"https:\/\/www.yongyukitchenware.com\/fr\/wp-json\/wp\/v2\/product"}],"about":[{"href":"https:\/\/www.yongyukitchenware.com\/fr\/wp-json\/wp\/v2\/types\/product"}],"replies":[{"embeddable":true,"href":"https:\/\/www.yongyukitchenware.com\/fr\/wp-json\/wp\/v2\/comments?post=2861"}],"wp:featuredmedia":[{"embeddable":true,"href":"https:\/\/www.yongyukitchenware.com\/fr\/wp-json\/wp\/v2\/media\/2862"}],"wp:attachment":[{"href":"https:\/\/www.yongyukitchenware.com\/fr\/wp-json\/wp\/v2\/media?parent=2861"}],"wp:term":[{"taxonomy":"application","embeddable":true,"href":"https:\/\/www.yongyukitchenware.com\/fr\/wp-json\/wp\/v2\/application?post=2861"},{"taxonomy":"product_brand","embeddable":true,"href":"https:\/\/www.yongyukitchenware.com\/fr\/wp-json\/wp\/v2\/product_brand?post=2861"},{"taxonomy":"product_cat","embeddable":true,"href":"https:\/\/www.yongyukitchenware.com\/fr\/wp-json\/wp\/v2\/product_cat?post=2861"},{"taxonomy":"product_tag","embeddable":true,"href":"https:\/\/www.yongyukitchenware.com\/fr\/wp-json\/wp\/v2\/product_tag?post=2861"}],"curies":[{"name":"wp","href":"https:\/\/api.w.org\/{rel}","templated":true}]}}