{"id":2869,"date":"2025-01-24T10:50:41","date_gmt":"2025-01-24T10:50:41","guid":{"rendered":"https:\/\/www.yongyukitchenware.com\/?post_type=product&#038;p=2869"},"modified":"2025-06-14T02:20:01","modified_gmt":"2025-06-14T02:20:01","slug":"wholesale-chafing-dish-roll-top","status":"publish","type":"product","link":"https:\/\/www.yongyukitchenware.com\/fr\/produit\/wholesale-chafing-dish-roll-top\/","title":{"rendered":"Wholesale Chafing Dish Roll Top Stainless Steel Self Serve Food Warmer (R\u00e9chauffeur d'aliments en acier inoxydable)"},"content":{"rendered":"<div class=\"wp-block-columns is-layout-flex wp-container-core-columns-is-layout-9d6595d7 wp-block-columns-is-layout-flex\">\n<div class=\"wp-block-column is-layout-flow wp-block-column-is-layout-flow\">\n<h2 class=\"wp-block-heading\">Chafing Dish Roll Top Parameter:<\/h2>\n\n\n\n<figure class=\"wp-block-table\"><table class=\"has-fixed-layout\"><tbody><tr><td>Mod\u00e8le<\/td><td>Longueur * Largeur * Hauteur (cm)<\/td><td>Capacit\u00e9 (l)<\/td><td>Poids (kg)<\/td><td>MOQ<\/td><\/tr><tr><td>DY005-CL<\/td><td>57*37*32<\/td><td>9<\/td><td>9<\/td><td>2PCS<\/td><\/tr><\/tbody><\/table><\/figure>\n\n\n\n<h2 class=\"wp-block-heading\">Chafing Dish Roll Top Features:<\/h2>\n\n\n\n<p><strong>Roll Top Design: <\/strong>This self-serve food warmer&#8217;s innovative roll top makes food easier to access and enhances the buffet experience, making it convenient for diners to enjoy their food without removing the lid.<\/p>\n\n\n\n<p><strong>Acier inoxydable de premi\u00e8re qualit\u00e9 : <\/strong>Our wholesale chafing dish roll top is made of highly durable stainless steel, which is corrosion-resistant, heat-resistant, and easy to clean, making it resistant to damage over time.<\/p>\n\n\n\n<p><strong>Deux m\u00e9thodes de chauffage : <\/strong>Our wholesale chafing dish roll top is available in both alcohol and electric hot plate heating methods, both of which can maintain the food at the ideal temperature to ensure that the flavor and freshness continue to be maintained to meet different needs.<\/p>\n\n\n\n<p><strong>Large Capacity Container: <\/strong>Suitable for a variety of buffets, catering events and large banquets, providing ample food storage space to meet large-scale demand.<\/p>\n\n\n\n<p><strong>Easy to Operate: <\/strong>It is easy to serve through simple design so it makes the stainless steel self-serve food warmer excellent equipment for catering enterprises and events.<\/p>\n<\/div>\n\n\n\n<div class=\"wp-block-column is-layout-flow wp-block-column-is-layout-flow\">\n<figure class=\"wp-block-image size-full\"><img decoding=\"async\" width=\"800\" height=\"800\" src=\"https:\/\/www.yongyukitchenware.com\/wp-content\/uploads\/2025\/01\/Wholesale-Chafing-Dish-Roll-Top-Stainless-Steel-Self-Serve-Food-Warmer.webp\" alt=\"Wholesale Chafing Dish Roll Top Stainless Steel Self Serve Food Warmer (R\u00e9chauffeur d&#039;aliments en acier inoxydable)\" class=\"wp-image-2870\" srcset=\"https:\/\/www.yongyukitchenware.com\/wp-content\/uploads\/2025\/01\/Wholesale-Chafing-Dish-Roll-Top-Stainless-Steel-Self-Serve-Food-Warmer.webp 800w, https:\/\/www.yongyukitchenware.com\/wp-content\/uploads\/2025\/01\/Wholesale-Chafing-Dish-Roll-Top-Stainless-Steel-Self-Serve-Food-Warmer-300x300.webp 300w, https:\/\/www.yongyukitchenware.com\/wp-content\/uploads\/2025\/01\/Wholesale-Chafing-Dish-Roll-Top-Stainless-Steel-Self-Serve-Food-Warmer-150x150.webp 150w, https:\/\/www.yongyukitchenware.com\/wp-content\/uploads\/2025\/01\/Wholesale-Chafing-Dish-Roll-Top-Stainless-Steel-Self-Serve-Food-Warmer-768x768.webp 768w, https:\/\/www.yongyukitchenware.com\/wp-content\/uploads\/2025\/01\/Wholesale-Chafing-Dish-Roll-Top-Stainless-Steel-Self-Serve-Food-Warmer-12x12.webp 12w, https:\/\/www.yongyukitchenware.com\/wp-content\/uploads\/2025\/01\/Wholesale-Chafing-Dish-Roll-Top-Stainless-Steel-Self-Serve-Food-Warmer-600x600.webp 600w, https:\/\/www.yongyukitchenware.com\/wp-content\/uploads\/2025\/01\/Wholesale-Chafing-Dish-Roll-Top-Stainless-Steel-Self-Serve-Food-Warmer-100x100.webp 100w\" sizes=\"(max-width: 800px) 100vw, 800px\" \/><\/figure>\n<\/div>\n<\/div>\n\n\n\n<p><\/p>","protected":false},"excerpt":{"rendered":"<p>This wholesale chafing dish roll top stainless steel efficiently retains heat through an easy-access design to provide a perfect solution for large banquets and buffets. Made from high-quality stainless steel, the product ensures a long-lasting shelf life and efficient cleaning, running catering services even more smoothly.<\/p>\n<h2><!-- wp:heading --><\/h2>\n<h2 class=\"wp-block-heading\">Attributes of Chafing Dish Roll Top:<\/h2>\n<h2><!-- \/wp:heading --><\/p>\n<p><!-- wp:paragraph --><\/h2>\n<p><strong>Mat\u00e9riau : <\/strong>Acier inoxydable<br \/><strong>Couleur : <\/strong>Argent<br \/><strong>Forme : <\/strong> Rectangular with roll lid-short<br \/><strong>Chaleur : <\/strong>Chauffage \u00e9lectrique et chauffage \u00e0 l'alcool\u00a0<br \/><strong>Bac de r\u00e9cup\u00e9ration : <\/strong>Simple\/double\/troisi\u00e8me grille<br \/><strong>OEM\/ODM : <\/strong>Disponible<\/p>\n<h2 class=\"wp-block-heading\">De Yongyu Chafing Dish Manufacturer :<\/h2>\n<p>Qu'il s'agisse d'un fournisseur de services de restauration, d'un h\u00f4tel ou d'un restaurant, ou d'une soci\u00e9t\u00e9 d'organisation d'\u00e9v\u00e9nements, nous fournissons des solutions compl\u00e8tes de vente en gros de chafing dishes pour aider votre entreprise avec des prix d'usine de haute qualit\u00e9 !<\/p>\n<h2><!-- \/wp:paragraph --><\/h2>","protected":false},"featured_media":2870,"comment_status":"closed","ping_status":"closed","template":"","meta":{"_acf_changed":true},"application":[30],"product_brand":[],"product_cat":[33],"product_tag":[],"class_list":{"0":"post-2869","1":"product","2":"type-product","3":"status-publish","4":"has-post-thumbnail","6":"application-hotel-catering","7":"product_cat-chafing-dishes-wholesale","9":"first","10":"instock","11":"shipping-taxable","12":"product-type-simple"},"acf":[],"_links":{"self":[{"href":"https:\/\/www.yongyukitchenware.com\/fr\/wp-json\/wp\/v2\/product\/2869","targetHints":{"allow":["GET"]}}],"collection":[{"href":"https:\/\/www.yongyukitchenware.com\/fr\/wp-json\/wp\/v2\/product"}],"about":[{"href":"https:\/\/www.yongyukitchenware.com\/fr\/wp-json\/wp\/v2\/types\/product"}],"replies":[{"embeddable":true,"href":"https:\/\/www.yongyukitchenware.com\/fr\/wp-json\/wp\/v2\/comments?post=2869"}],"wp:featuredmedia":[{"embeddable":true,"href":"https:\/\/www.yongyukitchenware.com\/fr\/wp-json\/wp\/v2\/media\/2870"}],"wp:attachment":[{"href":"https:\/\/www.yongyukitchenware.com\/fr\/wp-json\/wp\/v2\/media?parent=2869"}],"wp:term":[{"taxonomy":"application","embeddable":true,"href":"https:\/\/www.yongyukitchenware.com\/fr\/wp-json\/wp\/v2\/application?post=2869"},{"taxonomy":"product_brand","embeddable":true,"href":"https:\/\/www.yongyukitchenware.com\/fr\/wp-json\/wp\/v2\/product_brand?post=2869"},{"taxonomy":"product_cat","embeddable":true,"href":"https:\/\/www.yongyukitchenware.com\/fr\/wp-json\/wp\/v2\/product_cat?post=2869"},{"taxonomy":"product_tag","embeddable":true,"href":"https:\/\/www.yongyukitchenware.com\/fr\/wp-json\/wp\/v2\/product_tag?post=2869"}],"curies":[{"name":"wp","href":"https:\/\/api.w.org\/{rel}","templated":true}]}}