{"id":2881,"date":"2025-01-24T10:48:20","date_gmt":"2025-01-24T10:48:20","guid":{"rendered":"https:\/\/www.yongyukitchenware.com\/?post_type=product&#038;p=2881"},"modified":"2025-06-14T02:28:28","modified_gmt":"2025-06-14T02:28:28","slug":"wholesale-large-chafing-dish","status":"publish","type":"product","link":"https:\/\/www.yongyukitchenware.com\/fr\/produit\/wholesale-large-chafing-dish\/","title":{"rendered":"Wholesale Large Chafing Dish Stainless Steel Disponible en deux hauteurs"},"content":{"rendered":"<div class=\"wp-block-columns is-layout-flex wp-container-core-columns-is-layout-9d6595d7 wp-block-columns-is-layout-flex\">\n<div class=\"wp-block-column is-layout-flow wp-block-column-is-layout-flow\">\n<h2 class=\"wp-block-heading\">Grand plat \u00e0 r\u00f4tir Param\u00e8tre :<\/h2>\n\n\n\n<figure class=\"wp-block-table\"><table class=\"has-fixed-layout\"><tbody><tr><td>Mod\u00e8le<\/td><td>Longueur * Largeur * Hauteur (cm)<\/td><td>Capacit\u00e9 (l)<\/td><td>Poids (kg)<\/td><td>MOQ<\/td><\/tr><tr><td rowspan=\"2\">DY001-CL<\/td><td>57*37*24<\/td><td rowspan=\"2\">9<\/td><td>8.8<\/td><td rowspan=\"2\">2PCS<\/td><\/tr><tr><td>57*37*31<\/td><td>9.2<\/td><\/tr><\/tbody><\/table><\/figure>\n\n\n\n<h2 class=\"wp-block-heading\">Grand plat \u00e0 r\u00f4tir Caract\u00e9ristiques :<\/h2>\n\n\n\n<p><strong>Deux mod\u00e8les r\u00e9glables en hauteur :<\/strong> Ce grand chafing dish de gros propose deux hauteurs diff\u00e9rentes pour r\u00e9pondre aux besoins de diff\u00e9rentes occasions, ce qui permet aux clients de choisir l'utilisation qui convient \u00e0 leurs besoins sp\u00e9cifiques.<\/p>\n\n\n\n<p><strong>Conception \u00e0 grande capacit\u00e9 :<\/strong> Une conception qui permet \u00e0 nos r\u00e9cipients de grande capacit\u00e9 pour chafing dish en acier inoxydable de contenir plus de nourriture est parfaite pour les grands banquets, les buffets et les f\u00eates o\u00f9 vous souhaitez inviter plus d'invit\u00e9s.<\/p>\n\n\n\n<p><strong>Acier inoxydable de haute qualit\u00e9 Mat\u00e9riau : <\/strong>Ce grand plat \u00e0 chafing est fabriqu\u00e9 en acier inoxydable durable, r\u00e9sistant \u00e0 la rouille et \u00e0 la corrosion pendant longtemps, r\u00e9sistant aux rayures et offrant d'excellentes performances pour un nettoyage facile.<\/p>\n\n\n\n<p><strong>Conserve efficacement la chaleur : <\/strong>Notre grand chafing dish commercial en vrac est con\u00e7u pour maintenir un syst\u00e8me de chauffage tr\u00e8s stable afin de garder vos aliments chauds \u00e0 tout moment, en particulier lorsqu'il s'agit de grandes quantit\u00e9s.<\/p>\n\n\n\n<p><strong>Style \u00e9pur\u00e9 et contemporain : <\/strong>Ce chafing dish en acier inoxydable brille par l'\u00e9clat de l'acier inoxydable et pr\u00e9sente un design moderne et \u00e9pur\u00e9 pour les \u00e9v\u00e9nements les plus formels et les plus d\u00e9contract\u00e9s.<\/p>\n<\/div>\n\n\n\n<div class=\"wp-block-column is-layout-flow wp-block-column-is-layout-flow\">\n<figure class=\"wp-block-image size-full\"><img decoding=\"async\" width=\"800\" height=\"800\" src=\"https:\/\/www.yongyukitchenware.com\/wp-content\/uploads\/2025\/01\/Wholesale-Large-Chafing-Dish-Stainless-Steel-Available-in-Two-Heights-3.webp\" alt=\"Wholesale Large Chafing Dish Stainless Steel Disponible en deux hauteurs (3)\" class=\"wp-image-2884\" srcset=\"https:\/\/www.yongyukitchenware.com\/wp-content\/uploads\/2025\/01\/Wholesale-Large-Chafing-Dish-Stainless-Steel-Available-in-Two-Heights-3.webp 800w, https:\/\/www.yongyukitchenware.com\/wp-content\/uploads\/2025\/01\/Wholesale-Large-Chafing-Dish-Stainless-Steel-Available-in-Two-Heights-3-300x300.webp 300w, https:\/\/www.yongyukitchenware.com\/wp-content\/uploads\/2025\/01\/Wholesale-Large-Chafing-Dish-Stainless-Steel-Available-in-Two-Heights-3-150x150.webp 150w, https:\/\/www.yongyukitchenware.com\/wp-content\/uploads\/2025\/01\/Wholesale-Large-Chafing-Dish-Stainless-Steel-Available-in-Two-Heights-3-768x768.webp 768w, https:\/\/www.yongyukitchenware.com\/wp-content\/uploads\/2025\/01\/Wholesale-Large-Chafing-Dish-Stainless-Steel-Available-in-Two-Heights-3-12x12.webp 12w, https:\/\/www.yongyukitchenware.com\/wp-content\/uploads\/2025\/01\/Wholesale-Large-Chafing-Dish-Stainless-Steel-Available-in-Two-Heights-3-600x600.webp 600w, https:\/\/www.yongyukitchenware.com\/wp-content\/uploads\/2025\/01\/Wholesale-Large-Chafing-Dish-Stainless-Steel-Available-in-Two-Heights-3-100x100.webp 100w\" sizes=\"(max-width: 800px) 100vw, 800px\" \/><\/figure>\n<\/div>\n<\/div>\n\n\n\n<p><\/p>","protected":false},"excerpt":{"rendered":"<p>Ce grand chafing dish de gros est un r\u00e9chaud de buffet en acier inoxydable de grande capacit\u00e9 qui offre deux mod\u00e8les r\u00e9glables en hauteur, parfaits pour toutes les occasions. Le mat\u00e9riau utilis\u00e9 dans sa construction en acier inoxydable de haute qualit\u00e9 garantit la durabilit\u00e9 et la facilit\u00e9 de nettoyage, tandis que la fonction efficace de r\u00e9tention de la chaleur maintient les aliments au chaud \u00e0 tout moment, ce qui le rend tr\u00e8s appropri\u00e9 pour les grands banquets et les f\u00eates.<\/p>\n<h2><!-- wp:heading --><\/h2>\n<h2 class=\"wp-block-heading\">Attributs d'un grand plat \u00e0 r\u00f4tir :<\/h2>\n<h2><!-- \/wp:heading --><\/p>\n<p><!-- wp:paragraph --><\/h2>\n<p><strong>Mat\u00e9riau : <\/strong>Acier inoxydable<br \/><strong>Couleur : <\/strong>Argent<br \/><strong>Forme :<\/strong> Rectangulaire avec couvercle \u00e0 charni\u00e8re<br \/><strong>Chaleur : <\/strong>Chauffage \u00e0 l'alcool et chauffage \u00e9lectrique<br \/><strong>Bac de r\u00e9cup\u00e9ration : <\/strong>Grille simple\/double\/trois<br \/><strong>OEM\/ODM : <\/strong>Disponible<\/p>\n<h2 class=\"wp-block-heading\">De Yongyu Chafing Dish Manufacturer :<\/h2>\n<p>Qu'il s'agisse d'un fournisseur de services de restauration, d'un h\u00f4tel ou d'un restaurant, ou d'une soci\u00e9t\u00e9 d'organisation d'\u00e9v\u00e9nements, nous fournissons des solutions compl\u00e8tes de vente en gros de chafing dishes pour aider votre entreprise avec des prix d'usine de haute qualit\u00e9 !<\/p>\n<h2><!-- \/wp:paragraph --><\/h2>","protected":false},"featured_media":2882,"comment_status":"closed","ping_status":"closed","template":"","meta":{"_acf_changed":true},"application":[30],"product_brand":[],"product_cat":[33],"product_tag":[],"class_list":{"0":"post-2881","1":"product","2":"type-product","3":"status-publish","4":"has-post-thumbnail","6":"application-hotel-catering","7":"product_cat-chafing-dishes-wholesale","9":"first","10":"instock","11":"shipping-taxable","12":"product-type-simple"},"acf":[],"_links":{"self":[{"href":"https:\/\/www.yongyukitchenware.com\/fr\/wp-json\/wp\/v2\/product\/2881","targetHints":{"allow":["GET"]}}],"collection":[{"href":"https:\/\/www.yongyukitchenware.com\/fr\/wp-json\/wp\/v2\/product"}],"about":[{"href":"https:\/\/www.yongyukitchenware.com\/fr\/wp-json\/wp\/v2\/types\/product"}],"replies":[{"embeddable":true,"href":"https:\/\/www.yongyukitchenware.com\/fr\/wp-json\/wp\/v2\/comments?post=2881"}],"wp:featuredmedia":[{"embeddable":true,"href":"https:\/\/www.yongyukitchenware.com\/fr\/wp-json\/wp\/v2\/media\/2882"}],"wp:attachment":[{"href":"https:\/\/www.yongyukitchenware.com\/fr\/wp-json\/wp\/v2\/media?parent=2881"}],"wp:term":[{"taxonomy":"application","embeddable":true,"href":"https:\/\/www.yongyukitchenware.com\/fr\/wp-json\/wp\/v2\/application?post=2881"},{"taxonomy":"product_brand","embeddable":true,"href":"https:\/\/www.yongyukitchenware.com\/fr\/wp-json\/wp\/v2\/product_brand?post=2881"},{"taxonomy":"product_cat","embeddable":true,"href":"https:\/\/www.yongyukitchenware.com\/fr\/wp-json\/wp\/v2\/product_cat?post=2881"},{"taxonomy":"product_tag","embeddable":true,"href":"https:\/\/www.yongyukitchenware.com\/fr\/wp-json\/wp\/v2\/product_tag?post=2881"}],"curies":[{"name":"wp","href":"https:\/\/api.w.org\/{rel}","templated":true}]}}