{"id":2885,"date":"2025-01-24T10:48:35","date_gmt":"2025-01-24T10:48:35","guid":{"rendered":"https:\/\/www.yongyukitchenware.com\/?post_type=product&#038;p=2885"},"modified":"2025-06-14T02:27:42","modified_gmt":"2025-06-14T02:27:42","slug":"wholesale-square-chafing-dish","status":"publish","type":"product","link":"https:\/\/www.yongyukitchenware.com\/fr\/produit\/wholesale-square-chafing-dish\/","title":{"rendered":"Wholesale Square Chafing Dish Stainless Steel with Lid and Handle 6L (plat \u00e0 r\u00f4tir carr\u00e9 en acier inoxydable avec couvercle et poign\u00e9e)"},"content":{"rendered":"<div class=\"wp-block-columns is-layout-flex wp-container-core-columns-is-layout-9d6595d7 wp-block-columns-is-layout-flex\">\n<div class=\"wp-block-column is-layout-flow wp-block-column-is-layout-flow\">\n<h2 class=\"wp-block-heading\">Plat \u00e0 r\u00f4tir carr\u00e9 Param\u00e8tre :<\/h2>\n\n\n\n<figure class=\"wp-block-table\"><table class=\"has-fixed-layout\"><tbody><tr><td>Mod\u00e8le<\/td><td>Longueur * Largeur * Hauteur (cm)<\/td><td>Capacit\u00e9 (l)<\/td><td>Poids (kg)<\/td><td>MOQ<\/td><\/tr><tr><td rowspan=\"2\">DY001-CL<\/td><td>40*40*25<\/td><td rowspan=\"2\">6<\/td><td>7.4<\/td><td rowspan=\"2\">2PCS<\/td><\/tr><tr><td>40*40*32<\/td><td>7.9<\/td><\/tr><\/tbody><\/table><\/figure>\n\n\n\n<h2 class=\"wp-block-heading\">Plat \u00e0 r\u00f4tir carr\u00e9 Caract\u00e9ristiques :<\/h2>\n\n\n\n<p><strong>Conception \u00e0 grande capacit\u00e9 : <\/strong>Ce chafing dish carr\u00e9 en gros a une capacit\u00e9 de 6L, convient aux petits rassemblements ou aux banquets de taille moyenne, r\u00e9pond au besoin de garder la bonne quantit\u00e9 d'aliments au chaud et s'adapte parfaitement \u00e0 diff\u00e9rentes occasions.<\/p>\n\n\n\n<p><strong>Acier inoxydable de haute qualit\u00e9 Mat\u00e9riau : <\/strong>Notre cuisini\u00e8re de buffet en gros est fabriqu\u00e9e en acier inoxydable de haute qualit\u00e9, qui pr\u00e9sente une forte r\u00e9sistance \u00e0 la corrosion et aux temp\u00e9ratures \u00e9lev\u00e9es, garantissant l'absence de d\u00e9formation et de rouille en cas d'utilisation prolong\u00e9e.<\/p>\n\n\n\n<p><strong>Equip\u00e9 d'un couvercle et d'une poign\u00e9e : <\/strong>Notre chafing dish carr\u00e9 en gros est dot\u00e9 d'un couvercle s\u00fbr et solide pour \u00e9viter que la nourriture ne s'\u00e9coule, et d'une poign\u00e9e pratique pour faciliter la manipulation et le service.<\/p>\n\n\n\n<p><strong>Aspect simple et moderne :<\/strong> Le design carr\u00e9 de notre chafing dish est simple et \u00e9l\u00e9gant. Il convient \u00e0 toutes sortes de banquets et de buffets, am\u00e9liorant l'atmosph\u00e8re g\u00e9n\u00e9rale du lieu et l'exp\u00e9rience du client.<\/p>\n\n\n\n<p><strong>Facile \u00e0 nettoyer et \u00e0 entretenir : <\/strong>La surface lisse en acier inoxydable r\u00e9duit l'adh\u00e9rence des r\u00e9sidus alimentaires, est facile \u00e0 nettoyer et permet d'\u00e9conomiser du temps d'entretien.<\/p>\n<\/div>\n\n\n\n<div class=\"wp-block-column is-layout-flow wp-block-column-is-layout-flow\">\n<figure class=\"wp-block-image size-full\"><img decoding=\"async\" width=\"800\" height=\"800\" src=\"https:\/\/www.yongyukitchenware.com\/wp-content\/uploads\/2025\/01\/Wholesale-Square-Chafing-Dish-Stainless-Steel-with-Lid-and-Handle-6L-2.webp\" alt=\"Wholesale Square Chafing Dish Stainless Steel with Lid and Handle 6L (2)\" class=\"wp-image-2887\" srcset=\"https:\/\/www.yongyukitchenware.com\/wp-content\/uploads\/2025\/01\/Wholesale-Square-Chafing-Dish-Stainless-Steel-with-Lid-and-Handle-6L-2.webp 800w, https:\/\/www.yongyukitchenware.com\/wp-content\/uploads\/2025\/01\/Wholesale-Square-Chafing-Dish-Stainless-Steel-with-Lid-and-Handle-6L-2-300x300.webp 300w, https:\/\/www.yongyukitchenware.com\/wp-content\/uploads\/2025\/01\/Wholesale-Square-Chafing-Dish-Stainless-Steel-with-Lid-and-Handle-6L-2-150x150.webp 150w, https:\/\/www.yongyukitchenware.com\/wp-content\/uploads\/2025\/01\/Wholesale-Square-Chafing-Dish-Stainless-Steel-with-Lid-and-Handle-6L-2-768x768.webp 768w, https:\/\/www.yongyukitchenware.com\/wp-content\/uploads\/2025\/01\/Wholesale-Square-Chafing-Dish-Stainless-Steel-with-Lid-and-Handle-6L-2-12x12.webp 12w, https:\/\/www.yongyukitchenware.com\/wp-content\/uploads\/2025\/01\/Wholesale-Square-Chafing-Dish-Stainless-Steel-with-Lid-and-Handle-6L-2-600x600.webp 600w, https:\/\/www.yongyukitchenware.com\/wp-content\/uploads\/2025\/01\/Wholesale-Square-Chafing-Dish-Stainless-Steel-with-Lid-and-Handle-6L-2-100x100.webp 100w\" sizes=\"(max-width: 800px) 100vw, 800px\" \/><\/figure>\n<\/div>\n<\/div>\n\n\n\n<p><\/p>","protected":false},"excerpt":{"rendered":"<p>Le plat \u00e0 chafing carr\u00e9 de Yongyu Wholesale est fabriqu\u00e9 en acier inoxydable de haute qualit\u00e9 avec un couvercle et une poign\u00e9e, \u00e0 la fois de grande capacit\u00e9 et pratique, convenant aux petits banquets ou aux f\u00eates. L'acier inoxydable de haute qualit\u00e9 garantit la durabilit\u00e9 et l'aspect propre rehausse toute occasion tout en \u00e9tant facile \u00e0 nettoyer et \u00e0 entretenir, ce qui le rend id\u00e9al pour les services de restauration et les buffets.<\/p>\n<h2><!-- wp:heading --><\/h2>\n<h2 class=\"wp-block-heading\">Attributs du plat \u00e0 gratin carr\u00e9 :<\/h2>\n<h2><!-- \/wp:heading --><\/p>\n<p><!-- wp:paragraph --><\/h2>\n<p><strong>Mat\u00e9riau : <\/strong>Acier inoxydable<br \/><strong>Couleur : <\/strong>Argent<br \/><strong>Forme :<\/strong> Carr\u00e9 avec couvercle \u00e0 charni\u00e8re<br \/><strong>Chaleur : <\/strong>Chauffage \u00e0 l'alcool et chauffage \u00e9lectrique<br \/><strong>Bac de r\u00e9cup\u00e9ration : <\/strong>Grille simple\/double\/trois<br \/><strong>OEM\/ODM : <\/strong>Disponible<\/p>\n<h2 class=\"wp-block-heading\">De Yongyu Chafing Dish Manufacturer :<\/h2>\n<p>Qu'il s'agisse d'un fournisseur de services de restauration, d'un h\u00f4tel ou d'un restaurant, ou d'une soci\u00e9t\u00e9 d'organisation d'\u00e9v\u00e9nements, nous fournissons des solutions compl\u00e8tes de vente en gros de chafing dishes pour aider votre entreprise avec des prix d'usine de haute qualit\u00e9 !<\/p>\n<h2><!-- \/wp:paragraph --><\/h2>","protected":false},"featured_media":2888,"comment_status":"closed","ping_status":"closed","template":"","meta":{"_acf_changed":true},"application":[30],"product_brand":[],"product_cat":[33],"product_tag":[],"class_list":{"0":"post-2885","1":"product","2":"type-product","3":"status-publish","4":"has-post-thumbnail","6":"application-hotel-catering","7":"product_cat-chafing-dishes-wholesale","9":"first","10":"instock","11":"shipping-taxable","12":"product-type-simple"},"acf":[],"_links":{"self":[{"href":"https:\/\/www.yongyukitchenware.com\/fr\/wp-json\/wp\/v2\/product\/2885","targetHints":{"allow":["GET"]}}],"collection":[{"href":"https:\/\/www.yongyukitchenware.com\/fr\/wp-json\/wp\/v2\/product"}],"about":[{"href":"https:\/\/www.yongyukitchenware.com\/fr\/wp-json\/wp\/v2\/types\/product"}],"replies":[{"embeddable":true,"href":"https:\/\/www.yongyukitchenware.com\/fr\/wp-json\/wp\/v2\/comments?post=2885"}],"wp:featuredmedia":[{"embeddable":true,"href":"https:\/\/www.yongyukitchenware.com\/fr\/wp-json\/wp\/v2\/media\/2888"}],"wp:attachment":[{"href":"https:\/\/www.yongyukitchenware.com\/fr\/wp-json\/wp\/v2\/media?parent=2885"}],"wp:term":[{"taxonomy":"application","embeddable":true,"href":"https:\/\/www.yongyukitchenware.com\/fr\/wp-json\/wp\/v2\/application?post=2885"},{"taxonomy":"product_brand","embeddable":true,"href":"https:\/\/www.yongyukitchenware.com\/fr\/wp-json\/wp\/v2\/product_brand?post=2885"},{"taxonomy":"product_cat","embeddable":true,"href":"https:\/\/www.yongyukitchenware.com\/fr\/wp-json\/wp\/v2\/product_cat?post=2885"},{"taxonomy":"product_tag","embeddable":true,"href":"https:\/\/www.yongyukitchenware.com\/fr\/wp-json\/wp\/v2\/product_tag?post=2885"}],"curies":[{"name":"wp","href":"https:\/\/api.w.org\/{rel}","templated":true}]}}