{"id":2893,"date":"2025-01-24T10:44:32","date_gmt":"2025-01-24T10:44:32","guid":{"rendered":"https:\/\/www.yongyukitchenware.com\/?post_type=product&#038;p=2893"},"modified":"2025-06-14T02:29:16","modified_gmt":"2025-06-14T02:29:16","slug":"bulk-chafing-dish-for-buffet","status":"publish","type":"product","link":"https:\/\/www.yongyukitchenware.com\/fr\/produit\/bulk-chafing-dish-for-buffet\/","title":{"rendered":"Vrac Roud Chafing Dish for Buffet Stainless Chafer"},"content":{"rendered":"<div class=\"wp-block-columns is-layout-flex wp-container-core-columns-is-layout-9d6595d7 wp-block-columns-is-layout-flex\">\n<div class=\"wp-block-column is-layout-flow wp-block-column-is-layout-flow\">\n<h2 class=\"wp-block-heading\">Chafing Dish for Buffet Param\u00e8tre :<\/h2>\n\n\n\n<figure class=\"wp-block-table\"><table class=\"has-fixed-layout\"><tbody><tr><td>Mod\u00e8le<\/td><td>Longueur * Largeur * Hauteur (cm)<\/td><td>Capacit\u00e9 (l)<\/td><td>Poids (kg)<\/td><td>MOQ<\/td><\/tr><tr><td>DY014-CL<\/td><td>47*44*24<\/td><td>6<\/td><td>8.2<\/td><td>2PCS<\/td><\/tr><\/tbody><\/table><\/figure>\n\n\n\n<h2 class=\"wp-block-heading\">Plat \u00e0 grignoter pour buffet Caract\u00e9ristiques :<\/h2>\n\n\n\n<p><strong>Conception \u00e0 grande capacit\u00e9 : <\/strong>Notre plat \u00e0 chafing en gros pour buffet a une grande capacit\u00e9 de 9L, peut contenir une grande quantit\u00e9 de nourriture, convient \u00e0 toutes sortes de grands banquets, mariages, buffets d'h\u00f4tel et autres occasions.<\/p>\n\n\n\n<p><strong>Pieds tubulaires stables :<\/strong> Les pieds tubulaires robustes de ce chafing dish en vrac pour buffet offrent un excellent support pour garantir la stabilit\u00e9 et la s\u00e9curit\u00e9 de l'unit\u00e9, qui ne risque pas de basculer ou de s'effondrer.<\/p>\n\n\n\n<p><strong>R\u00e9chauffement efficace :<\/strong> Notre chafing dish en vrac pour buffet est con\u00e7u avec un r\u00e9servoir de carburant int\u00e9gr\u00e9 pour fournir un effet de chauffage durable et stable, garantissant que les aliments restent toujours chauds et am\u00e9liorant l'exp\u00e9rience du service de restauration.<\/p>\n\n\n\n<p><strong>Facile \u00e0 nettoyer : <\/strong>Fabriqu\u00e9 en acier inoxydable avec une surface lisse, r\u00e9sistant \u00e0 la corrosion, \u00e0 la salet\u00e9 et facile \u00e0 nettoyer, l'\u00e9quipement reste neuf pendant longtemps.<\/p>\n\n\n\n<p><strong>Port d'alimentation ind\u00e9pendant : <\/strong>Port d'alimentation durable de haute qualit\u00e9, facile \u00e0 utiliser, pas de tra\u00een\u00e9e<\/p>\n<\/div>\n\n\n\n<div class=\"wp-block-column is-layout-flow wp-block-column-is-layout-flow\">\n<figure class=\"wp-block-image size-full\"><img decoding=\"async\" width=\"800\" height=\"800\" src=\"https:\/\/www.yongyukitchenware.com\/wp-content\/uploads\/2025\/01\/wholesale-Chafing-Dish-for-Buffet-2.webp\" alt=\"Gros plat \u00e0 r\u00f4tir pour buffet\" class=\"wp-image-2930\" srcset=\"https:\/\/www.yongyukitchenware.com\/wp-content\/uploads\/2025\/01\/wholesale-Chafing-Dish-for-Buffet-2.webp 800w, https:\/\/www.yongyukitchenware.com\/wp-content\/uploads\/2025\/01\/wholesale-Chafing-Dish-for-Buffet-2-300x300.webp 300w, https:\/\/www.yongyukitchenware.com\/wp-content\/uploads\/2025\/01\/wholesale-Chafing-Dish-for-Buffet-2-150x150.webp 150w, https:\/\/www.yongyukitchenware.com\/wp-content\/uploads\/2025\/01\/wholesale-Chafing-Dish-for-Buffet-2-768x768.webp 768w, https:\/\/www.yongyukitchenware.com\/wp-content\/uploads\/2025\/01\/wholesale-Chafing-Dish-for-Buffet-2-12x12.webp 12w, https:\/\/www.yongyukitchenware.com\/wp-content\/uploads\/2025\/01\/wholesale-Chafing-Dish-for-Buffet-2-600x600.webp 600w, https:\/\/www.yongyukitchenware.com\/wp-content\/uploads\/2025\/01\/wholesale-Chafing-Dish-for-Buffet-2-100x100.webp 100w\" sizes=\"(max-width: 800px) 100vw, 800px\" \/><\/figure>\n<\/div>\n<\/div>\n\n\n\n<p><\/p>","protected":false},"excerpt":{"rendered":"<p>Le chafing dish pour buffet Welcome to bulk a une grande capacit\u00e9 de 9 litres et est dot\u00e9 d'un pied en forme de tuyau, qui offre un support solide et un chauffage efficace pour garantir que les aliments sont chauds. L'ext\u00e9rieur en acier inoxydable rehausse l'atmosph\u00e8re du banquet et est facile \u00e0 nettoyer. Il convient particuli\u00e8rement aux grands banquets, aux mariages et aux buffets d'h\u00f4tel.<\/p>\n<h2><!-- wp:heading --><\/h2>\n<h2 class=\"wp-block-heading\">Attributs d'un plat de cuisson pour buffet :<\/h2>\n<h2><!-- \/wp:heading --><\/p>\n<p><!-- wp:paragraph --><\/h2>\n<p><strong>Mat\u00e9riau : <\/strong>Acier inoxydable<br \/><strong>Couleur : <\/strong>Argent<br \/><strong>Forme :<\/strong> Rond avec couvercle \u00e0 charni\u00e8re<br \/><strong>Chaleur : <\/strong>\u00a0Chauffage \u00e9lectrique<br \/><strong>Bac de r\u00e9cup\u00e9ration : <\/strong>Grille simple\/double\/trois<br \/><strong>OEM\/ODM : <\/strong>Disponible<\/p>\n<h2 class=\"wp-block-heading\">De Yongyu Chafing Dish Manufacturer :<\/h2>\n<p>Qu'il s'agisse d'un fournisseur de services de restauration, d'un h\u00f4tel ou d'un restaurant, ou d'une soci\u00e9t\u00e9 d'organisation d'\u00e9v\u00e9nements, nous fournissons des solutions compl\u00e8tes de vente en gros de chafing dishes pour aider votre entreprise avec des prix d'usine de haute qualit\u00e9 !<\/p>\n<h2><!-- \/wp:paragraph --><\/h2>","protected":false},"featured_media":2929,"comment_status":"closed","ping_status":"closed","template":"","meta":{"_acf_changed":false},"application":[30],"product_brand":[],"product_cat":[33],"product_tag":[],"class_list":{"0":"post-2893","1":"product","2":"type-product","3":"status-publish","4":"has-post-thumbnail","6":"application-hotel-catering","7":"product_cat-chafing-dishes-wholesale","9":"first","10":"instock","11":"shipping-taxable","12":"product-type-simple"},"acf":[],"_links":{"self":[{"href":"https:\/\/www.yongyukitchenware.com\/fr\/wp-json\/wp\/v2\/product\/2893","targetHints":{"allow":["GET"]}}],"collection":[{"href":"https:\/\/www.yongyukitchenware.com\/fr\/wp-json\/wp\/v2\/product"}],"about":[{"href":"https:\/\/www.yongyukitchenware.com\/fr\/wp-json\/wp\/v2\/types\/product"}],"replies":[{"embeddable":true,"href":"https:\/\/www.yongyukitchenware.com\/fr\/wp-json\/wp\/v2\/comments?post=2893"}],"wp:featuredmedia":[{"embeddable":true,"href":"https:\/\/www.yongyukitchenware.com\/fr\/wp-json\/wp\/v2\/media\/2929"}],"wp:attachment":[{"href":"https:\/\/www.yongyukitchenware.com\/fr\/wp-json\/wp\/v2\/media?parent=2893"}],"wp:term":[{"taxonomy":"application","embeddable":true,"href":"https:\/\/www.yongyukitchenware.com\/fr\/wp-json\/wp\/v2\/application?post=2893"},{"taxonomy":"product_brand","embeddable":true,"href":"https:\/\/www.yongyukitchenware.com\/fr\/wp-json\/wp\/v2\/product_brand?post=2893"},{"taxonomy":"product_cat","embeddable":true,"href":"https:\/\/www.yongyukitchenware.com\/fr\/wp-json\/wp\/v2\/product_cat?post=2893"},{"taxonomy":"product_tag","embeddable":true,"href":"https:\/\/www.yongyukitchenware.com\/fr\/wp-json\/wp\/v2\/product_tag?post=2893"}],"curies":[{"name":"wp","href":"https:\/\/api.w.org\/{rel}","templated":true}]}}