{"id":2902,"date":"2025-01-24T10:26:58","date_gmt":"2025-01-24T10:26:58","guid":{"rendered":"https:\/\/www.yongyukitchenware.com\/?post_type=product&#038;p=2902"},"modified":"2025-06-14T02:30:32","modified_gmt":"2025-06-14T02:30:32","slug":"wholesale-electric-chafer-dish","status":"publish","type":"product","link":"https:\/\/www.yongyukitchenware.com\/fr\/produit\/wholesale-electric-chafer-dish\/","title":{"rendered":"Wholesale Electric Chafer Dish Square Simple Stainless Steel Buffet Stove"},"content":{"rendered":"<div class=\"wp-block-columns is-layout-flex wp-container-core-columns-is-layout-9d6595d7 wp-block-columns-is-layout-flex\">\n<div class=\"wp-block-column is-layout-flow wp-block-column-is-layout-flow\">\n<h2 class=\"wp-block-heading\">Chafer \u00e9lectrique Param\u00e8tre du plat :<\/h2>\n\n\n\n<figure class=\"wp-block-table\"><table class=\"has-fixed-layout\"><tbody><tr><td>Mod\u00e8le<\/td><td>Longueur * Largeur * Hauteur (cm)<\/td><td>Capacit\u00e9 (l)<\/td><td>Poids (kg)<\/td><td>MOQ<\/td><\/tr><tr><td>DY014-CL<\/td><td>40*40*24<\/td><td>6<\/td><td>7.8<\/td><td>2PCS<\/td><\/tr><\/tbody><\/table><\/figure>\n\n\n\n<h2 class=\"wp-block-heading\">Caract\u00e9ristiques de la corbeille \u00e9lectrique :<\/h2>\n\n\n\n<p><strong>Design carr\u00e9 :<\/strong> Ce plat \u00e9lectrique en gros a une apparence carr\u00e9e simple et \u00e9l\u00e9gante, qui peut \u00eatre appliqu\u00e9e \u00e0 diverses occasions de restauration et peut augmenter l'atmosph\u00e8re g\u00e9n\u00e9rale des buffets ou des banquets.<\/p>\n\n\n\n<p><strong>Syst\u00e8me de chauffage \u00e9lectrique :<\/strong> Notre simple cuisini\u00e8re de buffet en acier inoxydable est \u00e9quip\u00e9e d'un syst\u00e8me de chauffage \u00e9lectrique qui permet de chauffer les aliments de mani\u00e8re stable et efficace et de les maintenir au chaud pendant une longue p\u00e9riode.<\/p>\n\n\n\n<p><strong>Mat\u00e9riau de premi\u00e8re qualit\u00e9 en acier inoxydable : <\/strong>Le plat de hachage \u00e9lectrique de gros est fabriqu\u00e9 en acier inoxydable de qualit\u00e9 sup\u00e9rieure, durable, r\u00e9sistant \u00e0 la corrosion, r\u00e9sistant \u00e0 la chaleur et facile \u00e0 nettoyer, ce qui garantit la durabilit\u00e9 et l'attrait esth\u00e9tique dans les ann\u00e9es \u00e0 venir.<\/p>\n\n\n\n<p><strong>Efficacit\u00e9 \u00e9nerg\u00e9tique et \u00e9conomie d'\u00e9nergie :<\/strong> Le syst\u00e8me de chauffage est \u00e9lectrique, ce qui permet un chauffage rapide, avec une efficacit\u00e9 d'\u00e9conomie d'\u00e9nergie, sans diff\u00e9rence de temp\u00e9rature dans le chauffage.<\/p>\n\n\n\n<p><strong>S\u00e9curit\u00e9 et stabilit\u00e9 : <\/strong>Le design de ce hachoir \u00e9lectrique de gros comporte une base antid\u00e9rapante avec un support stabilisateur pour l'emp\u00eacher de basculer ou de s'effondrer pendant son utilisation.<\/p>\n<\/div>\n\n\n\n<div class=\"wp-block-column is-layout-flow wp-block-column-is-layout-flow\">\n<figure class=\"wp-block-image size-full\"><img decoding=\"async\" width=\"800\" height=\"800\" src=\"https:\/\/www.yongyukitchenware.com\/wp-content\/uploads\/2025\/01\/Wholesale-Electric-Chafer-Dish-Square-Simple-Stainless-Steel-Buffet-Stove-1.webp\" alt=\"R\u00e9chaud \u00e9lectrique de gros, carr\u00e9, simple, en acier inoxydable, pour buffet (1)\" class=\"wp-image-2903\" srcset=\"https:\/\/www.yongyukitchenware.com\/wp-content\/uploads\/2025\/01\/Wholesale-Electric-Chafer-Dish-Square-Simple-Stainless-Steel-Buffet-Stove-1.webp 800w, https:\/\/www.yongyukitchenware.com\/wp-content\/uploads\/2025\/01\/Wholesale-Electric-Chafer-Dish-Square-Simple-Stainless-Steel-Buffet-Stove-1-300x300.webp 300w, https:\/\/www.yongyukitchenware.com\/wp-content\/uploads\/2025\/01\/Wholesale-Electric-Chafer-Dish-Square-Simple-Stainless-Steel-Buffet-Stove-1-150x150.webp 150w, https:\/\/www.yongyukitchenware.com\/wp-content\/uploads\/2025\/01\/Wholesale-Electric-Chafer-Dish-Square-Simple-Stainless-Steel-Buffet-Stove-1-768x768.webp 768w, https:\/\/www.yongyukitchenware.com\/wp-content\/uploads\/2025\/01\/Wholesale-Electric-Chafer-Dish-Square-Simple-Stainless-Steel-Buffet-Stove-1-12x12.webp 12w, https:\/\/www.yongyukitchenware.com\/wp-content\/uploads\/2025\/01\/Wholesale-Electric-Chafer-Dish-Square-Simple-Stainless-Steel-Buffet-Stove-1-600x600.webp 600w, https:\/\/www.yongyukitchenware.com\/wp-content\/uploads\/2025\/01\/Wholesale-Electric-Chafer-Dish-Square-Simple-Stainless-Steel-Buffet-Stove-1-100x100.webp 100w\" sizes=\"(max-width: 800px) 100vw, 800px\" \/><\/figure>\n<\/div>\n<\/div>\n\n\n\n<p><\/p>","protected":false},"excerpt":{"rendered":"<p>Choisissez Yongyu, ce plat \u00e0 r\u00e9chauffer \u00e9lectrique de gros pr\u00e9sente un design moderne minimaliste avec un syst\u00e8me de chauffage \u00e9lectrique extr\u00eamement efficace et un acier inoxydable de qualit\u00e9 pour garder les aliments au chaud pendant longtemps et m\u00eame les r\u00e9chauffer. Cet appareil \u00e9conome en \u00e9nergie, stable et s\u00fbr est id\u00e9al pour les buffets, les banquets et autres occasions, et permet de proposer des services de restauration plus pratiques et plus efficaces.<\/p>\n<h2><!-- wp:heading --><\/h2>\n<h2 class=\"wp-block-heading\">Attributs de l'assiette creuse \u00e9lectrique :<\/h2>\n<h2><!-- \/wp:heading --><\/p>\n<p><!-- wp:paragraph --><\/h2>\n<p><strong>Mat\u00e9riau : <\/strong>Acier inoxydable<br \/><strong>Couleur : <\/strong>Argent<br \/><strong>Forme :<\/strong> Carr\u00e9 avec couvercle \u00e0 charni\u00e8re<br \/><strong>Chaleur : <\/strong>Chauffage \u00e0 l'alcool et chauffage \u00e9lectrique<br \/><strong>Bac de r\u00e9cup\u00e9ration : <\/strong>Grille simple\/double\/trois<br \/><strong>OEM\/ODM : <\/strong>Disponible<\/p>\n<h2 class=\"wp-block-heading\">De Yongyu Chafing Dish Manufacturer :<\/h2>\n<p>Qu'il s'agisse d'un fournisseur de services de restauration, d'un h\u00f4tel ou d'un restaurant, ou d'une soci\u00e9t\u00e9 d'organisation d'\u00e9v\u00e9nements, nous fournissons des solutions compl\u00e8tes de vente en gros de chafing dishes pour aider votre entreprise avec des prix d'usine de haute qualit\u00e9 !<\/p>\n<h2><!-- \/wp:paragraph --><\/h2>","protected":false},"featured_media":2904,"comment_status":"closed","ping_status":"closed","template":"","meta":{"_acf_changed":true},"application":[30],"product_brand":[],"product_cat":[33],"product_tag":[],"class_list":{"0":"post-2902","1":"product","2":"type-product","3":"status-publish","4":"has-post-thumbnail","6":"application-hotel-catering","7":"product_cat-chafing-dishes-wholesale","9":"first","10":"instock","11":"shipping-taxable","12":"product-type-simple"},"acf":[],"_links":{"self":[{"href":"https:\/\/www.yongyukitchenware.com\/fr\/wp-json\/wp\/v2\/product\/2902","targetHints":{"allow":["GET"]}}],"collection":[{"href":"https:\/\/www.yongyukitchenware.com\/fr\/wp-json\/wp\/v2\/product"}],"about":[{"href":"https:\/\/www.yongyukitchenware.com\/fr\/wp-json\/wp\/v2\/types\/product"}],"replies":[{"embeddable":true,"href":"https:\/\/www.yongyukitchenware.com\/fr\/wp-json\/wp\/v2\/comments?post=2902"}],"wp:featuredmedia":[{"embeddable":true,"href":"https:\/\/www.yongyukitchenware.com\/fr\/wp-json\/wp\/v2\/media\/2904"}],"wp:attachment":[{"href":"https:\/\/www.yongyukitchenware.com\/fr\/wp-json\/wp\/v2\/media?parent=2902"}],"wp:term":[{"taxonomy":"application","embeddable":true,"href":"https:\/\/www.yongyukitchenware.com\/fr\/wp-json\/wp\/v2\/application?post=2902"},{"taxonomy":"product_brand","embeddable":true,"href":"https:\/\/www.yongyukitchenware.com\/fr\/wp-json\/wp\/v2\/product_brand?post=2902"},{"taxonomy":"product_cat","embeddable":true,"href":"https:\/\/www.yongyukitchenware.com\/fr\/wp-json\/wp\/v2\/product_cat?post=2902"},{"taxonomy":"product_tag","embeddable":true,"href":"https:\/\/www.yongyukitchenware.com\/fr\/wp-json\/wp\/v2\/product_tag?post=2902"}],"curies":[{"name":"wp","href":"https:\/\/api.w.org\/{rel}","templated":true}]}}