{"id":2907,"date":"2025-01-24T10:49:04","date_gmt":"2025-01-24T10:49:04","guid":{"rendered":"https:\/\/www.yongyukitchenware.com\/?post_type=product&#038;p=2907"},"modified":"2025-06-14T02:26:25","modified_gmt":"2025-06-14T02:26:25","slug":"custom-chafing-dish-with-hinging-lid","status":"publish","type":"product","link":"https:\/\/www.yongyukitchenware.com\/fr\/produit\/custom-chafing-dish-with-hinging-lid\/","title":{"rendered":"Chafing dish personnalis\u00e9 avec couvercle rabattable R\u00e9chauffeur \u00e9lectrique rond pour aliments"},"content":{"rendered":"<div class=\"wp-block-columns is-layout-flex wp-container-core-columns-is-layout-9d6595d7 wp-block-columns-is-layout-flex\">\n<div class=\"wp-block-column is-layout-flow wp-block-column-is-layout-flow\">\n<h2 class=\"wp-block-heading\">Chafing Dish with Hinging Lid Parameter :<\/h2>\n\n\n\n<figure class=\"wp-block-table\"><table class=\"has-fixed-layout\"><tbody><tr><td>Mod\u00e8le<\/td><td>Longueur * Largeur * Hauteur (cm)<\/td><td>Capacit\u00e9 (l)<\/td><td>Poids (kg)<\/td><td>MOQ<\/td><\/tr><tr><td>DY014-CL<\/td><td>47*44*24<\/td><td>6<\/td><td>8.2<\/td><td>2PCS<\/td><\/tr><\/tbody><\/table><\/figure>\n\n\n\n<h2 class=\"wp-block-heading\">Chafing Dish with Hinging Lid Features :<\/h2>\n\n\n\n<p><strong>Design personnalisable : <\/strong>Les clients peuvent choisir diff\u00e9rentes couleurs et tailles en fonction de leurs pr\u00e9f\u00e9rences et des logos de la marque qui conviennent le mieux \u00e0 l'entreprise ou \u00e0 l'\u00e9v\u00e9nement.<\/p>\n\n\n\n<p><strong>Fonction de chauffage \u00e9lectrique :<\/strong> Ce chafing dish personnalis\u00e9 avec couvercle rabattable est con\u00e7u avec un syst\u00e8me de chauffage \u00e9lectrique int\u00e9gr\u00e9 pour assurer un chauffage homog\u00e8ne et constant qui maintiendra la chaleur des aliments pendant un \u00e9v\u00e9nement.<\/p>\n\n\n\n<p><strong>Couvercle \u00e0 charni\u00e8re pratique : <\/strong>Le couvercle \u00e0 charni\u00e8re est facile \u00e0 ouvrir et \u00e0 fermer, ne se perd pas et est facile \u00e0 man\u0153uvrer pour un ramassage rapide en libre-service.<\/p>\n\n\n\n<p><strong>Acier inoxydable de premi\u00e8re qualit\u00e9 : <\/strong>Notre plat \u00e0 gratin personnalis\u00e9 avec couvercle \u00e0 charni\u00e8re est fabriqu\u00e9 en acier inoxydable de haute qualit\u00e9, ce qui le rend r\u00e9sistant \u00e0 la corrosion et \u00e0 la chaleur ; il conserve ainsi sa durabilit\u00e9 pendant longtemps et est facile \u00e0 nettoyer.<\/p>\n\n\n\n<p><strong>Pieds tubulaires stables : <\/strong>Ce plat \u00e0 chafing rond pour buffet est dot\u00e9 d'un solide pied tubulaire, qui offre un excellent support de mani\u00e8re \u00e0 ce que l'unit\u00e9 soit stable, s\u00fbre et ne s'incline pas ou ne s'effondre pas facilement.<\/p>\n<\/div>\n\n\n\n<div class=\"wp-block-column is-layout-flow wp-block-column-is-layout-flow\">\n<figure class=\"wp-block-image size-full\"><img decoding=\"async\" width=\"800\" height=\"800\" src=\"https:\/\/www.yongyukitchenware.com\/wp-content\/uploads\/2025\/01\/Custom-Chafing-Dish-with-Hinging-Lid-Round-Electric-Food-Warmer-1.webp\" alt=\"Chafing Dish personnalis\u00e9 avec couvercle rabattable R\u00e9chauffeur \u00e9lectrique rond (1)\" class=\"wp-image-2908\" srcset=\"https:\/\/www.yongyukitchenware.com\/wp-content\/uploads\/2025\/01\/Custom-Chafing-Dish-with-Hinging-Lid-Round-Electric-Food-Warmer-1.webp 800w, https:\/\/www.yongyukitchenware.com\/wp-content\/uploads\/2025\/01\/Custom-Chafing-Dish-with-Hinging-Lid-Round-Electric-Food-Warmer-1-300x300.webp 300w, https:\/\/www.yongyukitchenware.com\/wp-content\/uploads\/2025\/01\/Custom-Chafing-Dish-with-Hinging-Lid-Round-Electric-Food-Warmer-1-150x150.webp 150w, https:\/\/www.yongyukitchenware.com\/wp-content\/uploads\/2025\/01\/Custom-Chafing-Dish-with-Hinging-Lid-Round-Electric-Food-Warmer-1-768x768.webp 768w, https:\/\/www.yongyukitchenware.com\/wp-content\/uploads\/2025\/01\/Custom-Chafing-Dish-with-Hinging-Lid-Round-Electric-Food-Warmer-1-12x12.webp 12w, https:\/\/www.yongyukitchenware.com\/wp-content\/uploads\/2025\/01\/Custom-Chafing-Dish-with-Hinging-Lid-Round-Electric-Food-Warmer-1-600x600.webp 600w, https:\/\/www.yongyukitchenware.com\/wp-content\/uploads\/2025\/01\/Custom-Chafing-Dish-with-Hinging-Lid-Round-Electric-Food-Warmer-1-100x100.webp 100w\" sizes=\"(max-width: 800px) 100vw, 800px\" \/><\/figure>\n<\/div>\n<\/div>","protected":false},"excerpt":{"rendered":"<p>Ce chafing dish personnalis\u00e9 avec couvercle rabattable est un buffet rond chauff\u00e9 \u00e9lectriquement qui associe l'acier inoxydable de premi\u00e8re qualit\u00e9 \u00e0 la technologie de chauffage \u00e9lectrique pour assurer une r\u00e9tention durable et uniforme de la chaleur. Le couvercle \u00e0 charni\u00e8re, pratique et s\u00fbr, permet de personnaliser la marque pour toutes sortes de grands banquets, de conf\u00e9rences et de services de restauration, garantissant que les aliments sont toujours chauds et faciles \u00e0 manipuler.<\/p>\n<h2><!-- wp:heading --><\/h2>\n<h2 class=\"wp-block-heading\">Attributs du plat \u00e0 r\u00f4tir avec couvercle \u00e0 charni\u00e8re :<\/h2>\n<h2><!-- \/wp:heading --><\/p>\n<p><!-- wp:paragraph --><\/h2>\n<p><strong>Mat\u00e9riau : <\/strong>Acier inoxydable<br \/><strong>Couleur : <\/strong>Argent<br \/><strong>Forme :<\/strong> Rond avec couvercle \u00e0 charni\u00e8re<br \/><strong>Chaleur : <\/strong>Chauffage \u00e9lectrique\/Chauffage \u00e0 l'alcool<br \/><strong>Bac de r\u00e9cup\u00e9ration : <\/strong>Grille simple\/double<br \/><strong>OEM\/ODM : <\/strong>Disponible<\/p>\n<h2 class=\"wp-block-heading\">De Yongyu Chafing Dish Manufacturer :<\/h2>\n<p>Qu'il s'agisse d'un fournisseur de services de restauration, d'un h\u00f4tel ou d'un restaurant, ou d'une soci\u00e9t\u00e9 d'organisation d'\u00e9v\u00e9nements, nous fournissons des solutions compl\u00e8tes de vente en gros de chafing dishes pour aider votre entreprise avec des prix d'usine de haute qualit\u00e9 !<\/p>\n<h2><!-- \/wp:paragraph --><\/h2>","protected":false},"featured_media":2910,"comment_status":"closed","ping_status":"closed","template":"","meta":{"_acf_changed":true},"application":[30],"product_brand":[],"product_cat":[33],"product_tag":[],"class_list":{"0":"post-2907","1":"product","2":"type-product","3":"status-publish","4":"has-post-thumbnail","6":"application-hotel-catering","7":"product_cat-chafing-dishes-wholesale","9":"first","10":"instock","11":"shipping-taxable","12":"product-type-simple"},"acf":[],"_links":{"self":[{"href":"https:\/\/www.yongyukitchenware.com\/fr\/wp-json\/wp\/v2\/product\/2907","targetHints":{"allow":["GET"]}}],"collection":[{"href":"https:\/\/www.yongyukitchenware.com\/fr\/wp-json\/wp\/v2\/product"}],"about":[{"href":"https:\/\/www.yongyukitchenware.com\/fr\/wp-json\/wp\/v2\/types\/product"}],"replies":[{"embeddable":true,"href":"https:\/\/www.yongyukitchenware.com\/fr\/wp-json\/wp\/v2\/comments?post=2907"}],"wp:featuredmedia":[{"embeddable":true,"href":"https:\/\/www.yongyukitchenware.com\/fr\/wp-json\/wp\/v2\/media\/2910"}],"wp:attachment":[{"href":"https:\/\/www.yongyukitchenware.com\/fr\/wp-json\/wp\/v2\/media?parent=2907"}],"wp:term":[{"taxonomy":"application","embeddable":true,"href":"https:\/\/www.yongyukitchenware.com\/fr\/wp-json\/wp\/v2\/application?post=2907"},{"taxonomy":"product_brand","embeddable":true,"href":"https:\/\/www.yongyukitchenware.com\/fr\/wp-json\/wp\/v2\/product_brand?post=2907"},{"taxonomy":"product_cat","embeddable":true,"href":"https:\/\/www.yongyukitchenware.com\/fr\/wp-json\/wp\/v2\/product_cat?post=2907"},{"taxonomy":"product_tag","embeddable":true,"href":"https:\/\/www.yongyukitchenware.com\/fr\/wp-json\/wp\/v2\/product_tag?post=2907"}],"curies":[{"name":"wp","href":"https:\/\/api.w.org\/{rel}","templated":true}]}}